{"id":10717,"date":"2013-12-16T21:17:58","date_gmt":"2013-12-16T20:17:58","guid":{"rendered":"http:\/\/www.candice-nguyen.com\/?page_id=10717"},"modified":"2025-01-30T17:54:53","modified_gmt":"2025-01-30T16:54:53","slug":"interlude","status":"publish","type":"page","link":"https:\/\/www.candice-nguyen.com\/fragments\/galeries\/interludes\/interlude\/","title":{"rendered":"interlude \u2014 &#8211; &#8211;"},"content":{"rendered":"<p><a href=\"http:\/\/www.candice-nguyen.com\/wp-content\/uploads\/2013\/12\/PC140174-004.jpg\" title=\"\" data-rel=\"lightbox-gallery-RtCk03aH\" data-rl_title=\"\" data-rl_caption=\"\"><img decoding=\"async\" src=\"http:\/\/www.candice-nguyen.com\/wp-content\/uploads\/2013\/12\/PC140174-004-1.jpg\" alt=\"\u00a9 candice nguyen\" width=\"800\" class=\"alignright size-full wp-image-11359\" srcset=\"https:\/\/www.candice-nguyen.com\/fragments\/wp-content\/uploads\/2013\/12\/PC140174-004-1.jpg 1200w, https:\/\/www.candice-nguyen.com\/fragments\/wp-content\/uploads\/2013\/12\/PC140174-004-1-140x87.jpg 140w, https:\/\/www.candice-nguyen.com\/fragments\/wp-content\/uploads\/2013\/12\/PC140174-004-1-315x196.jpg 315w, https:\/\/www.candice-nguyen.com\/fragments\/wp-content\/uploads\/2013\/12\/PC140174-004-1-630x393.jpg 630w, https:\/\/www.candice-nguyen.com\/fragments\/wp-content\/uploads\/2013\/12\/PC140174-004-1-700x437.jpg 700w, https:\/\/www.candice-nguyen.com\/fragments\/wp-content\/uploads\/2013\/12\/PC140174-004-1-332x207.jpg 332w\" sizes=\"(max-width: 1200px) 100vw, 1200px\" \/><\/a><br \/>\n<span style=\"font-size: 140%; line-height: 1.5em; font-family: Oswald; font-weight: 300;\">\u00ab Dans la nuit me sont revenues, avec une intensit\u00e9 pareille \u00e0 celle que produit la fi\u00e8vre, d&#8217;autres images de promenade ; au sortir d&#8217;un de ces r\u00eaves o\u00f9 l&#8217;on voudrait que certain n\u0153ud moite et vertigineusement doux ne se d\u00e9noue jamais. Cette fois-ci, c&#8217;\u00e9tait toujours de la r\u00e9alit\u00e9, un morceau du monde, et en m\u00eame temps une esp\u00e8ce de vision, \u00e9trange au point de vous conduire au bord des larmes \u00bb<\/span><br \/>\n<span style=\"font-size: 110%; line-height: 1.5em; font-family: Oswald; font-weight: 450;\">Philippe JACCOTTET, Apr\u00e8s beaucoup d&#8217;ann\u00e9es<\/span><br \/>\n<div class=\"compact_audio_player_wrapper\"><div class=\"sc_player_container1\"><input type=\"button\" id=\"btnplay_69dcc67bed7931.14367192\" class=\"myButton_play\" onClick=\"play_mp3('play','69dcc67bed7931.14367192','http:\/\/www.candice-nguyen.com\/wp-content\/uploads\/2013\/12\/Pilot-Mikojet.mp3','80','false');show_hide('play','69dcc67bed7931.14367192');\" \/><input type=\"button\"  id=\"btnstop_69dcc67bed7931.14367192\" style=\"display:none\" class=\"myButton_stop\" onClick=\"play_mp3('stop','69dcc67bed7931.14367192','','80','false');show_hide('stop','69dcc67bed7931.14367192');\" \/><div id=\"sm2-container\"><!-- flash movie ends up here --><\/div><\/div><\/div>\n<span style=\"font-size: 100%; line-height: 1.5em; font-family: Oswald; font-weight: 300;\">Pilot &#8211; Mikojet<\/span><\/p>\n<p align=\"right\" style=\"font-size: 110%; line-height: 1.5em; font-family: Oswald; font-weight: 300; padding-right: 20px;\">Retour <a href=\"http:\/\/www.candice-nguyen.com\/fragments\/galeries\/interludes\/\">#INTERLUDES<\/a><\/p>\n<p>&nbsp;<\/p>\n","protected":false},"excerpt":{"rendered":"<p>\u00ab Dans la nuit me sont revenues, avec une intensit\u00e9 pareille \u00e0 celle que produit la fi\u00e8vre, d&#8217;autres images de promenade ; au sortir d&#8217;un de ces r\u00eaves o\u00f9 l&#8217;on voudrait que certain n\u0153ud moite et vertigineusement doux ne se d\u00e9noue jamais. Cette fois-ci, c&#8217;\u00e9tait toujours de la r\u00e9alit\u00e9, un morceau du monde, et en [&hellip;]<\/p>\n","protected":false},"author":3,"featured_media":0,"parent":10807,"menu_order":0,"comment_status":"closed","ping_status":"closed","template":"","meta":{"footnotes":""},"class_list":["post-10717","page","type-page","status-publish","hentry"],"aioseo_notices":[],"_links":{"self":[{"href":"https:\/\/www.candice-nguyen.com\/fragments\/wp-json\/wp\/v2\/pages\/10717","targetHints":{"allow":["GET"]}}],"collection":[{"href":"https:\/\/www.candice-nguyen.com\/fragments\/wp-json\/wp\/v2\/pages"}],"about":[{"href":"https:\/\/www.candice-nguyen.com\/fragments\/wp-json\/wp\/v2\/types\/page"}],"author":[{"embeddable":true,"href":"https:\/\/www.candice-nguyen.com\/fragments\/wp-json\/wp\/v2\/users\/3"}],"replies":[{"embeddable":true,"href":"https:\/\/www.candice-nguyen.com\/fragments\/wp-json\/wp\/v2\/comments?post=10717"}],"version-history":[{"count":76,"href":"https:\/\/www.candice-nguyen.com\/fragments\/wp-json\/wp\/v2\/pages\/10717\/revisions"}],"predecessor-version":[{"id":23263,"href":"https:\/\/www.candice-nguyen.com\/fragments\/wp-json\/wp\/v2\/pages\/10717\/revisions\/23263"}],"up":[{"embeddable":true,"href":"https:\/\/www.candice-nguyen.com\/fragments\/wp-json\/wp\/v2\/pages\/10807"}],"wp:attachment":[{"href":"https:\/\/www.candice-nguyen.com\/fragments\/wp-json\/wp\/v2\/media?parent=10717"}],"curies":[{"name":"wp","href":"https:\/\/api.w.org\/{rel}","templated":true}]}}