{"id":10807,"date":"2013-12-16T21:55:07","date_gmt":"2013-12-16T20:55:07","guid":{"rendered":"http:\/\/www.candice-nguyen.com\/?page_id=10807"},"modified":"2025-01-30T17:53:36","modified_gmt":"2025-01-30T16:53:36","slug":"interludes","status":"publish","type":"page","link":"https:\/\/www.candice-nguyen.com\/fragments\/galeries\/interludes\/","title":{"rendered":"INTERLUDES"},"content":{"rendered":"<p style=\"font-size: 110%; line-height: 1.5em; font-family: georgia; padding-left: 20px; padding-right: 20px;\"><strong>interlude. \/\u025b\u0303.t\u025b\u0281.lyd\/ nom masculin (anglais <em>interlude<\/em>, du latin <em>ludus<\/em>, jeu<\/strong>)<br \/>\nDivertissement dramatique, musical ou film\u00e9, ins\u00e9r\u00e9 dans un spectacle, une \u00e9mission de t\u00e9l\u00e9vision.<br \/>\nPi\u00e8ce de po\u00e9sie ou de musique \u00e9crite ou ex\u00e9cut\u00e9e entre des ouvrages plus importants <em>(musique, po\u00e9sie)<\/em><br \/>\nPar extension, court programme ins\u00e9r\u00e9 entre deux \u00e9missions plus importantes, ou lors d&#8217;une panne <em>(audiovisuel) <\/em><br \/>\nP\u00e9riode transitoire <em>(figur\u00e9)<\/em><br \/>\n<em>Ce nouveau travail ne constitue qu\u2019un interlude dans ma carri\u00e8re professionnelle.<\/em><br \/>\nSynonymes. Pause, repos, tr\u00eave.<\/p>\n<p style=\"font-size: 120%; line-height: 1.5em; font-family: Oswald; font-weight: 300; padding-left: 80px; padding-right: 80px;\" align=\"center\">Cliquez sur une vignette pour avoir votre moment de divertissement dramatique<\/p>\n<p align=\"center\"><a href=\"http:\/\/www.candice-nguyen.com\/fragments\/galeries\/interludes\/ce-ne-sont-jamais-les-bonnes\/\" target=\"_blank\"><img decoding=\"async\" class=\"alignnone size-medium wp-image-10559\" src=\"http:\/\/www.candice-nguyen.com\/wp-content\/uploads\/2013\/12\/IMG04809-20130607-041-2-315x236.jpg\" alt=\"Pasolini x Chambard\" width=\"280\" srcset=\"https:\/\/www.candice-nguyen.com\/fragments\/wp-content\/uploads\/2013\/12\/IMG04809-20130607-041-2-315x236.jpg 315w, https:\/\/www.candice-nguyen.com\/fragments\/wp-content\/uploads\/2013\/12\/IMG04809-20130607-041-2-140x105.jpg 140w, https:\/\/www.candice-nguyen.com\/fragments\/wp-content\/uploads\/2013\/12\/IMG04809-20130607-041-2-630x472.jpg 630w, https:\/\/www.candice-nguyen.com\/fragments\/wp-content\/uploads\/2013\/12\/IMG04809-20130607-041-2-700x525.jpg 700w, https:\/\/www.candice-nguyen.com\/fragments\/wp-content\/uploads\/2013\/12\/IMG04809-20130607-041-2-332x249.jpg 332w, https:\/\/www.candice-nguyen.com\/fragments\/wp-content\/uploads\/2013\/12\/IMG04809-20130607-041-2.jpg 1024w\" sizes=\"(max-width: 315px) 100vw, 315px\" \/><\/a><a href=\"http:\/\/www.candice-nguyen.com\/fragments\/galeries\/interludes\/interlude\/\" target=\"_blank\"><img decoding=\"async\" class=\"alignnone size-medium wp-image-10839\" src=\"http:\/\/www.candice-nguyen.com\/wp-content\/uploads\/2013\/12\/PC140174-001-2-315x236.jpg\" alt=\"\u00a9 candice nguyen\" width=\"280\" srcset=\"https:\/\/www.candice-nguyen.com\/fragments\/wp-content\/uploads\/2013\/12\/PC140174-001-2-315x236.jpg 315w, https:\/\/www.candice-nguyen.com\/fragments\/wp-content\/uploads\/2013\/12\/PC140174-001-2-140x105.jpg 140w, https:\/\/www.candice-nguyen.com\/fragments\/wp-content\/uploads\/2013\/12\/PC140174-001-2-630x472.jpg 630w, https:\/\/www.candice-nguyen.com\/fragments\/wp-content\/uploads\/2013\/12\/PC140174-001-2-700x525.jpg 700w, https:\/\/www.candice-nguyen.com\/fragments\/wp-content\/uploads\/2013\/12\/PC140174-001-2-332x249.jpg 332w, https:\/\/www.candice-nguyen.com\/fragments\/wp-content\/uploads\/2013\/12\/PC140174-001-2.jpg 1024w\" sizes=\"(max-width: 315px) 100vw, 315px\" \/><\/a><a href=\"http:\/\/www.candice-nguyen.com\/fragments\/galeries\/interludes\/vik-i-myrdal-islande\/\" target=\"_blank\"><img decoding=\"async\" class=\"alignnone size-medium wp-image-11974\" src=\"http:\/\/www.candice-nguyen.com\/wp-content\/uploads\/2013\/12\/PA272070-315x236.jpg\" alt=\"V\u00cdK \u00cd M\u00ddRDAL\" width=\"280\" srcset=\"https:\/\/www.candice-nguyen.com\/fragments\/wp-content\/uploads\/2013\/12\/PA272070-315x236.jpg 315w, https:\/\/www.candice-nguyen.com\/fragments\/wp-content\/uploads\/2013\/12\/PA272070-140x105.jpg 140w, https:\/\/www.candice-nguyen.com\/fragments\/wp-content\/uploads\/2013\/12\/PA272070-630x472.jpg 630w, https:\/\/www.candice-nguyen.com\/fragments\/wp-content\/uploads\/2013\/12\/PA272070-700x525.jpg 700w, https:\/\/www.candice-nguyen.com\/fragments\/wp-content\/uploads\/2013\/12\/PA272070-332x249.jpg 332w, https:\/\/www.candice-nguyen.com\/fragments\/wp-content\/uploads\/2013\/12\/PA272070.jpg 1280w\" sizes=\"(max-width: 315px) 100vw, 315px\" \/><\/a><br \/>\n<a href=\"http:\/\/www.candice-nguyen.com\/fragments\/galeries\/interludes\/nous-nous-attendons\/\" target=\"_blank\"><img decoding=\"async\" class=\"alignnone size-full wp-image-10855\" src=\"http:\/\/www.candice-nguyen.com\/wp-content\/uploads\/2013\/12\/clo-at-steinkerque.jpg\" alt=\"steinkerque\" width=\"640\" srcset=\"https:\/\/www.candice-nguyen.com\/fragments\/wp-content\/uploads\/2013\/12\/clo-at-steinkerque.jpg 1024w, https:\/\/www.candice-nguyen.com\/fragments\/wp-content\/uploads\/2013\/12\/clo-at-steinkerque-140x93.jpg 140w, https:\/\/www.candice-nguyen.com\/fragments\/wp-content\/uploads\/2013\/12\/clo-at-steinkerque-315x211.jpg 315w, https:\/\/www.candice-nguyen.com\/fragments\/wp-content\/uploads\/2013\/12\/clo-at-steinkerque-630x422.jpg 630w, https:\/\/www.candice-nguyen.com\/fragments\/wp-content\/uploads\/2013\/12\/clo-at-steinkerque-700x468.jpg 700w, https:\/\/www.candice-nguyen.com\/fragments\/wp-content\/uploads\/2013\/12\/clo-at-steinkerque-332x222.jpg 332w\" sizes=\"(max-width: 1024px) 100vw, 1024px\" \/><\/a> <a href=\"http:\/\/www.candice-nguyen.com\/fragments\/galeries\/interludes\/tiny-tears\/\" target=\"_blank\"><img decoding=\"async\" class=\"alignnone size-large wp-image-11368\" src=\"http:\/\/www.candice-nguyen.com\/wp-content\/uploads\/2014\/01\/cafe-315x630.jpg\" alt=\"petites gouttes d'eau\" width=\"215\" srcset=\"https:\/\/www.candice-nguyen.com\/fragments\/wp-content\/uploads\/2014\/01\/cafe-315x630.jpg 315w, https:\/\/www.candice-nguyen.com\/fragments\/wp-content\/uploads\/2014\/01\/cafe-70x140.jpg 70w, https:\/\/www.candice-nguyen.com\/fragments\/wp-content\/uploads\/2014\/01\/cafe-157x315.jpg 157w, https:\/\/www.candice-nguyen.com\/fragments\/wp-content\/uploads\/2014\/01\/cafe-700x1400.jpg 700w, https:\/\/www.candice-nguyen.com\/fragments\/wp-content\/uploads\/2014\/01\/cafe-332x664.jpg 332w, https:\/\/www.candice-nguyen.com\/fragments\/wp-content\/uploads\/2014\/01\/cafe.jpg 800w\" sizes=\"(max-width: 315px) 100vw, 315px\" \/><\/a><br \/>\n<a href=\"http:\/\/www.candice-nguyen.com\/fragments\/galeries\/interludes\/le-voyage-sans-idee-de-retour\/\" target=\"_blank\"><img decoding=\"async\" class=\"alignnone size-full wp-image-11452\" src=\"http:\/\/www.candice-nguyen.com\/wp-content\/uploads\/2014\/01\/DSC01729-002.jpg\" alt=\"B\u00e1i T\u1eed Long\" width=\"430\" srcset=\"https:\/\/www.candice-nguyen.com\/fragments\/wp-content\/uploads\/2014\/01\/DSC01729-002.jpg 1280w, https:\/\/www.candice-nguyen.com\/fragments\/wp-content\/uploads\/2014\/01\/DSC01729-002-140x93.jpg 140w, https:\/\/www.candice-nguyen.com\/fragments\/wp-content\/uploads\/2014\/01\/DSC01729-002-315x210.jpg 315w, https:\/\/www.candice-nguyen.com\/fragments\/wp-content\/uploads\/2014\/01\/DSC01729-002-630x421.jpg 630w, https:\/\/www.candice-nguyen.com\/fragments\/wp-content\/uploads\/2014\/01\/DSC01729-002-700x468.jpg 700w, https:\/\/www.candice-nguyen.com\/fragments\/wp-content\/uploads\/2014\/01\/DSC01729-002-332x222.jpg 332w\" sizes=\"(max-width: 1280px) 100vw, 1280px\" \/><\/a><a href=\"http:\/\/www.candice-nguyen.com\/fragments\/galeries\/interludes\/flux\/\" target=\"_blank\"><img decoding=\"async\" class=\"alignnone size-full wp-image-11515\" src=\"http:\/\/www.candice-nguyen.com\/wp-content\/uploads\/2014\/01\/DSC03258-006.jpg\" alt=\"reprendre le chemin des villes\" width=\"430\" srcset=\"https:\/\/www.candice-nguyen.com\/fragments\/wp-content\/uploads\/2014\/01\/DSC03258-006.jpg 1280w, https:\/\/www.candice-nguyen.com\/fragments\/wp-content\/uploads\/2014\/01\/DSC03258-006-140x93.jpg 140w, https:\/\/www.candice-nguyen.com\/fragments\/wp-content\/uploads\/2014\/01\/DSC03258-006-315x210.jpg 315w, https:\/\/www.candice-nguyen.com\/fragments\/wp-content\/uploads\/2014\/01\/DSC03258-006-630x421.jpg 630w, https:\/\/www.candice-nguyen.com\/fragments\/wp-content\/uploads\/2014\/01\/DSC03258-006-700x468.jpg 700w, https:\/\/www.candice-nguyen.com\/fragments\/wp-content\/uploads\/2014\/01\/DSC03258-006-332x222.jpg 332w\" sizes=\"(max-width: 1280px) 100vw, 1280px\" \/><\/a><a href=\"http:\/\/www.candice-nguyen.com\/fragments\/galeries\/interludes\/les-mots-justes-de-la-nuit-veillee\/\" target=\"_blank\"><img decoding=\"async\" class=\"alignnone size-medium wp-image-15322\" src=\"http:\/\/www.candice-nguyen.com\/wp-content\/uploads\/2015\/09\/150915_3-315x315.jpg\" alt=\"les mots justes\" width=\"232\" srcset=\"https:\/\/www.candice-nguyen.com\/fragments\/wp-content\/uploads\/2015\/09\/150915_3-315x315.jpg 315w, https:\/\/www.candice-nguyen.com\/fragments\/wp-content\/uploads\/2015\/09\/150915_3-140x140.jpg 140w, https:\/\/www.candice-nguyen.com\/fragments\/wp-content\/uploads\/2015\/09\/150915_3-630x630.jpg 630w, https:\/\/www.candice-nguyen.com\/fragments\/wp-content\/uploads\/2015\/09\/150915_3-700x700.jpg 700w, https:\/\/www.candice-nguyen.com\/fragments\/wp-content\/uploads\/2015\/09\/150915_3-332x332.jpg 332w, https:\/\/www.candice-nguyen.com\/fragments\/wp-content\/uploads\/2015\/09\/150915_3-432x432.jpg 432w, https:\/\/www.candice-nguyen.com\/fragments\/wp-content\/uploads\/2015\/09\/150915_3-268x268.jpg 268w, https:\/\/www.candice-nguyen.com\/fragments\/wp-content\/uploads\/2015\/09\/150915_3.jpg 1400w\" sizes=\"(max-width: 315px) 100vw, 315px\" \/><\/a><a href=\"http:\/\/www.candice-nguyen.com\/fragments\/galeries\/interludes\/limage-fantome\/\" title=\"l'image fant\u00f4me\" target=\"_blank\"><img decoding=\"async\" src=\"http:\/\/www.candice-nguyen.com\/wp-content\/uploads\/2015\/10\/papi_di_linh_vietnam-630x232.jpg\" alt=\"l'image fant\u00f4me\" height=\"315\" class=\"alignnone size-large wp-image-15711\" srcset=\"https:\/\/www.candice-nguyen.com\/fragments\/wp-content\/uploads\/2015\/10\/papi_di_linh_vietnam-630x232.jpg 630w, https:\/\/www.candice-nguyen.com\/fragments\/wp-content\/uploads\/2015\/10\/papi_di_linh_vietnam-140x52.jpg 140w, https:\/\/www.candice-nguyen.com\/fragments\/wp-content\/uploads\/2015\/10\/papi_di_linh_vietnam-315x116.jpg 315w, https:\/\/www.candice-nguyen.com\/fragments\/wp-content\/uploads\/2015\/10\/papi_di_linh_vietnam-700x258.jpg 700w, https:\/\/www.candice-nguyen.com\/fragments\/wp-content\/uploads\/2015\/10\/papi_di_linh_vietnam-332x122.jpg 332w, https:\/\/www.candice-nguyen.com\/fragments\/wp-content\/uploads\/2015\/10\/papi_di_linh_vietnam.jpg 849w\" sizes=\"(max-width: 630px) 100vw, 630px\" \/><\/a><a href=\"http:\/\/www.candice-nguyen.com\/fragments\/galeries\/interludes\/pharmakon\/\" title=\"\u03a6\u03ac\u03c1\u03bc\u03b1\u03ba\u03bf\u03bd\" target=\"_blank\"><img decoding=\"async\" src=\"http:\/\/www.candice-nguyen.com\/wp-content\/uploads\/2015\/11\/la-havane-\u00a9-candice-nguyen.jpg\" alt=\"\u03a6\u03ac\u03c1\u03bc\u03b1\u03ba\u03bf\u03bd\" width=\"883\" \/><\/a><\/p>\n<p>&nbsp;<\/p>\n","protected":false},"excerpt":{"rendered":"<p>interlude. \/\u025b\u0303.t\u025b\u0281.lyd\/ nom masculin (anglais interlude, du latin ludus, jeu) Divertissement dramatique, musical ou film\u00e9, ins\u00e9r\u00e9 dans un spectacle, une \u00e9mission de t\u00e9l\u00e9vision. Pi\u00e8ce de po\u00e9sie ou de musique \u00e9crite ou ex\u00e9cut\u00e9e entre des ouvrages plus importants (musique, po\u00e9sie) Par extension, court programme ins\u00e9r\u00e9 entre deux \u00e9missions plus importantes, ou lors d&#8217;une panne (audiovisuel) P\u00e9riode [&hellip;]<\/p>\n","protected":false},"author":3,"featured_media":10559,"parent":542,"menu_order":0,"comment_status":"closed","ping_status":"closed","template":"","meta":{"footnotes":""},"class_list":["post-10807","page","type-page","status-publish","has-post-thumbnail","hentry"],"aioseo_notices":[],"_links":{"self":[{"href":"https:\/\/www.candice-nguyen.com\/fragments\/wp-json\/wp\/v2\/pages\/10807","targetHints":{"allow":["GET"]}}],"collection":[{"href":"https:\/\/www.candice-nguyen.com\/fragments\/wp-json\/wp\/v2\/pages"}],"about":[{"href":"https:\/\/www.candice-nguyen.com\/fragments\/wp-json\/wp\/v2\/types\/page"}],"author":[{"embeddable":true,"href":"https:\/\/www.candice-nguyen.com\/fragments\/wp-json\/wp\/v2\/users\/3"}],"replies":[{"embeddable":true,"href":"https:\/\/www.candice-nguyen.com\/fragments\/wp-json\/wp\/v2\/comments?post=10807"}],"version-history":[{"count":53,"href":"https:\/\/www.candice-nguyen.com\/fragments\/wp-json\/wp\/v2\/pages\/10807\/revisions"}],"predecessor-version":[{"id":23259,"href":"https:\/\/www.candice-nguyen.com\/fragments\/wp-json\/wp\/v2\/pages\/10807\/revisions\/23259"}],"up":[{"embeddable":true,"href":"https:\/\/www.candice-nguyen.com\/fragments\/wp-json\/wp\/v2\/pages\/542"}],"wp:featuredmedia":[{"embeddable":true,"href":"https:\/\/www.candice-nguyen.com\/fragments\/wp-json\/wp\/v2\/media\/10559"}],"wp:attachment":[{"href":"https:\/\/www.candice-nguyen.com\/fragments\/wp-json\/wp\/v2\/media?parent=10807"}],"curies":[{"name":"wp","href":"https:\/\/api.w.org\/{rel}","templated":true}]}}