{"id":11455,"date":"2014-01-12T14:30:32","date_gmt":"2014-01-12T13:30:32","guid":{"rendered":"http:\/\/www.candice-nguyen.com\/?page_id=11455"},"modified":"2025-01-30T17:56:30","modified_gmt":"2025-01-30T16:56:30","slug":"le-voyage-sans-idee-de-retour","status":"publish","type":"page","link":"https:\/\/www.candice-nguyen.com\/fragments\/galeries\/interludes\/le-voyage-sans-idee-de-retour\/","title":{"rendered":"le voyage sans id\u00e9e de retour"},"content":{"rendered":"<div class=\"compact_audio_player_wrapper\"><div class=\"sc_player_container1\"><input type=\"button\" id=\"btnplay_69d77843ae4437.98249169\" class=\"myButton_play\" onClick=\"play_mp3('play','69d77843ae4437.98249169','http:\/\/www.candice-nguyen.com\/wp-content\/uploads\/2014\/01\/03-le-sel.mp3','80','false');show_hide('play','69d77843ae4437.98249169');\" \/><input type=\"button\"  id=\"btnstop_69d77843ae4437.98249169\" style=\"display:none\" class=\"myButton_stop\" onClick=\"play_mp3('stop','69d77843ae4437.98249169','','80','false');show_hide('stop','69d77843ae4437.98249169');\" \/><div id=\"sm2-container\"><!-- flash movie ends up here --><\/div><\/div><\/div> <span style=\"font-size: 100%; line-height: 1.5em; font-family: Oswald; font-weight: 300;\">Stranded Horse &#8211; Le sel<\/span><br \/>\n<a href=\"http:\/\/www.candice-nguyen.com\/wp-content\/uploads\/2014\/01\/DSC01729-002.jpg\" title=\"\" data-rel=\"lightbox-gallery-rl0wjkdm\" data-rl_title=\"\" data-rl_caption=\"\"><img loading=\"lazy\" decoding=\"async\" src=\"http:\/\/www.candice-nguyen.com\/wp-content\/uploads\/2014\/01\/DSC01729-002.jpg\" alt=\"B\u00e1i T\u1eed Long\" width=\"1280\" height=\"857\" class=\"alignnone size-full wp-image-11452\" srcset=\"https:\/\/www.candice-nguyen.com\/fragments\/wp-content\/uploads\/2014\/01\/DSC01729-002.jpg 1280w, https:\/\/www.candice-nguyen.com\/fragments\/wp-content\/uploads\/2014\/01\/DSC01729-002-140x93.jpg 140w, https:\/\/www.candice-nguyen.com\/fragments\/wp-content\/uploads\/2014\/01\/DSC01729-002-315x210.jpg 315w, https:\/\/www.candice-nguyen.com\/fragments\/wp-content\/uploads\/2014\/01\/DSC01729-002-630x421.jpg 630w, https:\/\/www.candice-nguyen.com\/fragments\/wp-content\/uploads\/2014\/01\/DSC01729-002-700x468.jpg 700w, https:\/\/www.candice-nguyen.com\/fragments\/wp-content\/uploads\/2014\/01\/DSC01729-002-332x222.jpg 332w\" sizes=\"auto, (max-width: 1280px) 100vw, 1280px\" \/><\/a><\/p>\n<p style=\"text-align: justify; font-size: 140%; line-height: 1.5em; font-family: Oswald; font-weight: 300; padding-left: 80px; padding-right: 80px;\">\u00ab Pourquoi le sentiment s&#8217;est-il ancr\u00e9 en moi de bonne heure, que si le voyage seul \u2014 le voyage sans id\u00e9e de retour \u2014 ouvre pour nous les portes et peut changer vraiment notre vie, un sortil\u00e8ge plus cach\u00e9, qui s&#8217;apparente au maniement de la baguette de sourcier, se lie \u00e0 la promenade entre toutes pr\u00e9f\u00e9r\u00e9e, \u00e0 l&#8217;excursion sans aventure et sans impr\u00e9vu qui nous ram\u00e8ne en quelques heures \u00e0 <a href=\"http:\/\/www.candice-nguyen.com\/wp-content\/uploads\/2014\/01\/marseille-dec-2013.jpg\" data-rel=\"lightbox-gallery-rl0wjkdm\" data-rl_title=\"\" data-rl_caption=\"\" title=\"\">notre point d&#8217;attache<\/a>, \u00e0 la cl\u00f4ture de la maison famili\u00e8re ? \u00bb <span style=\"font-size: 90%; line-height: 1.5em; font-family: Oswald; font-weight: 450;\">Julien Gracq, Les eaux \u00e9troites<\/span><\/p>\n<p style=\"text-align: center; font-family: Dosis; font-size: 130%; line-height: 1.5em; \"><a href=\"http:\/\/www.candice-nguyen.com\/fragments\/galeries\/vietnam\/bai-tu-long\/\">D&#8217;autres photo de B\u00e1i T\u1eed Long ici<\/a><\/p>\n<p>&nbsp;<\/p>\n<p align=\"right\" style=\"font-size: 110%; line-height: 1.5em; font-family: Oswald; font-weight: 300; padding-right: 20px;\">Retour <a href=\"http:\/\/www.candice-nguyen.com\/fragments\/galeries\/interludes\/\">#INTERLUDES<\/a><\/p>\n<p>&nbsp;<\/p>\n","protected":false},"excerpt":{"rendered":"<p>Stranded Horse &#8211; Le sel \u00ab Pourquoi le sentiment s&#8217;est-il ancr\u00e9 en moi de bonne heure, que si le voyage seul \u2014 le voyage sans id\u00e9e de retour \u2014 ouvre pour nous les portes et peut changer vraiment notre vie, un sortil\u00e8ge plus cach\u00e9, qui s&#8217;apparente au maniement de la baguette de sourcier, se lie [&hellip;]<\/p>\n","protected":false},"author":3,"featured_media":0,"parent":10807,"menu_order":0,"comment_status":"closed","ping_status":"closed","template":"","meta":{"footnotes":""},"class_list":["post-11455","page","type-page","status-publish","hentry"],"aioseo_notices":[],"_links":{"self":[{"href":"https:\/\/www.candice-nguyen.com\/fragments\/wp-json\/wp\/v2\/pages\/11455","targetHints":{"allow":["GET"]}}],"collection":[{"href":"https:\/\/www.candice-nguyen.com\/fragments\/wp-json\/wp\/v2\/pages"}],"about":[{"href":"https:\/\/www.candice-nguyen.com\/fragments\/wp-json\/wp\/v2\/types\/page"}],"author":[{"embeddable":true,"href":"https:\/\/www.candice-nguyen.com\/fragments\/wp-json\/wp\/v2\/users\/3"}],"replies":[{"embeddable":true,"href":"https:\/\/www.candice-nguyen.com\/fragments\/wp-json\/wp\/v2\/comments?post=11455"}],"version-history":[{"count":35,"href":"https:\/\/www.candice-nguyen.com\/fragments\/wp-json\/wp\/v2\/pages\/11455\/revisions"}],"predecessor-version":[{"id":23267,"href":"https:\/\/www.candice-nguyen.com\/fragments\/wp-json\/wp\/v2\/pages\/11455\/revisions\/23267"}],"up":[{"embeddable":true,"href":"https:\/\/www.candice-nguyen.com\/fragments\/wp-json\/wp\/v2\/pages\/10807"}],"wp:attachment":[{"href":"https:\/\/www.candice-nguyen.com\/fragments\/wp-json\/wp\/v2\/media?parent=11455"}],"curies":[{"name":"wp","href":"https:\/\/api.w.org\/{rel}","templated":true}]}}