{"id":11964,"date":"2014-03-02T16:22:30","date_gmt":"2014-03-02T15:22:30","guid":{"rendered":"http:\/\/www.candice-nguyen.com\/?page_id=11964"},"modified":"2025-01-30T17:55:06","modified_gmt":"2025-01-30T16:55:06","slug":"vik-i-myrdal-islande","status":"publish","type":"page","link":"https:\/\/www.candice-nguyen.com\/fragments\/galeries\/interludes\/vik-i-myrdal-islande\/","title":{"rendered":"V\u00cdK \u00cd M\u00ddRDAL, Islande"},"content":{"rendered":"<p><iframe loading=\"lazy\" src=\"\/\/player.vimeo.com\/video\/87987961?title=0&amp;byline=0&amp;portrait=0&amp;autoplay=1&amp;loop=1\" width=\"700\" height=\"394\" frameborder=\"0\" webkitallowfullscreen mozallowfullscreen allowfullscreen><\/iframe><br \/>\n&nbsp;<\/p>\n<p style=\"text-align: right; font-family: Oswald; font-weight: 300;\">Retour <a href=\"http:\/\/www.candice-nguyen.com\/fragments\/galeries\/interludes\/\">#INTERLUDES<\/a><\/p>\n<p>&nbsp;<\/p>\n","protected":false},"excerpt":{"rendered":"<p>&nbsp; Retour #INTERLUDES &nbsp;<\/p>\n","protected":false},"author":3,"featured_media":13590,"parent":10807,"menu_order":0,"comment_status":"closed","ping_status":"closed","template":"","meta":{"footnotes":""},"class_list":["post-11964","page","type-page","status-publish","has-post-thumbnail","hentry"],"aioseo_notices":[],"_links":{"self":[{"href":"https:\/\/www.candice-nguyen.com\/fragments\/wp-json\/wp\/v2\/pages\/11964","targetHints":{"allow":["GET"]}}],"collection":[{"href":"https:\/\/www.candice-nguyen.com\/fragments\/wp-json\/wp\/v2\/pages"}],"about":[{"href":"https:\/\/www.candice-nguyen.com\/fragments\/wp-json\/wp\/v2\/types\/page"}],"author":[{"embeddable":true,"href":"https:\/\/www.candice-nguyen.com\/fragments\/wp-json\/wp\/v2\/users\/3"}],"replies":[{"embeddable":true,"href":"https:\/\/www.candice-nguyen.com\/fragments\/wp-json\/wp\/v2\/comments?post=11964"}],"version-history":[{"count":12,"href":"https:\/\/www.candice-nguyen.com\/fragments\/wp-json\/wp\/v2\/pages\/11964\/revisions"}],"predecessor-version":[{"id":23264,"href":"https:\/\/www.candice-nguyen.com\/fragments\/wp-json\/wp\/v2\/pages\/11964\/revisions\/23264"}],"up":[{"embeddable":true,"href":"https:\/\/www.candice-nguyen.com\/fragments\/wp-json\/wp\/v2\/pages\/10807"}],"wp:featuredmedia":[{"embeddable":true,"href":"https:\/\/www.candice-nguyen.com\/fragments\/wp-json\/wp\/v2\/media\/13590"}],"wp:attachment":[{"href":"https:\/\/www.candice-nguyen.com\/fragments\/wp-json\/wp\/v2\/media?parent=11964"}],"curies":[{"name":"wp","href":"https:\/\/api.w.org\/{rel}","templated":true}]}}