{"id":12268,"date":"2014-03-24T21:56:23","date_gmt":"2014-03-24T20:56:23","guid":{"rendered":"http:\/\/www.candice-nguyen.com\/?page_id=12268"},"modified":"2023-02-22T13:15:02","modified_gmt":"2023-02-22T12:15:02","slug":"on-continue","status":"publish","type":"page","link":"https:\/\/www.candice-nguyen.com\/fragments\/galeries\/for-now-i-am-winter\/on-continue\/","title":{"rendered":"For now I am winter: on continue"},"content":{"rendered":"<blockquote>\n<p style=\"text-align: center;\"><strong>\u00ab Puis, vers le soir,<\/strong><br \/>\n<strong>Le fl\u00e9au de la lumi\u00e8re s&#8217;immobilise.<\/strong><br \/>\n<strong>Les ombres et les r\u00eaves ont m\u00eame poids.<\/strong><\/p>\n<p style=\"text-align: center;\"><strong>Un peu de vent<\/strong><br \/>\n<strong>\u00c9crit du bout du pied un mot hors du monde. \u00bb<br \/>\n<\/strong><span style=\"font-size: 16px;\">Yves Bonnefoy, D\u00e9but et fin de la neige<\/span><\/p>\n<\/blockquote>\n<div class=\"compact_audio_player_wrapper\"><div class=\"sc_player_container1\"><input type=\"button\" id=\"btnplay_69f0dbe5e2a5a6.83558188\" class=\"myButton_play\" onClick=\"play_mp3('play','69f0dbe5e2a5a6.83558188','http:\/\/www.candice-nguyen.com\/wp-content\/uploads\/2014\/03\/13-Hey-Sister-Ray-Rita-Redshoes-1.mp3','80','false');show_hide('play','69f0dbe5e2a5a6.83558188');\" \/><input type=\"button\"  id=\"btnstop_69f0dbe5e2a5a6.83558188\" style=\"display:none\" class=\"myButton_stop\" onClick=\"play_mp3('stop','69f0dbe5e2a5a6.83558188','','80','false');show_hide('stop','69f0dbe5e2a5a6.83558188');\" \/><div id=\"sm2-container\"><!-- flash movie ends up here --><\/div><\/div><\/div> <span style=\"font-size: 100%; font-family: Oswald; font-weight: 300;\">The Legendary Tiger Man (feat. Rita Redshoes) &#8211; Hey, Sister Ray<\/span><\/p>\n<p><span style=\"font-size: 130%; line-height: 1.5em; font-family: courier; padding-left: 10px; padding-right: 290px;\">Nothing to do in this little town. Zoner dans la galerie marchande, boire du th\u00e9, jouer avec la neige et les lacs gel\u00e9s, parler. Ocean arctique by now. Il ne neige que dans le Nord a priori (travers\u00e9e de l\u2019\u00eele par l\u2019int\u00e9rieur, fjords et rivi\u00e8res gel\u00e9es partout, phoques nulle part)<br \/>\nQuelque chose de ce go\u00fbt-l\u00e0, un pont, l\u2019eau prisonni\u00e8re<br \/>\nArctic rafting, 15 km<br \/>\nFargo<br \/>\n(eaux noires, ciel blanc, oiseaux partout)<br \/>\n(280 km de neige) (et puis d\u2019un coup plus rien que le soleil aveuglant, plus une once de blanc)<br \/>\n(il en reste un peu sur le chapeau des montagnes)<\/span><\/p>\n<p align=\"center\"><a title=\"\" href=\"http:\/\/www.candice-nguyen.com\/wp-content\/uploads\/2014\/03\/PA210407.jpg\" data-rel=\"lightbox-gallery-qNKMzMzK\" data-rl_title=\"\" data-rl_caption=\"\"><img loading=\"lazy\" decoding=\"async\" class=\"alignnone size-full wp-image-12269\" src=\"http:\/\/www.candice-nguyen.com\/wp-content\/uploads\/2014\/03\/PA210407.jpg\" alt=\"\u00a9 candice nguyen\" width=\"950\" height=\"950\" srcset=\"https:\/\/www.candice-nguyen.com\/fragments\/wp-content\/uploads\/2014\/03\/PA210407.jpg 950w, https:\/\/www.candice-nguyen.com\/fragments\/wp-content\/uploads\/2014\/03\/PA210407-140x140.jpg 140w, https:\/\/www.candice-nguyen.com\/fragments\/wp-content\/uploads\/2014\/03\/PA210407-315x315.jpg 315w, https:\/\/www.candice-nguyen.com\/fragments\/wp-content\/uploads\/2014\/03\/PA210407-630x630.jpg 630w, https:\/\/www.candice-nguyen.com\/fragments\/wp-content\/uploads\/2014\/03\/PA210407-700x700.jpg 700w, https:\/\/www.candice-nguyen.com\/fragments\/wp-content\/uploads\/2014\/03\/PA210407-332x332.jpg 332w, https:\/\/www.candice-nguyen.com\/fragments\/wp-content\/uploads\/2014\/03\/PA210407-432x432.jpg 432w, https:\/\/www.candice-nguyen.com\/fragments\/wp-content\/uploads\/2014\/03\/PA210407-268x268.jpg 268w\" sizes=\"auto, (max-width: 950px) 100vw, 950px\" \/><\/a><a title=\"\" href=\"http:\/\/www.candice-nguyen.com\/wp-content\/uploads\/2014\/03\/PA210408.jpg\" data-rel=\"lightbox-gallery-qNKMzMzK\" data-rl_title=\"\" data-rl_caption=\"\"><img loading=\"lazy\" decoding=\"async\" class=\"alignnone size-full wp-image-12270\" src=\"http:\/\/www.candice-nguyen.com\/wp-content\/uploads\/2014\/03\/PA210408.jpg\" alt=\"\u00a9 candice nguyen\" width=\"950\" height=\"950\" srcset=\"https:\/\/www.candice-nguyen.com\/fragments\/wp-content\/uploads\/2014\/03\/PA210408.jpg 950w, https:\/\/www.candice-nguyen.com\/fragments\/wp-content\/uploads\/2014\/03\/PA210408-140x140.jpg 140w, https:\/\/www.candice-nguyen.com\/fragments\/wp-content\/uploads\/2014\/03\/PA210408-315x315.jpg 315w, https:\/\/www.candice-nguyen.com\/fragments\/wp-content\/uploads\/2014\/03\/PA210408-630x630.jpg 630w, https:\/\/www.candice-nguyen.com\/fragments\/wp-content\/uploads\/2014\/03\/PA210408-700x700.jpg 700w, https:\/\/www.candice-nguyen.com\/fragments\/wp-content\/uploads\/2014\/03\/PA210408-332x332.jpg 332w, https:\/\/www.candice-nguyen.com\/fragments\/wp-content\/uploads\/2014\/03\/PA210408-432x432.jpg 432w, https:\/\/www.candice-nguyen.com\/fragments\/wp-content\/uploads\/2014\/03\/PA210408-268x268.jpg 268w\" sizes=\"auto, (max-width: 950px) 100vw, 950px\" \/><\/a><a title=\"\" href=\"http:\/\/www.candice-nguyen.com\/wp-content\/uploads\/2014\/03\/PA230977.jpg\" data-rel=\"lightbox-gallery-qNKMzMzK\" data-rl_title=\"\" data-rl_caption=\"\"><img loading=\"lazy\" decoding=\"async\" class=\"alignnone size-full wp-image-12271\" src=\"http:\/\/www.candice-nguyen.com\/wp-content\/uploads\/2014\/03\/PA230977.jpg\" alt=\"\u00a9 candice nguyen\" width=\"950\" height=\"950\" srcset=\"https:\/\/www.candice-nguyen.com\/fragments\/wp-content\/uploads\/2014\/03\/PA230977.jpg 950w, https:\/\/www.candice-nguyen.com\/fragments\/wp-content\/uploads\/2014\/03\/PA230977-140x140.jpg 140w, https:\/\/www.candice-nguyen.com\/fragments\/wp-content\/uploads\/2014\/03\/PA230977-315x315.jpg 315w, https:\/\/www.candice-nguyen.com\/fragments\/wp-content\/uploads\/2014\/03\/PA230977-630x630.jpg 630w, https:\/\/www.candice-nguyen.com\/fragments\/wp-content\/uploads\/2014\/03\/PA230977-700x700.jpg 700w, https:\/\/www.candice-nguyen.com\/fragments\/wp-content\/uploads\/2014\/03\/PA230977-332x332.jpg 332w, https:\/\/www.candice-nguyen.com\/fragments\/wp-content\/uploads\/2014\/03\/PA230977-432x432.jpg 432w, https:\/\/www.candice-nguyen.com\/fragments\/wp-content\/uploads\/2014\/03\/PA230977-268x268.jpg 268w\" sizes=\"auto, (max-width: 950px) 100vw, 950px\" \/><\/a><a title=\"\" href=\"http:\/\/www.candice-nguyen.com\/wp-content\/uploads\/2014\/03\/PA241085.jpg\" data-rel=\"lightbox-gallery-qNKMzMzK\" data-rl_title=\"\" data-rl_caption=\"\"><img loading=\"lazy\" decoding=\"async\" class=\"alignnone size-full wp-image-12272\" src=\"http:\/\/www.candice-nguyen.com\/wp-content\/uploads\/2014\/03\/PA241085.jpg\" alt=\"\u00a9 candice nguyen\" width=\"950\" height=\"950\" srcset=\"https:\/\/www.candice-nguyen.com\/fragments\/wp-content\/uploads\/2014\/03\/PA241085.jpg 950w, https:\/\/www.candice-nguyen.com\/fragments\/wp-content\/uploads\/2014\/03\/PA241085-140x140.jpg 140w, https:\/\/www.candice-nguyen.com\/fragments\/wp-content\/uploads\/2014\/03\/PA241085-315x315.jpg 315w, https:\/\/www.candice-nguyen.com\/fragments\/wp-content\/uploads\/2014\/03\/PA241085-630x630.jpg 630w, https:\/\/www.candice-nguyen.com\/fragments\/wp-content\/uploads\/2014\/03\/PA241085-700x700.jpg 700w, https:\/\/www.candice-nguyen.com\/fragments\/wp-content\/uploads\/2014\/03\/PA241085-332x332.jpg 332w, https:\/\/www.candice-nguyen.com\/fragments\/wp-content\/uploads\/2014\/03\/PA241085-432x432.jpg 432w, https:\/\/www.candice-nguyen.com\/fragments\/wp-content\/uploads\/2014\/03\/PA241085-268x268.jpg 268w\" sizes=\"auto, (max-width: 950px) 100vw, 950px\" \/><\/a><a title=\"\" href=\"http:\/\/www.candice-nguyen.com\/wp-content\/uploads\/2014\/03\/PA241111.jpg\" data-rel=\"lightbox-gallery-qNKMzMzK\" data-rl_title=\"\" data-rl_caption=\"\"><img loading=\"lazy\" decoding=\"async\" class=\"alignnone size-full wp-image-12273\" src=\"http:\/\/www.candice-nguyen.com\/wp-content\/uploads\/2014\/03\/PA241111.jpg\" alt=\"\u00a9 candice nguyen\" width=\"950\" height=\"950\" srcset=\"https:\/\/www.candice-nguyen.com\/fragments\/wp-content\/uploads\/2014\/03\/PA241111.jpg 950w, https:\/\/www.candice-nguyen.com\/fragments\/wp-content\/uploads\/2014\/03\/PA241111-140x140.jpg 140w, https:\/\/www.candice-nguyen.com\/fragments\/wp-content\/uploads\/2014\/03\/PA241111-315x315.jpg 315w, https:\/\/www.candice-nguyen.com\/fragments\/wp-content\/uploads\/2014\/03\/PA241111-630x630.jpg 630w, https:\/\/www.candice-nguyen.com\/fragments\/wp-content\/uploads\/2014\/03\/PA241111-700x700.jpg 700w, https:\/\/www.candice-nguyen.com\/fragments\/wp-content\/uploads\/2014\/03\/PA241111-332x332.jpg 332w, https:\/\/www.candice-nguyen.com\/fragments\/wp-content\/uploads\/2014\/03\/PA241111-432x432.jpg 432w, https:\/\/www.candice-nguyen.com\/fragments\/wp-content\/uploads\/2014\/03\/PA241111-268x268.jpg 268w\" sizes=\"auto, (max-width: 950px) 100vw, 950px\" \/><\/a><a title=\"\" href=\"http:\/\/www.candice-nguyen.com\/wp-content\/uploads\/2014\/03\/PA261507.jpg\" data-rel=\"lightbox-gallery-qNKMzMzK\" data-rl_title=\"\" data-rl_caption=\"\"><img loading=\"lazy\" decoding=\"async\" class=\"alignnone size-full wp-image-12274\" src=\"http:\/\/www.candice-nguyen.com\/wp-content\/uploads\/2014\/03\/PA261507.jpg\" alt=\"\u00a9 candice nguyen\" width=\"950\" height=\"950\" srcset=\"https:\/\/www.candice-nguyen.com\/fragments\/wp-content\/uploads\/2014\/03\/PA261507.jpg 950w, https:\/\/www.candice-nguyen.com\/fragments\/wp-content\/uploads\/2014\/03\/PA261507-140x140.jpg 140w, https:\/\/www.candice-nguyen.com\/fragments\/wp-content\/uploads\/2014\/03\/PA261507-315x315.jpg 315w, https:\/\/www.candice-nguyen.com\/fragments\/wp-content\/uploads\/2014\/03\/PA261507-630x630.jpg 630w, https:\/\/www.candice-nguyen.com\/fragments\/wp-content\/uploads\/2014\/03\/PA261507-700x700.jpg 700w, https:\/\/www.candice-nguyen.com\/fragments\/wp-content\/uploads\/2014\/03\/PA261507-332x332.jpg 332w, https:\/\/www.candice-nguyen.com\/fragments\/wp-content\/uploads\/2014\/03\/PA261507-432x432.jpg 432w, https:\/\/www.candice-nguyen.com\/fragments\/wp-content\/uploads\/2014\/03\/PA261507-268x268.jpg 268w\" sizes=\"auto, (max-width: 950px) 100vw, 950px\" \/><\/a><a title=\"\" href=\"http:\/\/www.candice-nguyen.com\/wp-content\/uploads\/2014\/03\/PA261516.jpg\" data-rel=\"lightbox-gallery-qNKMzMzK\" data-rl_title=\"\" data-rl_caption=\"\"><img loading=\"lazy\" decoding=\"async\" class=\"alignnone size-full wp-image-12275\" src=\"http:\/\/www.candice-nguyen.com\/wp-content\/uploads\/2014\/03\/PA261516.jpg\" alt=\"\u00a9 candice nguyen\" width=\"950\" height=\"950\" srcset=\"https:\/\/www.candice-nguyen.com\/fragments\/wp-content\/uploads\/2014\/03\/PA261516.jpg 950w, https:\/\/www.candice-nguyen.com\/fragments\/wp-content\/uploads\/2014\/03\/PA261516-140x140.jpg 140w, https:\/\/www.candice-nguyen.com\/fragments\/wp-content\/uploads\/2014\/03\/PA261516-315x315.jpg 315w, https:\/\/www.candice-nguyen.com\/fragments\/wp-content\/uploads\/2014\/03\/PA261516-630x630.jpg 630w, https:\/\/www.candice-nguyen.com\/fragments\/wp-content\/uploads\/2014\/03\/PA261516-700x700.jpg 700w, https:\/\/www.candice-nguyen.com\/fragments\/wp-content\/uploads\/2014\/03\/PA261516-332x332.jpg 332w, https:\/\/www.candice-nguyen.com\/fragments\/wp-content\/uploads\/2014\/03\/PA261516-432x432.jpg 432w, https:\/\/www.candice-nguyen.com\/fragments\/wp-content\/uploads\/2014\/03\/PA261516-268x268.jpg 268w\" sizes=\"auto, (max-width: 950px) 100vw, 950px\" \/><\/a><a title=\"\" href=\"http:\/\/www.candice-nguyen.com\/wp-content\/uploads\/2014\/03\/PA261517.jpg\" data-rel=\"lightbox-gallery-qNKMzMzK\" data-rl_title=\"\" data-rl_caption=\"\"><img loading=\"lazy\" decoding=\"async\" class=\"alignnone size-full wp-image-12276\" src=\"http:\/\/www.candice-nguyen.com\/wp-content\/uploads\/2014\/03\/PA261517.jpg\" alt=\"\u00a9 candice nguyen\" width=\"950\" height=\"950\" srcset=\"https:\/\/www.candice-nguyen.com\/fragments\/wp-content\/uploads\/2014\/03\/PA261517.jpg 950w, https:\/\/www.candice-nguyen.com\/fragments\/wp-content\/uploads\/2014\/03\/PA261517-140x140.jpg 140w, https:\/\/www.candice-nguyen.com\/fragments\/wp-content\/uploads\/2014\/03\/PA261517-315x315.jpg 315w, https:\/\/www.candice-nguyen.com\/fragments\/wp-content\/uploads\/2014\/03\/PA261517-630x630.jpg 630w, https:\/\/www.candice-nguyen.com\/fragments\/wp-content\/uploads\/2014\/03\/PA261517-700x700.jpg 700w, https:\/\/www.candice-nguyen.com\/fragments\/wp-content\/uploads\/2014\/03\/PA261517-332x332.jpg 332w, https:\/\/www.candice-nguyen.com\/fragments\/wp-content\/uploads\/2014\/03\/PA261517-432x432.jpg 432w, https:\/\/www.candice-nguyen.com\/fragments\/wp-content\/uploads\/2014\/03\/PA261517-268x268.jpg 268w\" sizes=\"auto, (max-width: 950px) 100vw, 950px\" \/><\/a><a title=\"\" href=\"http:\/\/www.candice-nguyen.com\/wp-content\/uploads\/2014\/03\/PA261529.jpg\" data-rel=\"lightbox-gallery-qNKMzMzK\" data-rl_title=\"\" data-rl_caption=\"\"><img loading=\"lazy\" decoding=\"async\" class=\"alignnone size-full wp-image-12277\" src=\"http:\/\/www.candice-nguyen.com\/wp-content\/uploads\/2014\/03\/PA261529.jpg\" alt=\"\u00a9 candice nguyen\" width=\"950\" height=\"950\" srcset=\"https:\/\/www.candice-nguyen.com\/fragments\/wp-content\/uploads\/2014\/03\/PA261529.jpg 950w, https:\/\/www.candice-nguyen.com\/fragments\/wp-content\/uploads\/2014\/03\/PA261529-140x140.jpg 140w, https:\/\/www.candice-nguyen.com\/fragments\/wp-content\/uploads\/2014\/03\/PA261529-315x315.jpg 315w, https:\/\/www.candice-nguyen.com\/fragments\/wp-content\/uploads\/2014\/03\/PA261529-630x630.jpg 630w, https:\/\/www.candice-nguyen.com\/fragments\/wp-content\/uploads\/2014\/03\/PA261529-700x700.jpg 700w, https:\/\/www.candice-nguyen.com\/fragments\/wp-content\/uploads\/2014\/03\/PA261529-332x332.jpg 332w, https:\/\/www.candice-nguyen.com\/fragments\/wp-content\/uploads\/2014\/03\/PA261529-432x432.jpg 432w, https:\/\/www.candice-nguyen.com\/fragments\/wp-content\/uploads\/2014\/03\/PA261529-268x268.jpg 268w\" sizes=\"auto, (max-width: 950px) 100vw, 950px\" \/><\/a><a title=\"\" href=\"http:\/\/www.candice-nguyen.com\/wp-content\/uploads\/2014\/03\/PA261537.jpg\" data-rel=\"lightbox-gallery-qNKMzMzK\" data-rl_title=\"\" data-rl_caption=\"\"><img loading=\"lazy\" decoding=\"async\" class=\"alignnone size-full wp-image-12278\" src=\"http:\/\/www.candice-nguyen.com\/wp-content\/uploads\/2014\/03\/PA261537.jpg\" alt=\"\u00a9 candice nguyen\" width=\"950\" height=\"950\" srcset=\"https:\/\/www.candice-nguyen.com\/fragments\/wp-content\/uploads\/2014\/03\/PA261537.jpg 950w, https:\/\/www.candice-nguyen.com\/fragments\/wp-content\/uploads\/2014\/03\/PA261537-140x140.jpg 140w, https:\/\/www.candice-nguyen.com\/fragments\/wp-content\/uploads\/2014\/03\/PA261537-315x315.jpg 315w, https:\/\/www.candice-nguyen.com\/fragments\/wp-content\/uploads\/2014\/03\/PA261537-630x630.jpg 630w, https:\/\/www.candice-nguyen.com\/fragments\/wp-content\/uploads\/2014\/03\/PA261537-700x700.jpg 700w, https:\/\/www.candice-nguyen.com\/fragments\/wp-content\/uploads\/2014\/03\/PA261537-332x332.jpg 332w, https:\/\/www.candice-nguyen.com\/fragments\/wp-content\/uploads\/2014\/03\/PA261537-432x432.jpg 432w, https:\/\/www.candice-nguyen.com\/fragments\/wp-content\/uploads\/2014\/03\/PA261537-268x268.jpg 268w\" sizes=\"auto, (max-width: 950px) 100vw, 950px\" \/><\/a><a title=\"\" href=\"http:\/\/www.candice-nguyen.com\/wp-content\/uploads\/2014\/03\/PA261656.jpg\" data-rel=\"lightbox-gallery-qNKMzMzK\" data-rl_title=\"\" data-rl_caption=\"\"><img loading=\"lazy\" decoding=\"async\" class=\"alignnone size-full wp-image-12279\" src=\"http:\/\/www.candice-nguyen.com\/wp-content\/uploads\/2014\/03\/PA261656.jpg\" alt=\"\u00a9 candice nguyen\" width=\"950\" height=\"950\" srcset=\"https:\/\/www.candice-nguyen.com\/fragments\/wp-content\/uploads\/2014\/03\/PA261656.jpg 950w, https:\/\/www.candice-nguyen.com\/fragments\/wp-content\/uploads\/2014\/03\/PA261656-140x140.jpg 140w, https:\/\/www.candice-nguyen.com\/fragments\/wp-content\/uploads\/2014\/03\/PA261656-315x315.jpg 315w, https:\/\/www.candice-nguyen.com\/fragments\/wp-content\/uploads\/2014\/03\/PA261656-630x630.jpg 630w, https:\/\/www.candice-nguyen.com\/fragments\/wp-content\/uploads\/2014\/03\/PA261656-700x700.jpg 700w, https:\/\/www.candice-nguyen.com\/fragments\/wp-content\/uploads\/2014\/03\/PA261656-332x332.jpg 332w, https:\/\/www.candice-nguyen.com\/fragments\/wp-content\/uploads\/2014\/03\/PA261656-432x432.jpg 432w, https:\/\/www.candice-nguyen.com\/fragments\/wp-content\/uploads\/2014\/03\/PA261656-268x268.jpg 268w\" sizes=\"auto, (max-width: 950px) 100vw, 950px\" \/><\/a><\/p>\n<p>&nbsp;<\/p>\n<p style=\"text-align: center; font-size: 110%; line-height: 1.5em; font-family: Oswald; font-weight: 300;\">Vous \u00eates actuellement ici :  <a href=\"https:\/\/www.candice-nguyen.com\/fragments\/galeries\/\">GALERIES<\/a> &gt; <a href=\"https:\/\/www.candice-nguyen.com\/fragments\/galeries\/for-now-i-am-winter\/\">For now I am winter<\/a> &gt; On continue<br \/>\n\u2192 continuer vers : <a href=\"https:\/\/www.candice-nguyen.com\/fragments\/galeries\/for-now-i-am-winter\/mais-ou-sen-va-le-bleu-du-ciel-quand-tombe-la-nuit\/\">mais o\u00f9 s&#8217;en va le bleu du ciel quand tombe la nuit ?<\/a><\/p>\n","protected":false},"excerpt":{"rendered":"<p>\u00ab Puis, vers le soir, Le fl\u00e9au de la lumi\u00e8re s&#8217;immobilise. Les ombres et les r\u00eaves ont m\u00eame poids. Un peu de vent \u00c9crit du bout du pied un mot hors du monde. \u00bb Yves Bonnefoy, D\u00e9but et fin de la neige The Legendary Tiger Man (feat. Rita Redshoes) &#8211; Hey, Sister Ray Nothing to [&hellip;]<\/p>\n","protected":false},"author":3,"featured_media":12275,"parent":9456,"menu_order":0,"comment_status":"closed","ping_status":"closed","template":"","meta":{"footnotes":""},"class_list":["post-12268","page","type-page","status-publish","has-post-thumbnail","hentry"],"aioseo_notices":[],"_links":{"self":[{"href":"https:\/\/www.candice-nguyen.com\/fragments\/wp-json\/wp\/v2\/pages\/12268","targetHints":{"allow":["GET"]}}],"collection":[{"href":"https:\/\/www.candice-nguyen.com\/fragments\/wp-json\/wp\/v2\/pages"}],"about":[{"href":"https:\/\/www.candice-nguyen.com\/fragments\/wp-json\/wp\/v2\/types\/page"}],"author":[{"embeddable":true,"href":"https:\/\/www.candice-nguyen.com\/fragments\/wp-json\/wp\/v2\/users\/3"}],"replies":[{"embeddable":true,"href":"https:\/\/www.candice-nguyen.com\/fragments\/wp-json\/wp\/v2\/comments?post=12268"}],"version-history":[{"count":43,"href":"https:\/\/www.candice-nguyen.com\/fragments\/wp-json\/wp\/v2\/pages\/12268\/revisions"}],"predecessor-version":[{"id":23125,"href":"https:\/\/www.candice-nguyen.com\/fragments\/wp-json\/wp\/v2\/pages\/12268\/revisions\/23125"}],"up":[{"embeddable":true,"href":"https:\/\/www.candice-nguyen.com\/fragments\/wp-json\/wp\/v2\/pages\/9456"}],"wp:featuredmedia":[{"embeddable":true,"href":"https:\/\/www.candice-nguyen.com\/fragments\/wp-json\/wp\/v2\/media\/12275"}],"wp:attachment":[{"href":"https:\/\/www.candice-nguyen.com\/fragments\/wp-json\/wp\/v2\/media?parent=12268"}],"curies":[{"name":"wp","href":"https:\/\/api.w.org\/{rel}","templated":true}]}}