{"id":12759,"date":"2014-05-21T00:15:38","date_gmt":"2014-05-20T22:15:38","guid":{"rendered":"http:\/\/www.candice-nguyen.com\/?page_id=12759"},"modified":"2014-05-22T13:35:22","modified_gmt":"2014-05-22T11:35:22","slug":"nous-sommes-restes-longtemps-la","status":"publish","type":"page","link":"https:\/\/www.candice-nguyen.com\/fragments\/galeries\/vietnam\/halong\/nous-sommes-restes-longtemps-la\/","title":{"rendered":"nous sommes rest\u00e9s longtemps l\u00e0"},"content":{"rendered":"<div class=\"compact_audio_player_wrapper\"><div class=\"sc_player_container1\"><input type=\"button\" id=\"btnplay_6a087c5e43d067.23027450\" class=\"myButton_play\" onClick=\"play_mp3('play','6a087c5e43d067.23027450','http:\/\/www.candice-nguyen.com\/wp-content\/uploads\/2014\/05\/Christine-Ott-Tabou-de-Murnau-et-Flaherty-1931.mp3','80','false');show_hide('play','6a087c5e43d067.23027450');\" \/><input type=\"button\"  id=\"btnstop_6a087c5e43d067.23027450\" style=\"display:none\" class=\"myButton_stop\" onClick=\"play_mp3('stop','6a087c5e43d067.23027450','','80','false');show_hide('stop','6a087c5e43d067.23027450');\" \/><div id=\"sm2-container\"><!-- flash movie ends up here --><\/div><\/div><\/div> <span style=\"font-size: 130%; font-family: Oswald; font-weight: 300;\">Christine Ott sur <a href=\"http:\/\/youtu.be\/wW8PyPHtTL8\" target=\"_blank\">un cin\u00e9-concert de Tabu, F.W. Murnau et R. J. Flaherty (1931)<\/a><\/span><br \/>\n<span style=\"font-size: 110%; font-family: Oswald; font-weight: 300;\"> (tu d\u00e9couvriras en cliquant sur le player ou le lien)<\/span><\/p>\n<p align=\"center\"><a title=\"\" href=\"http:\/\/www.candice-nguyen.com\/wp-content\/uploads\/2014\/05\/DSC01388.jpg\" data-rel=\"lightbox-gallery-YsJqiH1T\" data-rl_title=\"\" data-rl_caption=\"\"><img loading=\"lazy\" decoding=\"async\" src=\"http:\/\/www.candice-nguyen.com\/wp-content\/uploads\/2014\/05\/DSC01388.jpg\" alt=\"\u00a9 candice nguyen\" width=\"900\" height=\"603\" class=\"alignnone size-full wp-image-12785\" srcset=\"https:\/\/www.candice-nguyen.com\/fragments\/wp-content\/uploads\/2014\/05\/DSC01388.jpg 1280w, https:\/\/www.candice-nguyen.com\/fragments\/wp-content\/uploads\/2014\/05\/DSC01388-140x93.jpg 140w, https:\/\/www.candice-nguyen.com\/fragments\/wp-content\/uploads\/2014\/05\/DSC01388-315x210.jpg 315w, https:\/\/www.candice-nguyen.com\/fragments\/wp-content\/uploads\/2014\/05\/DSC01388-630x421.jpg 630w, https:\/\/www.candice-nguyen.com\/fragments\/wp-content\/uploads\/2014\/05\/DSC01388-700x468.jpg 700w, https:\/\/www.candice-nguyen.com\/fragments\/wp-content\/uploads\/2014\/05\/DSC01388-332x222.jpg 332w\" sizes=\"auto, (max-width: 900px) 100vw, 900px\" \/><\/a><br \/>\n<a title=\"\" href=\"http:\/\/www.candice-nguyen.com\/wp-content\/uploads\/2014\/05\/DSC01162.jpg\" data-rel=\"lightbox-gallery-YsJqiH1T\" data-rl_title=\"\" data-rl_caption=\"\"><img loading=\"lazy\" decoding=\"async\" class=\"wp-image-12750 alignnone\" alt=\"\u00a9 candice nguyen\" src=\"http:\/\/www.candice-nguyen.com\/wp-content\/uploads\/2014\/05\/DSC01162.jpg\" width=\"900\" height=\"603\" srcset=\"https:\/\/www.candice-nguyen.com\/fragments\/wp-content\/uploads\/2014\/05\/DSC01162.jpg 1280w, https:\/\/www.candice-nguyen.com\/fragments\/wp-content\/uploads\/2014\/05\/DSC01162-140x93.jpg 140w, https:\/\/www.candice-nguyen.com\/fragments\/wp-content\/uploads\/2014\/05\/DSC01162-315x210.jpg 315w, https:\/\/www.candice-nguyen.com\/fragments\/wp-content\/uploads\/2014\/05\/DSC01162-630x421.jpg 630w, https:\/\/www.candice-nguyen.com\/fragments\/wp-content\/uploads\/2014\/05\/DSC01162-700x468.jpg 700w, https:\/\/www.candice-nguyen.com\/fragments\/wp-content\/uploads\/2014\/05\/DSC01162-332x222.jpg 332w\" sizes=\"auto, (max-width: 900px) 100vw, 900px\" \/><\/a><br \/>\n<a title=\"\" href=\"http:\/\/www.candice-nguyen.com\/wp-content\/uploads\/2014\/05\/DSC01392.jpg\" data-rel=\"lightbox-gallery-YsJqiH1T\" data-rl_title=\"\" data-rl_caption=\"\"><img loading=\"lazy\" decoding=\"async\" src=\"http:\/\/www.candice-nguyen.com\/wp-content\/uploads\/2014\/05\/DSC01392.jpg\" alt=\"\u00a9 candice nguyen\" width=\"900\" height=\"603\" class=\"alignnone size-full wp-image-12786\" srcset=\"https:\/\/www.candice-nguyen.com\/fragments\/wp-content\/uploads\/2014\/05\/DSC01392.jpg 1280w, https:\/\/www.candice-nguyen.com\/fragments\/wp-content\/uploads\/2014\/05\/DSC01392-140x93.jpg 140w, https:\/\/www.candice-nguyen.com\/fragments\/wp-content\/uploads\/2014\/05\/DSC01392-315x210.jpg 315w, https:\/\/www.candice-nguyen.com\/fragments\/wp-content\/uploads\/2014\/05\/DSC01392-630x421.jpg 630w, https:\/\/www.candice-nguyen.com\/fragments\/wp-content\/uploads\/2014\/05\/DSC01392-700x468.jpg 700w, https:\/\/www.candice-nguyen.com\/fragments\/wp-content\/uploads\/2014\/05\/DSC01392-332x222.jpg 332w\" sizes=\"auto, (max-width: 900px) 100vw, 900px\" \/><\/a><br \/>\n<a title=\"\" href=\"http:\/\/www.candice-nguyen.com\/wp-content\/uploads\/2014\/05\/DSC01391.jpg\" data-rel=\"lightbox-gallery-YsJqiH1T\" data-rl_title=\"\" data-rl_caption=\"\"><img loading=\"lazy\" decoding=\"async\" class=\"alignnone size-full wp-image-12751\" alt=\"\u00a9 candice nguyen\" src=\"http:\/\/www.candice-nguyen.com\/wp-content\/uploads\/2014\/05\/DSC01391.jpg\" width=\"900\" height=\"603\" srcset=\"https:\/\/www.candice-nguyen.com\/fragments\/wp-content\/uploads\/2014\/05\/DSC01391.jpg 1280w, https:\/\/www.candice-nguyen.com\/fragments\/wp-content\/uploads\/2014\/05\/DSC01391-140x93.jpg 140w, https:\/\/www.candice-nguyen.com\/fragments\/wp-content\/uploads\/2014\/05\/DSC01391-315x210.jpg 315w, https:\/\/www.candice-nguyen.com\/fragments\/wp-content\/uploads\/2014\/05\/DSC01391-630x421.jpg 630w, https:\/\/www.candice-nguyen.com\/fragments\/wp-content\/uploads\/2014\/05\/DSC01391-700x468.jpg 700w, https:\/\/www.candice-nguyen.com\/fragments\/wp-content\/uploads\/2014\/05\/DSC01391-332x222.jpg 332w\" sizes=\"auto, (max-width: 900px) 100vw, 900px\" \/><\/a><br \/>\n<a title=\"\" href=\"http:\/\/www.candice-nguyen.com\/wp-content\/uploads\/2014\/05\/DSC01395.jpg\" data-rel=\"lightbox-gallery-YsJqiH1T\" data-rl_title=\"\" data-rl_caption=\"\"><img loading=\"lazy\" decoding=\"async\" class=\"alignnone size-full wp-image-12752\" alt=\"\u00a9 candice nguyen\" src=\"http:\/\/www.candice-nguyen.com\/wp-content\/uploads\/2014\/05\/DSC01395.jpg\" width=\"900\" height=\"603\" srcset=\"https:\/\/www.candice-nguyen.com\/fragments\/wp-content\/uploads\/2014\/05\/DSC01395.jpg 1280w, https:\/\/www.candice-nguyen.com\/fragments\/wp-content\/uploads\/2014\/05\/DSC01395-140x93.jpg 140w, https:\/\/www.candice-nguyen.com\/fragments\/wp-content\/uploads\/2014\/05\/DSC01395-315x210.jpg 315w, https:\/\/www.candice-nguyen.com\/fragments\/wp-content\/uploads\/2014\/05\/DSC01395-630x421.jpg 630w, https:\/\/www.candice-nguyen.com\/fragments\/wp-content\/uploads\/2014\/05\/DSC01395-700x468.jpg 700w, https:\/\/www.candice-nguyen.com\/fragments\/wp-content\/uploads\/2014\/05\/DSC01395-332x222.jpg 332w\" sizes=\"auto, (max-width: 900px) 100vw, 900px\" \/><\/a><br \/>\n<a title=\"\" href=\"http:\/\/www.candice-nguyen.com\/wp-content\/uploads\/2014\/05\/DSC01398.jpg\" data-rel=\"lightbox-gallery-YsJqiH1T\" data-rl_title=\"\" data-rl_caption=\"\"><img loading=\"lazy\" decoding=\"async\" class=\"alignnone size-full wp-image-12753\" alt=\"\u00a9 candice nguyen\" src=\"http:\/\/www.candice-nguyen.com\/wp-content\/uploads\/2014\/05\/DSC01398.jpg\" width=\"900\" height=\"603\" srcset=\"https:\/\/www.candice-nguyen.com\/fragments\/wp-content\/uploads\/2014\/05\/DSC01398.jpg 1280w, https:\/\/www.candice-nguyen.com\/fragments\/wp-content\/uploads\/2014\/05\/DSC01398-140x93.jpg 140w, https:\/\/www.candice-nguyen.com\/fragments\/wp-content\/uploads\/2014\/05\/DSC01398-315x210.jpg 315w, https:\/\/www.candice-nguyen.com\/fragments\/wp-content\/uploads\/2014\/05\/DSC01398-630x421.jpg 630w, https:\/\/www.candice-nguyen.com\/fragments\/wp-content\/uploads\/2014\/05\/DSC01398-700x468.jpg 700w, https:\/\/www.candice-nguyen.com\/fragments\/wp-content\/uploads\/2014\/05\/DSC01398-332x222.jpg 332w\" sizes=\"auto, (max-width: 900px) 100vw, 900px\" \/><\/a><br \/>\n<a title=\"\" href=\"http:\/\/www.candice-nguyen.com\/wp-content\/uploads\/2014\/05\/DSC01402.jpg\" data-rel=\"lightbox-gallery-YsJqiH1T\" data-rl_title=\"\" data-rl_caption=\"\"><img loading=\"lazy\" decoding=\"async\" class=\"alignnone size-full wp-image-12756\" alt=\"\u00a9 candice nguyen\" src=\"http:\/\/www.candice-nguyen.com\/wp-content\/uploads\/2014\/05\/DSC01402.jpg\" width=\"900\" height=\"603\" srcset=\"https:\/\/www.candice-nguyen.com\/fragments\/wp-content\/uploads\/2014\/05\/DSC01402.jpg 1280w, https:\/\/www.candice-nguyen.com\/fragments\/wp-content\/uploads\/2014\/05\/DSC01402-140x93.jpg 140w, https:\/\/www.candice-nguyen.com\/fragments\/wp-content\/uploads\/2014\/05\/DSC01402-315x210.jpg 315w, https:\/\/www.candice-nguyen.com\/fragments\/wp-content\/uploads\/2014\/05\/DSC01402-630x421.jpg 630w, https:\/\/www.candice-nguyen.com\/fragments\/wp-content\/uploads\/2014\/05\/DSC01402-700x468.jpg 700w, https:\/\/www.candice-nguyen.com\/fragments\/wp-content\/uploads\/2014\/05\/DSC01402-332x222.jpg 332w\" sizes=\"auto, (max-width: 900px) 100vw, 900px\" \/><\/a><br \/>\n<a href=\"http:\/\/www.candice-nguyen.com\/wp-content\/uploads\/2014\/05\/DSC01410.jpg\" data-rel=\"lightbox-gallery-YsJqiH1T\" data-rl_title=\"\" data-rl_caption=\"\" title=\"\"><img loading=\"lazy\" decoding=\"async\" src=\"http:\/\/www.candice-nguyen.com\/wp-content\/uploads\/2014\/05\/DSC01410.jpg\" alt=\"\u00a9 candice nguyen\" width=\"900\" height=\"603\" class=\"alignnone size-full wp-image-12787\" srcset=\"https:\/\/www.candice-nguyen.com\/fragments\/wp-content\/uploads\/2014\/05\/DSC01410.jpg 1280w, https:\/\/www.candice-nguyen.com\/fragments\/wp-content\/uploads\/2014\/05\/DSC01410-140x93.jpg 140w, https:\/\/www.candice-nguyen.com\/fragments\/wp-content\/uploads\/2014\/05\/DSC01410-315x210.jpg 315w, https:\/\/www.candice-nguyen.com\/fragments\/wp-content\/uploads\/2014\/05\/DSC01410-630x421.jpg 630w, https:\/\/www.candice-nguyen.com\/fragments\/wp-content\/uploads\/2014\/05\/DSC01410-700x468.jpg 700w, https:\/\/www.candice-nguyen.com\/fragments\/wp-content\/uploads\/2014\/05\/DSC01410-332x222.jpg 332w\" sizes=\"auto, (max-width: 900px) 100vw, 900px\" \/><\/a><br \/>\n<a title=\"\" href=\"http:\/\/www.candice-nguyen.com\/wp-content\/uploads\/2014\/05\/DSC01399.jpg\" data-rel=\"lightbox-gallery-YsJqiH1T\" data-rl_title=\"\" data-rl_caption=\"\"><img loading=\"lazy\" decoding=\"async\" class=\"alignnone size-full wp-image-12754\" alt=\"\u00a9 candice nguyen\" src=\"http:\/\/www.candice-nguyen.com\/wp-content\/uploads\/2014\/05\/DSC01399.jpg\" width=\"900\" height=\"603\" srcset=\"https:\/\/www.candice-nguyen.com\/fragments\/wp-content\/uploads\/2014\/05\/DSC01399.jpg 1280w, https:\/\/www.candice-nguyen.com\/fragments\/wp-content\/uploads\/2014\/05\/DSC01399-140x93.jpg 140w, https:\/\/www.candice-nguyen.com\/fragments\/wp-content\/uploads\/2014\/05\/DSC01399-315x210.jpg 315w, https:\/\/www.candice-nguyen.com\/fragments\/wp-content\/uploads\/2014\/05\/DSC01399-630x421.jpg 630w, https:\/\/www.candice-nguyen.com\/fragments\/wp-content\/uploads\/2014\/05\/DSC01399-700x468.jpg 700w, https:\/\/www.candice-nguyen.com\/fragments\/wp-content\/uploads\/2014\/05\/DSC01399-332x222.jpg 332w\" sizes=\"auto, (max-width: 900px) 100vw, 900px\" \/><\/a><br \/>\n<a title=\"\" href=\"http:\/\/www.candice-nguyen.com\/wp-content\/uploads\/2014\/05\/DSC01419-001.jpg\" data-rel=\"lightbox-gallery-YsJqiH1T\" data-rl_title=\"\" data-rl_caption=\"\"><img loading=\"lazy\" decoding=\"async\" src=\"http:\/\/www.candice-nguyen.com\/wp-content\/uploads\/2014\/05\/DSC01419-001.jpg\" alt=\"\u00a9 candice nguyen\" width=\"900\" height=\"603\" class=\"alignnone size-full wp-image-12788\" srcset=\"https:\/\/www.candice-nguyen.com\/fragments\/wp-content\/uploads\/2014\/05\/DSC01419-001.jpg 1280w, https:\/\/www.candice-nguyen.com\/fragments\/wp-content\/uploads\/2014\/05\/DSC01419-001-140x93.jpg 140w, https:\/\/www.candice-nguyen.com\/fragments\/wp-content\/uploads\/2014\/05\/DSC01419-001-315x210.jpg 315w, https:\/\/www.candice-nguyen.com\/fragments\/wp-content\/uploads\/2014\/05\/DSC01419-001-630x421.jpg 630w, https:\/\/www.candice-nguyen.com\/fragments\/wp-content\/uploads\/2014\/05\/DSC01419-001-700x468.jpg 700w, https:\/\/www.candice-nguyen.com\/fragments\/wp-content\/uploads\/2014\/05\/DSC01419-001-332x222.jpg 332w\" sizes=\"auto, (max-width: 900px) 100vw, 900px\" \/><\/a><br \/>\n<a title=\"\" href=\"http:\/\/www.candice-nguyen.com\/wp-content\/uploads\/2014\/05\/DSC01447.jpg\" data-rel=\"lightbox-gallery-YsJqiH1T\" data-rl_title=\"\" data-rl_caption=\"\"><img loading=\"lazy\" decoding=\"async\" src=\"http:\/\/www.candice-nguyen.com\/wp-content\/uploads\/2014\/05\/DSC01447.jpg\" alt=\"\u00a9 candice nguyen\" width=\"900\" height=\"603\" class=\"alignnone size-full wp-image-12789\" srcset=\"https:\/\/www.candice-nguyen.com\/fragments\/wp-content\/uploads\/2014\/05\/DSC01447.jpg 1280w, https:\/\/www.candice-nguyen.com\/fragments\/wp-content\/uploads\/2014\/05\/DSC01447-140x93.jpg 140w, https:\/\/www.candice-nguyen.com\/fragments\/wp-content\/uploads\/2014\/05\/DSC01447-315x210.jpg 315w, https:\/\/www.candice-nguyen.com\/fragments\/wp-content\/uploads\/2014\/05\/DSC01447-630x421.jpg 630w, https:\/\/www.candice-nguyen.com\/fragments\/wp-content\/uploads\/2014\/05\/DSC01447-700x468.jpg 700w, https:\/\/www.candice-nguyen.com\/fragments\/wp-content\/uploads\/2014\/05\/DSC01447-332x222.jpg 332w\" sizes=\"auto, (max-width: 900px) 100vw, 900px\" \/><\/a>\n<\/p>\n<p style=\"font-size: 200%; line-height: 1.5em; font-family: Oswald; font-weight: 300; text-align: right; padding-right: 70px;\">je suis rest\u00e9e longtemps dans la nuit \u00e0 \u00e9couter le silence<br \/>\n<a href=\"http:\/\/www.candice-nguyen.com\/wp-content\/uploads\/2014\/05\/DSC01419-001.jpg\" title=\"\" data-rel=\"lightbox-gallery-YsJqiH1T\" data-rl_title=\"\" data-rl_caption=\"\">alors que les lumi\u00e8res s&#8217;\u00e9teignaient<\/a> \u2014-<br \/>\nje suis rest\u00e9e aussi longtemps que la fatigue des voyageurs le permettait<br \/>\nnous avons d\u00fb \u00e9changer deux mots, <a href=\"http:\/\/www.candice-nguyen.com\/wp-content\/uploads\/2014\/05\/DSC01391.jpg\" title=\"\" data-rel=\"lightbox-gallery-YsJqiH1T\" data-rl_title=\"\" data-rl_caption=\"\">peut-\u00eatre pas<\/a><br \/>\ndes dizaines de volutes<\/p>\n<p style=\"font-size: 200%; line-height: 1.5em; font-family: Oswald; font-weight: 300; text-align: right; padding-right: 70px;\">je voulais me r\u00e9veiller avant l&#8217;aube<br \/>\nmais c&#8217;\u00e9tait sans compter le sommeil lourd, de plomb,<br \/>\ninhabituel que ces lieux provoquent<\/p>\n<p style=\"font-size: 150%; line-height: 1.5em; font-family: Oswald; font-weight: 300; text-align: right; padding-right: 70px;\"><a href=\"http:\/\/www.candice-nguyen.com\/galeries\/vietnam\/\" target=\"_blank\">(on y retournera)<\/a><\/p>\n","protected":false},"excerpt":{"rendered":"<p>Christine Ott sur un cin\u00e9-concert de Tabu, F.W. Murnau et R. J. Flaherty (1931) (tu d\u00e9couvriras en cliquant sur le player ou le lien) je suis rest\u00e9e longtemps dans la nuit \u00e0 \u00e9couter le silence alors que les lumi\u00e8res s&#8217;\u00e9teignaient \u2014- je suis rest\u00e9e aussi longtemps que la fatigue des voyageurs le permettait nous avons [&hellip;]<\/p>\n","protected":false},"author":3,"featured_media":0,"parent":910,"menu_order":0,"comment_status":"closed","ping_status":"closed","template":"template-full-width.php","meta":{"footnotes":""},"class_list":["post-12759","page","type-page","status-publish","hentry"],"aioseo_notices":[],"_links":{"self":[{"href":"https:\/\/www.candice-nguyen.com\/fragments\/wp-json\/wp\/v2\/pages\/12759","targetHints":{"allow":["GET"]}}],"collection":[{"href":"https:\/\/www.candice-nguyen.com\/fragments\/wp-json\/wp\/v2\/pages"}],"about":[{"href":"https:\/\/www.candice-nguyen.com\/fragments\/wp-json\/wp\/v2\/types\/page"}],"author":[{"embeddable":true,"href":"https:\/\/www.candice-nguyen.com\/fragments\/wp-json\/wp\/v2\/users\/3"}],"replies":[{"embeddable":true,"href":"https:\/\/www.candice-nguyen.com\/fragments\/wp-json\/wp\/v2\/comments?post=12759"}],"version-history":[{"count":48,"href":"https:\/\/www.candice-nguyen.com\/fragments\/wp-json\/wp\/v2\/pages\/12759\/revisions"}],"predecessor-version":[{"id":12825,"href":"https:\/\/www.candice-nguyen.com\/fragments\/wp-json\/wp\/v2\/pages\/12759\/revisions\/12825"}],"up":[{"embeddable":true,"href":"https:\/\/www.candice-nguyen.com\/fragments\/wp-json\/wp\/v2\/pages\/910"}],"wp:attachment":[{"href":"https:\/\/www.candice-nguyen.com\/fragments\/wp-json\/wp\/v2\/media?parent=12759"}],"curies":[{"name":"wp","href":"https:\/\/api.w.org\/{rel}","templated":true}]}}