{"id":13025,"date":"2014-06-08T16:27:15","date_gmt":"2014-06-08T14:27:15","guid":{"rendered":"http:\/\/www.candice-nguyen.com\/?page_id=13025"},"modified":"2019-12-12T09:16:41","modified_gmt":"2019-12-12T08:16:41","slug":"lautre-quotidien-nuit-jour","status":"publish","type":"page","link":"https:\/\/www.candice-nguyen.com\/fragments\/contributions\/lautre-quotidien-nuit-jour\/","title":{"rendered":"L&#8217;Autre Quotidien (Nuit &#038; Jour)"},"content":{"rendered":"<p style=\"font-size: 180%; line-height: 1.5em; font-family: Oswald; font-weight: 300; text-align: center;\">{la Nuit}<br \/>\nl&#8217;hebdo digital qui manifeste l&#8217;envie que \u00e7a bouge,<br \/>\nfait quotidiennement place d\u00e9sormais \u00e0<br \/>\n<strong>L&#8217;Autre Quotidien (Nuit &amp; Jour)<\/strong><br \/>\nsur <a href=\"http:\/\/lautrequotidien.fr\/\" target=\"_blank\" rel=\"noopener noreferrer\">lautrequotidien.fr<\/a><br \/>\n.<br \/>\n.<br \/>\n.<br \/>\n.<\/p>\n<p style=\"text-align: center;\"><a href=\"http:\/\/lautrequotidien.fr\/\" target=\"_blank\" rel=\"noopener noreferrer\"><img loading=\"lazy\" decoding=\"async\" class=\"aligncenter size-full wp-image-21071\" src=\"https:\/\/www.candice-nguyen.com\/wp-content\/uploads\/2014\/06\/LAQ.png.jpg\" alt=\"L'Autre Quotidien\" width=\"937\" height=\"591\" srcset=\"https:\/\/www.candice-nguyen.com\/fragments\/wp-content\/uploads\/2014\/06\/LAQ.png.jpg 937w, https:\/\/www.candice-nguyen.com\/fragments\/wp-content\/uploads\/2014\/06\/LAQ.png-140x88.jpg 140w, https:\/\/www.candice-nguyen.com\/fragments\/wp-content\/uploads\/2014\/06\/LAQ.png-315x199.jpg 315w, https:\/\/www.candice-nguyen.com\/fragments\/wp-content\/uploads\/2014\/06\/LAQ.png-768x484.jpg 768w, https:\/\/www.candice-nguyen.com\/fragments\/wp-content\/uploads\/2014\/06\/LAQ.png-700x442.jpg 700w, https:\/\/www.candice-nguyen.com\/fragments\/wp-content\/uploads\/2014\/06\/LAQ.png-332x209.jpg 332w\" sizes=\"auto, (max-width: 937px) 100vw, 937px\" \/><\/a><\/p>\n<p style=\"font-size: 130%; line-height: 1.5em; font-family: Oswald; font-weight: 300; text-align: center;\">.<br \/>\n.<br \/>\n.<br \/>\n.<br \/>\n2014. <strong>{La Nuit}<\/strong> croit au d\u00e9sir, au style, \u00e0 la libert\u00e9. Elle parle en images et en musique.<br \/>\nCircule sur internet. Laisse le journal au jour. Et invente autre chose.<br \/>\nUn souffle nocturne sur la poussi\u00e8re du vieux monde. L&#8217;espace du r\u00eave.<br \/>\n&nbsp;<br \/>\n<iframe loading=\"lazy\" src=\"\/\/embedftv-a.akamaihd.net\/64a69ba2595cedf3678887107b951645\" width=\"560\" height=\"315\" frameborder=\"0\" scrolling=\"no\" allowfullscreen=\"allowfullscreen\"><\/iframe><\/p>\n<p style=\"font-size: 120%; line-height: 1.5em; font-family: Oswald; font-weight: 300; text-align: center;\"><a href=\"http:\/\/lautrequotidien.fr\/\" target=\"_blank\" rel=\"noopener noreferrer\">La Nuit &#8211; Dossier de Presse 2014<\/a><\/p>\n<p><center><\/p>\n<div class=\"issuuembed\" style=\"width: 630px; height: 480px; text-align: center;\" data-configid=\"1232178\/7825556\"><\/div>\n<p style=\"text-align: center;\"><script src=\"\/\/e.issuu.com\/embed.js\" async=\"true\" type=\"text\/javascript\"><\/script><\/center><\/p>\n<p style=\"font-size: 130%; line-height: 1.5em; font-family: Oswald; font-weight: 300; text-align: center;\">\n.<br \/>\n.<br \/>\n.<br \/>\n.<br \/>\n2016. <strong>L&#8217;Autre Quotidien (Nuit &amp; Jour)<\/strong> :<br \/>\non prend les m\u00eames, on continue mais quotidiennement<br \/>\net, nuit et jour.<br \/>\n.<br \/>\nPlus d&#8217;info sur L&#8217;Autre Quotidien et ma participation quant au projet :<br \/>\n<a href=\"http:\/\/www.candice-nguyen.com\/lautre-quotidien-nuit-jour-le-quotidien-digital-qui-fait-aimer-la-vie-envers-et-contre-tout\/\">L\u2019Autre Quotidien (Nuit &amp; Jour) : le quotidien digital qui fait aimer la vie envers et contre tout<\/a><br \/>\n.<br \/>\n.<br \/>\n.<br \/>\n.<br \/>\nRetrouvez <a href=\"http:\/\/www.lautrequotidien.fr\/search?q=candice+nguyen\" target=\"_blank\" rel=\"noopener noreferrer\">mes chroniques dans L&#8217;Autre Quotidien<\/a><\/p>\n<p style=\"text-align: center;\"><a href=\"http:\/\/www.lautrequotidien.fr\/search?q=candice+nguyen\" target=\"_blank\" rel=\"noopener noreferrer\"><img loading=\"lazy\" decoding=\"async\" class=\"alignnone size-full wp-image-19648\" src=\"http:\/\/www.candice-nguyen.com\/wp-content\/uploads\/2012\/11\/LAutre-Quotidien-www.nuitetjour.xyz-07092016.jpg\" alt=\"L'Autre Quotidien (07\/09\/2016)\" width=\"1400\" height=\"991\" srcset=\"https:\/\/www.candice-nguyen.com\/fragments\/wp-content\/uploads\/2012\/11\/LAutre-Quotidien-www.nuitetjour.xyz-07092016.jpg 1400w, https:\/\/www.candice-nguyen.com\/fragments\/wp-content\/uploads\/2012\/11\/LAutre-Quotidien-www.nuitetjour.xyz-07092016-140x99.jpg 140w, https:\/\/www.candice-nguyen.com\/fragments\/wp-content\/uploads\/2012\/11\/LAutre-Quotidien-www.nuitetjour.xyz-07092016-315x223.jpg 315w, https:\/\/www.candice-nguyen.com\/fragments\/wp-content\/uploads\/2012\/11\/LAutre-Quotidien-www.nuitetjour.xyz-07092016-768x544.jpg 768w, https:\/\/www.candice-nguyen.com\/fragments\/wp-content\/uploads\/2012\/11\/LAutre-Quotidien-www.nuitetjour.xyz-07092016-1271x900.jpg 1271w, https:\/\/www.candice-nguyen.com\/fragments\/wp-content\/uploads\/2012\/11\/LAutre-Quotidien-www.nuitetjour.xyz-07092016-700x496.jpg 700w, https:\/\/www.candice-nguyen.com\/fragments\/wp-content\/uploads\/2012\/11\/LAutre-Quotidien-www.nuitetjour.xyz-07092016-332x235.jpg 332w\" sizes=\"auto, (max-width: 1400px) 100vw, 1400px\" \/><\/a><\/p>\n<p>&nbsp;<\/p>\n<p style=\"font-size: 120%; line-height: 1.5em; font-family: Oswald; font-weight: 300; text-align: center;\">Les premi\u00e8res couv de La Nuit hebdo<\/p>\n<p style=\"text-align: center;\"><img loading=\"lazy\" decoding=\"async\" class=\"alignnone size-medium wp-image-13021\" src=\"http:\/\/www.candice-nguyen.com\/wp-content\/uploads\/2014\/06\/Une9secreteverti-315x205.jpg\" alt=\"{la Nuit} n\u00b09\" width=\"315\" height=\"205\" srcset=\"https:\/\/www.candice-nguyen.com\/fragments\/wp-content\/uploads\/2014\/06\/Une9secreteverti-315x205.jpg 315w, https:\/\/www.candice-nguyen.com\/fragments\/wp-content\/uploads\/2014\/06\/Une9secreteverti-140x91.jpg 140w, https:\/\/www.candice-nguyen.com\/fragments\/wp-content\/uploads\/2014\/06\/Une9secreteverti-630x410.jpg 630w, https:\/\/www.candice-nguyen.com\/fragments\/wp-content\/uploads\/2014\/06\/Une9secreteverti-700x455.jpg 700w, https:\/\/www.candice-nguyen.com\/fragments\/wp-content\/uploads\/2014\/06\/Une9secreteverti-332x216.jpg 332w, https:\/\/www.candice-nguyen.com\/fragments\/wp-content\/uploads\/2014\/06\/Une9secreteverti.jpg 1500w\" sizes=\"auto, (max-width: 315px) 100vw, 315px\" \/><img loading=\"lazy\" decoding=\"async\" class=\"alignnone size-medium wp-image-13023\" src=\"http:\/\/www.candice-nguyen.com\/wp-content\/uploads\/2014\/06\/8-315x205.jpg\" alt=\"{la Nuit} n\u00b08\" width=\"315\" height=\"205\" srcset=\"https:\/\/www.candice-nguyen.com\/fragments\/wp-content\/uploads\/2014\/06\/8-315x205.jpg 315w, https:\/\/www.candice-nguyen.com\/fragments\/wp-content\/uploads\/2014\/06\/8-140x91.jpg 140w, https:\/\/www.candice-nguyen.com\/fragments\/wp-content\/uploads\/2014\/06\/8-630x410.jpg 630w, https:\/\/www.candice-nguyen.com\/fragments\/wp-content\/uploads\/2014\/06\/8-700x455.jpg 700w, https:\/\/www.candice-nguyen.com\/fragments\/wp-content\/uploads\/2014\/06\/8-332x216.jpg 332w, https:\/\/www.candice-nguyen.com\/fragments\/wp-content\/uploads\/2014\/06\/8.jpg 1000w\" sizes=\"auto, (max-width: 315px) 100vw, 315px\" \/><img loading=\"lazy\" decoding=\"async\" class=\"alignnone size-medium wp-image-13022\" src=\"http:\/\/www.candice-nguyen.com\/wp-content\/uploads\/2014\/06\/Une_7-315x205.jpg\" alt=\"{la Nuit} n\u00b07\" width=\"315\" height=\"205\" srcset=\"https:\/\/www.candice-nguyen.com\/fragments\/wp-content\/uploads\/2014\/06\/Une_7-315x205.jpg 315w, https:\/\/www.candice-nguyen.com\/fragments\/wp-content\/uploads\/2014\/06\/Une_7-140x91.jpg 140w, https:\/\/www.candice-nguyen.com\/fragments\/wp-content\/uploads\/2014\/06\/Une_7-630x410.jpg 630w, https:\/\/www.candice-nguyen.com\/fragments\/wp-content\/uploads\/2014\/06\/Une_7-700x455.jpg 700w, https:\/\/www.candice-nguyen.com\/fragments\/wp-content\/uploads\/2014\/06\/Une_7-332x216.jpg 332w, https:\/\/www.candice-nguyen.com\/fragments\/wp-content\/uploads\/2014\/06\/Une_7.jpg 1500w\" sizes=\"auto, (max-width: 315px) 100vw, 315px\" \/><img loading=\"lazy\" decoding=\"async\" class=\"alignnone size-medium wp-image-13020\" src=\"http:\/\/www.candice-nguyen.com\/wp-content\/uploads\/2014\/06\/Une6camo-315x205.png\" alt=\"{la Nuit} n\u00b06\" width=\"315\" height=\"205\" srcset=\"https:\/\/www.candice-nguyen.com\/fragments\/wp-content\/uploads\/2014\/06\/Une6camo-315x205.png 315w, https:\/\/www.candice-nguyen.com\/fragments\/wp-content\/uploads\/2014\/06\/Une6camo-140x91.png 140w, https:\/\/www.candice-nguyen.com\/fragments\/wp-content\/uploads\/2014\/06\/Une6camo-630x410.png 630w, https:\/\/www.candice-nguyen.com\/fragments\/wp-content\/uploads\/2014\/06\/Une6camo-700x455.png 700w, https:\/\/www.candice-nguyen.com\/fragments\/wp-content\/uploads\/2014\/06\/Une6camo-332x216.png 332w, https:\/\/www.candice-nguyen.com\/fragments\/wp-content\/uploads\/2014\/06\/Une6camo.png 1500w\" sizes=\"auto, (max-width: 315px) 100vw, 315px\" \/><img loading=\"lazy\" decoding=\"async\" class=\"alignnone size-medium wp-image-13019\" src=\"http:\/\/www.candice-nguyen.com\/wp-content\/uploads\/2014\/06\/Une5camus-315x205.jpg\" alt=\"{la Nuit} n\u00b05\" width=\"315\" height=\"205\" srcset=\"https:\/\/www.candice-nguyen.com\/fragments\/wp-content\/uploads\/2014\/06\/Une5camus-315x205.jpg 315w, https:\/\/www.candice-nguyen.com\/fragments\/wp-content\/uploads\/2014\/06\/Une5camus-140x91.jpg 140w, https:\/\/www.candice-nguyen.com\/fragments\/wp-content\/uploads\/2014\/06\/Une5camus-630x410.jpg 630w, https:\/\/www.candice-nguyen.com\/fragments\/wp-content\/uploads\/2014\/06\/Une5camus-700x455.jpg 700w, https:\/\/www.candice-nguyen.com\/fragments\/wp-content\/uploads\/2014\/06\/Une5camus-332x216.jpg 332w, https:\/\/www.candice-nguyen.com\/fragments\/wp-content\/uploads\/2014\/06\/Une5camus.jpg 1500w\" sizes=\"auto, (max-width: 315px) 100vw, 315px\" \/><img loading=\"lazy\" decoding=\"async\" class=\"size-medium wp-image-12888 alignnone\" src=\"http:\/\/www.candice-nguyen.com\/wp-content\/uploads\/2014\/05\/Une4-315x205.png\" alt=\"{la Nuit} n\u00b04\" width=\"315\" height=\"205\" srcset=\"https:\/\/www.candice-nguyen.com\/fragments\/wp-content\/uploads\/2014\/05\/Une4-315x205.png 315w, https:\/\/www.candice-nguyen.com\/fragments\/wp-content\/uploads\/2014\/05\/Une4-140x91.png 140w, https:\/\/www.candice-nguyen.com\/fragments\/wp-content\/uploads\/2014\/05\/Une4-630x410.png 630w, https:\/\/www.candice-nguyen.com\/fragments\/wp-content\/uploads\/2014\/05\/Une4-700x455.png 700w, https:\/\/www.candice-nguyen.com\/fragments\/wp-content\/uploads\/2014\/05\/Une4-332x216.png 332w, https:\/\/www.candice-nguyen.com\/fragments\/wp-content\/uploads\/2014\/05\/Une4.png 1500w\" sizes=\"auto, (max-width: 315px) 100vw, 315px\" \/><img loading=\"lazy\" decoding=\"async\" class=\"alignnone size-medium wp-image-13018\" src=\"http:\/\/www.candice-nguyen.com\/wp-content\/uploads\/2014\/06\/une3-315x205.png\" alt=\"{la Nuit} n\u00b03\" width=\"315\" height=\"205\" srcset=\"https:\/\/www.candice-nguyen.com\/fragments\/wp-content\/uploads\/2014\/06\/une3-315x205.png 315w, https:\/\/www.candice-nguyen.com\/fragments\/wp-content\/uploads\/2014\/06\/une3-140x91.png 140w, https:\/\/www.candice-nguyen.com\/fragments\/wp-content\/uploads\/2014\/06\/une3-630x410.png 630w, https:\/\/www.candice-nguyen.com\/fragments\/wp-content\/uploads\/2014\/06\/une3-700x455.png 700w, https:\/\/www.candice-nguyen.com\/fragments\/wp-content\/uploads\/2014\/06\/une3-332x216.png 332w, https:\/\/www.candice-nguyen.com\/fragments\/wp-content\/uploads\/2014\/06\/une3.png 1500w\" sizes=\"auto, (max-width: 315px) 100vw, 315px\" \/><img loading=\"lazy\" decoding=\"async\" class=\"alignnone size-medium wp-image-13017\" src=\"http:\/\/www.candice-nguyen.com\/wp-content\/uploads\/2014\/06\/une2-315x205.png\" alt=\"{la Nuit} n\u00b02\" width=\"315\" height=\"205\" srcset=\"https:\/\/www.candice-nguyen.com\/fragments\/wp-content\/uploads\/2014\/06\/une2-315x205.png 315w, https:\/\/www.candice-nguyen.com\/fragments\/wp-content\/uploads\/2014\/06\/une2-140x91.png 140w, https:\/\/www.candice-nguyen.com\/fragments\/wp-content\/uploads\/2014\/06\/une2-630x410.png 630w, https:\/\/www.candice-nguyen.com\/fragments\/wp-content\/uploads\/2014\/06\/une2-700x455.png 700w, https:\/\/www.candice-nguyen.com\/fragments\/wp-content\/uploads\/2014\/06\/une2-332x216.png 332w, https:\/\/www.candice-nguyen.com\/fragments\/wp-content\/uploads\/2014\/06\/une2.png 1500w\" sizes=\"auto, (max-width: 315px) 100vw, 315px\" \/><img loading=\"lazy\" decoding=\"async\" class=\"alignnone size-medium wp-image-13016\" src=\"http:\/\/www.candice-nguyen.com\/wp-content\/uploads\/2014\/06\/une1-315x205.png\" alt=\"{la Nuit} n\u00b01\" width=\"315\" height=\"205\" srcset=\"https:\/\/www.candice-nguyen.com\/fragments\/wp-content\/uploads\/2014\/06\/une1-315x205.png 315w, https:\/\/www.candice-nguyen.com\/fragments\/wp-content\/uploads\/2014\/06\/une1-140x91.png 140w, https:\/\/www.candice-nguyen.com\/fragments\/wp-content\/uploads\/2014\/06\/une1-630x410.png 630w, https:\/\/www.candice-nguyen.com\/fragments\/wp-content\/uploads\/2014\/06\/une1-700x455.png 700w, https:\/\/www.candice-nguyen.com\/fragments\/wp-content\/uploads\/2014\/06\/une1-332x216.png 332w, https:\/\/www.candice-nguyen.com\/fragments\/wp-content\/uploads\/2014\/06\/une1.png 1500w\" sizes=\"auto, (max-width: 315px) 100vw, 315px\" \/><\/p>\n<p style=\"text-align: center;\">\n","protected":false},"excerpt":{"rendered":"<p>{la Nuit} l&#8217;hebdo digital qui manifeste l&#8217;envie que \u00e7a bouge, fait quotidiennement place d\u00e9sormais \u00e0 L&#8217;Autre Quotidien (Nuit &amp; Jour) sur lautrequotidien.fr . . . . . . . . 2014. {La Nuit} croit au d\u00e9sir, au style, \u00e0 la libert\u00e9. Elle parle en images et en musique. Circule sur internet. Laisse le journal au [&hellip;]<\/p>\n","protected":false},"author":3,"featured_media":19648,"parent":4490,"menu_order":0,"comment_status":"closed","ping_status":"closed","template":"template-full-width.php","meta":{"footnotes":""},"class_list":["post-13025","page","type-page","status-publish","has-post-thumbnail","hentry"],"aioseo_notices":[],"_links":{"self":[{"href":"https:\/\/www.candice-nguyen.com\/fragments\/wp-json\/wp\/v2\/pages\/13025","targetHints":{"allow":["GET"]}}],"collection":[{"href":"https:\/\/www.candice-nguyen.com\/fragments\/wp-json\/wp\/v2\/pages"}],"about":[{"href":"https:\/\/www.candice-nguyen.com\/fragments\/wp-json\/wp\/v2\/types\/page"}],"author":[{"embeddable":true,"href":"https:\/\/www.candice-nguyen.com\/fragments\/wp-json\/wp\/v2\/users\/3"}],"replies":[{"embeddable":true,"href":"https:\/\/www.candice-nguyen.com\/fragments\/wp-json\/wp\/v2\/comments?post=13025"}],"version-history":[{"count":32,"href":"https:\/\/www.candice-nguyen.com\/fragments\/wp-json\/wp\/v2\/pages\/13025\/revisions"}],"predecessor-version":[{"id":22580,"href":"https:\/\/www.candice-nguyen.com\/fragments\/wp-json\/wp\/v2\/pages\/13025\/revisions\/22580"}],"up":[{"embeddable":true,"href":"https:\/\/www.candice-nguyen.com\/fragments\/wp-json\/wp\/v2\/pages\/4490"}],"wp:featuredmedia":[{"embeddable":true,"href":"https:\/\/www.candice-nguyen.com\/fragments\/wp-json\/wp\/v2\/media\/19648"}],"wp:attachment":[{"href":"https:\/\/www.candice-nguyen.com\/fragments\/wp-json\/wp\/v2\/media?parent=13025"}],"curies":[{"name":"wp","href":"https:\/\/api.w.org\/{rel}","templated":true}]}}