{"id":132,"date":"2012-08-18T20:17:53","date_gmt":"2012-08-18T20:17:53","guid":{"rendered":"http:\/\/candicenguyen.wordpress.com\/?page_id=132"},"modified":"2023-02-22T10:00:21","modified_gmt":"2023-02-22T09:00:21","slug":"la-nourriture-des-meduses","status":"publish","type":"page","link":"https:\/\/www.candice-nguyen.com\/fragments\/chantiers\/meduses\/la-nourriture-des-meduses\/","title":{"rendered":"La nourriture des m\u00e9duses (1)"},"content":{"rendered":"<p><a href=\"https:\/\/www.candice-nguyen.com\/wp-content\/uploads\/2012\/08\/la-nourriture-des-m\u00e9duses-1024x685.jpg\" data-rel=\"lightbox-gallery-RESHggcO\" data-rl_title=\"\" data-rl_caption=\"\"><img decoding=\"async\" class=\"size-medium wp-image-124 aligncenter\" title=\"\" alt=\"la nourriture des m\u00e9duses (1)\" src=\"https:\/\/www.candice-nguyen.com\/wp-content\/uploads\/2012\/08\/la-nourriture-des-m\u00e9duses.jpg\" width=\"630\" \/><\/a><br \/>\n<div class=\"compact_audio_player_wrapper\"><div class=\"sc_player_container1\"><input type=\"button\" id=\"btnplay_6a087c83416e59.52305959\" class=\"myButton_play\" onClick=\"play_mp3('play','6a087c83416e59.52305959','https:\/\/www.candice-nguyen.com\/wp-content\/uploads\/2012\/08\/11-A-Candle-and-Hald-a-Pear.mp3','80','false');show_hide('play','6a087c83416e59.52305959');\" \/><input type=\"button\"  id=\"btnstop_6a087c83416e59.52305959\" style=\"display:none\" class=\"myButton_stop\" onClick=\"play_mp3('stop','6a087c83416e59.52305959','','80','false');show_hide('stop','6a087c83416e59.52305959');\" \/><div id=\"sm2-container\"><!-- flash movie ends up here --><\/div><\/div><\/div>        <script type=\"text\/javascript\" charset=\"utf-8\">\n        soundManager.setup({\n            url: \"https:\/\/www.candice-nguyen.com\/fragments\/wp-content\/plugins\/compact-wp-audio-player\/swf\/soundmanager2.swf\",\n            onready: function() {\n                var mySound = soundManager.createSound({\n                    id: \"btnplay_6a087c83416e59.52305959\",\n                    volume: \"80\",\n                    url: \"https:\/\/www.candice-nguyen.com\/wp-content\/uploads\/2012\/08\/11-A-Candle-and-Hald-a-Pear.mp3\"\n                });\n                var auto_loop = \"false\";\n                mySound.play({\n                    onfinish: function() {\n                        if (auto_loop == \"true\") {\n                            loopSound(\"btnplay_6a087c83416e59.52305959\");\n                        } else {\n                            document.getElementById(\"btnplay_6a087c83416e59.52305959\").style.display = \"inline\";\n                            document.getElementById(\"btnstop_6a087c83416e59.52305959\").style.display = \"none\";\n                        }\n                    }\n                });\n                document.getElementById(\"btnplay_6a087c83416e59.52305959\").style.display = \"none\";\n                document.getElementById(\"btnstop_6a087c83416e59.52305959\").style.display = \"inline\";\n            },\n            ontimeout: function() {\n                \/\/ SM2 could not start. Missing SWF? Flash blocked? Show an error.\n                alert(\"Error! Audio player failed to load.\");\n            }\n        });\n        <\/script>\n         <span style=\"font-size: 100%; font-family: Oswald; font-weight: 300;\">Max Richter &#8211; A candle and half a pear<\/span><br \/>\n&nbsp;<\/p>\n<p style=\"text-align: justify; font-size: 130%; line-height: 1.5em; font-family: Oswald; font-weight: 300; padding-left: 50px; padding-right: 50px;\">Ces mots prisonniers des rochers et l&#8217;eau qui bat entre, inlassablement.<br \/>\nC&#8217;est une lumi\u00e8re noire qui d\u00e9cline sur la peau de visages rougis par le froid et les sourires piqu\u00e9s par les sels sont laiss\u00e9s l\u00e0 en feu sur la route des mar\u00e9es. Ils flotteront\u00a0dans le bleu de l&#8217;obscurit\u00e9 toute la nuit et dispara\u00eetront d\u00e8s les premi\u00e8res agitations au matin. C&#8217;est la Baltique, un octobre, une nuit, c&#8217;est un silence lourd cass\u00e9 par le ronronnement des machines et le reflux des m\u00e9duses qui capturent en leur ombrelle toute la lumi\u00e8re des \u00e9toiles dont elles se repaissent avides, exclusives, affam\u00e9es, en ces heures creuses du monde. Elles ne partagent pas. Elles conservent jalousement le tr\u00e9sor pr\u00e9cieux et dans une lenteur agressive et gracieuse, elles attendent la mort pour rena\u00eetre. Les m\u00e9duses se reproduisent lors de leur mort. Coefficients, force des vents et l&#8217;\u00e9cume blanche qui d\u00e9gouline alors de nos corps mouill\u00e9s, souill\u00e9s, \u00e0 bout, c&#8217;est dans la vase maintenant que nos l\u00e8vres se d\u00e9battent et nos langues abandonn\u00e9es au vide et l&#8217;absence de sens fouillent et triturent la nourriture des m\u00e9duses en esp\u00e9rant y retrouver leur jeunesse et les balbutiements des premiers instants, des premiers jours &#8211; les premiers mots, inlassablement.<\/p>\n<p>&nbsp;<\/p>\n<p style=\"text-align: center; font-size: 130%; line-height: 1.5em; font-family: Oswald; font-weight: 300; padding-left: 50px; padding-right: 50px;\"><a href=\"\/fragments\/la-nourriture-des-meduses-video\" target=\"_blank\" rel=\"noopener\">voir la vid\u00e9o relative \u00e0 la nourriture des m\u00e9duses<\/a><\/p>\n<p>&nbsp;<\/p>\n<p style=\"text-align: right;\">\u2192 continuer vers : <a href=\"\/fragments\/chantiers\/meduses\/nous-ne-sommes-pas-des-meduses\/\"><br \/>\nNous ne sommes pas des m\u00e9duses<\/a><\/p>\n<p>&nbsp;<\/p>\n","protected":false},"excerpt":{"rendered":"<p>Max Richter &#8211; A candle and half a pear &nbsp; Ces mots prisonniers des rochers et l&#8217;eau qui bat entre, inlassablement. C&#8217;est une lumi\u00e8re noire qui d\u00e9cline sur la peau de visages rougis par le froid et les sourires piqu\u00e9s par les sels sont laiss\u00e9s l\u00e0 en feu sur la route des mar\u00e9es. Ils flotteront\u00a0dans [&hellip;]<\/p>\n","protected":false},"author":3,"featured_media":1776,"parent":36,"menu_order":1,"comment_status":"closed","ping_status":"closed","template":"","meta":{"footnotes":""},"class_list":["post-132","page","type-page","status-publish","has-post-thumbnail","hentry"],"aioseo_notices":[],"_links":{"self":[{"href":"https:\/\/www.candice-nguyen.com\/fragments\/wp-json\/wp\/v2\/pages\/132","targetHints":{"allow":["GET"]}}],"collection":[{"href":"https:\/\/www.candice-nguyen.com\/fragments\/wp-json\/wp\/v2\/pages"}],"about":[{"href":"https:\/\/www.candice-nguyen.com\/fragments\/wp-json\/wp\/v2\/types\/page"}],"author":[{"embeddable":true,"href":"https:\/\/www.candice-nguyen.com\/fragments\/wp-json\/wp\/v2\/users\/3"}],"replies":[{"embeddable":true,"href":"https:\/\/www.candice-nguyen.com\/fragments\/wp-json\/wp\/v2\/comments?post=132"}],"version-history":[{"count":22,"href":"https:\/\/www.candice-nguyen.com\/fragments\/wp-json\/wp\/v2\/pages\/132\/revisions"}],"predecessor-version":[{"id":23083,"href":"https:\/\/www.candice-nguyen.com\/fragments\/wp-json\/wp\/v2\/pages\/132\/revisions\/23083"}],"up":[{"embeddable":true,"href":"https:\/\/www.candice-nguyen.com\/fragments\/wp-json\/wp\/v2\/pages\/36"}],"wp:featuredmedia":[{"embeddable":true,"href":"https:\/\/www.candice-nguyen.com\/fragments\/wp-json\/wp\/v2\/media\/1776"}],"wp:attachment":[{"href":"https:\/\/www.candice-nguyen.com\/fragments\/wp-json\/wp\/v2\/media?parent=132"}],"curies":[{"name":"wp","href":"https:\/\/api.w.org\/{rel}","templated":true}]}}