{"id":13600,"date":"2015-02-01T19:30:54","date_gmt":"2015-02-01T18:30:54","guid":{"rendered":"http:\/\/www.candice-nguyen.com\/?page_id=13600"},"modified":"2023-02-22T13:16:30","modified_gmt":"2023-02-22T12:16:30","slug":"vik-i-myrdal","status":"publish","type":"page","link":"https:\/\/www.candice-nguyen.com\/fragments\/galeries\/for-now-i-am-winter\/vik-i-myrdal\/","title":{"rendered":"For now I am Winter: V\u00edk \u00ed M\u00fdrdal"},"content":{"rendered":"<blockquote>\n<p style=\"text-align: center;\"><strong>\u00ab la m\u00e9lancolie n&#8217;est que l&#8217;ombre d&#8217;un nuage. Cette m\u00e9lancolie n&#8217;est autre que la douce musique de l&#8217;\u00e9ph\u00e9m\u00e8re sans laquelle la beaut\u00e9 ne peut nous \u00e9mouvoir.<\/strong><br \/>\n<strong>Elle est sans souffrance. Je l&#8217;emporte avec moi tandis que, tout content, je poursuis ma marche en trottant sur le sentier de montagne, le lac lointain \u00e0 mes pieds, et longe un ruisseau avec un moulin \u00e0 la roue immobile entour\u00e9 de ch\u00e2taigniers, m&#8217;enfon\u00e7ant dans l&#8217;azur paisible du jour. \u00bb<\/strong><br \/>\n<span style=\"text-align: right; font-size: 90%; line-height: 1.5em; font-family: Oswald; font-weight: 400;\">Hermann Hesse, Description d&#8217;un paysage<\/span><\/p>\n<\/blockquote>\n<div class=\"compact_audio_player_wrapper\"><div class=\"sc_player_container1\"><input type=\"button\" id=\"btnplay_6a087c83271df5.33170914\" class=\"myButton_play\" onClick=\"play_mp3('play','6a087c83271df5.33170914','http:\/\/www.candice-nguyen.com\/wp-content\/uploads\/2015\/02\/02-Bye-Bye-Macadam.mp3','80','false');show_hide('play','6a087c83271df5.33170914');\" \/><input type=\"button\"  id=\"btnstop_6a087c83271df5.33170914\" style=\"display:none\" class=\"myButton_stop\" onClick=\"play_mp3('stop','6a087c83271df5.33170914','','80','false');show_hide('stop','6a087c83271df5.33170914');\" \/><div id=\"sm2-container\"><!-- flash movie ends up here --><\/div><\/div><\/div> <span style=\"font-size: 100%; font-family: Oswald; font-weight: 300;\">Rone &#8211; Bye Bye Macadam<\/span><br \/>\n<a href=\"http:\/\/www.candice-nguyen.com\/wp-content\/uploads\/2015\/02\/PA272146.jpg\" data-rel=\"lightbox-gallery-PdRiWRvj\" data-rl_title=\"\" data-rl_caption=\"\" title=\"\"><img loading=\"lazy\" decoding=\"async\" class=\"aligncenter size-full wp-image-13594\" src=\"http:\/\/www.candice-nguyen.com\/wp-content\/uploads\/2015\/02\/PA272146.jpg\" alt=\"V\u00edk \u00ed M\u00fdrdal, Islande 2013\" width=\"1280\" height=\"960\" srcset=\"https:\/\/www.candice-nguyen.com\/fragments\/wp-content\/uploads\/2015\/02\/PA272146.jpg 1280w, https:\/\/www.candice-nguyen.com\/fragments\/wp-content\/uploads\/2015\/02\/PA272146-140x105.jpg 140w, https:\/\/www.candice-nguyen.com\/fragments\/wp-content\/uploads\/2015\/02\/PA272146-315x236.jpg 315w, https:\/\/www.candice-nguyen.com\/fragments\/wp-content\/uploads\/2015\/02\/PA272146-630x472.jpg 630w, https:\/\/www.candice-nguyen.com\/fragments\/wp-content\/uploads\/2015\/02\/PA272146-700x525.jpg 700w, https:\/\/www.candice-nguyen.com\/fragments\/wp-content\/uploads\/2015\/02\/PA272146-332x249.jpg 332w\" sizes=\"auto, (max-width: 1280px) 100vw, 1280px\" \/><\/a><\/p>\n<p style=\"text-align: center; font-family: courier; font-size: 130%; line-height: 1.5em;\">&#8211; &#8211; &#8211; &#8211; &#8211; photographies du vingt-sept octobre deux mille treize \/\/\/ et un petit apart\u00e9 : hier soir, trente-et-un janvier deux mille quinze, cent dix d\u00e9cibels et ce morceau, les gens \u00e9taient heureux. sourires coll\u00e9s, bras flottant direction le ciel, regards cherchant dans celui de l&#8217;autre, son voisin, l&#8217;\u00e9cho ou la confirmation de ce bonheur en partage : la musique rend heureux. et des anges dot\u00e9s de ce talent pour la cr\u00e9er. nous avons donc dans\u00e9 dans\u00e9 dans\u00e9, masse informe et l\u00e9g\u00e8re. heureux. (bye bye macadam ou la m\u00e9lancolie en douceur et l\u00e9g\u00e8ret\u00e9) &#8211; &#8211; &#8211; &#8211; &#8211;<\/p>\n<p align=\"center\"><a title=\"\" href=\"http:\/\/www.candice-nguyen.com\/wp-content\/uploads\/2015\/02\/PA271951.jpg\" data-rel=\"lightbox-gallery-PdRiWRvj\" data-rl_title=\"\" data-rl_caption=\"\"><img decoding=\"async\" class=\"alignnone size-full wp-image-13584\" src=\"http:\/\/www.candice-nguyen.com\/wp-content\/uploads\/2015\/02\/PA271951.jpg\" alt=\"V\u00edk \u00ed M\u00fdrdal, Islande 2013\" width=\"630\" srcset=\"https:\/\/www.candice-nguyen.com\/fragments\/wp-content\/uploads\/2015\/02\/PA271951.jpg 900w, https:\/\/www.candice-nguyen.com\/fragments\/wp-content\/uploads\/2015\/02\/PA271951-140x140.jpg 140w, https:\/\/www.candice-nguyen.com\/fragments\/wp-content\/uploads\/2015\/02\/PA271951-315x315.jpg 315w, https:\/\/www.candice-nguyen.com\/fragments\/wp-content\/uploads\/2015\/02\/PA271951-630x630.jpg 630w, https:\/\/www.candice-nguyen.com\/fragments\/wp-content\/uploads\/2015\/02\/PA271951-700x700.jpg 700w, https:\/\/www.candice-nguyen.com\/fragments\/wp-content\/uploads\/2015\/02\/PA271951-332x332.jpg 332w, https:\/\/www.candice-nguyen.com\/fragments\/wp-content\/uploads\/2015\/02\/PA271951-432x432.jpg 432w, https:\/\/www.candice-nguyen.com\/fragments\/wp-content\/uploads\/2015\/02\/PA271951-268x268.jpg 268w\" sizes=\"(max-width: 900px) 100vw, 900px\" \/><\/a><br \/>\n<a title=\"\" href=\"http:\/\/www.candice-nguyen.com\/wp-content\/uploads\/2015\/02\/PA271954.jpg\" data-rel=\"lightbox-gallery-PdRiWRvj\" data-rl_title=\"\" data-rl_caption=\"\"><img decoding=\"async\" class=\"alignnone size-full wp-image-13586\" src=\"http:\/\/www.candice-nguyen.com\/wp-content\/uploads\/2015\/02\/PA271954.jpg\" alt=\"V\u00edk \u00ed M\u00fdrdal, Islande 2013\" width=\"630\" srcset=\"https:\/\/www.candice-nguyen.com\/fragments\/wp-content\/uploads\/2015\/02\/PA271954.jpg 900w, https:\/\/www.candice-nguyen.com\/fragments\/wp-content\/uploads\/2015\/02\/PA271954-140x140.jpg 140w, https:\/\/www.candice-nguyen.com\/fragments\/wp-content\/uploads\/2015\/02\/PA271954-315x315.jpg 315w, https:\/\/www.candice-nguyen.com\/fragments\/wp-content\/uploads\/2015\/02\/PA271954-630x630.jpg 630w, https:\/\/www.candice-nguyen.com\/fragments\/wp-content\/uploads\/2015\/02\/PA271954-700x700.jpg 700w, https:\/\/www.candice-nguyen.com\/fragments\/wp-content\/uploads\/2015\/02\/PA271954-332x332.jpg 332w, https:\/\/www.candice-nguyen.com\/fragments\/wp-content\/uploads\/2015\/02\/PA271954-432x432.jpg 432w, https:\/\/www.candice-nguyen.com\/fragments\/wp-content\/uploads\/2015\/02\/PA271954-268x268.jpg 268w\" sizes=\"(max-width: 900px) 100vw, 900px\" \/><\/a><br \/>\n<a title=\"\" href=\"http:\/\/www.candice-nguyen.com\/wp-content\/uploads\/2015\/02\/PA271953.jpg\" data-rel=\"lightbox-gallery-PdRiWRvj\" data-rl_title=\"\" data-rl_caption=\"\"><img decoding=\"async\" class=\"alignnone size-full wp-image-13585\" src=\"http:\/\/www.candice-nguyen.com\/wp-content\/uploads\/2015\/02\/PA271953.jpg\" alt=\"V\u00edk \u00ed M\u00fdrdal, Islande 2013\" width=\"630\" srcset=\"https:\/\/www.candice-nguyen.com\/fragments\/wp-content\/uploads\/2015\/02\/PA271953.jpg 900w, https:\/\/www.candice-nguyen.com\/fragments\/wp-content\/uploads\/2015\/02\/PA271953-140x140.jpg 140w, https:\/\/www.candice-nguyen.com\/fragments\/wp-content\/uploads\/2015\/02\/PA271953-315x315.jpg 315w, https:\/\/www.candice-nguyen.com\/fragments\/wp-content\/uploads\/2015\/02\/PA271953-630x630.jpg 630w, https:\/\/www.candice-nguyen.com\/fragments\/wp-content\/uploads\/2015\/02\/PA271953-700x700.jpg 700w, https:\/\/www.candice-nguyen.com\/fragments\/wp-content\/uploads\/2015\/02\/PA271953-332x332.jpg 332w, https:\/\/www.candice-nguyen.com\/fragments\/wp-content\/uploads\/2015\/02\/PA271953-432x432.jpg 432w, https:\/\/www.candice-nguyen.com\/fragments\/wp-content\/uploads\/2015\/02\/PA271953-268x268.jpg 268w\" sizes=\"(max-width: 900px) 100vw, 900px\" \/><\/a><br \/>\n<a title=\"\" href=\"http:\/\/www.candice-nguyen.com\/wp-content\/uploads\/2015\/02\/PA271955.jpg\" data-rel=\"lightbox-gallery-PdRiWRvj\" data-rl_title=\"\" data-rl_caption=\"\"><img decoding=\"async\" class=\"alignnone size-full wp-image-13587\" src=\"http:\/\/www.candice-nguyen.com\/wp-content\/uploads\/2015\/02\/PA271955.jpg\" alt=\"V\u00edk \u00ed M\u00fdrdal, Islande 2013\" width=\"630\" srcset=\"https:\/\/www.candice-nguyen.com\/fragments\/wp-content\/uploads\/2015\/02\/PA271955.jpg 900w, https:\/\/www.candice-nguyen.com\/fragments\/wp-content\/uploads\/2015\/02\/PA271955-140x140.jpg 140w, https:\/\/www.candice-nguyen.com\/fragments\/wp-content\/uploads\/2015\/02\/PA271955-315x315.jpg 315w, https:\/\/www.candice-nguyen.com\/fragments\/wp-content\/uploads\/2015\/02\/PA271955-630x630.jpg 630w, https:\/\/www.candice-nguyen.com\/fragments\/wp-content\/uploads\/2015\/02\/PA271955-700x700.jpg 700w, https:\/\/www.candice-nguyen.com\/fragments\/wp-content\/uploads\/2015\/02\/PA271955-332x332.jpg 332w, https:\/\/www.candice-nguyen.com\/fragments\/wp-content\/uploads\/2015\/02\/PA271955-432x432.jpg 432w, https:\/\/www.candice-nguyen.com\/fragments\/wp-content\/uploads\/2015\/02\/PA271955-268x268.jpg 268w\" sizes=\"(max-width: 900px) 100vw, 900px\" \/><\/a><br \/>\n<a title=\"\" href=\"http:\/\/www.candice-nguyen.com\/wp-content\/uploads\/2015\/02\/PA271956.jpg\" data-rel=\"lightbox-gallery-PdRiWRvj\" data-rl_title=\"\" data-rl_caption=\"\"><img decoding=\"async\" class=\"alignnone size-full wp-image-13588\" src=\"http:\/\/www.candice-nguyen.com\/wp-content\/uploads\/2015\/02\/PA271956.jpg\" alt=\"V\u00edk \u00ed M\u00fdrdal, Islande 2013\" width=\"630\" srcset=\"https:\/\/www.candice-nguyen.com\/fragments\/wp-content\/uploads\/2015\/02\/PA271956.jpg 900w, https:\/\/www.candice-nguyen.com\/fragments\/wp-content\/uploads\/2015\/02\/PA271956-140x140.jpg 140w, https:\/\/www.candice-nguyen.com\/fragments\/wp-content\/uploads\/2015\/02\/PA271956-315x315.jpg 315w, https:\/\/www.candice-nguyen.com\/fragments\/wp-content\/uploads\/2015\/02\/PA271956-630x630.jpg 630w, https:\/\/www.candice-nguyen.com\/fragments\/wp-content\/uploads\/2015\/02\/PA271956-700x700.jpg 700w, https:\/\/www.candice-nguyen.com\/fragments\/wp-content\/uploads\/2015\/02\/PA271956-332x332.jpg 332w, https:\/\/www.candice-nguyen.com\/fragments\/wp-content\/uploads\/2015\/02\/PA271956-432x432.jpg 432w, https:\/\/www.candice-nguyen.com\/fragments\/wp-content\/uploads\/2015\/02\/PA271956-268x268.jpg 268w\" sizes=\"(max-width: 900px) 100vw, 900px\" \/><\/a><br \/>\n<a title=\"\" href=\"http:\/\/www.candice-nguyen.com\/wp-content\/uploads\/2015\/02\/PA271962.jpg\" data-rel=\"lightbox-gallery-PdRiWRvj\" data-rl_title=\"\" data-rl_caption=\"\"><img decoding=\"async\" class=\"alignnone size-full wp-image-13589\" src=\"http:\/\/www.candice-nguyen.com\/wp-content\/uploads\/2015\/02\/PA271962.jpg\" alt=\"V\u00edk \u00ed M\u00fdrdal, Islande 2013\" width=\"630\" srcset=\"https:\/\/www.candice-nguyen.com\/fragments\/wp-content\/uploads\/2015\/02\/PA271962.jpg 900w, https:\/\/www.candice-nguyen.com\/fragments\/wp-content\/uploads\/2015\/02\/PA271962-140x140.jpg 140w, https:\/\/www.candice-nguyen.com\/fragments\/wp-content\/uploads\/2015\/02\/PA271962-315x315.jpg 315w, https:\/\/www.candice-nguyen.com\/fragments\/wp-content\/uploads\/2015\/02\/PA271962-630x630.jpg 630w, https:\/\/www.candice-nguyen.com\/fragments\/wp-content\/uploads\/2015\/02\/PA271962-700x700.jpg 700w, https:\/\/www.candice-nguyen.com\/fragments\/wp-content\/uploads\/2015\/02\/PA271962-332x332.jpg 332w, https:\/\/www.candice-nguyen.com\/fragments\/wp-content\/uploads\/2015\/02\/PA271962-432x432.jpg 432w, https:\/\/www.candice-nguyen.com\/fragments\/wp-content\/uploads\/2015\/02\/PA271962-268x268.jpg 268w\" sizes=\"(max-width: 900px) 100vw, 900px\" \/><\/a><br \/>\n<a title=\"\" href=\"http:\/\/www.candice-nguyen.com\/wp-content\/uploads\/2015\/02\/PA271966.jpg\" data-rel=\"lightbox-gallery-PdRiWRvj\" data-rl_title=\"\" data-rl_caption=\"\"><img decoding=\"async\" class=\"alignnone size-full wp-image-13590\" src=\"http:\/\/www.candice-nguyen.com\/wp-content\/uploads\/2015\/02\/PA271966.jpg\" alt=\"V\u00edk \u00ed M\u00fdrdal, Islande 2013\" width=\"630\" srcset=\"https:\/\/www.candice-nguyen.com\/fragments\/wp-content\/uploads\/2015\/02\/PA271966.jpg 900w, https:\/\/www.candice-nguyen.com\/fragments\/wp-content\/uploads\/2015\/02\/PA271966-140x140.jpg 140w, https:\/\/www.candice-nguyen.com\/fragments\/wp-content\/uploads\/2015\/02\/PA271966-315x315.jpg 315w, https:\/\/www.candice-nguyen.com\/fragments\/wp-content\/uploads\/2015\/02\/PA271966-630x630.jpg 630w, https:\/\/www.candice-nguyen.com\/fragments\/wp-content\/uploads\/2015\/02\/PA271966-700x700.jpg 700w, https:\/\/www.candice-nguyen.com\/fragments\/wp-content\/uploads\/2015\/02\/PA271966-332x332.jpg 332w, https:\/\/www.candice-nguyen.com\/fragments\/wp-content\/uploads\/2015\/02\/PA271966-432x432.jpg 432w, https:\/\/www.candice-nguyen.com\/fragments\/wp-content\/uploads\/2015\/02\/PA271966-268x268.jpg 268w\" sizes=\"(max-width: 900px) 100vw, 900px\" \/><\/a><br \/>\n<a title=\"\" href=\"http:\/\/www.candice-nguyen.com\/wp-content\/uploads\/2015\/02\/PA271971.jpg\" data-rel=\"lightbox-gallery-PdRiWRvj\" data-rl_title=\"\" data-rl_caption=\"\"><img decoding=\"async\" class=\"alignnone size-full wp-image-13591\" src=\"http:\/\/www.candice-nguyen.com\/wp-content\/uploads\/2015\/02\/PA271971.jpg\" alt=\"V\u00edk \u00ed M\u00fdrdal, Islande 2013\" width=\"630\" srcset=\"https:\/\/www.candice-nguyen.com\/fragments\/wp-content\/uploads\/2015\/02\/PA271971.jpg 900w, https:\/\/www.candice-nguyen.com\/fragments\/wp-content\/uploads\/2015\/02\/PA271971-140x140.jpg 140w, https:\/\/www.candice-nguyen.com\/fragments\/wp-content\/uploads\/2015\/02\/PA271971-315x315.jpg 315w, https:\/\/www.candice-nguyen.com\/fragments\/wp-content\/uploads\/2015\/02\/PA271971-630x630.jpg 630w, https:\/\/www.candice-nguyen.com\/fragments\/wp-content\/uploads\/2015\/02\/PA271971-700x700.jpg 700w, https:\/\/www.candice-nguyen.com\/fragments\/wp-content\/uploads\/2015\/02\/PA271971-332x332.jpg 332w, https:\/\/www.candice-nguyen.com\/fragments\/wp-content\/uploads\/2015\/02\/PA271971-432x432.jpg 432w, https:\/\/www.candice-nguyen.com\/fragments\/wp-content\/uploads\/2015\/02\/PA271971-268x268.jpg 268w\" sizes=\"(max-width: 900px) 100vw, 900px\" \/><\/a><br \/>\n<a title=\"\" href=\"http:\/\/www.candice-nguyen.com\/wp-content\/uploads\/2015\/02\/PA272137.jpg\" data-rel=\"lightbox-gallery-PdRiWRvj\" data-rl_title=\"\" data-rl_caption=\"\"><img decoding=\"async\" class=\"alignnone size-full wp-image-13574\" src=\"http:\/\/www.candice-nguyen.com\/wp-content\/uploads\/2015\/02\/PA272137.jpg\" alt=\"V\u00edk \u00ed M\u00fdrdal, Islande 2013\" width=\"630\" srcset=\"https:\/\/www.candice-nguyen.com\/fragments\/wp-content\/uploads\/2015\/02\/PA272137.jpg 900w, https:\/\/www.candice-nguyen.com\/fragments\/wp-content\/uploads\/2015\/02\/PA272137-140x140.jpg 140w, https:\/\/www.candice-nguyen.com\/fragments\/wp-content\/uploads\/2015\/02\/PA272137-315x315.jpg 315w, https:\/\/www.candice-nguyen.com\/fragments\/wp-content\/uploads\/2015\/02\/PA272137-630x630.jpg 630w, https:\/\/www.candice-nguyen.com\/fragments\/wp-content\/uploads\/2015\/02\/PA272137-700x700.jpg 700w, https:\/\/www.candice-nguyen.com\/fragments\/wp-content\/uploads\/2015\/02\/PA272137-332x332.jpg 332w, https:\/\/www.candice-nguyen.com\/fragments\/wp-content\/uploads\/2015\/02\/PA272137-432x432.jpg 432w, https:\/\/www.candice-nguyen.com\/fragments\/wp-content\/uploads\/2015\/02\/PA272137-268x268.jpg 268w\" sizes=\"(max-width: 900px) 100vw, 900px\" \/><\/a><br \/>\n<a title=\"\" href=\"http:\/\/www.candice-nguyen.com\/wp-content\/uploads\/2015\/02\/PA272143.jpg\" data-rel=\"lightbox-gallery-PdRiWRvj\" data-rl_title=\"\" data-rl_caption=\"\"><img decoding=\"async\" class=\"alignnone size-full wp-image-13580\" src=\"http:\/\/www.candice-nguyen.com\/wp-content\/uploads\/2015\/02\/PA272143.jpg\" alt=\"V\u00edk \u00ed M\u00fdrdal, Islande 2013\" width=\"630\" srcset=\"https:\/\/www.candice-nguyen.com\/fragments\/wp-content\/uploads\/2015\/02\/PA272143.jpg 900w, https:\/\/www.candice-nguyen.com\/fragments\/wp-content\/uploads\/2015\/02\/PA272143-140x140.jpg 140w, https:\/\/www.candice-nguyen.com\/fragments\/wp-content\/uploads\/2015\/02\/PA272143-315x315.jpg 315w, https:\/\/www.candice-nguyen.com\/fragments\/wp-content\/uploads\/2015\/02\/PA272143-630x630.jpg 630w, https:\/\/www.candice-nguyen.com\/fragments\/wp-content\/uploads\/2015\/02\/PA272143-700x700.jpg 700w, https:\/\/www.candice-nguyen.com\/fragments\/wp-content\/uploads\/2015\/02\/PA272143-332x332.jpg 332w, https:\/\/www.candice-nguyen.com\/fragments\/wp-content\/uploads\/2015\/02\/PA272143-432x432.jpg 432w, https:\/\/www.candice-nguyen.com\/fragments\/wp-content\/uploads\/2015\/02\/PA272143-268x268.jpg 268w\" sizes=\"(max-width: 900px) 100vw, 900px\" \/><\/a><\/p>\n<p>&nbsp;<\/p>\n<p style=\"text-align: center; font-size: 110%; line-height: 1.5em; font-family: Oswald; font-weight: 300;\">Vous \u00eates actuellement ici : <a href=\"https:\/\/www.candice-nguyen.com\/fragments\/galeries\/\">GALERIES<\/a> &gt; <a href=\"https:\/\/www.candice-nguyen.com\/fragments\/galeries\/for-now-i-am-winter\/\">For now I am winter<\/a> &gt; V\u00edk \u00ed M\u00fdrdal<br \/>\n\u2192 continuer vers : <a href=\"https:\/\/www.candice-nguyen.com\/fragments\/galeries\/for-now-i-am-winter\/gardar-2\/\">Gar\u00f0ar II<\/a><\/p>\n","protected":false},"excerpt":{"rendered":"<p>\u00ab la m\u00e9lancolie n&#8217;est que l&#8217;ombre d&#8217;un nuage. Cette m\u00e9lancolie n&#8217;est autre que la douce musique de l&#8217;\u00e9ph\u00e9m\u00e8re sans laquelle la beaut\u00e9 ne peut nous \u00e9mouvoir. Elle est sans souffrance. Je l&#8217;emporte avec moi tandis que, tout content, je poursuis ma marche en trottant sur le sentier de montagne, le lac lointain \u00e0 mes pieds, [&hellip;]<\/p>\n","protected":false},"author":3,"featured_media":13594,"parent":9456,"menu_order":0,"comment_status":"closed","ping_status":"closed","template":"","meta":{"footnotes":""},"class_list":["post-13600","page","type-page","status-publish","has-post-thumbnail","hentry"],"aioseo_notices":[],"_links":{"self":[{"href":"https:\/\/www.candice-nguyen.com\/fragments\/wp-json\/wp\/v2\/pages\/13600","targetHints":{"allow":["GET"]}}],"collection":[{"href":"https:\/\/www.candice-nguyen.com\/fragments\/wp-json\/wp\/v2\/pages"}],"about":[{"href":"https:\/\/www.candice-nguyen.com\/fragments\/wp-json\/wp\/v2\/types\/page"}],"author":[{"embeddable":true,"href":"https:\/\/www.candice-nguyen.com\/fragments\/wp-json\/wp\/v2\/users\/3"}],"replies":[{"embeddable":true,"href":"https:\/\/www.candice-nguyen.com\/fragments\/wp-json\/wp\/v2\/comments?post=13600"}],"version-history":[{"count":74,"href":"https:\/\/www.candice-nguyen.com\/fragments\/wp-json\/wp\/v2\/pages\/13600\/revisions"}],"predecessor-version":[{"id":23127,"href":"https:\/\/www.candice-nguyen.com\/fragments\/wp-json\/wp\/v2\/pages\/13600\/revisions\/23127"}],"up":[{"embeddable":true,"href":"https:\/\/www.candice-nguyen.com\/fragments\/wp-json\/wp\/v2\/pages\/9456"}],"wp:featuredmedia":[{"embeddable":true,"href":"https:\/\/www.candice-nguyen.com\/fragments\/wp-json\/wp\/v2\/media\/13594"}],"wp:attachment":[{"href":"https:\/\/www.candice-nguyen.com\/fragments\/wp-json\/wp\/v2\/media?parent=13600"}],"curies":[{"name":"wp","href":"https:\/\/api.w.org\/{rel}","templated":true}]}}