{"id":14456,"date":"2015-03-20T21:43:59","date_gmt":"2015-03-20T20:43:59","guid":{"rendered":"http:\/\/www.candice-nguyen.com\/?page_id=14456"},"modified":"2023-02-22T13:18:56","modified_gmt":"2023-02-22T12:18:56","slug":"reykjavik","status":"publish","type":"page","link":"https:\/\/www.candice-nguyen.com\/fragments\/galeries\/for-now-i-am-winter\/reykjavik\/","title":{"rendered":"For now I am winter: Reykjavik"},"content":{"rendered":"<blockquote>\n<p style=\"text-align: center; font-size: 100%; line-height: 1.8;\"><strong>\u00ab Il y a un ciel charg\u00e9, un tas de feuilles. Un bruit sourd dans la montagne. Quelque chose comme un regard qui traverse le paysage et l&#8217;abandonne. On est au centre d&#8217;une pupille obscure. Dans les syllabes prononc\u00e9es par une bouche qu&#8217;on ne voit pas. On se retourne. Le jour ressemble \u00e0 un visage. \u00bb<\/strong><br \/>\n<span style=\"font-family: Oswald; font-weight: 500; font-size: 80%;\">Jacques Ancet, Portrait d&#8217;une ombre<\/span><\/p>\n<\/blockquote>\n<p style=\"text-align: center;\"><div class=\"compact_audio_player_wrapper\"><div class=\"sc_player_container1\"><input type=\"button\" id=\"btnplay_69eaf4af625fa9.86811086\" class=\"myButton_play\" onClick=\"play_mp3('play','69eaf4af625fa9.86811086','http:\/\/www.candice-nguyen.com\/wp-content\/uploads\/2015\/03\/\u00d3lafur-Arnalds-Alice-Sara-Ott-Verses.mp3','80','false');show_hide('play','69eaf4af625fa9.86811086');\" \/><input type=\"button\"  id=\"btnstop_69eaf4af625fa9.86811086\" style=\"display:none\" class=\"myButton_stop\" onClick=\"play_mp3('stop','69eaf4af625fa9.86811086','','80','false');show_hide('stop','69eaf4af625fa9.86811086');\" \/><div id=\"sm2-container\"><!-- flash movie ends up here --><\/div><\/div><\/div>\n<span style=\"font-size: 100%; font-family: Oswald; font-weight: 300;\">\u00d3lafur Arnalds \u2013 Verses (feat. Alice Sarah Ott)<\/span><\/p>\n<p><a title=\"\" href=\"http:\/\/www.candice-nguyen.com\/wp-content\/uploads\/2015\/03\/PA180036.jpg\" data-rel=\"lightbox-gallery-dzyvKscB\" data-rl_title=\"\" data-rl_caption=\"\"><img loading=\"lazy\" decoding=\"async\" src=\"http:\/\/www.candice-nguyen.com\/wp-content\/uploads\/2015\/03\/PA180036.jpg\" alt=\"Reyjkavik 2013 \u00a9 candice nguyen\" width=\"1400\" height=\"788\" \/><\/a><\/p>\n<p><a title=\"\" href=\"http:\/\/www.candice-nguyen.com\/wp-content\/uploads\/2015\/03\/PA180032.jpg\" data-rel=\"lightbox-gallery-dzyvKscB\" data-rl_title=\"\" data-rl_caption=\"\"><img loading=\"lazy\" decoding=\"async\" src=\"http:\/\/www.candice-nguyen.com\/wp-content\/uploads\/2015\/03\/PA180032.jpg\" alt=\"Reykjavik 2013 \u00a9 candice nguyen\" width=\"1400\" height=\"788\" \/><\/a><\/p>\n<p><a title=\"\" href=\"http:\/\/www.candice-nguyen.com\/wp-content\/uploads\/2015\/03\/PA180042.jpg\" data-rel=\"lightbox-gallery-dzyvKscB\" data-rl_title=\"\" data-rl_caption=\"\"><img loading=\"lazy\" decoding=\"async\" src=\"http:\/\/www.candice-nguyen.com\/wp-content\/uploads\/2015\/03\/PA180042.jpg\" alt=\"Reyjkavik 2013 \u00a9 candice nguyen\" width=\"1400\" height=\"788\" \/><\/a><\/p>\n<p><a title=\"\" href=\"http:\/\/www.candice-nguyen.com\/wp-content\/uploads\/2015\/03\/PA180044.jpg\" data-rel=\"lightbox-gallery-dzyvKscB\" data-rl_title=\"\" data-rl_caption=\"\"><img loading=\"lazy\" decoding=\"async\" src=\"http:\/\/www.candice-nguyen.com\/wp-content\/uploads\/2015\/03\/PA180044.jpg\" alt=\"Reyjkavik 2013 \u00a9 candice nguyen\" width=\"1400\" height=\"788\" \/><\/a><\/p>\n<table border=\"0\" width=\"700\">\n<tbody>\n<tr>\n<td style=\"padding-left: 10px;\" width=\"350\">\u00ab On l&#8217;entend. Comme une goutte sonore quelque part entre la bouche et l\u2019\u0153il. Une sorte d&#8217;\u00e9clat sur la soie du tympan, dans le noir de la pupille. La braise d&#8217;un rire, peut-\u00eatre, l\u00e0 au fond du silence. On \u00e9coute, on guette. Les jours pleuvent, mais lui ne change pas. Qu&#8217;il s&#8217;en aille ou qu&#8217;il vienne, il est l\u00e0. Comment le voir s&#8217;il n&#8217;a pas d&#8217;ombre et l&#8217;appeler s&#8217;il n&#8217;a pas de nom ? On s&#8217;arr\u00eate. On ne bouge plus. C&#8217;est moi, dit-il.<\/td>\n<td width=\"45\"><\/td>\n<td style=\"padding-right: 10px;\" width=\"350\">Qui moi ? Pas de r\u00e9ponse. On regarde autour. Qui moi ? Bruissement, froissement. On r\u00e9p\u00e8te : qui ? Bruit de pas, comme de quelqu&#8217;un qui s&#8217;approche. Murmure. On fait : quoi ? Une voix se cherche. On entend : moi, mais \u00e7a pourrait \u00eatre : toi. On dit : hein ? On dit : r\u00e9p\u00e8te. C&#8217;est croix \u00e0 pr\u00e9sent qu&#8217;on comprend \u2013 ou roi. On ouvre une porte sur un couloir. Au bout, une forme dispara\u00eet. On voudrait courir. On n&#8217;a plus de jambes. \u00bb<\/td>\n<\/tr>\n<\/tbody>\n<\/table>\n<p><a title=\"\" href=\"http:\/\/www.candice-nguyen.com\/wp-content\/uploads\/2015\/03\/PA190111-001.jpg\" data-rel=\"lightbox-gallery-dzyvKscB\" data-rl_title=\"\" data-rl_caption=\"\"><img loading=\"lazy\" decoding=\"async\" src=\"http:\/\/www.candice-nguyen.com\/wp-content\/uploads\/2015\/03\/PA190111-001.jpg\" alt=\"Reyjkavik 2013 \u00a9 candice nguyen\" width=\"1400\" height=\"788\" \/><\/a><\/p>\n<table border=\"0\" width=\"700\">\n<tbody>\n<tr>\n<td style=\"padding-left: 10px;\" width=\"350\">\u00ab On dit quelqu&#8217;un. On pourrait dire quelque chose. Ou rien \u2013 personne. M\u00eame si c&#8217;est l\u00e0, quand m\u00eame. \u00c7a guette ou \u00e7a attend ou \u00e7a p\u00e8se, simplement. On dit c&#8217;est lui, pour lui donner un nom. Chuchotement. On se retourne. On ne voit, bien s\u00fbr, que les feuilles qui bougent. Ou une aile trop br\u00e8ve pour savoir. On appelle, mais qui pourrait r\u00e9pondre. Le jour vacille. Moineaux et m\u00e9sanges griffent le ciel. Le tronc fouille la terre humide. On reste sans rien voir. Une lueur se l\u00e8ve o\u00f9 passe une ombre. On voudrait la saisir, mais on a trop de temps sur les mains.<\/td>\n<td width=\"45\"><\/td>\n<td style=\"padding-right: 10px;\" width=\"350\">Le ronflement soudain d&#8217;un vent venu de nulle part, le regard qui brusquement confond l&#8217;ordre du paysage et le d\u00e9sordre des choses, est-ce lui ? Lui, le voile de la pluie, les deux merles qui sautent dans les feuilles, la joie et le d\u00e9sespoir, le temps compt\u00e9 ? Lui, le rouge-gorge entrevu et ce qui vibre entre une et deux comme la branche qu&#8217;il vient de quitter ? Lui enfin dans tout ce qui vient \u00e0 la parole et l&#8217;abandonne, non ce que disent les mots \u2013 b\u00eaches, coussin, visage, colline \u2013 mais ce qu&#8217;ils ne disent pas, ti\u00e9deur, n\u0153ud de cendre, la forme de l&#8217;air ? \u00bb<br \/>\n<span style=\"font-weight: 500; font-size: 80%;\">Jacques Ancet, Portrait d&#8217;une ombre<\/span><\/td>\n<\/tr>\n<\/tbody>\n<\/table>\n<p>&nbsp;<\/p>\n<p style=\"text-align: center;\">Vous \u00eates actuellement ici : <a href=\"https:\/\/www.candice-nguyen.com\/fragments\/galeries\/\">GALERIES<\/a> &gt; <a href=\"https:\/\/www.candice-nguyen.com\/fragments\/galeries\/for-now-i-am-winter\/\">For now I am winter<\/a> &gt; Reykjavik<br \/>\n\u2192 Revenir au d\u00e9but <a href=\"https:\/\/www.candice-nguyen.com\/fragments\/galeries\/for-now-i-am-winter\/\">For now I am winter<\/a><\/p>\n","protected":false},"excerpt":{"rendered":"<p>\u00ab Il y a un ciel charg\u00e9, un tas de feuilles. Un bruit sourd dans la montagne. Quelque chose comme un regard qui traverse le paysage et l&#8217;abandonne. On est au centre d&#8217;une pupille obscure. Dans les syllabes prononc\u00e9es par une bouche qu&#8217;on ne voit pas. On se retourne. Le jour ressemble \u00e0 un visage. [&hellip;]<\/p>\n","protected":false},"author":3,"featured_media":14509,"parent":9456,"menu_order":0,"comment_status":"closed","ping_status":"closed","template":"","meta":{"footnotes":""},"class_list":["post-14456","page","type-page","status-publish","has-post-thumbnail","hentry"],"aioseo_notices":[],"_links":{"self":[{"href":"https:\/\/www.candice-nguyen.com\/fragments\/wp-json\/wp\/v2\/pages\/14456","targetHints":{"allow":["GET"]}}],"collection":[{"href":"https:\/\/www.candice-nguyen.com\/fragments\/wp-json\/wp\/v2\/pages"}],"about":[{"href":"https:\/\/www.candice-nguyen.com\/fragments\/wp-json\/wp\/v2\/types\/page"}],"author":[{"embeddable":true,"href":"https:\/\/www.candice-nguyen.com\/fragments\/wp-json\/wp\/v2\/users\/3"}],"replies":[{"embeddable":true,"href":"https:\/\/www.candice-nguyen.com\/fragments\/wp-json\/wp\/v2\/comments?post=14456"}],"version-history":[{"count":40,"href":"https:\/\/www.candice-nguyen.com\/fragments\/wp-json\/wp\/v2\/pages\/14456\/revisions"}],"predecessor-version":[{"id":23129,"href":"https:\/\/www.candice-nguyen.com\/fragments\/wp-json\/wp\/v2\/pages\/14456\/revisions\/23129"}],"up":[{"embeddable":true,"href":"https:\/\/www.candice-nguyen.com\/fragments\/wp-json\/wp\/v2\/pages\/9456"}],"wp:featuredmedia":[{"embeddable":true,"href":"https:\/\/www.candice-nguyen.com\/fragments\/wp-json\/wp\/v2\/media\/14509"}],"wp:attachment":[{"href":"https:\/\/www.candice-nguyen.com\/fragments\/wp-json\/wp\/v2\/media?parent=14456"}],"curies":[{"name":"wp","href":"https:\/\/api.w.org\/{rel}","templated":true}]}}