{"id":145,"date":"2012-08-18T20:21:11","date_gmt":"2012-08-18T20:21:11","guid":{"rendered":"http:\/\/candicenguyen.wordpress.com\/?page_id=145"},"modified":"2023-02-22T09:59:44","modified_gmt":"2023-02-22T08:59:44","slug":"nous-ne-sommes-pas-des-meduses","status":"publish","type":"page","link":"https:\/\/www.candice-nguyen.com\/fragments\/chantiers\/meduses\/nous-ne-sommes-pas-des-meduses\/","title":{"rendered":"Nous ne sommes pas des m\u00e9duses (2)"},"content":{"rendered":"<p><a href=\"https:\/\/www.candice-nguyen.com\/wp-content\/uploads\/2012\/08\/nous-ne-sommes-pas-des-meduses-1024x685.jpg\" data-rel=\"lightbox-gallery-ZQsuEaEI\" data-rl_title=\"\" data-rl_caption=\"\"><img decoding=\"async\" class=\"size-medium wp-image-172 aligncenter\" title=\"\" alt=\"nous ne sommes pas des m\u00e9duses (2)\" src=\"https:\/\/www.candice-nguyen.com\/wp-content\/uploads\/2012\/08\/nous-ne-sommes-pas-des-meduses.jpg\" width=\"630\" \/><\/a><br \/>\n<div class=\"compact_audio_player_wrapper\"><div class=\"sc_player_container1\"><input type=\"button\" id=\"btnplay_69fa577de06534.41962857\" class=\"myButton_play\" onClick=\"play_mp3('play','69fa577de06534.41962857','https:\/\/www.candice-nguyen.com\/wp-content\/uploads\/2013\/01\/TheYoungMariner.mp3','80','false');show_hide('play','69fa577de06534.41962857');\" \/><input type=\"button\"  id=\"btnstop_69fa577de06534.41962857\" style=\"display:none\" class=\"myButton_stop\" onClick=\"play_mp3('stop','69fa577de06534.41962857','','80','false');show_hide('stop','69fa577de06534.41962857');\" \/><div id=\"sm2-container\"><!-- flash movie ends up here --><\/div><\/div><\/div>        <script type=\"text\/javascript\" charset=\"utf-8\">\n        soundManager.setup({\n            url: \"https:\/\/www.candice-nguyen.com\/fragments\/wp-content\/plugins\/compact-wp-audio-player\/swf\/soundmanager2.swf\",\n            onready: function() {\n                var mySound = soundManager.createSound({\n                    id: \"btnplay_69fa577de06534.41962857\",\n                    volume: \"80\",\n                    url: \"https:\/\/www.candice-nguyen.com\/wp-content\/uploads\/2013\/01\/TheYoungMariner.mp3\"\n                });\n                var auto_loop = \"false\";\n                mySound.play({\n                    onfinish: function() {\n                        if (auto_loop == \"true\") {\n                            loopSound(\"btnplay_69fa577de06534.41962857\");\n                        } else {\n                            document.getElementById(\"btnplay_69fa577de06534.41962857\").style.display = \"inline\";\n                            document.getElementById(\"btnstop_69fa577de06534.41962857\").style.display = \"none\";\n                        }\n                    }\n                });\n                document.getElementById(\"btnplay_69fa577de06534.41962857\").style.display = \"none\";\n                document.getElementById(\"btnstop_69fa577de06534.41962857\").style.display = \"inline\";\n            },\n            ontimeout: function() {\n                \/\/ SM2 could not start. Missing SWF? Flash blocked? Show an error.\n                alert(\"Error! Audio player failed to load.\");\n            }\n        });\n        <\/script>\n         <span style=\"font-size: 100%; font-family: Oswald; font-weight: 300;\">Max Richter &#8211; The young mariner<\/span><br \/>\n&nbsp;<\/p>\n<p style=\"text-align: justify; font-size: 130%; line-height: 1.5em; font-family: Oswald; font-weight: 300; padding-left: 80px; padding-right: 80px;\">Prom\u00e9th\u00e9e sous-marin la valse lente de nos machines de m\u00e9tal continue de les titiller, de les exciter, de les attiser \u2013 stupides seraient-elles au point de nous livrer leur tr\u00e9sor. Pourquoi ne pas les laisser, pourquoi ramener dans ces eaux ce qu&#8217;il y a de terre, pourquoi s&#8217;\u00e9puiser \u00e0 vouloir nous rendre quelconque humanit\u00e9. De quelles gr\u00e2ces jouissons-nous ? Ce savoir qu&#8217;on a perdu, cette obstination dans la destruction, ces enfants \u00e0 qui on livre terre de mis\u00e8res et tous ces mots qu&#8217;on n&#8217;a jamais sus et qu&#8217;on ne reconna\u00eetrait jamais \u2013 une mauvaise t\u00e2che dans la nuit, dans cette nuit qui nous montre la perfection du monde.<\/p>\n<p style=\"text-align: justify; font-size: 130%; line-height: 1.5em; font-family: Oswald; font-weight: 300; padding-left: 80px; padding-right: 80px;\">C&#8217;est dans la d\u00e9chirure de leur corps par la lumi\u00e8re et parce que le vent les traverse, les soul\u00e8ve et les viole que la nuit devient irr\u00e9prochable. Irr\u00e9prochable. La nuit le jour le matin et tout ce qu&#8217;on \u00e9rige en beaut\u00e9 qui est moins que cette d\u00e9chirure, moins que le vent, moins que ce viol et moins que cette lumi\u00e8re qui ne peut prendre naissance que dans ces eaux : la Baltique, ses \u00e9toiles, leurs ombrelles. Et nous : cette mauvaise t\u00e2che dans la perfection.<\/p>\n<p style=\"text-align: justify; font-size: 130%; line-height: 1.5em; font-family: Oswald; font-weight: 300; padding-left: 80px; padding-right: 80px;\">R\u00eave en ce matin alors de notre abandon, de notre retour sur la terre ferme, qu&#8217;on aille donc poursuivre nos accumulations de d\u00e9chets et amoncellements de cadavres ailleurs. R\u00eave en ce matin alors des jours qu&#8217;on \u00e9craserait sur nos peaux transparentes, et faire et refaire le m\u00eame r\u00eave en tous points similaire pour que jamais il ne meure. Non nous ne saurions jouir nous aussi de ce tr\u00e9sor ni de cette calcination qui vient de l&#8217;int\u00e9rieur : nous ne sommes pas des m\u00e9duses.<\/p>\n<p>&nbsp;<\/p>\n<figure style=\"width: 155px\" class=\"wp-caption aligncenter\"><a href=\"\/fragments\/chantiers\/meduses\/nous-ne-sommes-pas-des-meduses\/galerie\/\" target=\"_blank\" rel=\"noopener\"><img loading=\"lazy\" decoding=\"async\" title=\"Voir la galerie\" alt=\"Galerie \u2022 Vers la nuit \" src=\"https:\/\/www.candice-nguyen.com\/wp-content\/uploads\/2012\/08\/%C2%A9-candice-nguyen1.jpg\" width=\"155\" height=\"104\" \/><\/a><figcaption class=\"wp-caption-text\">Galerie \u2022 Vers la nuit<\/figcaption><\/figure>\n<p style=\"text-align: center;\"><a href=\"\/fragments\/chantiers\/meduses\/la-nourriture-des-meduses\/\">\u2190 revenir<\/a> \u2022 <a href=\"\/fragments\/chantiers\/meduses\/des-meduses-au-coin-des-yeux\/\">continuer \u2192<\/a><\/p>\n","protected":false},"excerpt":{"rendered":"<p>Max Richter &#8211; The young mariner &nbsp; Prom\u00e9th\u00e9e sous-marin la valse lente de nos machines de m\u00e9tal continue de les titiller, de les exciter, de les attiser \u2013 stupides seraient-elles au point de nous livrer leur tr\u00e9sor. Pourquoi ne pas les laisser, pourquoi ramener dans ces eaux ce qu&#8217;il y a de terre, pourquoi s&#8217;\u00e9puiser [&hellip;]<\/p>\n","protected":false},"author":3,"featured_media":1777,"parent":36,"menu_order":2,"comment_status":"closed","ping_status":"closed","template":"","meta":{"footnotes":""},"class_list":["post-145","page","type-page","status-publish","has-post-thumbnail","hentry"],"aioseo_notices":[],"_links":{"self":[{"href":"https:\/\/www.candice-nguyen.com\/fragments\/wp-json\/wp\/v2\/pages\/145","targetHints":{"allow":["GET"]}}],"collection":[{"href":"https:\/\/www.candice-nguyen.com\/fragments\/wp-json\/wp\/v2\/pages"}],"about":[{"href":"https:\/\/www.candice-nguyen.com\/fragments\/wp-json\/wp\/v2\/types\/page"}],"author":[{"embeddable":true,"href":"https:\/\/www.candice-nguyen.com\/fragments\/wp-json\/wp\/v2\/users\/3"}],"replies":[{"embeddable":true,"href":"https:\/\/www.candice-nguyen.com\/fragments\/wp-json\/wp\/v2\/comments?post=145"}],"version-history":[{"count":20,"href":"https:\/\/www.candice-nguyen.com\/fragments\/wp-json\/wp\/v2\/pages\/145\/revisions"}],"predecessor-version":[{"id":23082,"href":"https:\/\/www.candice-nguyen.com\/fragments\/wp-json\/wp\/v2\/pages\/145\/revisions\/23082"}],"up":[{"embeddable":true,"href":"https:\/\/www.candice-nguyen.com\/fragments\/wp-json\/wp\/v2\/pages\/36"}],"wp:featuredmedia":[{"embeddable":true,"href":"https:\/\/www.candice-nguyen.com\/fragments\/wp-json\/wp\/v2\/media\/1777"}],"wp:attachment":[{"href":"https:\/\/www.candice-nguyen.com\/fragments\/wp-json\/wp\/v2\/media?parent=145"}],"curies":[{"name":"wp","href":"https:\/\/api.w.org\/{rel}","templated":true}]}}