{"id":153,"date":"2012-08-18T20:24:48","date_gmt":"2012-08-18T20:24:48","guid":{"rendered":"http:\/\/candicenguyen.wordpress.com\/?page_id=153"},"modified":"2023-02-22T10:03:22","modified_gmt":"2023-02-22T09:03:22","slug":"des-meduses-au-coin-des-yeux","status":"publish","type":"page","link":"https:\/\/www.candice-nguyen.com\/fragments\/chantiers\/meduses\/des-meduses-au-coin-des-yeux\/","title":{"rendered":"Des m\u00e9duses au coin des yeux (3)"},"content":{"rendered":"<p>&nbsp;<br \/>\n<a href=\"https:\/\/www.candice-nguyen.com\/wp-content\/uploads\/2012\/08\/des-m\u00e9duses-au-coin-des-yeux-1024x685.jpg\" data-rel=\"lightbox-gallery-oHpLCEGf\" data-rl_title=\"\" data-rl_caption=\"\"><img decoding=\"async\" class=\"aligncenter size-medium wp-image-174\" title=\"\" src=\"https:\/\/www.candice-nguyen.com\/wp-content\/uploads\/2012\/08\/des-m\u00e9duses-au-coin-des-yeux.jpg? alt=\"des m\u00e9duses au coin des yeux (3)\" width=\"630\" \/><\/a><br \/>\n<div class=\"compact_audio_player_wrapper\"><div class=\"sc_player_container1\"><input type=\"button\" id=\"btnplay_69f93c67318a49.46242223\" class=\"myButton_play\" onClick=\"play_mp3('play','69f93c67318a49.46242223','https:\/\/www.candice-nguyen.com\/wp-content\/uploads\/2013\/01\/Lamareehaute.mp3','80','false');show_hide('play','69f93c67318a49.46242223');\" \/><input type=\"button\"  id=\"btnstop_69f93c67318a49.46242223\" style=\"display:none\" class=\"myButton_stop\" onClick=\"play_mp3('stop','69f93c67318a49.46242223','','80','false');show_hide('stop','69f93c67318a49.46242223');\" \/><div id=\"sm2-container\"><!-- flash movie ends up here --><\/div><\/div><\/div>        <script type=\"text\/javascript\" charset=\"utf-8\">\n        soundManager.setup({\n            url: \"https:\/\/www.candice-nguyen.com\/fragments\/wp-content\/plugins\/compact-wp-audio-player\/swf\/soundmanager2.swf\",\n            onready: function() {\n                var mySound = soundManager.createSound({\n                    id: \"btnplay_69f93c67318a49.46242223\",\n                    volume: \"80\",\n                    url: \"https:\/\/www.candice-nguyen.com\/wp-content\/uploads\/2013\/01\/Lamareehaute.mp3\"\n                });\n                var auto_loop = \"false\";\n                mySound.play({\n                    onfinish: function() {\n                        if (auto_loop == \"true\") {\n                            loopSound(\"btnplay_69f93c67318a49.46242223\");\n                        } else {\n                            document.getElementById(\"btnplay_69f93c67318a49.46242223\").style.display = \"inline\";\n                            document.getElementById(\"btnstop_69f93c67318a49.46242223\").style.display = \"none\";\n                        }\n                    }\n                });\n                document.getElementById(\"btnplay_69f93c67318a49.46242223\").style.display = \"none\";\n                document.getElementById(\"btnstop_69f93c67318a49.46242223\").style.display = \"inline\";\n            },\n            ontimeout: function() {\n                \/\/ SM2 could not start. Missing SWF? Flash blocked? Show an error.\n                alert(\"Error! Audio player failed to load.\");\n            }\n        });\n        <\/script>\n         <span style=\"font-size: 100%; font-family: Oswald; font-weight: 300;\">Lhasa de Sela &#8211; La mar\u00e9e haute<\/span><br \/>\n&nbsp;<\/p>\n<p style=\"text-align: justify; font-size: 130%; line-height: 1.5em; font-family: Oswald; font-weight: 300; padding-left: 80px; padding-right: 80px;\">La fatigue me rend triste. Couches infinies aux entrelacs de la m\u00e9moire, les visages se superposent, les paysages s&#8217;entrem\u00ealent : ici ou l\u00e0 tout est pareil. Nous ne sommes que cinq \u00e0 bord et pourtant, pourtant c&#8217;est comme si le monde y \u00e9tait r\u00e9uni. Le monde, nos pr\u00e9c\u00e9dents voyages, mes rencontres, la sienne, tout est l\u00e0 ce matin, et l&#8217;or qui n&#8217;en finit plus de briller. J&#8217;imagine le chemin qui me ram\u00e8nerait vers elle &#8211; de d\u00e9tour en d\u00e9tour en traverses, mes pas fantasment ce que ses yeux auraient pu aimer contempler<br \/>\n\u00e0 s&#8217;en perdre.<br \/>\nAvec moi ?<br \/>\nLa clart\u00e9 du jour ne peut estomper la fatigue de la nuit que nous venons de traverser. Les ombrelles m&#8217;obs\u00e8dent comme t\u00e2che de bronze incrust\u00e9e au coin des yeux, voir trouble \u00e9bloui, sa pr\u00e9sence partout, en moi, devant, \u00e0 la surface de l&#8217;eau &#8211; que fais-tu ? Et ces fleurs comme mes yeux ton pr\u00e9nom et\u00a0 sa voix qui nous chantait&#8230;<\/p>\n<div style=\"text-align:center;\"><em>la route chante <\/em><\/div>\n<div style=\"text-align:center;\"><em>quand je m\u2019en vais <\/em><\/div>\n<div style=\"text-align:center;\"><em>je fais trois pas\u2026 <\/em><\/div>\n<div style=\"text-align:center;\"><em>la route se tait<\/em><\/div>\n<div style=\"text-align:center;\"><em><br \/>\n<\/em><\/div>\n<div style=\"text-align:center;\"><em>la route est noire <\/em><\/div>\n<div style=\"text-align:center;\"><em>\u00e0 perte de vue <\/em><\/div>\n<div style=\"text-align:center;\"><em>je fais trois pas\u2026 <\/em><\/div>\n<div style=\"text-align:center;\"><em>la route n\u2019est plus<\/em><\/div>\n<div style=\"text-align:center;\"><em><br \/>\n<\/em><\/div>\n<div style=\"text-align:center;\"><em>sur la mar\u00e9e haute <\/em><\/div>\n<div style=\"text-align:center;\"><em>je suis mont\u00e9e <\/em><\/div>\n<div style=\"text-align:center;\"><em>la t\u00eate est pleine <\/em><\/div>\n<div style=\"text-align:center;\"><em>mais le c\u0153ur n\u2019a <\/em><\/div>\n<div style=\"text-align:center;\"><em>pas assez<\/em><\/div>\n<div style=\"text-align:center;\"><em><br \/>\n<\/em><\/div>\n<div style=\"text-align:center;\"><em>mains de dentelle <\/em><\/div>\n<div style=\"text-align:center;\"><em>figure de bois <\/em><\/div>\n<div style=\"text-align:center;\"><em>le corps en brique <\/em><\/div>\n<div style=\"text-align:center;\"><em>les yeux qui piquent<\/em><\/div>\n<div style=\"text-align:center;\"><em><br \/>\n<\/em><\/div>\n<div style=\"text-align:center;\"><em>mains de dentelle <\/em><\/div>\n<div style=\"text-align:center;\"><em>figure de bois <\/em><\/div>\n<div style=\"text-align:center;\"><em>je fais trois pas\u2026 <\/em><\/div>\n<div style=\"text-align:center;\"><em>et tu es l\u00e0<\/em><\/div>\n<div style=\"text-align:center;\"><em><br \/>\n<\/em><\/div>\n<div style=\"text-align:center;\"><em>sur la mar\u00e9e haute <\/em><\/div>\n<div style=\"text-align:center;\"><em>je suis mont\u00e9e <\/em><\/div>\n<div style=\"text-align:center;\"><em>la t\u00eate est pleine <\/em><\/div>\n<div style=\"text-align:center;\"><em>mais le c\u0153ur n\u2019a <\/em><br \/>\n<em>pas assez<\/em><\/div>\n<p>&nbsp;<\/p>\n<p style=\"text-align:center;\"><a href=\"\/fragments\/chantiers\/meduses\/nous-ne-sommes-pas-des-meduses\/\">\u2190 revenir<\/a> \u2022 <a href=\"\/fragments\/chantiers\/meduses\/et-tu-finiras-devore-par-les-meduses\/\">continuer \u2192<\/a><\/p>\n","protected":false},"excerpt":{"rendered":"<p>&nbsp;<\/p>\n","protected":false},"author":3,"featured_media":1782,"parent":36,"menu_order":3,"comment_status":"closed","ping_status":"closed","template":"","meta":{"footnotes":""},"class_list":["post-153","page","type-page","status-publish","has-post-thumbnail","hentry"],"aioseo_notices":[],"_links":{"self":[{"href":"https:\/\/www.candice-nguyen.com\/fragments\/wp-json\/wp\/v2\/pages\/153","targetHints":{"allow":["GET"]}}],"collection":[{"href":"https:\/\/www.candice-nguyen.com\/fragments\/wp-json\/wp\/v2\/pages"}],"about":[{"href":"https:\/\/www.candice-nguyen.com\/fragments\/wp-json\/wp\/v2\/types\/page"}],"author":[{"embeddable":true,"href":"https:\/\/www.candice-nguyen.com\/fragments\/wp-json\/wp\/v2\/users\/3"}],"replies":[{"embeddable":true,"href":"https:\/\/www.candice-nguyen.com\/fragments\/wp-json\/wp\/v2\/comments?post=153"}],"version-history":[{"count":14,"href":"https:\/\/www.candice-nguyen.com\/fragments\/wp-json\/wp\/v2\/pages\/153\/revisions"}],"predecessor-version":[{"id":23085,"href":"https:\/\/www.candice-nguyen.com\/fragments\/wp-json\/wp\/v2\/pages\/153\/revisions\/23085"}],"up":[{"embeddable":true,"href":"https:\/\/www.candice-nguyen.com\/fragments\/wp-json\/wp\/v2\/pages\/36"}],"wp:featuredmedia":[{"embeddable":true,"href":"https:\/\/www.candice-nguyen.com\/fragments\/wp-json\/wp\/v2\/media\/1782"}],"wp:attachment":[{"href":"https:\/\/www.candice-nguyen.com\/fragments\/wp-json\/wp\/v2\/media?parent=153"}],"curies":[{"name":"wp","href":"https:\/\/api.w.org\/{rel}","templated":true}]}}