{"id":15319,"date":"2015-09-16T02:04:58","date_gmt":"2015-09-16T00:04:58","guid":{"rendered":"http:\/\/www.candice-nguyen.com\/?page_id=15319"},"modified":"2025-01-30T17:57:58","modified_gmt":"2025-01-30T16:57:58","slug":"les-mots-justes-de-la-nuit-veillee","status":"publish","type":"page","link":"https:\/\/www.candice-nguyen.com\/fragments\/galeries\/interludes\/les-mots-justes-de-la-nuit-veillee\/","title":{"rendered":"les mots justes (de la nuit veill\u00e9e)"},"content":{"rendered":"<p>&nbsp;<\/p>\n<p style=\"text-align: right; \"><span style=\"font-size: 100%; line-height: 1.5em; font-family: courier; \">\u00ab Je veux entendre parler avec une autre langue, d\u2019autres mots. Je veux que les mots qui nous servent \u00e0 nous parler laissent la place \u00e0 la confiance, \u00e0 la douceur, et s\u2019il s\u2019agit de parler de choses qui nous effraient, que nous le disions, juste, sans en rajouter. \u00bb <a href=\"http:\/\/liminaire.fr\/livre-lecture\/article\/baleine-paysage-et-passee-par-ici\" target=\"_blank\">maryse hache<\/a><\/span><\/p>\n<div class=\"compact_audio_player_wrapper\"><div class=\"sc_player_container1\"><input type=\"button\" id=\"btnplay_69dcc6fd84bc35.77142020\" class=\"myButton_play\" onClick=\"play_mp3('play','69dcc6fd84bc35.77142020','http:\/\/www.candice-nguyen.com\/wp-content\/uploads\/2015\/09\/07-Le-mot-juste.mp3','80','false');show_hide('play','69dcc6fd84bc35.77142020');\" \/><input type=\"button\"  id=\"btnstop_69dcc6fd84bc35.77142020\" style=\"display:none\" class=\"myButton_stop\" onClick=\"play_mp3('stop','69dcc6fd84bc35.77142020','','80','false');show_hide('stop','69dcc6fd84bc35.77142020');\" \/><div id=\"sm2-container\"><!-- flash movie ends up here --><\/div><\/div><\/div> <span style=\"font-size: 100%; font-family: Oswald; font-weight: 300;\">Bertrand Belin &#8211; Le mot juste<\/span><\/p>\n<p><img loading=\"lazy\" decoding=\"async\" class=\"alignnone size-full wp-image-15321\" src=\"http:\/\/www.candice-nguyen.com\/wp-content\/uploads\/2015\/09\/150915_1.jpg\" alt=\"\u00a9 candice nguyen\" width=\"1400\" height=\"990\" srcset=\"https:\/\/www.candice-nguyen.com\/fragments\/wp-content\/uploads\/2015\/09\/150915_1.jpg 1400w, https:\/\/www.candice-nguyen.com\/fragments\/wp-content\/uploads\/2015\/09\/150915_1-140x99.jpg 140w, https:\/\/www.candice-nguyen.com\/fragments\/wp-content\/uploads\/2015\/09\/150915_1-315x223.jpg 315w, https:\/\/www.candice-nguyen.com\/fragments\/wp-content\/uploads\/2015\/09\/150915_1-630x446.jpg 630w, https:\/\/www.candice-nguyen.com\/fragments\/wp-content\/uploads\/2015\/09\/150915_1-700x495.jpg 700w, https:\/\/www.candice-nguyen.com\/fragments\/wp-content\/uploads\/2015\/09\/150915_1-332x235.jpg 332w\" sizes=\"auto, (max-width: 1400px) 100vw, 1400px\" \/><\/p>\n<p style=\"text-align: right; \"><span style=\"font-size: 100%; line-height: 1.5em; font-family: courier; \">(ton apaisement, nos amours, ma pri\u00e8re<br \/>\nvers toi,<br \/>\nvous<br \/>\n\u2014 continuer,<br \/>\naimer<br \/>\nchaque jour<br \/>\nnouveau)<\/span><br \/>\n<span style=\"font-size: 90%;\">15 sept. 2015<\/span><\/p>\n<p>&nbsp;<\/p>\n<p style=\"font-size: 110%; line-height: 1.8em; font-family: Oswald; font-weight: 300; \" align=\"right\">Retour <a href=\"http:\/\/www.candice-nguyen.com\/fragments\/galeries\/interludes\/\">#INTERLUDES<\/a><\/p>\n<p>&nbsp;<\/p>\n","protected":false},"excerpt":{"rendered":"<p>&nbsp; \u00ab Je veux entendre parler avec une autre langue, d\u2019autres mots. Je veux que les mots qui nous servent \u00e0 nous parler laissent la place \u00e0 la confiance, \u00e0 la douceur, et s\u2019il s\u2019agit de parler de choses qui nous effraient, que nous le disions, juste, sans en rajouter. \u00bb maryse hache Bertrand Belin [&hellip;]<\/p>\n","protected":false},"author":3,"featured_media":15322,"parent":10807,"menu_order":0,"comment_status":"closed","ping_status":"closed","template":"","meta":{"footnotes":""},"class_list":["post-15319","page","type-page","status-publish","has-post-thumbnail","hentry"],"aioseo_notices":[],"_links":{"self":[{"href":"https:\/\/www.candice-nguyen.com\/fragments\/wp-json\/wp\/v2\/pages\/15319","targetHints":{"allow":["GET"]}}],"collection":[{"href":"https:\/\/www.candice-nguyen.com\/fragments\/wp-json\/wp\/v2\/pages"}],"about":[{"href":"https:\/\/www.candice-nguyen.com\/fragments\/wp-json\/wp\/v2\/types\/page"}],"author":[{"embeddable":true,"href":"https:\/\/www.candice-nguyen.com\/fragments\/wp-json\/wp\/v2\/users\/3"}],"replies":[{"embeddable":true,"href":"https:\/\/www.candice-nguyen.com\/fragments\/wp-json\/wp\/v2\/comments?post=15319"}],"version-history":[{"count":43,"href":"https:\/\/www.candice-nguyen.com\/fragments\/wp-json\/wp\/v2\/pages\/15319\/revisions"}],"predecessor-version":[{"id":23269,"href":"https:\/\/www.candice-nguyen.com\/fragments\/wp-json\/wp\/v2\/pages\/15319\/revisions\/23269"}],"up":[{"embeddable":true,"href":"https:\/\/www.candice-nguyen.com\/fragments\/wp-json\/wp\/v2\/pages\/10807"}],"wp:featuredmedia":[{"embeddable":true,"href":"https:\/\/www.candice-nguyen.com\/fragments\/wp-json\/wp\/v2\/media\/15322"}],"wp:attachment":[{"href":"https:\/\/www.candice-nguyen.com\/fragments\/wp-json\/wp\/v2\/media?parent=15319"}],"curies":[{"name":"wp","href":"https:\/\/api.w.org\/{rel}","templated":true}]}}