{"id":17276,"date":"2015-12-20T00:02:42","date_gmt":"2015-12-19T23:02:42","guid":{"rendered":"http:\/\/www.candice-nguyen.com\/?page_id=17276"},"modified":"2024-09-13T11:55:18","modified_gmt":"2024-09-13T09:55:18","slug":"a-propos","status":"publish","type":"page","link":"https:\/\/www.candice-nguyen.com\/fragments\/a-propos\/","title":{"rendered":"\u00c0 PROPOS"},"content":{"rendered":"<p style=\"font-size: 100%; font-family: courier; padding-left: 50px; padding-right: 50px; text-align: left;\">N\u00e9e en 1982. Apr\u00e8s des \u00e9tudes de Lettres et d\u2019Anthropologie, je quitte Paris sur un coup de t\u00eate pour Marseille o\u00f9 je vis et travaille en tant que d\u00e9coratrice florale, apr\u00e8s avoir pass\u00e9 pr\u00e8s de 15 ans auparavant dans l&#8217;\u00e9ditorial et la communication notamment digitale.<\/p>\n<p style=\"font-size: 100%; font-family: courier; padding-left: 50px; padding-right: 50px; text-align: left;\">Sensibilit\u00e9 artistique assez accrue et bonne \u00e9toile pla\u00e7ant sur mon chemin des cr\u00e9ateurs de talent \u0153uvrant \u00e0 diff\u00e9rentes formes d&#8217;expression et d&#8217;engagement (musicales, graphiques, litt\u00e9raires&#8230;), me poussent \u00e0 l\u2019accompagnement de projets divers et vari\u00e9s et parfois \u00e0 l\u2019<a href=\"https:\/\/www.candicenguyen.com\/cv\/portfolios\/plateform-a-fete-ses-3-ans-a-la-bellevilloise\" target=\"_blank\" rel=\"noopener noreferrer\">organisation d\u2019\u00e9v\u00e9nements pluridisciplinaires<\/a>.<br \/>\nTout projet \u00e9tant <span style=\"color: #808080;\">[initi\u00e9 par, et]<\/span> celui d&#8217;une rencontre, j&#8217;aime travailler au croisement des univers multim\u00e9dia et culturel.<br \/>\nPass\u00e9e par la presse et m\u00e9dias en ligne, les agences, la musique, le tout toujours au gr\u00e9 des rencontres et affinit\u00e9s, et parfois m\u00eame sur un malentendu.<\/p>\n<p style=\"font-size: 100%; font-family: courier; padding-left: 50px; padding-right: 50px; text-align: left;\">Je partage alors mon temps entre la mer, les routes sur-un-coup-de-t\u00eate et l\u2019aide \u00e0 la diffusion d\u2019artistes, \u00e0 travers notamment la revue de photographie et d\u2019arts <em><strong><a href=\"https:\/\/www.candice-nguyen.com\/fragments\/contributions\/plateform-magazine\/\" target=\"_blank\" rel=\"noopener noreferrer\">PLATEFORM Magazine<\/a><\/strong><\/em> (2008-2019) et <em><strong>La<\/strong><\/em> <em><strong>Nuit Hebdo<\/strong><\/em>, co-fond\u00e9e avec Christian Perrot en 2014, qui constitue une sorte d&#8217;ovni digital : un hebdomadaire se r\u00e9clamant du <em>slow web<\/em> ne cherchant pas du clic \u00e0 tout prix mais pr\u00f4nant une certaine lenteur mettant en avant les voix oubli\u00e9es, celles qui ne peuvent surgir que la nuit, la beaut\u00e9 (aussi vaste que le terme puisse supposer), la lumi\u00e8re (qui clignote ici et l\u00e0 de par le monde), la cr\u00e9ation, bref, un creuset des r\u00eaves au temps suspendu.<\/p>\n<p style=\"font-size: 100%; font-family: courier; padding-left: 50px; padding-right: 50px; text-align: left;\">En les heures sombres post-attentats de 2015 et le climat \u00e9lectrique qui s\u00e9vit en France et ailleurs, je participe activement au projet de <a href=\"https:\/\/www.candice-nguyen.com\/fragments\/lautre-quotidien-nuit-jour-le-quotidien-digital-qui-fait-aimer-la-vie-envers-et-contre-tout\/\" target=\"_blank\" rel=\"noopener noreferrer\">L&#8217;Autre Quotidien<\/a> dans lequel je g\u00e8re la rubrique des Chroniques qui propose des regards singuliers, fortement contemporains, sachant traduire \u2013 en mots, en images ou en sons \u2013 leur ancrage au monde et les possibilit\u00e9s infinies de (se) rendre le monde : sinon meilleur, au moins, palpable, respirable et plus d\u00e9sirable. Avec toutes les asp\u00e9rit\u00e9s et failles qu\u2019il engendre (ou que nous lui infligeons).<\/p>\n<p style=\"font-size: 100%; font-family: courier; padding-left: 50px; padding-right: 50px; text-align: left;\">En 2021, changement de cap : je renoue avec un r\u00eave ancien (de couleurs, de textures, de mouvements, de beaut\u00e9) et entame une reconversion professionnelle pour devenir d\u00e9coratrice florale. Je pars alors \u00e0 Londres et \u00e0 Paris pour apprendre le design floral et inonder le quotidien de fleurs.<\/p>\n<p style=\"font-size: 100%; line-height: 1.5em; font-family: courier; padding-left: 50px; padding-right: 50px; text-align: left;\"><strong>El\u00e9ments contextuels :<\/strong><br \/>\n_fais du hockey sur glace \u00e0 dix ans \u00e0 Saint-Ouen, de multiples sports de combat et quelques ann\u00e9es plus tard de la danse classique m&#8217;aidant vraisemblablement \u00e0 devenir quelques ann\u00e9es plus tard encore, reine de l&#8217;ap\u00e9ro les lentes soir\u00e9es d&#8217;\u00e9t\u00e9 et les longues soir\u00e9es d&#8217;hiver;<\/p>\n<p style=\"font-size: 100%; line-height: 1.5em; font-family: courier; padding-left: 50px; padding-right: 50px; text-align: left;\">_implore de quitter le club de natation d\u00e8s l&#8217;\u00e2ge de 6 ans (une histoire de bonnet de bain, collants sous-pull acrylique et cagoule \u00e0 remettre tremp\u00e9e l&#8217;hiver avec lenteur et agacement) et nage aujourd&#8217;hui comme Forrest Gump court, \u00e0 savoir, sans s&#8217;arr\u00eater jusqu&#8217;\u00e0 l&#8217;\u00e9puisement, m\u00eame quand ce n&#8217;est qu&#8217;une fois l&#8217;an;<\/p>\n<p style=\"font-size: 100%; line-height: 1.5em; font-family: courier; padding-left: 50px; padding-right: 50px; text-align: left;\">_\u00e9coute Jimmy Cliff au CE1, les RATM et Queen en CM1, Nirvana au CM2, Les Smashing, du rap FR et du rnb &amp; rap US au coll\u00e8ge, aujourd&#8217;hui je dis aux petits que si Jimi Hendrix est Dieu, Amy Winehouse est D\u00e9esse; cher enfant, tu apprendras \u00e0 danser sur tes divinit\u00e9s;<\/p>\n<p style=\"font-size: 100%; line-height: 1.5em; font-family: courier; padding-left: 50px; padding-right: 50px; text-align: left;\">_d\u00e9couvre en 1996 seulement que j&#8217;ai beaucoup de famille au Canada et deux ans plus tard, l&#8217;\u00e9tendue d&#8217;une famille au Vietnam; mon horizon s&#8217;ouvre d\u00e8s lors au-del\u00e0 des plages normandes o\u00f9 j&#8217;ai pass\u00e9 tous mes \u00e9t\u00e9s d&#8217;enfance;<\/p>\n<p style=\"font-size: 100%; line-height: 1.5em; font-family: courier; padding-left: 50px; padding-right: 50px; text-align: left;\">_effarement total lorsque je comprends que ce monde est sexu\u00e9 et qu&#8217;il me sera difficile d&#8217;aller seule o\u00f9 je veux, quand je veux;<br \/>\n_suivi d&#8217;une d\u00e9sillusion totale lorsque l&#8217;adolescente qui croyait en un racisme d\u00e9clinant puisqu&#8217;elle-m\u00eame entour\u00e9e de noirs, d&#8217;arabes et de blancs dans la joie et la bonne humeur, constate le monde adulte, les chemins que chacun prend et les intol\u00e9rances de tous bords se profiler;<\/p>\n<p style=\"font-size: 100%; line-height: 1.5em; font-family: courier; padding-left: 50px; padding-right: 50px; text-align: left;\">_encha\u00eene dans la tendre jeunesse de multiples soir\u00e9es dans des squats, raves, prairies, clairi\u00e8res, h\u00f4tels d\u00e9saffect\u00e9s, afters, soir\u00e9es gay, plages, sous ciels \u00e9toil\u00e9s avec feux vifs et musiques fortes, tra\u00eene \u00e9galement mes gu\u00eatres dans des endroits je me la raconte si l&#8217;on peut s&#8217;y faire p\u00e9ter la panse;<\/p>\n<p style=\"font-size: 100%; line-height: 1.5em; font-family: courier; padding-left: 50px; padding-right: 50px; text-align: left;\">_le temps de longues \u00e9tudes non-professionnalisantes suivies par amour de la d\u00e9couverte et par manque cruel de desseins dans la vie autres que celui de tenter au mieux de profiter de cette petite fen\u00eatre ouverte sur la vie qui m&#8217;est donn\u00e9e, sers beaucoup de pizzas, tiens beaucoup de plateaux et tra\u00eene beaucoup de gu\u00e9ridons;<\/p>\n<p style=\"font-size: 100%; line-height: 1.5em; font-family: courier; padding-left: 50px; padding-right: 50px; text-align: left;\">_dans ce m\u00eame temps, dors beaucoup en biblioth\u00e8que, r\u00e9vise et travaille pr\u00e9f\u00e9rablement dans des caf\u00e9s enfum\u00e9s;<\/p>\n<p style=\"font-size: 100%; line-height: 1.5em; font-family: courier; padding-left: 50px; padding-right: 50px; text-align: left;\">_ne sais acheter les livres que par six ou huit, mes libraires et bouquinistes m&#8217;ayant offert avec le temps des cadeaux, une fleur et quelque surnom dont je ne suis pas peu fi\u00e8re;<\/p>\n<p style=\"font-size: 100%; line-height: 1.5em; font-family: courier; padding-left: 50px; padding-right: 50px; text-align: left;\">_utilise parfois des livres comme cale pour pied de table; brise tous les miroirs; laisse les fen\u00eatres ouvertes et ne joue du piano plus qu&#8217;\u00e0 la nuit;<\/p>\n<p style=\"font-size: 100%; line-height: 1.5em; font-family: courier; padding-left: 50px; padding-right: 50px; text-align: left;\">_n&#8217;aime danser que sur du rap et du ragga, n&#8217;\u00e9coute majoritairement que des chansons tristes et lancinantes rock folk post-rock ind\u00e9, ne danse donc que trop rarement;<\/p>\n<p style=\"font-size: 100%; line-height: 1.5em; font-family: courier; padding-left: 50px; padding-right: 50px; text-align: left;\">_voue une passion pour les carottes r\u00e2p\u00e9es et les boules \u00e0 facettes, les surboums avec les enfants sur The Cure et une fascination pour les pirates et les <a href=\"https:\/\/www.candice-nguyen.com\/fragments\/la-nourriture-des-meduses-video\/\">m\u00e9duses<\/a>;<\/p>\n<p style=\"font-size: 100%; line-height: 1.5em; font-family: courier; padding-left: 50px; padding-right: 50px; text-align: left;\">_passe un temps inconsid\u00e9r\u00e9 \u00e0 <a href=\"https:\/\/www.candice-nguyen.com\/fragments\/category\/cesures\/\" target=\"_blank\" rel=\"noopener noreferrer\">regarder les lumi\u00e8res des immeubles s&#8217;allumer \u00e0 la nuit tomb\u00e9e<\/a>; la lune se lever et d\u00e9cliner; les nuages d&#8217;\u00e9tourneaux migrer l&#8217;automne venu; le ventre blanc des go\u00e9lands \u00e9clair\u00e9s par les lumi\u00e8res de la ville tournoyer dans un ballet lent au-dessus de la pr\u00e9fecture et de la bonne m\u00e8re;<\/p>\n<p style=\"font-size: 100%; line-height: 1.5em; font-family: courier; padding-left: 50px; padding-right: 50px; text-align: left;\">_prends beaucoup d&#8217;avions seule <a href=\"https:\/\/www.candice-nguyen.com\/fragments\/category\/carnets\/carnets-de-route\/\" target=\"_blank\" rel=\"noopener noreferrer\">pour des contr\u00e9es lointaines<\/a> tout en \u00e9tant sujette \u00e0 de vives douleurs aux oreilles lors des atterrissages depuis un phlegmon terrassant il y a de cela vingt ans;<\/p>\n<p style=\"font-size: 100%; line-height: 1.5em; font-family: courier; padding-left: 50px; padding-right: 50px; text-align: left;\">_d\u00e9velopp\u00e9 un vertige saisissant avec le temps m&#8217;ayant valu certaines angoisses lors d&#8217;un p\u00e9riple arctique et travaille sur trop de fronts \u00e0 la fois dans la plus grande des lenteurs;<\/p>\n<p style=\"font-size: 100%; line-height: 1.5em; font-family: courier; padding-left: 50px; padding-right: 50px; text-align: left;\">_trouve la vie trop dure, trop lente, trop courte, ne comprends pas ma soci\u00e9t\u00e9, mon \u00e9poque, mes contemporains; aime \u00e9norm\u00e9ment et me d\u00e9leste facilement et fortement du superflu (et des gens superflus);<\/p>\n<p style=\"font-size: 100%; line-height: 1.5em; font-family: courier; padding-left: 50px; padding-right: 50px; text-align: left;\">_pense que l&#8217;\u00e2ge craignos et de d\u00e9raison se situe entre vingt-cinq et soixante-cinq ans;<\/p>\n<p style=\"font-size: 100%; line-height: 1.5em; font-family: courier; padding-left: 50px; padding-right: 50px; text-align: left;\">_vomis beaucoup de choses, essentiellement li\u00e9es aux m\u00e9dias, tv, journaux, culte de l&#8217;image et de la repr\u00e9sentation; travaille pour autant quand m\u00eame pour des m\u00e9dias l\u00e0 o\u00f9 il arrive parfois que des voix diff\u00e9rentes surgissent;<\/p>\n<p style=\"font-size: 100%; line-height: 1.5em; font-family: courier; padding-left: 50px; padding-right: 50px; text-align: left;\">_fondamentalement pessimiste, m&#8217;\u00e9merveille de petits signes de lumi\u00e8re ici et l\u00e0 dans l&#8217;optique peut-\u00eatre de me rendre ce monde plus respirable;<\/p>\n<p style=\"font-size: 100%; line-height: 1.5em; font-family: courier; padding-left: 50px; padding-right: 50px; text-align: left;\">_m\u00e9moire constitu\u00e9e de plus de trous que de pleins, oublie les faits, r\u00e9actualise les sensations en un 360; \u00e9cris et photographie dans une d\u00e9marche d&#8217;\u00e9claircissement et de consignation;<\/p>\n<p style=\"font-size: 100%; line-height: 1.5em; font-family: courier; padding-left: 50px; padding-right: 50px; text-align: left;\">_ne sais pr\u00e9voir, aime les tentatives et les pages blanches.<\/p>\n<p style=\"text-align: justify; font-size: 100%; line-height: 1.5em; font-family: courier; padding-left: 50px; padding-right: 50px;\"><strong>Manifeste :<\/strong><br \/>\n_<a href=\"https:\/\/www.candice-nguyen.com\/fragments\/etre-au-monde\/\" target=\"_blank\" rel=\"noopener noreferrer\">une sorte de<\/a><\/p>\n<p style=\"text-align: justify; font-size: 100%; line-height: 1.5em; font-family: courier; padding-left: 50px; padding-right: 50px;\"><strong>Et parce que ce site n&#8217;existerait pas sans musique :<\/strong><br \/>\n_<a href=\"https:\/\/open.spotify.com\/user\/candicek\/playlist\/1Mfx0Gtu9yRK7r4r8Wqg4D?si=hCk5ghwHQjCmNmL8a0D7ig\" target=\"_blank\" rel=\"noopener noreferrer\">toute la bande son ici<\/a><\/p>\n<p>&nbsp;<\/p>\n<p><center><div class=\"compact_audio_player_wrapper\"><div class=\"sc_player_container1\"><input type=\"button\" id=\"btnplay_69f045260237c8.16275057\" class=\"myButton_play\" onClick=\"play_mp3('play','69f045260237c8.16275057','https:\/\/www.candice-nguyen.com\/wp-content\/uploads\/2015\/12\/05-The-Lee-Shore.mp3','80','true');show_hide('play','69f045260237c8.16275057');\" \/><input type=\"button\"  id=\"btnstop_69f045260237c8.16275057\" style=\"display:none\" class=\"myButton_stop\" onClick=\"play_mp3('stop','69f045260237c8.16275057','','80','true');show_hide('stop','69f045260237c8.16275057');\" \/><div id=\"sm2-container\"><!-- flash movie ends up here --><\/div><\/div><\/div>        <script type=\"text\/javascript\" charset=\"utf-8\">\n        soundManager.setup({\n            url: \"https:\/\/www.candice-nguyen.com\/fragments\/wp-content\/plugins\/compact-wp-audio-player\/swf\/soundmanager2.swf\",\n            onready: function() {\n                var mySound = soundManager.createSound({\n                    id: \"btnplay_69f045260237c8.16275057\",\n                    volume: \"80\",\n                    url: \"https:\/\/www.candice-nguyen.com\/wp-content\/uploads\/2015\/12\/05-The-Lee-Shore.mp3\"\n                });\n                var auto_loop = \"true\";\n                mySound.play({\n                    onfinish: function() {\n                        if (auto_loop == \"true\") {\n                            loopSound(\"btnplay_69f045260237c8.16275057\");\n                        } else {\n                            document.getElementById(\"btnplay_69f045260237c8.16275057\").style.display = \"inline\";\n                            document.getElementById(\"btnstop_69f045260237c8.16275057\").style.display = \"none\";\n                        }\n                    }\n                });\n                document.getElementById(\"btnplay_69f045260237c8.16275057\").style.display = \"none\";\n                document.getElementById(\"btnstop_69f045260237c8.16275057\").style.display = \"inline\";\n            },\n            ontimeout: function() {\n                \/\/ SM2 could not start. Missing SWF? Flash blocked? Show an error.\n                alert(\"Error! Audio player failed to load.\");\n            }\n        });\n        <\/script>\n        <\/center><center><span style=\"font-size: 100%; font-family: Oswald; font-weight: 300;\">CSNY &#8211; The Lee Shore<\/span><\/center>&nbsp;<\/p>\n<h3>R\u00eaves des autres<\/h3>\n<p><strong><a href=\"http:\/\/revedeleda.tumblr.com\/post\/48609972197\/qbc\" target=\"_blank\" rel=\"noopener noreferrer\">Qbc (avril 2013)<\/a><\/strong><\/p>\n<blockquote>\n<p style=\"text-align: left;\">&#8220;je monte dans le bus presque vide malgr\u00e9 la foule d&#8217;attente \u00e0 l&#8217;ext\u00e9rieur, c&#8217;est qu&#8217;il y a dedans un immonde clochard \u00e9dent\u00e9 en long manteau \u00e0 la peau p\u00e2le qui tombe en lambeaux, il dit en postillonnant qu&#8217;il b\u00e9n\u00e9ficie d&#8217;une remise de 5% sur le prix du billet, il fait fuir tout le monde, \u00e0 l&#8217;avant des \u00e9tudiants parlent de \u201cla fac\u201d, je suis \u00e9tonn\u00e9e que dans ce pays aussi l&#8217;on dise \u201cla fac\u201d, nous parvenons \u00e0 la nature, c&#8217;est le Qu\u00e9bec tout entier \u00e0 mes pieds, mes yeux en larmes, c&#8217;est l\u00e0 donc que je vivrai, ce sont des lacs, des collines en for\u00eats, des sapins, du bois partout, une fille me disait vivre par l\u00e0-bas, un jour j&#8217;irais la visiter, oui, sur une colline dispos\u00e9es huit chandelles de la taille d&#8217;un homme, ou \u00e9taient-ce des moulins \u00e0 vent, Candice en robe blanche pour les allumer tirait sur une bouteille de gaz, je la pr\u00e9venais que c&#8217;\u00e9tait dangereux, mais elle savait faire, c&#8217;\u00e9tait chez elle ici, il y avait du vent, il avait cess\u00e9, la lumi\u00e8re eut lieu (ou peut-\u00eatre pas)&#8221;<br \/>\nN.<\/p>\n<\/blockquote>\n<p>&nbsp;<\/p>\n<p><a href=\"https:\/\/www.candice-nguyen.com\/fragments\/chantiers\/ailleurs\/foret-femme-folie-un-echo\/\"><strong>For\u00eat (d\u00e9cembre 2013)<\/strong><\/a><\/p>\n<blockquote>\n<p style=\"text-align: left;\">&#8220;J&#8217;ai r\u00eav\u00e9 de toi &#8211; tu vivais dans une maison au bord \u2013 tout au bord \u2013 de la for\u00eat et ton amoureux t&#8217;emmenait sur sa moto.&#8221;<br \/>\nV.<\/p>\n<\/blockquote>\n<p><strong><a href=\"http:\/\/revesdeleda.tumblr.com\/post\/46496985572\/larriv%C3%A9e-%C3%A0-marseille\" target=\"_blank\" rel=\"noopener noreferrer\">L&#8217;arriv\u00e9e \u00e0 Marseille (mars 2013)<\/a><\/strong><\/p>\n<blockquote>\n<p style=\"text-align: left;\">&#8220;Je suis en voiture. On me parle, au t\u00e9l\u00e9phone ou juste comme \u00e7a, une voix derri\u00e8re le coin de la t\u00eate. Elle me parle du trajet et de la route. Je vais conduire pour arriver \u00e0 Marseille.<br \/>\nLa route est grise, un peu givr\u00e9e, montante et assez sinueuse. Des pins la bordent dans le premier virage. Puis un second virage, long, tr\u00e8s difficile, avec de la neige, que je n\u00e9gocie tr\u00e8s bien. Je m\u2019en r\u00e9jouis aupr\u00e8s de la voix, faisant remarquer que je suis juste deux ou trois kilom\u00e8tres-heures au-dessous de la limite de vitesse. Au bout de la ligne droite qui suit il y a un carrefour, un feu. Sur l\u2019instruction de la voix, je suis une sorte de R5 gris noir car il s\u2019agit de la bonne personne, la personne de Marseille.<br \/>\nJe me gare dans un b\u00e2timent de b\u00e9ton, un parking sombre, non loin de la R5. Je sors de la voiture et retrouve Candice et la \u00ab vraie \u00bb Marseillaise (peut-\u00eatre sa s\u0153ur). Laquelle m\u2019a sorti une sorte de caddie, qui est aussi une sorte de cartable molletonn\u00e9 \u00e0 deux compartiments. Ce n\u2019est pas tr\u00e8s beau et il va falloir le tra\u00eener pour se promener mais je cache un peu le cartable en le pla\u00e7ant dans le caddie, et prends le tout avec enthousiasme, soucieux de m\u2019adapter aux fa\u00e7ons de faire d\u2019ici.<br \/>\nNous nous mettons en route et je plaisante : nous n\u2019avons qu\u2019\u00e0 aller seulement dans \u00ab la rue de Marseille \u00bb et je remplirai mon caddie-cartable de pastis ! (Je vois les bouteilles s\u2019empiler dans les deux pochettes.) Non, mais \u2013 je replaisante \u2013 on pourrait prendre d\u2019autres alcools aussi (de l\u2019absinthe). J\u2019ai envie d\u2019alcools.<br \/>\nJe man\u0153uvre mon caddie sur une petite passerelle de bois \u00e0 virages, qui sort du parking et monte jusqu\u2019\u00e0 la terre ferme, \u00e0 la chauss\u00e9e de Marseille. Sur la passerelle Candice me dit que sa m\u00e8re, avec son groupe d\u2019amies, a trouv\u00e9 une nouvelle fa\u00e7on d\u2019\u00eatre belles. Je suppose que c\u2019est une nouvelle fa\u00e7on de se maquiller, mais Candice me d\u00e9trompe : le secret, c\u2019est de cesser d\u2019avoir la foi. Ah bon. Je m\u2019\u00e9tonne que tout le monde n\u2019y ait pas pens\u00e9 plus t\u00f4t.&#8221;<br \/>\nY.<\/p>\n<\/blockquote>\n<p>_aussi, des tableaux de choses que j&#8217;aime sur mon <a href=\"http:\/\/theoneshotmi.tumblr.com\/\" target=\"_blank\" rel=\"noopener noreferrer\"><span style=\"text-decoration: underline;\">tumblr \u00c9ph\u00e9m\u00e8res<\/span><\/a>.<\/p>\n<blockquote>\n<h5 style=\"text-align: center; font-size: 140%; font-weight: 300; padding-left: 100px; padding-right: 100px;\"><strong>&#8220;le chemin aura fini par \u00eatre celui de quelques phrases bient\u00f4t d\u00e9tach\u00e9es de leur histoire&#8221;<\/strong><br \/>\n<span style=\"font-weight: normal; font-size: 70%;\">Andr\u00e9 Du Bouchet, Retours sur le vent<\/span><\/h5>\n<\/blockquote>\n","protected":false},"excerpt":{"rendered":"<p>N\u00e9e en 1982. Apr\u00e8s des \u00e9tudes de Lettres et d\u2019Anthropologie, je quitte Paris sur un coup de t\u00eate pour Marseille o\u00f9 je vis et travaille en tant que d\u00e9coratrice florale, apr\u00e8s avoir pass\u00e9 pr\u00e8s de 15 ans auparavant dans l&#8217;\u00e9ditorial et la communication notamment digitale. Sensibilit\u00e9 artistique assez accrue et bonne \u00e9toile pla\u00e7ant sur mon [&hellip;]<\/p>\n","protected":false},"author":3,"featured_media":9873,"parent":0,"menu_order":0,"comment_status":"closed","ping_status":"closed","template":"","meta":{"footnotes":""},"class_list":["post-17276","page","type-page","status-publish","has-post-thumbnail","hentry"],"aioseo_notices":[],"_links":{"self":[{"href":"https:\/\/www.candice-nguyen.com\/fragments\/wp-json\/wp\/v2\/pages\/17276","targetHints":{"allow":["GET"]}}],"collection":[{"href":"https:\/\/www.candice-nguyen.com\/fragments\/wp-json\/wp\/v2\/pages"}],"about":[{"href":"https:\/\/www.candice-nguyen.com\/fragments\/wp-json\/wp\/v2\/types\/page"}],"author":[{"embeddable":true,"href":"https:\/\/www.candice-nguyen.com\/fragments\/wp-json\/wp\/v2\/users\/3"}],"replies":[{"embeddable":true,"href":"https:\/\/www.candice-nguyen.com\/fragments\/wp-json\/wp\/v2\/comments?post=17276"}],"version-history":[{"count":243,"href":"https:\/\/www.candice-nguyen.com\/fragments\/wp-json\/wp\/v2\/pages\/17276\/revisions"}],"predecessor-version":[{"id":23237,"href":"https:\/\/www.candice-nguyen.com\/fragments\/wp-json\/wp\/v2\/pages\/17276\/revisions\/23237"}],"wp:featuredmedia":[{"embeddable":true,"href":"https:\/\/www.candice-nguyen.com\/fragments\/wp-json\/wp\/v2\/media\/9873"}],"wp:attachment":[{"href":"https:\/\/www.candice-nguyen.com\/fragments\/wp-json\/wp\/v2\/media?parent=17276"}],"curies":[{"name":"wp","href":"https:\/\/api.w.org\/{rel}","templated":true}]}}