{"id":17488,"date":"2015-12-20T12:51:15","date_gmt":"2015-12-20T11:51:15","guid":{"rendered":"http:\/\/www.candice-nguyen.com\/?page_id=17488"},"modified":"2018-01-17T02:59:43","modified_gmt":"2018-01-17T01:59:43","slug":"mentions-legales","status":"publish","type":"page","link":"https:\/\/www.candice-nguyen.com\/fragments\/mentions-legales\/","title":{"rendered":"Mentions l\u00e9gales"},"content":{"rendered":"<h4 style=\"padding-left: 50px;\">Informations \u00c9diteur<\/h3>\n<p style=\"text-align: justify; font-size: 110%; line-height: 1.5em; font-family: Oswald; font-weight: 300; padding-left: 50px; padding-right: 50px;\">Le site <a href=\"http:\/\/www.candice-nguyen.com\">candice-nguyen.com<\/a> est un site personnel r\u00e9alis\u00e9, r\u00e9dig\u00e9 et publi\u00e9 par Candice Nguyen.<br \/>\nEmail : contact[at]candice-nguyen[.]com<br \/>\nH\u00e9berg\u00e9 chez\u00a0<a href=\"https:\/\/www.ovh.com\/fr\/\" target=\"_blank\">OVH<\/a>, propuls\u00e9 par <a href=\"https:\/\/fr.wordpress.org\/\" target=\"_blank\">WordPress<\/a>.<\/p>\n<h4 style=\"padding-left: 50px;\">Propri\u00e9t\u00e9 intellectuelle<\/h3>\n<p style=\"text-align: justify; font-size: 110%; line-height: 1.5em; font-family: Oswald; font-weight: 300; padding-left: 50px; padding-right: 50px;\">Sauf mention expresse pour les images ou extraits d\u2019ouvrages cit\u00e9s, l\u2019ensemble des textes, photographies et vid\u00e9os sont l&#8217;oeuvre de l\u2019auteur, Candice Nguyen.<\/p>\n<h4 style=\"padding-left: 50px;\">Droits de reproduction et de diffusion<\/h3>\n<p style=\"text-align: justify; font-size: 110%; line-height: 1.5em; font-family: Oswald; font-weight: 300; padding-left: 50px; padding-right: 50px;\">Oeuvre de cr\u00e9ation, l&#8217;ensemble de ce site est mis \u00e0 disposition selon les termes de la licence <a href=\"https:\/\/creativecommons.org\/licenses\/by-nc-sa\/4.0\/legalcode.fr\" target=\"_blank\">Creative Commons Attribution &#8211; Pas d\u2019Utilisation Commerciale &#8211; Partage dans les M\u00eames Conditions 4.0 International<\/a>.<br \/>\n<a href=\"https:\/\/creativecommons.org\/licenses\/by-nc-sa\/4.0\/legalcode.fr\" target=\"_blank\" rel=\"license\"><img decoding=\"async\" style=\"border-width: 0;\" src=\"https:\/\/i.creativecommons.org\/l\/by-nc-sa\/4.0\/80x15.png\" alt=\"Licence Creative Commons\" \/><\/a><\/p>\n<p style=\"text-align: justify; font-size: 110%; line-height: 1.5em; font-family: Oswald; font-weight: 300; padding-left: 50px; padding-right: 50px;\">Ce qui signifie que vous \u00eates libre de reproduire, modifier, distribuer les textes, photographies et vid\u00e9os ici pr\u00e9sents (ou leurs d\u00e9riv\u00e9s) sous conditions :<br \/>\n\u2022 d&#8217;en attribuer la paternit\u00e9 \u00e0 qui de droit ;<br \/>\n\u2022 de les partager (textes et d\u00e9riv\u00e9s) dans les m\u00eames conditions de licence ;<br \/>\n\u2022 \u00e0 des fins non commerciales.<\/p>\n<p style=\"text-align: justify; font-size: 110%; line-height: 1.5em; font-family: Oswald; font-weight: 300; padding-left: 50px; padding-right: 50px;\">Evidemment, il est de bon ton d&#8217;en informer sympathiquement l&#8217;auteur, contact ci-dessus.<\/p>\n","protected":false},"excerpt":{"rendered":"<p>Informations \u00c9diteur Le site candice-nguyen.com est un site personnel r\u00e9alis\u00e9, r\u00e9dig\u00e9 et publi\u00e9 par Candice Nguyen. Email : contact[at]candice-nguyen[.]com H\u00e9berg\u00e9 chez\u00a0OVH, propuls\u00e9 par WordPress. Propri\u00e9t\u00e9 intellectuelle Sauf mention expresse pour les images ou extraits d\u2019ouvrages cit\u00e9s, l\u2019ensemble des textes, photographies et vid\u00e9os sont l&#8217;oeuvre de l\u2019auteur, Candice Nguyen. Droits de reproduction et de diffusion Oeuvre [&hellip;]<\/p>\n","protected":false},"author":3,"featured_media":1481,"parent":0,"menu_order":0,"comment_status":"closed","ping_status":"closed","template":"template-full-width.php","meta":{"footnotes":""},"class_list":["post-17488","page","type-page","status-publish","has-post-thumbnail","hentry"],"aioseo_notices":[],"_links":{"self":[{"href":"https:\/\/www.candice-nguyen.com\/fragments\/wp-json\/wp\/v2\/pages\/17488","targetHints":{"allow":["GET"]}}],"collection":[{"href":"https:\/\/www.candice-nguyen.com\/fragments\/wp-json\/wp\/v2\/pages"}],"about":[{"href":"https:\/\/www.candice-nguyen.com\/fragments\/wp-json\/wp\/v2\/types\/page"}],"author":[{"embeddable":true,"href":"https:\/\/www.candice-nguyen.com\/fragments\/wp-json\/wp\/v2\/users\/3"}],"replies":[{"embeddable":true,"href":"https:\/\/www.candice-nguyen.com\/fragments\/wp-json\/wp\/v2\/comments?post=17488"}],"version-history":[{"count":24,"href":"https:\/\/www.candice-nguyen.com\/fragments\/wp-json\/wp\/v2\/pages\/17488\/revisions"}],"predecessor-version":[{"id":21514,"href":"https:\/\/www.candice-nguyen.com\/fragments\/wp-json\/wp\/v2\/pages\/17488\/revisions\/21514"}],"wp:featuredmedia":[{"embeddable":true,"href":"https:\/\/www.candice-nguyen.com\/fragments\/wp-json\/wp\/v2\/media\/1481"}],"wp:attachment":[{"href":"https:\/\/www.candice-nguyen.com\/fragments\/wp-json\/wp\/v2\/media?parent=17488"}],"curies":[{"name":"wp","href":"https:\/\/api.w.org\/{rel}","templated":true}]}}