{"id":193,"date":"2012-08-19T07:13:13","date_gmt":"2012-08-19T05:13:13","guid":{"rendered":"http:\/\/candicenguyen.wordpress.com\/?page_id=193"},"modified":"2023-03-01T13:37:47","modified_gmt":"2023-03-01T12:37:47","slug":"home","status":"publish","type":"page","link":"https:\/\/www.candice-nguyen.com\/fragments\/","title":{"rendered":"fragments: chantiers <br>&#038; mise en jach\u00e8re"},"content":{"rendered":"<blockquote><p><strong>\u00ab Il y a tout lieu d\u2019\u00eatre pessimiste, mais il est d\u2019autant plus n\u00e9cessaire d\u2019ouvrir les yeux dans la nuit, de se d\u00e9placer sans rel\u00e2che, de se remettre en qu\u00eate de lucioles. \u00bb<\/strong><br \/>\n<span style=\"font-size: 80%;\">Georges Didi-Huberman, Survivance des lucioles<\/span><\/p><\/blockquote>\n<p><a title=\"chemins de traverse avec fr\u00e9d\u00e9ric arthur chabot\" href=\"https:\/\/www.candice-nguyen.com\/fragments\/category\/chantiers\/traverses\/\"><img decoding=\"async\" src=\"https:\/\/www.candice-nguyen.com\/wp-content\/uploads\/2018\/08\/frederic_chabot_28.png\" alt=\"chemins de traverse avec fr\u00e9d\u00e9ric arthur chabot\" width=\"1100\" \/><\/a><br \/>\n<span style=\"text-align: left; font-size: 100%; font-family: courier; color: #939393;\"><strong>chemins de traverse:<\/strong> avec fr\u00e9d\u00e9ric arthur chabot (photo) \u2022 candice nguyen (texte) \u2022 et en musique toujours<\/span><\/p>\n<p><a title=\"carnets de route: tanger\" href=\"https:\/\/www.candice-nguyen.com\/fragments\/snowball\/carnet-tangerois\/\"><img loading=\"lazy\" decoding=\"async\" src=\"https:\/\/www.candice-nguyen.com\/wp-content\/uploads\/2017\/04\/carnet-tangerois.png\" alt=\"\" width=\"1140\" height=\"805\" \/><\/a><br \/>\n<span style=\"text-align: left; font-size: 100%; font-family: courier; color: #939393;\"><strong>carnets de route:<\/strong> tanger<\/span><\/p>\n<blockquote><p><strong>\u00ab Pour qu&#8217;il n&#8217;y ait pas de murs ni de fronti\u00e8res, il faut faire avec ce qui est pr\u00e9sent, seule possibilit\u00e9. \u00bb<\/strong><br \/>\n<span style=\"font-size: 80%;\">\u2014Jean-Christophe Bailly, Mars 2012<\/span><\/p><\/blockquote>\n<p><a href=\"https:\/\/www.candice-nguyen.com\/fragments\/chantiers\/ailleurs\/foret-femme-folie-un-echo\/\"><img loading=\"lazy\" decoding=\"async\" src=\"https:\/\/www.candice-nguyen.com\/fragments\/wp-content\/uploads\/2012\/08\/For\u00eat-Femme-Folie-un-\u00e9cho.jpg\" alt=\"For\u00eat, Femme, Folie, un \u00e9cho\" width=\"1024\" height=\"685\" \/><\/a><br \/>\n<span style=\"text-align: left; font-size: 100%; font-family: courier; color: #939393;\"><strong>extrait d&#8217;ailleurs:<\/strong> for\u00eat, femmes, folie, un \u00e9cho<\/span><\/p>\n<p><a href=\"https:\/\/www.candice-nguyen.com\/fragments\/dans-le-desert-et-toutes-les-mers-mahmoud-darwich\/\"><img loading=\"lazy\" decoding=\"async\" class=\"size-full wp-image-19118\" src=\"https:\/\/www.candice-nguyen.com\/wp-content\/uploads\/2016\/07\/4824709618_fc5daec99f_o.jpg\" alt=\"\" width=\"1280\" height=\"857\" srcset=\"https:\/\/www.candice-nguyen.com\/fragments\/wp-content\/uploads\/2016\/07\/4824709618_fc5daec99f_o.jpg 1280w, https:\/\/www.candice-nguyen.com\/fragments\/wp-content\/uploads\/2016\/07\/4824709618_fc5daec99f_o-140x94.jpg 140w, https:\/\/www.candice-nguyen.com\/fragments\/wp-content\/uploads\/2016\/07\/4824709618_fc5daec99f_o-315x211.jpg 315w, https:\/\/www.candice-nguyen.com\/fragments\/wp-content\/uploads\/2016\/07\/4824709618_fc5daec99f_o-768x514.jpg 768w, https:\/\/www.candice-nguyen.com\/fragments\/wp-content\/uploads\/2016\/07\/4824709618_fc5daec99f_o-700x469.jpg 700w, https:\/\/www.candice-nguyen.com\/fragments\/wp-content\/uploads\/2016\/07\/4824709618_fc5daec99f_o-332x222.jpg 332w\" sizes=\"auto, (max-width: 1280px) 100vw, 1280px\" \/><\/a><br \/>\n<span style=\"text-align: left; font-size: 100%; font-family: courier; color: #939393;\"><strong>extrait du carnet bleu:<\/strong> dans le d\u00e9sert et toutes les mers<\/span><\/p>\n<p><a title=\"sur une faille que\" href=\"https:\/\/www.candice-nguyen.com\/fragments\/sur-une-faille-que\/\"><img loading=\"lazy\" decoding=\"async\" src=\"https:\/\/www.candice-nguyen.com\/wp-content\/uploads\/2015\/11\/6096324328_36d4939026_o.jpg\" alt=\"\u00a9 candice nguyen\" width=\"1280\" height=\"857\" \/><\/a><br \/>\n<span style=\"text-align: left; font-size: 100%; font-family: courier; color: #939393;\"><strong>extrait du carnet bleu:<\/strong> sur une faille que \u2014 s\u2019il se peut, chaque fois on retrouve pied.<\/span><\/p>\n<blockquote><p><strong>\u00ab \u00c0 ceux qui te disent qu&#8217;une bonne histoire a toujours un d\u00e9but, un milieu, une fin \u2013 r\u00e9ponds qu&#8217;une bonne histoire est une pomme de terre, et que c&#8217;est toi qui l&#8217;\u00e9pluches. \u00bb<\/strong><br \/>\n<span style=\"font-size: 80%;\"><a href=\"http:\/\/www.tierslivre.net\/spip\/spip.php?article3549\" target=\"_blank\" rel=\"noopener\">\u2014Malt Olbren<\/a><\/span><\/p><\/blockquote>\n<h3>#Carnets du froid<\/h3>\n<p><iframe loading=\"lazy\" src=\"https:\/\/www.youtube.com\/embed\/l8MZisy40_o?rel=0&amp;autoplay=1\" width=\"720\" height=\"370\" frameborder=\"0\" allowfullscreen=\"allowfullscreen\"><\/iframe><\/p>\n<p><a title=\"For Now I Am Winter\" href=\"https:\/\/www.candice-nguyen.com\/fragments\/galeries\/for-now-i-am-winter\/\"><img loading=\"lazy\" decoding=\"async\" src=\"https:\/\/www.candice-nguyen.com\/wp-content\/uploads\/2013\/11\/PA220606.jpg\" alt=\"Akureyri\" width=\"1280\" height=\"720\" \/><\/a><br \/>\n<span style=\"text-align: left; font-size: 100%; font-family: courier; color: #939393;\"><strong>carnets du froid: <\/strong>for now I am winter (islande)<\/span><\/p>\n<p><a href=\"https:\/\/www.candice-nguyen.com\/fragments\/category\/carnets\/carnets-de-route\/carnets-du-froid\/\"><img loading=\"lazy\" decoding=\"async\" src=\"https:\/\/www.candice-nguyen.com\/wp-content\/uploads\/2015\/07\/Qeqertarsuaq-c-candice-nguyen-e1497968636574.jpg\" alt=\"Qeqertarsuaq Disko Island Groenland\" width=\"1280\" height=\"659\" \/><\/a><br \/>\n<span style=\"text-align: left; font-size: 100%; font-family: courier; color: #939393;\"><strong>carnets du froid:<\/strong> up to the northernmost points of the earth (groenland)<\/span><\/p>\n<p><iframe loading=\"lazy\" src=\"https:\/\/www.youtube.com\/embed\/f-EKRvC3C2U?t=1m47;autoplay=0;rel=0&amp;showinfo=0\" width=\"720\" height=\"370\" frameborder=\"0\" allowfullscreen=\"allowfullscreen\"><\/iframe><br \/>\n<span style=\"text-align: left; font-size: 100%; font-family: courier; color: #939393;\"><strong>video: <\/strong><a href=\"http:\/\/www.candice-nguyen.com\/fragments\/category\/carnets\/carnets-de-route\/carnets-du-froid\/\">groenland \u2022 carnets du froid<\/a><\/span><\/p>\n<blockquote><p><strong>\u00ab il y a une histoire qu\u2019on se raconte. puis les vagues. les superbes vagues \u00bb<\/strong><br \/>\n<span style=\"font-size: 80%;\">\u2014Francis Royo<\/span><\/p><\/blockquote>\n<p><a title=\"scotland \u2022 from edinburgh to inverness\" href=\"https:\/\/www.candice-nguyen.com\/fragments\/galeries\/scotland\/\" rel=\"attachment wp-att-16648\"><img loading=\"lazy\" decoding=\"async\" src=\"http:\/\/www.candice-nguyen.com\/wp-content\/uploads\/2015\/12\/scotland_ban.png\" alt=\"Scotland: From Edinburgh to Inverness\" width=\"2000\" height=\"723\" \/><\/a><br \/>\n<span style=\"text-align: left; font-size: 100%; font-family: courier; color: #939393;\"><strong>portfolio:<\/strong> scotland \u2022 from edinburgh to inverness<\/span><\/p>\n","protected":false},"excerpt":{"rendered":"<p>\u00ab Il y a tout lieu d\u2019\u00eatre pessimiste, mais il est d\u2019autant plus n\u00e9cessaire d\u2019ouvrir les yeux dans la nuit, de se d\u00e9placer sans rel\u00e2che, de se remettre en qu\u00eate de lucioles. \u00bb Georges Didi-Huberman, Survivance des lucioles chemins de traverse: avec fr\u00e9d\u00e9ric arthur chabot (photo) \u2022 candice nguyen (texte) \u2022 et en musique toujours [&hellip;]<\/p>\n","protected":false},"author":3,"featured_media":16659,"parent":0,"menu_order":0,"comment_status":"closed","ping_status":"closed","template":"","meta":{"footnotes":""},"class_list":["post-193","page","type-page","status-publish","has-post-thumbnail","hentry"],"aioseo_notices":[],"_links":{"self":[{"href":"https:\/\/www.candice-nguyen.com\/fragments\/wp-json\/wp\/v2\/pages\/193","targetHints":{"allow":["GET"]}}],"collection":[{"href":"https:\/\/www.candice-nguyen.com\/fragments\/wp-json\/wp\/v2\/pages"}],"about":[{"href":"https:\/\/www.candice-nguyen.com\/fragments\/wp-json\/wp\/v2\/types\/page"}],"author":[{"embeddable":true,"href":"https:\/\/www.candice-nguyen.com\/fragments\/wp-json\/wp\/v2\/users\/3"}],"replies":[{"embeddable":true,"href":"https:\/\/www.candice-nguyen.com\/fragments\/wp-json\/wp\/v2\/comments?post=193"}],"version-history":[{"count":218,"href":"https:\/\/www.candice-nguyen.com\/fragments\/wp-json\/wp\/v2\/pages\/193\/revisions"}],"predecessor-version":[{"id":23233,"href":"https:\/\/www.candice-nguyen.com\/fragments\/wp-json\/wp\/v2\/pages\/193\/revisions\/23233"}],"wp:featuredmedia":[{"embeddable":true,"href":"https:\/\/www.candice-nguyen.com\/fragments\/wp-json\/wp\/v2\/media\/16659"}],"wp:attachment":[{"href":"https:\/\/www.candice-nguyen.com\/fragments\/wp-json\/wp\/v2\/media?parent=193"}],"curies":[{"name":"wp","href":"https:\/\/api.w.org\/{rel}","templated":true}]}}