{"id":1989,"date":"2012-09-01T15:07:16","date_gmt":"2012-09-01T14:07:16","guid":{"rendered":"http:\/\/www.candice-nguyen.com\/?page_id=1989"},"modified":"2022-07-31T18:35:08","modified_gmt":"2022-07-31T16:35:08","slug":"affinites","status":"publish","type":"page","link":"https:\/\/www.candice-nguyen.com\/fragments\/contact\/affinites\/","title":{"rendered":"AFFINIT\u00c9S"},"content":{"rendered":"<h3 style=\"text-align: center;\">\u00c9CRILIRE<\/h3>\n<p style=\"text-align: justify;\"><a href=\"http:\/\/www.andrevelter.com\" target=\"_blank\" rel=\"noopener\">Andr\u00e9 Velter<\/a> \u2022 <a href=\"http:\/\/www.arnaudmaisetti.net\/spip\/\" target=\"_blank\" rel=\"noopener\">Arnaud Ma\u00efsetti<\/a>\u00a0 \u2022 <a href=\"http:\/\/www.amboilati.org\/\" target=\"_blank\" rel=\"noopener\">Beno\u00eet Vincent site<\/a> et <a href=\"http:\/\/www.ge-nove.net\/\" target=\"_blank\" rel=\"noopener\">GEnove<\/a> \u2022 <a href=\"http:\/\/brigetoun.blogspot.com\/\" target=\"_blank\" rel=\"noopener\">Brigitte C\u00e9l\u00e9rier<\/a> \u2022 <a href=\"http:\/\/toledo-archives.net\/\" target=\"_blank\" rel=\"noopener\">Camille de Toledo<\/a> \u2022 <a href=\"http:\/\/pennequin.rstin.com\/\" target=\"_blank\" rel=\"noopener\">Charles Pennequin<\/a> \u2022<a href=\"http:\/\/destentatives.wordpress.com\/\" target=\"_blank\" rel=\"noopener\"> Christine Jeanney<\/a> \u2022 <a href=\"http:\/\/deboitements.net\/ecouter-lire\/\" target=\"_blank\" rel=\"noopener\">Christophe Grossi<\/a> \u2022 <a href=\"http:\/\/towardgrace.blogspot.com\/\" target=\"_blank\" rel=\"noopener\">Claro<\/a> \u2022 <a href=\"http:\/\/www.face-ecran.fr\/\" target=\"_blank\" rel=\"noopener\">Daniel Bourrion<\/a> \u2022 <a href=\"http:\/\/dansesdetravers.blogspot.fr\/\" target=\"_blank\" rel=\"noopener\">Didier Da Silva<\/a> \u2022 <a href=\"http:\/\/ditjanu.blogspot.fr\/\" target=\"_blank\" rel=\"noopener\">[ dit janu ]<\/a> \u2022 <a href=\"http:\/\/apeineperdue.blogspot.fr\/?view=classic\" target=\"_blank\" rel=\"noopener\">Emmanuel Delabranche<\/a> \u2022 <a href=\"http:\/\/poezibao.typepad.com\/flotoir\/\" target=\"_blank\" rel=\"noopener\">Florence Trocm\u00e9<\/a> \u2022 <a href=\"http:\/\/analogos.fr\/\" target=\"_blank\" rel=\"noopener\">Francis Royo<\/a> \u2022 <a href=\"http:\/\/www.tierslivre.net\/\" target=\"_blank\" rel=\"noopener\">Fran\u00e7ois Bon<\/a> \u2022 <a href=\"http:\/\/www.fgriot.net\/\" target=\"_blank\" rel=\"noopener\">Fred Griot<\/a> \u2022 <a href=\"http:\/\/www.silentblocs.net\/\" target=\"_blank\" rel=\"noopener\">Gabriel F : Silentblocs<\/a>\u00a0et <a href=\"http:\/\/gabrielsf.net\" target=\"_blank\" rel=\"noopener\">Gabrielsf<\/a> \u2022 <a href=\"http:\/\/www.fuirestunepulsion.net\/\" target=\"_blank\" rel=\"noopener\">Guillaume Vissac<\/a> \u2022 <a href=\"http:\/\/www.jptoussaint.com\/\" target=\"_blank\" rel=\"noopener\">Jean-Philippe Toussaint<\/a> \u2022 <a href=\"http:\/\/johnwilford.tumblr.com\/\" target=\"_blank\" rel=\"noopener\">Vies de John Wilford<\/a> \u2022 <a href=\"http:\/\/www.la-grange.net\" target=\"_blank\" rel=\"noopener\">Karl Pro<\/a> \u2022 <a href=\"http:\/\/kmskma.free.fr\/\" target=\"_blank\" rel=\"noopener\">Kill Me Sarah<\/a> \u2022 <a href=\"http:\/\/lameduseetlerenard.blogspot.com\/\" target=\"_blank\" rel=\"noopener\">La M\u00e9duse et le Renard<\/a> \u2022 <a href=\"http:\/\/laplanetedessignes.blogspot.com\/\" target=\"_blank\" rel=\"noopener\">La Plan\u00e8te des Signes<\/a> \u2022 <a href=\"http:\/\/academie23.blogspot.fr\/search\/label\/Po%C3%A8me%20express\" target=\"_blank\" rel=\"noopener\">Lucien Suel<\/a> \u2022 <a href=\"http:\/\/www.mahigan.ca\/\" target=\"_blank\" rel=\"noopener\">Mahigan Lepage<\/a> \u2022 <a href=\"http:\/\/avoirlieu.blogspot.fr\/\" target=\"_blank\" rel=\"noopener\">Marc Perrin<\/a> \u2022 <a href=\"http:\/\/marie-cosnay.maison-des-ecrivains.fr\/\" target=\"_blank\" rel=\"noopener\">Marie Cosnay<\/a> \u2022 <a href=\"http:\/\/paslapeinedecrier.hautetfort.com\/\" target=\"_blank\" rel=\"noopener\">Marie Richeux<\/a> \u2022 <a href=\"http:\/\/www.martinesonnet.fr\/blogwp\" target=\"_blank\" rel=\"noopener\">Martine Sonnet<\/a> \u2022 <a href=\"http:\/\/semenoir.typepad.fr\/semenoir\/\" target=\"_blank\" rel=\"noopener\">Maryse Hache<\/a> \u2022 <a href=\"http:\/\/www.xn--chatperch-p1a2i.net\/\" target=\"_blank\" rel=\"noopener\">Michel Brosseau<\/a> \u2022 <a href=\"http:\/\/abadon.fr\/\" target=\"_blank\" rel=\"noopener\">Mich\u00e8le Dujardin<\/a> \u2022 <a href=\"http:\/\/noteseparses.wordpress.com\/\" target=\"_blank\" rel=\"noopener\">Nathana\u00ebl Gobenceaux<\/a> \u2022 <a href=\"http:\/\/nicolasesse.com\/\" target=\"_blank\" rel=\"noopener\">Nicolas Esse<\/a> \u2022 <a href=\"http:\/\/soubresauts.net\/\" target=\"_blank\" rel=\"noopener\">Olivier Gu\u00e9ry<\/a> \u2022 <a href=\"http:\/\/entre-sort.blogspot.com\/\" target=\"_blank\" rel=\"noopener\">Perrine Le Querrec<\/a> \u2022 <a href=\"http:\/\/www.desordre.net\/\" target=\"_blank\" rel=\"noopener\">Philippe De Jonckheere<\/a> \u2022 <a href=\"http:\/\/www.liminaire.fr\/\" target=\"_blank\" rel=\"noopener\">Pierre M\u00e9nard<\/a> \u2022 <a href=\"http:\/\/ql.relire.net\/\" target=\"_blank\" rel=\"noopener\">Quentin Leclerc<\/a> \u2022 <a href=\"http:\/\/www.robinsonenville.net\/\" target=\"_blank\" rel=\"noopener\">Robinson en ville<\/a> \u2022 <a href=\"http:\/\/www.diafragm.net\/\" target=\"_blank\" rel=\"noopener\">S\u00e9bastien M\u00e9nard<\/a> \u2022 <a href=\"http:\/\/sebastienrongier.net\/\" target=\"_blank\" rel=\"noopener\">S\u00e9bastien Rongier<\/a> \u2022 <a href=\"http:\/\/etc-iste.blogspot.fr\" target=\"_blank\" rel=\"noopener\">Thomas Vinau<\/a> \u2022<\/p>\n<div style=\"text-align: center;\"><\/div>\n<h3 style=\"text-align: center;\">COLLECTIFS, REVUES<\/h3>\n<p style=\"text-align: justify;\"><a href=\"http:\/\/lautrequotidien.fr\/\" target=\"_blank\" rel=\"noopener\">L\u2019Autre Quotidien (Nuit &amp; Jour)<\/a> \u2022 <a href=\"http:\/\/ethnomusicologie.revues.org\" target=\"_blank\" rel=\"noopener\">Cahiers d&#8217;ethnomusicologie<\/a> \u2022 <a href=\"http:\/\/www.chaoid.com\/\" target=\"_blank\" rel=\"noopener\">Chao\u00efd<\/a> \u2022 <a href=\"http:\/\/revue-dicila.net\" target=\"_blank\" rel=\"noopener\">D&#8217;ici l\u00e0<\/a> \u2022 <a href=\"http:\/\/hypotheses.org\" target=\"_blank\" rel=\"noopener\">Hypoth\u00e8ses.org<\/a> \u2022 <a href=\"http:\/\/gradhiva.revues.org\/\" target=\"_blank\" rel=\"noopener\">Gradhiva<\/a> \u2022 <a href=\"http:\/\/indiectators.tumblr.com\/\" target=\"_blank\" rel=\"noopener\">Indiectators (le bon go\u00fbt malgr\u00e9 toi)<\/a> \u2022 <a href=\"http:\/\/www.limpossible.fr\/\" target=\"_blank\" rel=\"noopener\">L&#8217;impossible<\/a>\u00a0\u2022 <a href=\"http:\/\/laviemanifeste.com\/\" target=\"_blank\" rel=\"noopener\">La vie manifeste<\/a> \u2022 <a href=\"http:\/\/leconvoidesglossolales.blogspot.com\/\" target=\"_blank\" rel=\"noopener\">Le convoi des glossolales<\/a> \u2022 <a href=\"http:\/\/le1hebdo.fr\/\" target=\"_blank\" rel=\"noopener\">Le 1 hebdo<\/a> \u2022 <a href=\"http:\/\/www.openculture.com\" target=\"_blank\" rel=\"noopener\">Open Culture<\/a> \u2022 <a title=\"photography\" href=\"http:\/\/www.plateformag.com\/\" target=\"_blank\" rel=\"noopener\">PLATEFORM magazine<\/a> \u2022 <a title=\"L'Illustration\" href=\"http:\/\/www.gutenberg.org\/browse\/authors\/v#a116\" target=\"_blank\" rel=\"noopener\">Projet Gutenberg<\/a> \u2022 <a href=\"http:\/\/www.publie.net\/\" target=\"_blank\" rel=\"noopener\">Publie.net<\/a> \u2022 <a href=\"http:\/\/remue.net\/spip.php?rubrique115\" target=\"_blank\" rel=\"noopener\">Remue.net<\/a> \u2022 <a href=\"http:\/\/www.revues.org\/\" target=\"_blank\" rel=\"noopener\">Revues.org<\/a> \u2022 <a href=\"http:\/\/www.sans-a.org\/\" target=\"_blank\" rel=\"noopener\">Sans A<\/a> \u2022 <a href=\"http:\/\/www.urbain-trop-urbain.fr\/\" target=\"_blank\" rel=\"noopener\">Urbain trop urbain<\/a> \u2022 <a href=\"http:\/\/www.vacarme.org\/\" target=\"_blank\" rel=\"noopener\">Vacarme<\/a> \u2022 <a href=\"http:\/\/rendezvousdesvases.blogspot.com\/\" target=\"_blank\" rel=\"noopener\">Vases communicants<\/a> \u2022 <a href=\"http:\/\/www.ventscontraires.net\/\" target=\"_blank\" rel=\"noopener\">Vents contraires<\/a> \u2022 <a title=\"encyclopedy\" href=\"http:\/\/www.ubu.com\/\" target=\"_blank\" rel=\"noopener\">UbuWeb<\/a> \u2022<\/p>\n<div style=\"text-align: center;\"><\/div>\n<h3 style=\"text-align: center;\">IMAGES<\/h3>\n<p style=\"text-align: justify;\"><a title=\"photography\" href=\"http:\/\/www.americansuburbx.com\/\" target=\"_blank\" rel=\"noopener\">American Suburb X<\/a> \u2022 <a title=\"cinema\" href=\"http:\/\/entrelacs.revues.org\/\" target=\"_blank\" rel=\"noopener\">Entrelacs<\/a> \u2022 <a title=\"photography\" href=\"http:\/\/etudesphotographiques.revues.org\" target=\"_blank\" rel=\"noopener\">\u00c9tudes photographiques<\/a> \u2022 <a title=\"cinema\" href=\"http:\/\/www.europafilmtreasures.eu\/\" target=\"_blank\" rel=\"noopener\">Europa Film Treasures<\/a> \u2022 <a title=\"photography\" href=\"http:\/\/simaxuaf.blogspot.com\/\" target=\"_blank\" rel=\"noopener\">Faux Amis &#8211; blog<\/a> <a title=\"photography\" href=\"http:\/\/fauxamis.net\/\" target=\"_blank\" rel=\"noopener\">et site<\/a> \u2022 <a href=\"https:\/\/www.fredericarthurchabot.com\/\" target=\"_blank\" rel=\"noopener noreferrer\">fr\u00e9d\u00e9ric chabot<\/a> (en cover ici) \u2022 <a title=\"illustration\" href=\"http:\/\/ny.helenepe.com\/\" target=\"_blank\" rel=\"noopener\">H\u00e9l\u00e8ne P\u00e9<\/a>\u00a0\u2022 <a title=\"short films\" href=\"https:\/\/vimeo.com\/jaunejaune\" target=\"_blank\" rel=\"noopener\">Jean Thevenin (Jaune)<\/a> \u2022 <a title=\"photography\" href=\"https:\/\/www.flickr.com\/photos\/junku-newcleus\/\" target=\"_blank\" rel=\"noopener\">Junku Nishimura<\/a> \u2022<a title=\"short films\" href=\"http:\/\/kogonada.com\/archive\" target=\"_blank\" rel=\"noopener\"> Kogonada<\/a> \u2022 <a title=\"illustration\" href=\"http:\/\/www.lorenzo-eroticolor.com\" target=\"_blank\" rel=\"noopener\">Lorenzo Eroticolor<\/a> \u2022 <a title=\"photography\" href=\"http:\/\/www.mathieu-drouet.com\/long-term\/singular-forms\/Don-t-Believe\" target=\"_blank\" rel=\"noopener\">Mathieu Drouet<\/a> \u2022 <a title=\"photography\" href=\"http:\/\/www.theseamericans.com\/\" target=\"_blank\" rel=\"noopener\">These Americans<\/a> \u2022 <a title=\"short-cuts\" href=\"https:\/\/vimeo.com\/tonyzhou\" target=\"_blank\" rel=\"noopener\">Tony Zhou<\/a> \u2022<\/p>\n<p>&nbsp;<\/p>\n<h3 style=\"text-align: center;\">SONS &amp; MORE<\/h3>\n<p style=\"text-align: justify;\"><a href=\"http:\/\/arteradio.com\/\" target=\"_blank\" rel=\"noopener\">ARTE Radio<\/a> \u2022 <a href=\"http:\/\/www.fredericdoberland.com\/\" target=\"_blank\" rel=\"noopener\">Fr\u00e9d\u00e9ric D. Oberland<\/a> \u2022 <a href=\"http:\/\/www.correspondances.me\/\" target=\"_blank\" rel=\"noopener\">Emmanuel Guilho<\/a> \u2022 <a href=\"http:\/\/moriartyland.net\/\" target=\"_blank\" rel=\"noopener\">Moriarty<\/a> \u2022 <a href=\"http:\/\/www.franceculture.fr\/emissions\/pas-la-peine-de-crier\" target=\"_blank\" rel=\"noopener\">Pas la peine de crier<\/a> \u2022 <a href=\"http:\/\/www.valparaiso-music.com\/\" target=\"_blank\" rel=\"noopener\">Valparaiso<\/a> \u2022<\/p>\n","protected":false},"excerpt":{"rendered":"<p>\u00c9CRILIRE Andr\u00e9 Velter \u2022 Arnaud Ma\u00efsetti\u00a0 \u2022 Beno\u00eet Vincent site et GEnove \u2022 Brigitte C\u00e9l\u00e9rier \u2022 Camille de Toledo \u2022 Charles Pennequin \u2022 Christine Jeanney \u2022 Christophe Grossi \u2022 Claro \u2022 Daniel Bourrion \u2022 Didier Da Silva \u2022 [ dit janu ] \u2022 Emmanuel Delabranche \u2022 Florence Trocm\u00e9 \u2022 Francis Royo \u2022 Fran\u00e7ois Bon \u2022 [&hellip;]<\/p>\n","protected":false},"author":3,"featured_media":21678,"parent":1251,"menu_order":0,"comment_status":"closed","ping_status":"closed","template":"","meta":{"footnotes":""},"class_list":["post-1989","page","type-page","status-publish","has-post-thumbnail","hentry"],"aioseo_notices":[],"_links":{"self":[{"href":"https:\/\/www.candice-nguyen.com\/fragments\/wp-json\/wp\/v2\/pages\/1989","targetHints":{"allow":["GET"]}}],"collection":[{"href":"https:\/\/www.candice-nguyen.com\/fragments\/wp-json\/wp\/v2\/pages"}],"about":[{"href":"https:\/\/www.candice-nguyen.com\/fragments\/wp-json\/wp\/v2\/types\/page"}],"author":[{"embeddable":true,"href":"https:\/\/www.candice-nguyen.com\/fragments\/wp-json\/wp\/v2\/users\/3"}],"replies":[{"embeddable":true,"href":"https:\/\/www.candice-nguyen.com\/fragments\/wp-json\/wp\/v2\/comments?post=1989"}],"version-history":[{"count":67,"href":"https:\/\/www.candice-nguyen.com\/fragments\/wp-json\/wp\/v2\/pages\/1989\/revisions"}],"predecessor-version":[{"id":22996,"href":"https:\/\/www.candice-nguyen.com\/fragments\/wp-json\/wp\/v2\/pages\/1989\/revisions\/22996"}],"up":[{"embeddable":true,"href":"https:\/\/www.candice-nguyen.com\/fragments\/wp-json\/wp\/v2\/pages\/1251"}],"wp:featuredmedia":[{"embeddable":true,"href":"https:\/\/www.candice-nguyen.com\/fragments\/wp-json\/wp\/v2\/media\/21678"}],"wp:attachment":[{"href":"https:\/\/www.candice-nguyen.com\/fragments\/wp-json\/wp\/v2\/media?parent=1989"}],"curies":[{"name":"wp","href":"https:\/\/api.w.org\/{rel}","templated":true}]}}