{"id":20204,"date":"2016-11-11T22:29:37","date_gmt":"2016-11-11T21:29:37","guid":{"rendered":"http:\/\/www.candice-nguyen.com\/?page_id=20204"},"modified":"2022-07-31T11:45:15","modified_gmt":"2022-07-31T09:45:15","slug":"video","status":"publish","type":"page","link":"https:\/\/www.candice-nguyen.com\/fragments\/video\/","title":{"rendered":"VIDEO"},"content":{"rendered":"<h3 style=\"text-align: center;\">CARNETS DU FROID<\/h3>\n<div class=\"epyt-gallery\" data-currpage=\"1\" id=\"epyt_gallery_28521\"><figure class=\"wp-block-embed wp-block-embed-youtube is-type-video is-provider-youtube epyt-figure\"><div class=\"wp-block-embed__wrapper\"><iframe loading=\"lazy\"  id=\"_ytid_55184\"  width=\"720\" height=\"405\"  data-origwidth=\"720\" data-origheight=\"405\" src=\"https:\/\/www.youtube.com\/embed\/l8MZisy40_o?enablejsapi=1&autoplay=0&cc_load_policy=0&cc_lang_pref=&iv_load_policy=3&loop=0&rel=0&fs=1&playsinline=0&autohide=2&theme=dark&color=red&controls=1&disablekb=0&\" class=\"__youtube_prefs__  no-lazyload\" title=\"YouTube player\"  data-epytgalleryid=\"epyt_gallery_28521\"  allow=\"fullscreen; accelerometer; autoplay; clipboard-write; encrypted-media; gyroscope; picture-in-picture; web-share\" referrerpolicy=\"strict-origin-when-cross-origin\" allowfullscreen data-no-lazy=\"1\" data-skipgform_ajax_framebjll=\"\"><\/iframe><\/div><\/figure><div class=\"epyt-gallery-subscribe\"><a target=\"_blank\" class=\"epyt-gallery-subbutton\" href=\"https:\/\/www.youtube.com\/c\/CandiceNguyen?sub_confirmation=1\"><img decoding=\"async\" alt=\"subscribe\" src=\"https:\/\/www.candice-nguyen.com\/fragments\/wp-content\/plugins\/youtube-embed-plus\/images\/play-subscribe.png\" \/>S&#039;abonner<\/a><\/div><div class=\"epyt-gallery-list\"><div class=\"epyt-pagination \"><div tabindex=\"0\" role=\"button\" class=\"epyt-pagebutton epyt-prev  hide \" data-playlistid=\"PL6WdcAYbY-SdTbttKPaKVbgjLjGjMHhvc\" data-pagesize=\"15\" data-pagetoken=\"\" data-epcolumns=\"2\" data-showtitle=\"1\" data-showpaging=\"1\" data-autonext=\"1\" data-thumbplay=\"1\"><div class=\"epyt-arrow\">&laquo;<\/div> <div>Prev<\/div><\/div><div class=\"epyt-pagenumbers hide\"><div class=\"epyt-current\">1<\/div><div class=\"epyt-pageseparator\"> \/ <\/div><div class=\"epyt-totalpages\">1<\/div><\/div><div tabindex=\"0\" role=\"button\" class=\"epyt-pagebutton epyt-next hide \" data-playlistid=\"PL6WdcAYbY-SdTbttKPaKVbgjLjGjMHhvc\" data-pagesize=\"15\" data-pagetoken=\"\" data-epcolumns=\"2\" data-showtitle=\"1\" data-showpaging=\"1\" data-autonext=\"1\" data-thumbplay=\"1\"><div>Next<\/div> <div class=\"epyt-arrow\">&raquo;<\/div><\/div><div class=\"epyt-loader\"><img loading=\"lazy\" decoding=\"async\" alt=\"loading\" width=\"16\" height=\"11\" src=\"https:\/\/www.candice-nguyen.com\/fragments\/wp-content\/plugins\/youtube-embed-plus\/images\/gallery-page-loader.gif\"><\/div><\/div><div class=\"epyt-gallery-allthumbs  epyt-cols-2 \"><div tabindex=\"0\" role=\"button\" data-videoid=\"l8MZisy40_o\" class=\"epyt-gallery-thumb\"><div class=\"epyt-gallery-img-box\"><div class=\"epyt-gallery-img\" style=\"background-image: url(https:\/\/i.ytimg.com\/vi\/l8MZisy40_o\/hqdefault.jpg)\"><div class=\"epyt-gallery-playhover\"><img loading=\"lazy\" decoding=\"async\" alt=\"play\" class=\"epyt-play-img\" width=\"30\" height=\"23\" src=\"https:\/\/www.candice-nguyen.com\/fragments\/wp-content\/plugins\/youtube-embed-plus\/images\/playhover.png\" data-no-lazy=\"1\" data-skipgform_ajax_framebjll=\"\" \/><div class=\"epyt-gallery-playcrutch\"><\/div><\/div><\/div><\/div><div class=\"epyt-gallery-title\">une heure du matin | Combien avons-nous dormi ? Upernavik (Groenland) #carnetsdufroid<\/div><\/div><div tabindex=\"0\" role=\"button\" data-videoid=\"f-EKRvC3C2U\" class=\"epyt-gallery-thumb\"><div class=\"epyt-gallery-img-box\"><div class=\"epyt-gallery-img\" style=\"background-image: url(https:\/\/i.ytimg.com\/vi\/f-EKRvC3C2U\/hqdefault.jpg)\"><div class=\"epyt-gallery-playhover\"><img loading=\"lazy\" decoding=\"async\" alt=\"play\" class=\"epyt-play-img\" width=\"30\" height=\"23\" src=\"https:\/\/www.candice-nguyen.com\/fragments\/wp-content\/plugins\/youtube-embed-plus\/images\/playhover.png\" data-no-lazy=\"1\" data-skipgform_ajax_framebjll=\"\" \/><div class=\"epyt-gallery-playcrutch\"><\/div><\/div><\/div><\/div><div class=\"epyt-gallery-title\">Navigation entre Upernavik et Nuussuaq (Groenland)<\/div><\/div><div class=\"epyt-gallery-rowbreak\"><\/div><div tabindex=\"0\" role=\"button\" data-videoid=\"PLq9jL6NkUo\" class=\"epyt-gallery-thumb\"><div class=\"epyt-gallery-img-box\"><div class=\"epyt-gallery-img\" style=\"background-image: url(https:\/\/i.ytimg.com\/vi\/PLq9jL6NkUo\/hqdefault.jpg)\"><div class=\"epyt-gallery-playhover\"><img loading=\"lazy\" decoding=\"async\" alt=\"play\" class=\"epyt-play-img\" width=\"30\" height=\"23\" src=\"https:\/\/www.candice-nguyen.com\/fragments\/wp-content\/plugins\/youtube-embed-plus\/images\/playhover.png\" data-no-lazy=\"1\" data-skipgform_ajax_framebjll=\"\" \/><div class=\"epyt-gallery-playcrutch\"><\/div><\/div><\/div><\/div><div class=\"epyt-gallery-title\">une nuit \u00e0 bord du Manguier (Sondre Stromfjord, Groenland)<\/div><\/div><div tabindex=\"0\" role=\"button\" data-videoid=\"-GXCtGh8YI4\" class=\"epyt-gallery-thumb\"><div class=\"epyt-gallery-img-box\"><div class=\"epyt-gallery-img\" style=\"background-image: url(https:\/\/i.ytimg.com\/vi\/-GXCtGh8YI4\/hqdefault.jpg)\"><div class=\"epyt-gallery-playhover\"><img loading=\"lazy\" decoding=\"async\" alt=\"play\" class=\"epyt-play-img\" width=\"30\" height=\"23\" src=\"https:\/\/www.candice-nguyen.com\/fragments\/wp-content\/plugins\/youtube-embed-plus\/images\/playhover.png\" data-no-lazy=\"1\" data-skipgform_ajax_framebjll=\"\" \/><div class=\"epyt-gallery-playcrutch\"><\/div><\/div><\/div><\/div><div class=\"epyt-gallery-title\">Qeqertarsuaq (Groenland) #excerpt<\/div><\/div><div class=\"epyt-gallery-rowbreak\"><\/div><div tabindex=\"0\" role=\"button\" data-videoid=\"d8VfXeK4jcE\" class=\"epyt-gallery-thumb\"><div class=\"epyt-gallery-img-box\"><div class=\"epyt-gallery-img\" style=\"background-image: url(https:\/\/i.ytimg.com\/vi\/d8VfXeK4jcE\/hqdefault.jpg)\"><div class=\"epyt-gallery-playhover\"><img loading=\"lazy\" decoding=\"async\" alt=\"play\" class=\"epyt-play-img\" width=\"30\" height=\"23\" src=\"https:\/\/www.candice-nguyen.com\/fragments\/wp-content\/plugins\/youtube-embed-plus\/images\/playhover.png\" data-no-lazy=\"1\" data-skipgform_ajax_framebjll=\"\" \/><div class=\"epyt-gallery-playcrutch\"><\/div><\/div><\/div><\/div><div class=\"epyt-gallery-title\">Ilulissat (Groenland) #excerpt<\/div><\/div><div tabindex=\"0\" role=\"button\" data-videoid=\"RsXaYYEzrto\" class=\"epyt-gallery-thumb\"><div class=\"epyt-gallery-img-box\"><div class=\"epyt-gallery-img\" style=\"background-image: url(https:\/\/i.ytimg.com\/vi\/RsXaYYEzrto\/hqdefault.jpg)\"><div class=\"epyt-gallery-playhover\"><img loading=\"lazy\" decoding=\"async\" alt=\"play\" class=\"epyt-play-img\" width=\"30\" height=\"23\" src=\"https:\/\/www.candice-nguyen.com\/fragments\/wp-content\/plugins\/youtube-embed-plus\/images\/playhover.png\" data-no-lazy=\"1\" data-skipgform_ajax_framebjll=\"\" \/><div class=\"epyt-gallery-playcrutch\"><\/div><\/div><\/div><\/div><div class=\"epyt-gallery-title\">Groenland<\/div><\/div><div class=\"epyt-gallery-rowbreak\"><\/div><div tabindex=\"0\" role=\"button\" data-videoid=\"iOVOEEtFlK8\" class=\"epyt-gallery-thumb\"><div class=\"epyt-gallery-img-box\"><div class=\"epyt-gallery-img\" style=\"background-image: url(https:\/\/i.ytimg.com\/vi\/iOVOEEtFlK8\/hqdefault.jpg)\"><div class=\"epyt-gallery-playhover\"><img loading=\"lazy\" decoding=\"async\" alt=\"play\" class=\"epyt-play-img\" width=\"30\" height=\"23\" src=\"https:\/\/www.candice-nguyen.com\/fragments\/wp-content\/plugins\/youtube-embed-plus\/images\/playhover.png\" data-no-lazy=\"1\" data-skipgform_ajax_framebjll=\"\" \/><div class=\"epyt-gallery-playcrutch\"><\/div><\/div><\/div><\/div><div class=\"epyt-gallery-title\">de l\u2019incertitude d\u2019avril \u00e0 l\u2019hiver : ce qui m\u00e9rite vie<\/div><\/div><div class=\"epyt-gallery-clear\"><\/div><\/div><div class=\"epyt-pagination \"><div tabindex=\"0\" role=\"button\" class=\"epyt-pagebutton epyt-prev  hide \" data-playlistid=\"PL6WdcAYbY-SdTbttKPaKVbgjLjGjMHhvc\" data-pagesize=\"15\" data-pagetoken=\"\" data-epcolumns=\"2\" data-showtitle=\"1\" data-showpaging=\"1\" data-autonext=\"1\" data-thumbplay=\"1\"><div class=\"epyt-arrow\">&laquo;<\/div> <div>Prev<\/div><\/div><div class=\"epyt-pagenumbers hide\"><div class=\"epyt-current\">1<\/div><div class=\"epyt-pageseparator\"> \/ <\/div><div class=\"epyt-totalpages\">1<\/div><\/div><div tabindex=\"0\" role=\"button\" class=\"epyt-pagebutton epyt-next hide \" data-playlistid=\"PL6WdcAYbY-SdTbttKPaKVbgjLjGjMHhvc\" data-pagesize=\"15\" data-pagetoken=\"\" data-epcolumns=\"2\" data-showtitle=\"1\" data-showpaging=\"1\" data-autonext=\"1\" data-thumbplay=\"1\"><div>Next<\/div> <div class=\"epyt-arrow\">&raquo;<\/div><\/div><div class=\"epyt-loader\"><img loading=\"lazy\" decoding=\"async\" alt=\"loading\" width=\"16\" height=\"11\" src=\"https:\/\/www.candice-nguyen.com\/fragments\/wp-content\/plugins\/youtube-embed-plus\/images\/gallery-page-loader.gif\"><\/div><\/div><\/div><\/div>\n<p>&nbsp;<br \/>\n&nbsp;<\/p>\n<h3 style=\"text-align: center;\">AUTRES PROJETS<\/h3>\n<figure class=\"wp-block-embed wp-block-embed-youtube is-type-video is-provider-youtube epyt-figure\"><div class=\"wp-block-embed__wrapper\"><iframe loading=\"lazy\"  id=\"_ytid_99175\"  width=\"720\" height=\"405\"  data-origwidth=\"720\" data-origheight=\"405\" src=\"https:\/\/www.youtube.com\/embed\/FaB_bv0POK4?enablejsapi=1&autoplay=0&cc_load_policy=0&cc_lang_pref=&iv_load_policy=3&loop=0&rel=0&fs=1&playsinline=0&autohide=2&theme=dark&color=red&controls=1&disablekb=0&\" class=\"__youtube_prefs__  no-lazyload\" title=\"YouTube player\"  allow=\"fullscreen; accelerometer; autoplay; clipboard-write; encrypted-media; gyroscope; picture-in-picture; web-share\" referrerpolicy=\"strict-origin-when-cross-origin\" allowfullscreen data-no-lazy=\"1\" data-skipgform_ajax_framebjll=\"\"><\/iframe><\/div><\/figure>\n<p>&nbsp;<br \/>\n&nbsp;<\/p>\n<div id=\"vimeography-gallery-3\" class=\"vimeography-bugsauce\" data-version=\"1.2\" itemscope itemtype=\"http:\/\/schema.org\/VideoGallery\">\n\n  <div class=\"vimeography-main\">\n      <div class=\"vimeography-player\" itemprop=\"video\">\n        <div class=\"video-wrapper\">\n          <iframe loading=\"lazy\" id=\"vimeography852394\" src=\"https:\/\/player.vimeo.com\/video\/97198026?title=0&amp;byline=0&amp;portrait=0&amp;player_id=vimeography852394&amp;api=1&amp;app_id=122963\" width=\"640\" height=\"360\" frameborder=\"0\" allow=\"autoplay; fullscreen; picture-in-picture; clipboard-write; encrypted-media; web-share\" referrerpolicy=\"strict-origin-when-cross-origin\" title=\"a.il\/leurs\"><\/iframe>\n        <\/div>\n      <\/div>\n  <\/div>\n\n  <div class=\"vimeography-thumbnails\">\n    <ul class=\"vimeography-slides\">\n        <li data-link=\"https:\/\/vimeo.com\/97198026\"><img loading=\"lazy\" decoding=\"async\" src=\"https:\/\/i.vimeocdn.com\/video\/477484538-c238051b30c4a020cc230c60bf673cc9bb6ab340fe278a6cbdce0652c269edae-d_1280x720?&amp;r=pad&amp;region=us\" alt=\"a.il\/leurs\" width=\"186\" height=\"105\" itemprop=\"image\" \/><\/li>\n        <li data-link=\"https:\/\/vimeo.com\/candicenguyen\/vik-islande\"><img loading=\"lazy\" decoding=\"async\" src=\"https:\/\/i.vimeocdn.com\/video\/466267123-2e1b4f39941f2712ea3b8468d2aa2c537e82e149f218e4f4744c503976f250a0-d_1280x720?&amp;r=pad&amp;region=us\" alt=\"V\u00cdK \u00cd M\u00ddRDAL, ISLANDE\" width=\"186\" height=\"105\" itemprop=\"image\" \/><\/li>\n        <li data-link=\"https:\/\/vimeo.com\/86071844\"><img loading=\"lazy\" decoding=\"async\" src=\"https:\/\/i.vimeocdn.com\/video\/463639065-f9578a2a446bb0c96675e7a4b31a785c0c8ef8b303d647a8c71baf04d8ea1a54-d_1280x720?&amp;r=pad&amp;region=us\" alt=\"approaching a city\" width=\"186\" height=\"105\" itemprop=\"image\" \/><\/li>\n        <li data-link=\"https:\/\/vimeo.com\/candicenguyen\/halong\"><img loading=\"lazy\" decoding=\"async\" src=\"https:\/\/i.vimeocdn.com\/video\/461373588-a81fb022893306e5159324c3084b34e438e1c9083b6804fcfb9f1417d3296ddf-d_1280x720?&amp;r=pad&amp;region=us\" alt=\"they spent three hours adrift in a junk\" width=\"186\" height=\"105\" itemprop=\"image\" \/><\/li>\n        <li data-link=\"https:\/\/vimeo.com\/candicenguyen\/meduses\"><img loading=\"lazy\" decoding=\"async\" src=\"https:\/\/i.vimeocdn.com\/video\/442123148-b5dae200ed2755a90b1c3ca62d50a7449f82d842cbdf0e08cc4881b6b3ddb3a2-d_1280x720?&amp;r=pad&amp;region=us\" alt=\"la nourriture des m\u00e9duses\" width=\"186\" height=\"105\" itemprop=\"image\" \/><\/li>\n    <\/ul>\n  <\/div>\n\n<\/div> <!-- End Gallery -->\n\n<script type=\"text\/javascript\">\n\n  (function($){\n    $(document).ready(function() {\n\n      var $gallery = $('#vimeography-gallery-3');\n\n\n      var slider = $gallery.find('.vimeography-thumbnails').flexslider({\n        animation: \"slide\",\n        namespace: 'vimeography-bugsauce-',\n        controlNav: false,\n        animationLoop: false,\n        slideshow: false,\n        itemWidth: 186,\n        itemMargin: 8,\n        useCSS: false,\n        prevText: \"<span><\/span>\",\n        nextText: \"<span><\/span>\",\n        selector: \".vimeography-slides > li\"\n      }).data('flexslider');\n\n      $gallery.find('.vimeography-thumbnails li').first().addClass('vimeography-bugsauce-active-slide');\n\n      $gallery.on('click', '.vimeography-slides li', function(e){\n        $gallery.find('.vimeography-main').spin('custom');\n\n        var link = $(this).data('link');\n\n        $('.vimeography-bugsauce-active-slide').removeClass('vimeography-bugsauce-active-slide');\n        $(this).addClass('vimeography-bugsauce-active-slide');\n\n        $gallery.find('.vimeography-player').animate({'opacity':0}, 300, 'linear', function(){\n\n          var promise = vimeography.utilities.get_video( link );\n\n          promise.done(function (video) {\n            \/\/ This needs to be done so that the Vimeo API can interact with the player\n            video.html = vimeography.utilities.set_video_id(video.html);\n\n            $gallery.find('.vimeography-player').html(video.html).fitVids().animate({'opacity':1}, 300);\n            $gallery.find('.vimeography-main').spin(false);\n            $gallery.trigger('vimeography\/video\/ready');\n          });\n\n        });\n\n        e.preventDefault();\n      });\n\n      $gallery.on('vimeography\/playlist\/next', function(){\n        var $next_video = $('.vimeography-bugsauce-active-slide').next();\n\n        $next_video.trigger('click');\n\n        var videos_spanning_two_pages = slider.visible - slider.move;\n        var paging_factor = slider.visible - videos_spanning_two_pages;\n\n        if ( $next_video.index() >= paging_factor * (slider.currentSlide + 1) ) {\n          slider.flexslider('next');\n        }\n\n      });\n\n      $gallery.trigger('vimeography\/video\/ready');\n\n    });\n  })(jQuery)\n\n<\/script>\n\n\n<p>&nbsp;<\/p>\n","protected":false},"excerpt":{"rendered":"<p>CARNETS DU FROID &nbsp; &nbsp; AUTRES PROJETS &nbsp; &nbsp; &nbsp;<\/p>\n","protected":false},"author":3,"featured_media":21420,"parent":0,"menu_order":0,"comment_status":"closed","ping_status":"closed","template":"","meta":{"footnotes":""},"class_list":["post-20204","page","type-page","status-publish","has-post-thumbnail","hentry"],"aioseo_notices":[],"_links":{"self":[{"href":"https:\/\/www.candice-nguyen.com\/fragments\/wp-json\/wp\/v2\/pages\/20204","targetHints":{"allow":["GET"]}}],"collection":[{"href":"https:\/\/www.candice-nguyen.com\/fragments\/wp-json\/wp\/v2\/pages"}],"about":[{"href":"https:\/\/www.candice-nguyen.com\/fragments\/wp-json\/wp\/v2\/types\/page"}],"author":[{"embeddable":true,"href":"https:\/\/www.candice-nguyen.com\/fragments\/wp-json\/wp\/v2\/users\/3"}],"replies":[{"embeddable":true,"href":"https:\/\/www.candice-nguyen.com\/fragments\/wp-json\/wp\/v2\/comments?post=20204"}],"version-history":[{"count":12,"href":"https:\/\/www.candice-nguyen.com\/fragments\/wp-json\/wp\/v2\/pages\/20204\/revisions"}],"predecessor-version":[{"id":22851,"href":"https:\/\/www.candice-nguyen.com\/fragments\/wp-json\/wp\/v2\/pages\/20204\/revisions\/22851"}],"wp:featuredmedia":[{"embeddable":true,"href":"https:\/\/www.candice-nguyen.com\/fragments\/wp-json\/wp\/v2\/media\/21420"}],"wp:attachment":[{"href":"https:\/\/www.candice-nguyen.com\/fragments\/wp-json\/wp\/v2\/media?parent=20204"}],"curies":[{"name":"wp","href":"https:\/\/api.w.org\/{rel}","templated":true}]}}