{"id":22544,"date":"2019-10-25T11:40:23","date_gmt":"2019-10-25T09:40:23","guid":{"rendered":"https:\/\/www.candice-nguyen.com\/?page_id=22544"},"modified":"2022-07-31T13:53:44","modified_gmt":"2022-07-31T11:53:44","slug":"les-sales-gamines","status":"publish","type":"page","link":"https:\/\/www.candice-nguyen.com\/fragments\/blog\/les-sales-gamines\/","title":{"rendered":"les sales gamines"},"content":{"rendered":"<p>&nbsp;<\/p>\n<p style=\"text-align: center; font-size: 235%; line-height: 1.5em; font-family: Oswald; font-weight: 300; \">\u00ab Marseille G\u00eanes Naples les sales gamines qui mangent avec les doigts s&#8217;amourachent des dockers et leur \u00e9crivent des hirondelles \u00e0 tour de bras \u00bb<br \/>\n<span style=\"font-size: 50%; \"> E. Masini<\/span><\/p>\n<p><a title=\"tanger: carnets de route\" href=\"https:\/\/www.candice-nguyen.com\/snowball\/carnet-tangerois\/\"><img decoding=\"async\" src=\"https:\/\/www.candice-nguyen.com\/wp-content\/uploads\/2012\/08\/carnettangerois.png\" alt=\"carnet tang\u00e9rois\"  \/><\/a><br \/>\n<span style=\"font-family: Courier; text-align: left; color: #939393;\">tanger: carnets de route<\/span><\/p>\n<p><a title=\"marseille - tunis: l'enfance rouge \u2022  Indiectators\" href=\"https:\/\/www.candice-nguyen.com\/lenfance-rouge\/\"><img loading=\"lazy\" decoding=\"async\" src=\"https:\/\/www.candice-nguyen.com\/wp-content\/uploads\/2014\/02\/Marseille.jpg\" alt=\"Marseille\" width=\"1280\" height=\"721\" class=\"size-full wp-image-11724\" srcset=\"https:\/\/www.candice-nguyen.com\/fragments\/wp-content\/uploads\/2014\/02\/Marseille.jpg 1280w, https:\/\/www.candice-nguyen.com\/fragments\/wp-content\/uploads\/2014\/02\/Marseille-140x78.jpg 140w, https:\/\/www.candice-nguyen.com\/fragments\/wp-content\/uploads\/2014\/02\/Marseille-315x177.jpg 315w, https:\/\/www.candice-nguyen.com\/fragments\/wp-content\/uploads\/2014\/02\/Marseille-630x354.jpg 630w, https:\/\/www.candice-nguyen.com\/fragments\/wp-content\/uploads\/2014\/02\/Marseille-700x393.jpg 700w, https:\/\/www.candice-nguyen.com\/fragments\/wp-content\/uploads\/2014\/02\/Marseille-332x187.jpg 332w\" sizes=\"auto, (max-width: 1280px) 100vw, 1280px\" \/><\/a><br \/>\n<span style=\"font-family: Courier; text-align: left; color: #939393;\">tunis-marseille: l&#8217;enfance rouge \u2022  Indiectators (le bon go\u00fbt malgr\u00e9 toi)<\/span><\/p>\n<p><a  title=\"genoa: I\u2019m the ghost of those who will never get there\" href=\"https:\/\/www.candice-nguyen.com\/im-the-ghost-of-those-who-will-never-get-there\/\"><img loading=\"lazy\" decoding=\"async\" src=\"https:\/\/www.candice-nguyen.com\/wp-content\/uploads\/2016\/09\/20160904_154025.jpg\" alt=\"genoa \u00a9 candice nguyen\" width=\"1400\" height=\"842\" class=\"size-full wp-image-19914\" srcset=\"https:\/\/www.candice-nguyen.com\/fragments\/wp-content\/uploads\/2016\/09\/20160904_154025.jpg 1400w, https:\/\/www.candice-nguyen.com\/fragments\/wp-content\/uploads\/2016\/09\/20160904_154025-140x84.jpg 140w, https:\/\/www.candice-nguyen.com\/fragments\/wp-content\/uploads\/2016\/09\/20160904_154025-315x189.jpg 315w, https:\/\/www.candice-nguyen.com\/fragments\/wp-content\/uploads\/2016\/09\/20160904_154025-768x462.jpg 768w, https:\/\/www.candice-nguyen.com\/fragments\/wp-content\/uploads\/2016\/09\/20160904_154025-1280x770.jpg 1280w, https:\/\/www.candice-nguyen.com\/fragments\/wp-content\/uploads\/2016\/09\/20160904_154025-700x421.jpg 700w, https:\/\/www.candice-nguyen.com\/fragments\/wp-content\/uploads\/2016\/09\/20160904_154025-332x200.jpg 332w\" sizes=\"auto, (max-width: 1400px) 100vw, 1400px\" \/><\/a><br \/>\n<span style=\"font-family: Courier; text-align: left; color: #939393;\">genoa: I\u2019m the ghost of those who will never get there<\/span><\/p>\n<p><a title=\"genoa: et des plantes repoussent autour des corps des enfants morts\" href=\"https:\/\/www.candice-nguyen.com\/et-des-plantes-repoussent-autour-des-corps-des-enfants-morts\/\"><img loading=\"lazy\" decoding=\"async\" src=\"https:\/\/www.candice-nguyen.com\/wp-content\/uploads\/2016\/09\/20160908_113841.jpg\" alt=\"Cimitero Staglieno, Genoa, septembre 2016\" width=\"1400\" height=\"1051\" class=\"size-full wp-image-19748\" srcset=\"https:\/\/www.candice-nguyen.com\/fragments\/wp-content\/uploads\/2016\/09\/20160908_113841.jpg 1400w, https:\/\/www.candice-nguyen.com\/fragments\/wp-content\/uploads\/2016\/09\/20160908_113841-140x105.jpg 140w, https:\/\/www.candice-nguyen.com\/fragments\/wp-content\/uploads\/2016\/09\/20160908_113841-315x236.jpg 315w, https:\/\/www.candice-nguyen.com\/fragments\/wp-content\/uploads\/2016\/09\/20160908_113841-768x577.jpg 768w, https:\/\/www.candice-nguyen.com\/fragments\/wp-content\/uploads\/2016\/09\/20160908_113841-1199x900.jpg 1199w, https:\/\/www.candice-nguyen.com\/fragments\/wp-content\/uploads\/2016\/09\/20160908_113841-700x526.jpg 700w, https:\/\/www.candice-nguyen.com\/fragments\/wp-content\/uploads\/2016\/09\/20160908_113841-332x249.jpg 332w\" sizes=\"auto, (max-width: 1400px) 100vw, 1400px\" \/><\/a><br \/>\n<span style=\"font-family: Courier; text-align: left; color: #939393;\">genoa: et des plantes repoussent autour des corps des enfants morts<\/span><\/p>\n<p><a title=\"marseille: dans le d\u00e9sert et toutes les mers (Mahmoud Darwich)\" href=\"https:\/\/www.candice-nguyen.com\/dans-le-desert-et-toutes-les-mers-mahmoud-darwich\/\"><img loading=\"lazy\" decoding=\"async\" src=\"https:\/\/www.candice-nguyen.com\/wp-content\/uploads\/2016\/07\/4824709618_fc5daec99f_o.jpg\" alt=\"\" width=\"1280\" height=\"857\" class=\"size-full wp-image-19118\" srcset=\"https:\/\/www.candice-nguyen.com\/fragments\/wp-content\/uploads\/2016\/07\/4824709618_fc5daec99f_o.jpg 1280w, https:\/\/www.candice-nguyen.com\/fragments\/wp-content\/uploads\/2016\/07\/4824709618_fc5daec99f_o-140x94.jpg 140w, https:\/\/www.candice-nguyen.com\/fragments\/wp-content\/uploads\/2016\/07\/4824709618_fc5daec99f_o-315x211.jpg 315w, https:\/\/www.candice-nguyen.com\/fragments\/wp-content\/uploads\/2016\/07\/4824709618_fc5daec99f_o-768x514.jpg 768w, https:\/\/www.candice-nguyen.com\/fragments\/wp-content\/uploads\/2016\/07\/4824709618_fc5daec99f_o-700x469.jpg 700w, https:\/\/www.candice-nguyen.com\/fragments\/wp-content\/uploads\/2016\/07\/4824709618_fc5daec99f_o-332x222.jpg 332w\" sizes=\"auto, (max-width: 1280px) 100vw, 1280px\" \/><\/a><br \/>\n<span style=\"font-family: Courier; text-align: left; color: #939393;\">marseille: dans le d\u00e9sert et toutes les mers (Mahmoud Darwich)<\/span><\/p>\n<p><a title=\"la havane: un songe\" href=\"https:\/\/www.candice-nguyen.com\/un-songe\/\"><img loading=\"lazy\" decoding=\"async\" src=\"https:\/\/www.candice-nguyen.com\/wp-content\/uploads\/2016\/07\/la-havane-\u00a9-candice-nguyen.jpg\" alt=\"\" width=\"1400\" height=\"938\" class=\"size-full wp-image-19109\" srcset=\"https:\/\/www.candice-nguyen.com\/fragments\/wp-content\/uploads\/2016\/07\/la-havane-\u00a9-candice-nguyen.jpg 1400w, https:\/\/www.candice-nguyen.com\/fragments\/wp-content\/uploads\/2016\/07\/la-havane-\u00a9-candice-nguyen-140x94.jpg 140w, https:\/\/www.candice-nguyen.com\/fragments\/wp-content\/uploads\/2016\/07\/la-havane-\u00a9-candice-nguyen-315x211.jpg 315w, https:\/\/www.candice-nguyen.com\/fragments\/wp-content\/uploads\/2016\/07\/la-havane-\u00a9-candice-nguyen-768x515.jpg 768w, https:\/\/www.candice-nguyen.com\/fragments\/wp-content\/uploads\/2016\/07\/la-havane-\u00a9-candice-nguyen-1280x858.jpg 1280w, https:\/\/www.candice-nguyen.com\/fragments\/wp-content\/uploads\/2016\/07\/la-havane-\u00a9-candice-nguyen-700x469.jpg 700w, https:\/\/www.candice-nguyen.com\/fragments\/wp-content\/uploads\/2016\/07\/la-havane-\u00a9-candice-nguyen-332x222.jpg 332w\" sizes=\"auto, (max-width: 1400px) 100vw, 1400px\" \/><\/a><br \/>\n<span style=\"font-family: Courier; text-align: left; color: #939393;\">la havane: un songe<\/span><\/p>\n","protected":false},"excerpt":{"rendered":"<p>&nbsp; \u00ab Marseille G\u00eanes Naples les sales gamines qui mangent avec les doigts s&#8217;amourachent des dockers et leur \u00e9crivent des hirondelles \u00e0 tour de bras \u00bb E. Masini tanger: carnets de route tunis-marseille: l&#8217;enfance rouge \u2022 Indiectators (le bon go\u00fbt malgr\u00e9 toi) genoa: I\u2019m the ghost of those who will never get there genoa: et [&hellip;]<\/p>\n","protected":false},"author":3,"featured_media":16659,"parent":1025,"menu_order":0,"comment_status":"closed","ping_status":"closed","template":"","meta":{"footnotes":""},"class_list":["post-22544","page","type-page","status-publish","has-post-thumbnail","hentry"],"aioseo_notices":[],"_links":{"self":[{"href":"https:\/\/www.candice-nguyen.com\/fragments\/wp-json\/wp\/v2\/pages\/22544","targetHints":{"allow":["GET"]}}],"collection":[{"href":"https:\/\/www.candice-nguyen.com\/fragments\/wp-json\/wp\/v2\/pages"}],"about":[{"href":"https:\/\/www.candice-nguyen.com\/fragments\/wp-json\/wp\/v2\/types\/page"}],"author":[{"embeddable":true,"href":"https:\/\/www.candice-nguyen.com\/fragments\/wp-json\/wp\/v2\/users\/3"}],"replies":[{"embeddable":true,"href":"https:\/\/www.candice-nguyen.com\/fragments\/wp-json\/wp\/v2\/comments?post=22544"}],"version-history":[{"count":15,"href":"https:\/\/www.candice-nguyen.com\/fragments\/wp-json\/wp\/v2\/pages\/22544\/revisions"}],"predecessor-version":[{"id":22559,"href":"https:\/\/www.candice-nguyen.com\/fragments\/wp-json\/wp\/v2\/pages\/22544\/revisions\/22559"}],"up":[{"embeddable":true,"href":"https:\/\/www.candice-nguyen.com\/fragments\/wp-json\/wp\/v2\/pages\/1025"}],"wp:featuredmedia":[{"embeddable":true,"href":"https:\/\/www.candice-nguyen.com\/fragments\/wp-json\/wp\/v2\/media\/16659"}],"wp:attachment":[{"href":"https:\/\/www.candice-nguyen.com\/fragments\/wp-json\/wp\/v2\/media?parent=22544"}],"curies":[{"name":"wp","href":"https:\/\/api.w.org\/{rel}","templated":true}]}}