{"id":22761,"date":"2022-07-29T15:20:33","date_gmt":"2022-07-29T13:20:33","guid":{"rendered":"https:\/\/www.candice-nguyen.com\/?page_id=22761"},"modified":"2022-07-29T15:31:53","modified_gmt":"2022-07-29T13:31:53","slug":"chemins-de-traverse","status":"publish","type":"page","link":"https:\/\/www.candice-nguyen.com\/fragments\/chantiers\/chemins-de-traverse\/","title":{"rendered":"Chemins de traverse"},"content":{"rendered":"\n<div class=\"wp-block-query has-typology-txt-color has-text-color is-layout-flow wp-block-query-is-layout-flow\"><ul class=\"wp-block-post-template is-layout-flow wp-block-post-template-is-layout-flow\"><li class=\"wp-block-post post-21725 post type-post status-publish format-standard has-post-thumbnail hentry category-traverses tag-frederic-arthur-chabot tag-groenland tag-mediterranee tag-montreal tag-tanger tag-upernavik\">\n\n<div class=\"wp-block-group\"><div class=\"wp-block-group__inner-container is-layout-flow wp-block-group-is-layout-flow\"><h2 class=\"wp-block-post-title\"><a href=\"https:\/\/www.candice-nguyen.com\/fragments\/en-vie-traverses-chabot\/\" target=\"_self\" >toujours en vie \u2014 et combien | &#038; conversations avec fr\u00e9d\u00e9ric chabot<\/a><\/h2><\/div><\/div>\n\n\n<figure class=\"alignwide wp-block-post-featured-image\"><a href=\"https:\/\/www.candice-nguyen.com\/fragments\/en-vie-traverses-chabot\/\" target=\"_self\"  ><img loading=\"lazy\" decoding=\"async\" width=\"998\" height=\"326\" src=\"https:\/\/www.candice-nguyen.com\/fragments\/wp-content\/uploads\/2018\/08\/frederic_chabot_1.png\" class=\"attachment-post-thumbnail size-post-thumbnail wp-post-image\" alt=\"toujours en vie \u2014 et combien | &#038; conversations avec fr\u00e9d\u00e9ric chabot\" style=\"object-fit:cover;\" srcset=\"https:\/\/www.candice-nguyen.com\/fragments\/wp-content\/uploads\/2018\/08\/frederic_chabot_1.png 998w, https:\/\/www.candice-nguyen.com\/fragments\/wp-content\/uploads\/2018\/08\/frederic_chabot_1-140x46.png 140w, https:\/\/www.candice-nguyen.com\/fragments\/wp-content\/uploads\/2018\/08\/frederic_chabot_1-315x103.png 315w, https:\/\/www.candice-nguyen.com\/fragments\/wp-content\/uploads\/2018\/08\/frederic_chabot_1-768x251.png 768w, https:\/\/www.candice-nguyen.com\/fragments\/wp-content\/uploads\/2018\/08\/frederic_chabot_1-700x229.png 700w, https:\/\/www.candice-nguyen.com\/fragments\/wp-content\/uploads\/2018\/08\/frederic_chabot_1-332x108.png 332w\" sizes=\"auto, (max-width: 998px) 100vw, 998px\" \/><\/a><\/figure>\n\n<div class=\"wp-block-post-excerpt\"><p class=\"wp-block-post-excerpt__excerpt\">&nbsp; The Arrows \u2013 We have love (we may not have a decent home to call our own\u2026) &nbsp; _l&#8217;hiver dernier, je rencontrai fr\u00e9d\u00e9ric arthur chabot \u00e0 montr\u00e9al. fr\u00e9d\u00e9ric dont nous avions publi\u00e9 le travail dans PLATEFORM Magazine (dans le n\u00b03 de f\u00e9vrier 2009 puis dans le n\u00b035 oct. 2011 \u2014 oui je sais :\u2026 <\/p><\/div>\n\n\n<hr class=\"wp-block-separator has-css-opacity\"\/>\n\n\n<div class=\"wp-block-post-date\"><time datetime=\"2018-09-07T00:56:41+02:00\">7 septembre 2018<\/time><\/div>\n<\/li><li class=\"wp-block-post post-21852 post type-post status-publish format-standard has-post-thumbnail hentry category-traverses tag-frederic-arthur-chabot\">\n\n<div class=\"wp-block-group\"><div class=\"wp-block-group__inner-container is-layout-flow wp-block-group-is-layout-flow\"><h2 class=\"wp-block-post-title\"><a href=\"https:\/\/www.candice-nguyen.com\/fragments\/traverses-i\/\" target=\"_self\" >{ traverses 1 }<\/a><\/h2><\/div><\/div>\n\n\n<figure class=\"alignwide wp-block-post-featured-image\"><a href=\"https:\/\/www.candice-nguyen.com\/fragments\/traverses-i\/\" target=\"_self\"  ><img loading=\"lazy\" decoding=\"async\" width=\"424\" height=\"406\" src=\"https:\/\/www.candice-nguyen.com\/fragments\/wp-content\/uploads\/2018\/08\/frederic_chabot_25.png\" class=\"attachment-post-thumbnail size-post-thumbnail wp-post-image\" alt=\"{ traverses 1 }\" style=\"object-fit:cover;\" srcset=\"https:\/\/www.candice-nguyen.com\/fragments\/wp-content\/uploads\/2018\/08\/frederic_chabot_25.png 424w, https:\/\/www.candice-nguyen.com\/fragments\/wp-content\/uploads\/2018\/08\/frederic_chabot_25-140x134.png 140w, https:\/\/www.candice-nguyen.com\/fragments\/wp-content\/uploads\/2018\/08\/frederic_chabot_25-315x302.png 315w, https:\/\/www.candice-nguyen.com\/fragments\/wp-content\/uploads\/2018\/08\/frederic_chabot_25-332x318.png 332w\" sizes=\"auto, (max-width: 424px) 100vw, 424px\" \/><\/a><\/figure>\n\n<div class=\"wp-block-post-excerpt\"><p class=\"wp-block-post-excerpt__excerpt\">\u00a9 fr\u00e9d\u00e9ric chabot Je voudrais une langue de\u0301nude\u0301e de tous mots, pas un langage non, une langue qui tentant de nommer ce qui l&#8217;environne et l&#8217;enveloppe, prononcerait des choses qui ne sont pas des mots \u2014 charge\u0301s de trop d&#8217;histoire de\u0301ja\u0300 pour que nos ve\u0301cus y fassent correspondre les me\u0302mes objets \u2014 mais qui seraient\u2026 <\/p><\/div>\n\n\n<hr class=\"wp-block-separator has-css-opacity\"\/>\n\n\n<div class=\"wp-block-post-date\"><time datetime=\"2018-09-07T00:57:06+02:00\">7 septembre 2018<\/time><\/div>\n<\/li><li class=\"wp-block-post post-21897 post type-post status-publish format-standard has-post-thumbnail hentry category-traverses tag-frederic-arthur-chabot\">\n\n<div class=\"wp-block-group\"><div class=\"wp-block-group__inner-container is-layout-flow wp-block-group-is-layout-flow\"><h2 class=\"wp-block-post-title\"><a href=\"https:\/\/www.candice-nguyen.com\/fragments\/traverses-2\/\" target=\"_self\" >{ traverses 2 }<\/a><\/h2><\/div><\/div>\n\n\n<figure class=\"alignwide wp-block-post-featured-image\"><a href=\"https:\/\/www.candice-nguyen.com\/fragments\/traverses-2\/\" target=\"_self\"  ><img loading=\"lazy\" decoding=\"async\" width=\"640\" height=\"500\" src=\"https:\/\/www.candice-nguyen.com\/fragments\/wp-content\/uploads\/2018\/08\/frederic_chabot_2.png\" class=\"attachment-post-thumbnail size-post-thumbnail wp-post-image\" alt=\"{ traverses 2 }\" style=\"object-fit:cover;\" srcset=\"https:\/\/www.candice-nguyen.com\/fragments\/wp-content\/uploads\/2018\/08\/frederic_chabot_2.png 640w, https:\/\/www.candice-nguyen.com\/fragments\/wp-content\/uploads\/2018\/08\/frederic_chabot_2-140x109.png 140w, https:\/\/www.candice-nguyen.com\/fragments\/wp-content\/uploads\/2018\/08\/frederic_chabot_2-315x246.png 315w, https:\/\/www.candice-nguyen.com\/fragments\/wp-content\/uploads\/2018\/08\/frederic_chabot_2-332x259.png 332w\" sizes=\"auto, (max-width: 640px) 100vw, 640px\" \/><\/a><\/figure>\n\n<div class=\"wp-block-post-excerpt\"><p class=\"wp-block-post-excerpt__excerpt\">15h42, heure anesthe\u0301sie\u0301e une mouche en train de jouer &nbsp; &nbsp; &nbsp; &nbsp; qui n&#8217;a jamais crie\u0301 dans l&#8217;antichambre de sa vie l&#8217;impossible loge\u0301 au fond de la gorge &nbsp; &nbsp; &nbsp; &nbsp; dans les courbes du temps le souvenir de toi qui refait surface comme traversant des sie\u0300cles de silence le tre\u0300s long voyage\u2026 <\/p><\/div>\n\n\n<hr class=\"wp-block-separator has-css-opacity\"\/>\n\n\n<div class=\"wp-block-post-date\"><time datetime=\"2018-09-08T03:40:52+02:00\">8 septembre 2018<\/time><\/div>\n<\/li><li class=\"wp-block-post post-21922 post type-post status-publish format-standard has-post-thumbnail hentry category-traverses tag-frederic-arthur-chabot\">\n\n<div class=\"wp-block-group\"><div class=\"wp-block-group__inner-container is-layout-flow wp-block-group-is-layout-flow\"><h2 class=\"wp-block-post-title\"><a href=\"https:\/\/www.candice-nguyen.com\/fragments\/traverses-3\/\" target=\"_self\" >{ traverses 3 }<\/a><\/h2><\/div><\/div>\n\n\n<figure class=\"alignwide wp-block-post-featured-image\"><a href=\"https:\/\/www.candice-nguyen.com\/fragments\/traverses-3\/\" target=\"_self\"  ><img loading=\"lazy\" decoding=\"async\" width=\"1026\" height=\"1025\" src=\"https:\/\/www.candice-nguyen.com\/fragments\/wp-content\/uploads\/2018\/08\/frederic_chabot_21.png\" class=\"attachment-post-thumbnail size-post-thumbnail wp-post-image\" alt=\"{ traverses 3 }\" style=\"object-fit:cover;\" srcset=\"https:\/\/www.candice-nguyen.com\/fragments\/wp-content\/uploads\/2018\/08\/frederic_chabot_21.png 1026w, https:\/\/www.candice-nguyen.com\/fragments\/wp-content\/uploads\/2018\/08\/frederic_chabot_21-140x140.png 140w, https:\/\/www.candice-nguyen.com\/fragments\/wp-content\/uploads\/2018\/08\/frederic_chabot_21-315x315.png 315w, https:\/\/www.candice-nguyen.com\/fragments\/wp-content\/uploads\/2018\/08\/frederic_chabot_21-768x767.png 768w, https:\/\/www.candice-nguyen.com\/fragments\/wp-content\/uploads\/2018\/08\/frederic_chabot_21-901x900.png 901w, https:\/\/www.candice-nguyen.com\/fragments\/wp-content\/uploads\/2018\/08\/frederic_chabot_21-700x699.png 700w, https:\/\/www.candice-nguyen.com\/fragments\/wp-content\/uploads\/2018\/08\/frederic_chabot_21-332x332.png 332w, https:\/\/www.candice-nguyen.com\/fragments\/wp-content\/uploads\/2018\/08\/frederic_chabot_21-432x432.png 432w, https:\/\/www.candice-nguyen.com\/fragments\/wp-content\/uploads\/2018\/08\/frederic_chabot_21-268x268.png 268w\" sizes=\"auto, (max-width: 1026px) 100vw, 1026px\" \/><\/a><\/figure>\n\n<div class=\"wp-block-post-excerpt\"><p class=\"wp-block-post-excerpt__excerpt\">&nbsp; Donny Hathaway &#8211; A Song For You &nbsp; &nbsp; quand la nuit tombe que les murs fissurent elle me dit : je veux que l&#8217;histoire se termine sur un visage &nbsp; &nbsp; &nbsp; * &nbsp; &nbsp; * * &nbsp; &nbsp; &nbsp; s&#8217;estompe l&#8217;heure du jour ou\u0300 les derniers de\u0301sirs se consument &nbsp; (dehors pourtant\u2026 <\/p><\/div>\n\n\n<hr class=\"wp-block-separator has-css-opacity\"\/>\n\n\n<div class=\"wp-block-post-date\"><time datetime=\"2018-09-10T16:32:17+02:00\">10 septembre 2018<\/time><\/div>\n<\/li><li class=\"wp-block-post post-21975 post type-post status-publish format-standard has-post-thumbnail hentry category-traverses tag-frederic-arthur-chabot\">\n\n<div class=\"wp-block-group\"><div class=\"wp-block-group__inner-container is-layout-flow wp-block-group-is-layout-flow\"><h2 class=\"wp-block-post-title\"><a href=\"https:\/\/www.candice-nguyen.com\/fragments\/traverses-4\/\" target=\"_self\" >{ traverses 4 }<\/a><\/h2><\/div><\/div>\n\n\n<figure class=\"alignwide wp-block-post-featured-image\"><a href=\"https:\/\/www.candice-nguyen.com\/fragments\/traverses-4\/\" target=\"_self\"  ><img loading=\"lazy\" decoding=\"async\" width=\"500\" height=\"500\" src=\"https:\/\/www.candice-nguyen.com\/fragments\/wp-content\/uploads\/2018\/08\/frederic_chabot_52.jpg\" class=\"attachment-post-thumbnail size-post-thumbnail wp-post-image\" alt=\"{ traverses 4 }\" style=\"object-fit:cover;\" srcset=\"https:\/\/www.candice-nguyen.com\/fragments\/wp-content\/uploads\/2018\/08\/frederic_chabot_52.jpg 500w, https:\/\/www.candice-nguyen.com\/fragments\/wp-content\/uploads\/2018\/08\/frederic_chabot_52-140x140.jpg 140w, https:\/\/www.candice-nguyen.com\/fragments\/wp-content\/uploads\/2018\/08\/frederic_chabot_52-315x315.jpg 315w, https:\/\/www.candice-nguyen.com\/fragments\/wp-content\/uploads\/2018\/08\/frederic_chabot_52-332x332.jpg 332w, https:\/\/www.candice-nguyen.com\/fragments\/wp-content\/uploads\/2018\/08\/frederic_chabot_52-432x432.jpg 432w, https:\/\/www.candice-nguyen.com\/fragments\/wp-content\/uploads\/2018\/08\/frederic_chabot_52-268x268.jpg 268w\" sizes=\"auto, (max-width: 500px) 100vw, 500px\" \/><\/a><\/figure>\n\n<div class=\"wp-block-post-excerpt\"><p class=\"wp-block-post-excerpt__excerpt\">&nbsp; Orso Jesenska &#8211; Et nous encore vivants &nbsp; &nbsp; De temps en temps il vient quelques promeneurs de hasard, parachute\u0301s la\u0300 ou\u0300 il n&#8217;existe gue\u0300re plus de chemin. Entre les herbes folles dresse\u0301es ils s&#8217;approchent et tournent tout autour des se\u0301maphores abandonne\u0301s. Il n&#8217;y a plus de porte, seulement des de\u0301bris, une fene\u0302tre, vitre\u2026 <\/p><\/div>\n\n\n<hr class=\"wp-block-separator has-css-opacity\"\/>\n\n\n<div class=\"wp-block-post-date\"><time datetime=\"2018-09-12T12:17:12+02:00\">12 septembre 2018<\/time><\/div>\n<\/li><li class=\"wp-block-post post-22029 post type-post status-publish format-standard has-post-thumbnail hentry category-traverses tag-frederic-arthur-chabot\">\n\n<div class=\"wp-block-group\"><div class=\"wp-block-group__inner-container is-layout-flow wp-block-group-is-layout-flow\"><h2 class=\"wp-block-post-title\"><a href=\"https:\/\/www.candice-nguyen.com\/fragments\/traverses-5\/\" target=\"_self\" >{ traverses 5 }<\/a><\/h2><\/div><\/div>\n\n\n<figure class=\"alignwide wp-block-post-featured-image\"><a href=\"https:\/\/www.candice-nguyen.com\/fragments\/traverses-5\/\" target=\"_self\"  ><img loading=\"lazy\" decoding=\"async\" width=\"988\" height=\"426\" src=\"https:\/\/www.candice-nguyen.com\/fragments\/wp-content\/uploads\/2018\/08\/frederic_chabot_11.png\" class=\"attachment-post-thumbnail size-post-thumbnail wp-post-image\" alt=\"{ traverses 5 }\" style=\"object-fit:cover;\" srcset=\"https:\/\/www.candice-nguyen.com\/fragments\/wp-content\/uploads\/2018\/08\/frederic_chabot_11.png 988w, https:\/\/www.candice-nguyen.com\/fragments\/wp-content\/uploads\/2018\/08\/frederic_chabot_11-140x60.png 140w, https:\/\/www.candice-nguyen.com\/fragments\/wp-content\/uploads\/2018\/08\/frederic_chabot_11-315x136.png 315w, https:\/\/www.candice-nguyen.com\/fragments\/wp-content\/uploads\/2018\/08\/frederic_chabot_11-768x331.png 768w, https:\/\/www.candice-nguyen.com\/fragments\/wp-content\/uploads\/2018\/08\/frederic_chabot_11-700x302.png 700w, https:\/\/www.candice-nguyen.com\/fragments\/wp-content\/uploads\/2018\/08\/frederic_chabot_11-332x143.png 332w\" sizes=\"auto, (max-width: 988px) 100vw, 988px\" \/><\/a><\/figure>\n\n<div class=\"wp-block-post-excerpt\"><p class=\"wp-block-post-excerpt__excerpt\">&nbsp; Nick Cave &#038; Warren Ellis &#8211; Song for Jesse &nbsp; arrive\u0301 au bout du chemin le regard qui se modifie il n&#8217;y a plus de re\u0301ponses parce que plus de questions que les embruns a\u0300 ton visage et la lumie\u0300re en pleine nuit &nbsp; &nbsp; &nbsp; * &nbsp; &nbsp; * * &nbsp; &nbsp; &nbsp;\u2026 <\/p><\/div>\n\n\n<hr class=\"wp-block-separator has-css-opacity\"\/>\n\n\n<div class=\"wp-block-post-date\"><time datetime=\"2018-09-16T12:46:50+02:00\">16 septembre 2018<\/time><\/div>\n<\/li><li class=\"wp-block-post post-22082 post type-post status-publish format-standard has-post-thumbnail hentry category-traverses tag-frederic-arthur-chabot\">\n\n<div class=\"wp-block-group\"><div class=\"wp-block-group__inner-container is-layout-flow wp-block-group-is-layout-flow\"><h2 class=\"wp-block-post-title\"><a href=\"https:\/\/www.candice-nguyen.com\/fragments\/traverses-6\/\" target=\"_self\" >{ traverses 6 }<\/a><\/h2><\/div><\/div>\n\n\n<figure class=\"alignwide wp-block-post-featured-image\"><a href=\"https:\/\/www.candice-nguyen.com\/fragments\/traverses-6\/\" target=\"_self\"  ><img loading=\"lazy\" decoding=\"async\" width=\"1023\" height=\"829\" src=\"https:\/\/www.candice-nguyen.com\/fragments\/wp-content\/uploads\/2018\/08\/frederic_chabot_29.png\" class=\"attachment-post-thumbnail size-post-thumbnail wp-post-image\" alt=\"{ traverses 6 }\" style=\"object-fit:cover;\" srcset=\"https:\/\/www.candice-nguyen.com\/fragments\/wp-content\/uploads\/2018\/08\/frederic_chabot_29.png 1023w, https:\/\/www.candice-nguyen.com\/fragments\/wp-content\/uploads\/2018\/08\/frederic_chabot_29-140x113.png 140w, https:\/\/www.candice-nguyen.com\/fragments\/wp-content\/uploads\/2018\/08\/frederic_chabot_29-315x255.png 315w, https:\/\/www.candice-nguyen.com\/fragments\/wp-content\/uploads\/2018\/08\/frederic_chabot_29-768x622.png 768w, https:\/\/www.candice-nguyen.com\/fragments\/wp-content\/uploads\/2018\/08\/frederic_chabot_29-700x567.png 700w, https:\/\/www.candice-nguyen.com\/fragments\/wp-content\/uploads\/2018\/08\/frederic_chabot_29-332x269.png 332w\" sizes=\"auto, (max-width: 1023px) 100vw, 1023px\" \/><\/a><\/figure>\n\n<div class=\"wp-block-post-excerpt\"><p class=\"wp-block-post-excerpt__excerpt\">&nbsp; Mozart l&#8217;Egyptien &#8211; Dhikr \/ Requiem \/ Golgotha (After the &#8220;Introitus&#8221; from Mozart&#8217;s &#8220;Requiem in D Minor, K. 626) &nbsp; un marque-page sur les jours a\u0300 fleur de falaise plongeant dans la mer le fragile e\u0301quilibre de la re\u0301conciliation des craquements partout se font entendre des aboiements des cris le bruit sec du cuir\u2026 <\/p><\/div>\n\n\n<hr class=\"wp-block-separator has-css-opacity\"\/>\n\n\n<div class=\"wp-block-post-date\"><time datetime=\"2018-09-19T12:15:04+02:00\">19 septembre 2018<\/time><\/div>\n<\/li><li class=\"wp-block-post post-22128 post type-post status-publish format-standard has-post-thumbnail hentry category-traverses tag-frederic-arthur-chabot\">\n\n<div class=\"wp-block-group\"><div class=\"wp-block-group__inner-container is-layout-flow wp-block-group-is-layout-flow\"><h2 class=\"wp-block-post-title\"><a href=\"https:\/\/www.candice-nguyen.com\/fragments\/traverses-7\/\" target=\"_self\" >{ traverses 7 }<\/a><\/h2><\/div><\/div>\n\n\n<figure class=\"alignwide wp-block-post-featured-image\"><a href=\"https:\/\/www.candice-nguyen.com\/fragments\/traverses-7\/\" target=\"_self\"  ><img loading=\"lazy\" decoding=\"async\" width=\"972\" height=\"412\" src=\"https:\/\/www.candice-nguyen.com\/fragments\/wp-content\/uploads\/2018\/08\/frederic_chabot_28.png\" class=\"attachment-post-thumbnail size-post-thumbnail wp-post-image\" alt=\"{ traverses 7 }\" style=\"object-fit:cover;\" srcset=\"https:\/\/www.candice-nguyen.com\/fragments\/wp-content\/uploads\/2018\/08\/frederic_chabot_28.png 972w, https:\/\/www.candice-nguyen.com\/fragments\/wp-content\/uploads\/2018\/08\/frederic_chabot_28-140x59.png 140w, https:\/\/www.candice-nguyen.com\/fragments\/wp-content\/uploads\/2018\/08\/frederic_chabot_28-315x134.png 315w, https:\/\/www.candice-nguyen.com\/fragments\/wp-content\/uploads\/2018\/08\/frederic_chabot_28-768x326.png 768w, https:\/\/www.candice-nguyen.com\/fragments\/wp-content\/uploads\/2018\/08\/frederic_chabot_28-700x297.png 700w, https:\/\/www.candice-nguyen.com\/fragments\/wp-content\/uploads\/2018\/08\/frederic_chabot_28-332x141.png 332w\" sizes=\"auto, (max-width: 972px) 100vw, 972px\" \/><\/a><\/figure>\n\n<div class=\"wp-block-post-excerpt\"><p class=\"wp-block-post-excerpt__excerpt\">&nbsp; Lianne La Havas \u2013 Say a little prayer (Live @ Studio Brussel) &nbsp; odeurs : terre mouille\u0301e apre\u0300s la pluie l&#8217;odeur de la pluie en ville herbe frai\u0302chement coupe\u0301e che\u0300vrefeuille (le souvenir de) iode marin lichen parois toundra orange cannelle confiture de fruits rouges en train de se faire et toi &nbsp; &nbsp; *\u2026 <\/p><\/div>\n\n\n<hr class=\"wp-block-separator has-css-opacity\"\/>\n\n\n<div class=\"wp-block-post-date\"><time datetime=\"2018-09-23T17:49:13+02:00\">23 septembre 2018<\/time><\/div>\n<\/li><li class=\"wp-block-post post-22127 post type-post status-publish format-standard has-post-thumbnail hentry category-traverses tag-aquarius tag-frederic-arthur-chabot tag-mediterranee\">\n\n<div class=\"wp-block-group\"><div class=\"wp-block-group__inner-container is-layout-flow wp-block-group-is-layout-flow\"><h2 class=\"wp-block-post-title\"><a href=\"https:\/\/www.candice-nguyen.com\/fragments\/traverses-8\/\" target=\"_self\" >{ traverses 8 }<\/a><\/h2><\/div><\/div>\n\n\n<figure class=\"alignwide wp-block-post-featured-image\"><a href=\"https:\/\/www.candice-nguyen.com\/fragments\/traverses-8\/\" target=\"_self\"  ><img loading=\"lazy\" decoding=\"async\" width=\"650\" height=\"426\" src=\"https:\/\/www.candice-nguyen.com\/fragments\/wp-content\/uploads\/2018\/08\/frederic_chabot_18.png\" class=\"attachment-post-thumbnail size-post-thumbnail wp-post-image\" alt=\"{ traverses 8 }\" style=\"object-fit:cover;\" srcset=\"https:\/\/www.candice-nguyen.com\/fragments\/wp-content\/uploads\/2018\/08\/frederic_chabot_18.png 650w, https:\/\/www.candice-nguyen.com\/fragments\/wp-content\/uploads\/2018\/08\/frederic_chabot_18-140x92.png 140w, https:\/\/www.candice-nguyen.com\/fragments\/wp-content\/uploads\/2018\/08\/frederic_chabot_18-315x206.png 315w, https:\/\/www.candice-nguyen.com\/fragments\/wp-content\/uploads\/2018\/08\/frederic_chabot_18-332x218.png 332w\" sizes=\"auto, (max-width: 650px) 100vw, 650px\" \/><\/a><\/figure>\n\n<div class=\"wp-block-post-excerpt\"><p class=\"wp-block-post-excerpt__excerpt\">&nbsp; Au bout de sa langue Il cache des paysages \u2014 L&#8217;\u00e9tranger. \u2014 Horimoto Gin Stevie Wonder \u2013 Pastime Paradise&nbsp; They&#8217;ve been spending most their lives Living in a pastime paradise They&#8217;ve been wasting most their lives Glorifying days long gone behind They&#8217;ve been wasting most their days In remembrance of ignorance oldest praise Tell\u2026 <\/p><\/div>\n\n\n<hr class=\"wp-block-separator has-css-opacity\"\/>\n\n\n<div class=\"wp-block-post-date\"><time datetime=\"2018-09-26T04:21:12+02:00\">26 septembre 2018<\/time><\/div>\n<\/li><li class=\"wp-block-post post-22008 post type-post status-publish format-standard has-post-thumbnail hentry category-traverses tag-frederic-arthur-chabot tag-mahmoud-darwich\">\n\n<div class=\"wp-block-group\"><div class=\"wp-block-group__inner-container is-layout-flow wp-block-group-is-layout-flow\"><h2 class=\"wp-block-post-title\"><a href=\"https:\/\/www.candice-nguyen.com\/fragments\/traverses-9\/\" target=\"_self\" >{ traverses 9 }<\/a><\/h2><\/div><\/div>\n\n\n<figure class=\"alignwide wp-block-post-featured-image\"><a href=\"https:\/\/www.candice-nguyen.com\/fragments\/traverses-9\/\" target=\"_self\"  ><img loading=\"lazy\" decoding=\"async\" width=\"1025\" height=\"681\" src=\"https:\/\/www.candice-nguyen.com\/fragments\/wp-content\/uploads\/2018\/08\/frederic_chabot_38.png\" class=\"attachment-post-thumbnail size-post-thumbnail wp-post-image\" alt=\"{ traverses 9 }\" style=\"object-fit:cover;\" srcset=\"https:\/\/www.candice-nguyen.com\/fragments\/wp-content\/uploads\/2018\/08\/frederic_chabot_38.png 1025w, https:\/\/www.candice-nguyen.com\/fragments\/wp-content\/uploads\/2018\/08\/frederic_chabot_38-140x93.png 140w, https:\/\/www.candice-nguyen.com\/fragments\/wp-content\/uploads\/2018\/08\/frederic_chabot_38-315x209.png 315w, https:\/\/www.candice-nguyen.com\/fragments\/wp-content\/uploads\/2018\/08\/frederic_chabot_38-768x510.png 768w, https:\/\/www.candice-nguyen.com\/fragments\/wp-content\/uploads\/2018\/08\/frederic_chabot_38-700x465.png 700w, https:\/\/www.candice-nguyen.com\/fragments\/wp-content\/uploads\/2018\/08\/frederic_chabot_38-332x221.png 332w\" sizes=\"auto, (max-width: 1025px) 100vw, 1025px\" \/><\/a><\/figure>\n\n<div class=\"wp-block-post-excerpt\"><p class=\"wp-block-post-excerpt__excerpt\">&nbsp; \u00e0 v. Ghazal Shakeri &#8211; Man O To Des voix murmurent au creux de la nuit. Elles se racontent les vies depuis le temps manque\u0301es. Chaque mot est pese\u0301, jauge\u0301, avant de pouvoir rejoindre la fume\u0301e bleue des confidences. Un rire parfois, quelques e\u0301clairs dans les yeux. Le silence soudain. Banc de lucioles dans\u2026 <\/p><\/div>\n\n\n<hr class=\"wp-block-separator has-css-opacity\"\/>\n\n\n<div class=\"wp-block-post-date\"><time datetime=\"2018-10-13T11:00:34+02:00\">13 octobre 2018<\/time><\/div>\n<\/li><li class=\"wp-block-post post-22240 post type-post status-publish format-standard has-post-thumbnail hentry category-traverses tag-frederic-arthur-chabot tag-mahmoud-darwich\">\n\n<div class=\"wp-block-group\"><div class=\"wp-block-group__inner-container is-layout-flow wp-block-group-is-layout-flow\"><h2 class=\"wp-block-post-title\"><a href=\"https:\/\/www.candice-nguyen.com\/fragments\/traverses-10\/\" target=\"_self\" >{ traverses 10 }<\/a><\/h2><\/div><\/div>\n\n\n<figure class=\"alignwide wp-block-post-featured-image\"><a href=\"https:\/\/www.candice-nguyen.com\/fragments\/traverses-10\/\" target=\"_self\"  ><img loading=\"lazy\" decoding=\"async\" width=\"1025\" height=\"680\" src=\"https:\/\/www.candice-nguyen.com\/fragments\/wp-content\/uploads\/2018\/08\/frederic_chabot_30.png\" class=\"attachment-post-thumbnail size-post-thumbnail wp-post-image\" alt=\"{ traverses 10 }\" style=\"object-fit:cover;\" srcset=\"https:\/\/www.candice-nguyen.com\/fragments\/wp-content\/uploads\/2018\/08\/frederic_chabot_30.png 1025w, https:\/\/www.candice-nguyen.com\/fragments\/wp-content\/uploads\/2018\/08\/frederic_chabot_30-140x93.png 140w, https:\/\/www.candice-nguyen.com\/fragments\/wp-content\/uploads\/2018\/08\/frederic_chabot_30-315x209.png 315w, https:\/\/www.candice-nguyen.com\/fragments\/wp-content\/uploads\/2018\/08\/frederic_chabot_30-768x510.png 768w, https:\/\/www.candice-nguyen.com\/fragments\/wp-content\/uploads\/2018\/08\/frederic_chabot_30-700x464.png 700w, https:\/\/www.candice-nguyen.com\/fragments\/wp-content\/uploads\/2018\/08\/frederic_chabot_30-332x220.png 332w\" sizes=\"auto, (max-width: 1025px) 100vw, 1025px\" \/><\/a><\/figure>\n\n<div class=\"wp-block-post-excerpt\"><p class=\"wp-block-post-excerpt__excerpt\">&nbsp; \u00ab J&#8217;\u00e9corche mes plaies avec les extr\u00e9mit\u00e9s de ton silence \u2026 et la temp\u00eate et je meurs pour que les mots tr\u00f4nent dans tes mains \u00bb Mahmoud Darwich, S&#8217;envolent les colombes Nos pense\u0301es sont comme des nuages. Jamais elles ne se fixent mais lentement et imperceptiblement changent de forme ; accueillant en leur sein\u2026 <\/p><\/div>\n\n\n<hr class=\"wp-block-separator has-css-opacity\"\/>\n\n\n<div class=\"wp-block-post-date\"><time datetime=\"2018-10-19T10:29:43+02:00\">19 octobre 2018<\/time><\/div>\n<\/li><\/ul><\/div>\n","protected":false},"excerpt":{"rendered":"","protected":false},"author":3,"featured_media":21701,"parent":586,"menu_order":0,"comment_status":"closed","ping_status":"closed","template":"","meta":{"footnotes":""},"class_list":["post-22761","page","type-page","status-publish","has-post-thumbnail","hentry"],"aioseo_notices":[],"_links":{"self":[{"href":"https:\/\/www.candice-nguyen.com\/fragments\/wp-json\/wp\/v2\/pages\/22761","targetHints":{"allow":["GET"]}}],"collection":[{"href":"https:\/\/www.candice-nguyen.com\/fragments\/wp-json\/wp\/v2\/pages"}],"about":[{"href":"https:\/\/www.candice-nguyen.com\/fragments\/wp-json\/wp\/v2\/types\/page"}],"author":[{"embeddable":true,"href":"https:\/\/www.candice-nguyen.com\/fragments\/wp-json\/wp\/v2\/users\/3"}],"replies":[{"embeddable":true,"href":"https:\/\/www.candice-nguyen.com\/fragments\/wp-json\/wp\/v2\/comments?post=22761"}],"version-history":[{"count":7,"href":"https:\/\/www.candice-nguyen.com\/fragments\/wp-json\/wp\/v2\/pages\/22761\/revisions"}],"predecessor-version":[{"id":22775,"href":"https:\/\/www.candice-nguyen.com\/fragments\/wp-json\/wp\/v2\/pages\/22761\/revisions\/22775"}],"up":[{"embeddable":true,"href":"https:\/\/www.candice-nguyen.com\/fragments\/wp-json\/wp\/v2\/pages\/586"}],"wp:featuredmedia":[{"embeddable":true,"href":"https:\/\/www.candice-nguyen.com\/fragments\/wp-json\/wp\/v2\/media\/21701"}],"wp:attachment":[{"href":"https:\/\/www.candice-nguyen.com\/fragments\/wp-json\/wp\/v2\/media?parent=22761"}],"curies":[{"name":"wp","href":"https:\/\/api.w.org\/{rel}","templated":true}]}}