{"id":245,"date":"2012-08-19T08:26:26","date_gmt":"2012-08-19T08:26:26","guid":{"rendered":"http:\/\/candicenguyen.wordpress.com\/?page_id=245"},"modified":"2023-02-22T12:11:10","modified_gmt":"2023-02-22T11:11:10","slug":"on-the-nature-of-daylight","status":"publish","type":"page","link":"https:\/\/www.candice-nguyen.com\/fragments\/chantiers\/meduses\/on-the-nature-of-daylight\/","title":{"rendered":"On the nature of daylight (7)"},"content":{"rendered":"<p>&nbsp;<\/p>\n<p style=\"text-align: center;\"><a href=\"https:\/\/www.candice-nguyen.com\/wp-content\/uploads\/2012\/08\/on-the-nature-of-daylight-1024x684.jpg\" data-rel=\"lightbox-gallery-mXZahuKg\" data-rl_title=\"\" data-rl_caption=\"\" title=\"\"><img loading=\"lazy\" decoding=\"async\" class=\"alignnone size-large wp-image-1779\" src=\"https:\/\/www.candice-nguyen.com\/wp-content\/uploads\/2012\/08\/on-the-nature-of-daylight-1024x684.jpg\" alt=\"on the nature of daylight (7)\" width=\"630\" height=\"420\" srcset=\"https:\/\/www.candice-nguyen.com\/fragments\/wp-content\/uploads\/2012\/08\/on-the-nature-of-daylight-1024x684.jpg 1024w, https:\/\/www.candice-nguyen.com\/fragments\/wp-content\/uploads\/2012\/08\/on-the-nature-of-daylight-150x100.jpg 150w, https:\/\/www.candice-nguyen.com\/fragments\/wp-content\/uploads\/2012\/08\/on-the-nature-of-daylight-500x334.jpg 500w, https:\/\/www.candice-nguyen.com\/fragments\/wp-content\/uploads\/2012\/08\/on-the-nature-of-daylight-700x468.jpg 700w, https:\/\/www.candice-nguyen.com\/fragments\/wp-content\/uploads\/2012\/08\/on-the-nature-of-daylight-332x222.jpg 332w, https:\/\/www.candice-nguyen.com\/fragments\/wp-content\/uploads\/2012\/08\/on-the-nature-of-daylight.jpg 1280w\" sizes=\"auto, (max-width: 630px) 100vw, 630px\" \/><\/a><\/p>\n<div class=\"compact_audio_player_wrapper\"><div class=\"sc_player_container1\"><input type=\"button\" id=\"btnplay_69f9a504567890.33597020\" class=\"myButton_play\" onClick=\"play_mp3('play','69f9a504567890.33597020','https:\/\/www.candice-nguyen.com\/wp-content\/uploads\/2013\/01\/OnTheNatureOfDaylight.mp3','80','false');show_hide('play','69f9a504567890.33597020');\" \/><input type=\"button\"  id=\"btnstop_69f9a504567890.33597020\" style=\"display:none\" class=\"myButton_stop\" onClick=\"play_mp3('stop','69f9a504567890.33597020','','80','false');show_hide('stop','69f9a504567890.33597020');\" \/><div id=\"sm2-container\"><!-- flash movie ends up here --><\/div><\/div><\/div>        <script type=\"text\/javascript\" charset=\"utf-8\">\n        soundManager.setup({\n            url: \"https:\/\/www.candice-nguyen.com\/fragments\/wp-content\/plugins\/compact-wp-audio-player\/swf\/soundmanager2.swf\",\n            onready: function() {\n                var mySound = soundManager.createSound({\n                    id: \"btnplay_69f9a504567890.33597020\",\n                    volume: \"80\",\n                    url: \"https:\/\/www.candice-nguyen.com\/wp-content\/uploads\/2013\/01\/OnTheNatureOfDaylight.mp3\"\n                });\n                var auto_loop = \"false\";\n                mySound.play({\n                    onfinish: function() {\n                        if (auto_loop == \"true\") {\n                            loopSound(\"btnplay_69f9a504567890.33597020\");\n                        } else {\n                            document.getElementById(\"btnplay_69f9a504567890.33597020\").style.display = \"inline\";\n                            document.getElementById(\"btnstop_69f9a504567890.33597020\").style.display = \"none\";\n                        }\n                    }\n                });\n                document.getElementById(\"btnplay_69f9a504567890.33597020\").style.display = \"none\";\n                document.getElementById(\"btnstop_69f9a504567890.33597020\").style.display = \"inline\";\n            },\n            ontimeout: function() {\n                \/\/ SM2 could not start. Missing SWF? Flash blocked? Show an error.\n                alert(\"Error! Audio player failed to load.\");\n            }\n        });\n        <\/script>\n         <span style=\"font-size: 100%; font-family: Oswald; font-weight: 300;\">Max Richter &#8211; On the nature of daylight<\/span><br \/>\n&nbsp;<\/p>\n<p style=\"text-align: justify; font-size: 130%; line-height: 1.5em; font-family: Oswald; font-weight: 300; padding-left: 80px; padding-right: 80px;\">La lumi\u00e8re ne semble plus vouloir d\u00e9cliner. Il y a cette lenteur de nos moindres faits et gestes, comme un \u00e9tirement pour se perdre dont on ne saurait plus distinguer la fin du commencement, et nos yeux, pliss\u00e9s sous l&#8217;\u00e9clat blanc violent de ces surfaces interminables, insondables, et le sel, nous sommes hors du temps.<\/p>\n<p style=\"text-align: justify; font-size: 130%; line-height: 1.5em; font-family: Oswald; font-weight: 300; padding-left: 80px; padding-right: 80px;\">Deviendrais-je fou ou un b\u00e9luga nous suit depuis hier ou bien \u00e9tait-ce ce matin seulement que l&#8217;aurais-je remarqu\u00e9 ? De loin sous les fonds, plonger, r\u00e9appara\u00eetre, ainsi de suite et encore, toujours l\u00e0, dans le silence et la discr\u00e9tion habile prot\u00e9g\u00e9e de nos regards par les r\u00e9flexions de lumi\u00e8re qui nous aveuglent, le sursaut toujours lorsque l&#8217;on a d\u00e9tourn\u00e9 les yeux. Que fait-il seul et si pr\u00e8s de nous, nous son danger, ses pr\u00e9dateurs, si loin des siens, et nos machines, le sang qui peut couler d&#8217;un instant \u00e0 l&#8217;autre et se m\u00e9langer \u00e0 la virginit\u00e9 de ces lieux, comment suis-je donc parvenu l\u00e0 ?<\/p>\n<p>&nbsp;<\/p>\n<p style=\"text-align: center;\"><a href=\"\/fragments\/chantiers\/meduses\/nous-ne-sommes-toujours-pas-des-meduses\/\">\u2190 revenir<\/a> \u2022 <a href=\"\/fragments\/lair-etait-soudainement-froid-8\/\">continuer \u2192<\/a><\/p>\n","protected":false},"excerpt":{"rendered":"<p>&nbsp; Max Richter &#8211; On the nature of daylight &nbsp; La lumi\u00e8re ne semble plus vouloir d\u00e9cliner. Il y a cette lenteur de nos moindres faits et gestes, comme un \u00e9tirement pour se perdre dont on ne saurait plus distinguer la fin du commencement, et nos yeux, pliss\u00e9s sous l&#8217;\u00e9clat blanc violent de ces surfaces [&hellip;]<\/p>\n","protected":false},"author":3,"featured_media":1779,"parent":36,"menu_order":7,"comment_status":"closed","ping_status":"closed","template":"","meta":{"footnotes":""},"class_list":["post-245","page","type-page","status-publish","has-post-thumbnail","hentry"],"aioseo_notices":[],"_links":{"self":[{"href":"https:\/\/www.candice-nguyen.com\/fragments\/wp-json\/wp\/v2\/pages\/245","targetHints":{"allow":["GET"]}}],"collection":[{"href":"https:\/\/www.candice-nguyen.com\/fragments\/wp-json\/wp\/v2\/pages"}],"about":[{"href":"https:\/\/www.candice-nguyen.com\/fragments\/wp-json\/wp\/v2\/types\/page"}],"author":[{"embeddable":true,"href":"https:\/\/www.candice-nguyen.com\/fragments\/wp-json\/wp\/v2\/users\/3"}],"replies":[{"embeddable":true,"href":"https:\/\/www.candice-nguyen.com\/fragments\/wp-json\/wp\/v2\/comments?post=245"}],"version-history":[{"count":20,"href":"https:\/\/www.candice-nguyen.com\/fragments\/wp-json\/wp\/v2\/pages\/245\/revisions"}],"predecessor-version":[{"id":23090,"href":"https:\/\/www.candice-nguyen.com\/fragments\/wp-json\/wp\/v2\/pages\/245\/revisions\/23090"}],"up":[{"embeddable":true,"href":"https:\/\/www.candice-nguyen.com\/fragments\/wp-json\/wp\/v2\/pages\/36"}],"wp:featuredmedia":[{"embeddable":true,"href":"https:\/\/www.candice-nguyen.com\/fragments\/wp-json\/wp\/v2\/media\/1779"}],"wp:attachment":[{"href":"https:\/\/www.candice-nguyen.com\/fragments\/wp-json\/wp\/v2\/media?parent=245"}],"curies":[{"name":"wp","href":"https:\/\/api.w.org\/{rel}","templated":true}]}}