{"id":337,"date":"2012-08-19T11:13:01","date_gmt":"2012-08-19T10:13:01","guid":{"rendered":"http:\/\/candicenguyen.wordpress.com\/?page_id=337"},"modified":"2025-09-19T07:57:27","modified_gmt":"2025-09-19T05:57:27","slug":"foret-femme-folie-un-echo","status":"publish","type":"page","link":"https:\/\/www.candice-nguyen.com\/fragments\/chantiers\/ailleurs\/foret-femme-folie-un-echo\/","title":{"rendered":"For\u00eat, Femme, Folie, un \u00e9cho"},"content":{"rendered":"<p><a title=\"\" href=\"http:\/\/www.candice-nguyen.com\/wp-content\/uploads\/2012\/08\/For\u00eat-Femme-Folie-un-\u00e9cho.jpg\" data-rel=\"lightbox-gallery-XCtrcqNp\" data-rl_title=\"\" data-rl_caption=\"\"><img decoding=\"async\" class=\"aligncenter size-medium wp-image-338\" title=\"For\u00eat, Femme, Folie, un \u00e9cho\" src=\"http:\/\/www.candice-nguyen.com\/wp-content\/uploads\/2012\/08\/For\u00eat-Femme-Folie-un-\u00e9cho.jpg?w=630\" alt=\"For\u00eat, Femme, Folie, un \u00e9cho\" width=\"630\"\/><\/a><br \/>\n<div class=\"compact_audio_player_wrapper\"><div class=\"sc_player_container1\"><input type=\"button\" id=\"btnplay_69f88531513727.20046023\" class=\"myButton_play\" onClick=\"play_mp3('play','69f88531513727.20046023','https:\/\/www.candice-nguyen.com\/wp-content\/uploads\/2013\/01\/Blind.mp3','80','false');show_hide('play','69f88531513727.20046023');\" \/><input type=\"button\"  id=\"btnstop_69f88531513727.20046023\" style=\"display:none\" class=\"myButton_stop\" onClick=\"play_mp3('stop','69f88531513727.20046023','','80','false');show_hide('stop','69f88531513727.20046023');\" \/><div id=\"sm2-container\"><!-- flash movie ends up here --><\/div><\/div><\/div>        <script type=\"text\/javascript\" charset=\"utf-8\">\n        soundManager.setup({\n            url: \"https:\/\/www.candice-nguyen.com\/fragments\/wp-content\/plugins\/compact-wp-audio-player\/swf\/soundmanager2.swf\",\n            onready: function() {\n                var mySound = soundManager.createSound({\n                    id: \"btnplay_69f88531513727.20046023\",\n                    volume: \"80\",\n                    url: \"https:\/\/www.candice-nguyen.com\/wp-content\/uploads\/2013\/01\/Blind.mp3\"\n                });\n                var auto_loop = \"false\";\n                mySound.play({\n                    onfinish: function() {\n                        if (auto_loop == \"true\") {\n                            loopSound(\"btnplay_69f88531513727.20046023\");\n                        } else {\n                            document.getElementById(\"btnplay_69f88531513727.20046023\").style.display = \"inline\";\n                            document.getElementById(\"btnstop_69f88531513727.20046023\").style.display = \"none\";\n                        }\n                    }\n                });\n                document.getElementById(\"btnplay_69f88531513727.20046023\").style.display = \"none\";\n                document.getElementById(\"btnstop_69f88531513727.20046023\").style.display = \"inline\";\n            },\n            ontimeout: function() {\n                \/\/ SM2 could not start. Missing SWF? Flash blocked? Show an error.\n                alert(\"Error! Audio player failed to load.\");\n            }\n        });\n        <\/script>\n         <span style=\"font-family: Oswald; font-size: 110%; line-height: 1.5em; font-weight: 300;\">The Sugar Plum Fairy Pr &#8211; Blind<\/span><br \/>\n&nbsp;<\/p>\n<p style=\"text-align:justify; font-family: Oswald; font-size: 130%; line-height: 1.5em; font-weight: 300; padding-left: 20px; padding-right: 20px;\">J&#8217;habite un pays au-dessus des toits \u00e0 hauteur de chemin\u00e9es, sous mes yeux le creux qui s&#8217;\u00e9tend. D&#8217;o\u00f9 je viens les eaux sont profondes, les cieux peu cl\u00e9ments, les lendemains incertains. Le grain des voix est cass\u00e9 par la solitude des d\u00e9parts, de ceux qui durent trop longtemps, pour des destinations lointaines et se r\u00e9p\u00e8tent souvent. D&#8217;o\u00f9 je viens les enfants partent en masse vers les tours de verre et reviennent rarement. D&#8217;o\u00f9 je viens les attentes sont plus grandes que par-del\u00e0 les plaines, r\u00eaves \u00e0 l&#8217;automne moins p\u00e2le, le cr\u00e9pitement du bois dans les foyers nombreux contre l&#8217;hiver intransigeant.<\/p>\n<p style=\"text-align:justify; font-family: Oswald; font-size: 130%; line-height: 1.5em; font-weight: 300; padding-left: 20px; padding-right: 20px;\">J&#8217;habite un pays au-dessus des toits \u00e0 hauteur de chemin\u00e9es, sous mes yeux leur absence qui s&#8217;\u00e9tend. D&#8217;o\u00f9 je viens les for\u00eats sont pour s&#8217;y perdre, les jeunes femmes y partent seules, de nuit, et reviennent quelques matins plus tard le regard fuyant, le ventre vide. Les ruisseaux sont gel\u00e9s, le poisson prisonnier, des t\u00e2ches sombres, rouges, se remarquent encore entre les feuillages au pied des arbres. D&#8217;o\u00f9 je viens les hameaux s&#8217;arr\u00eatent en lisi\u00e8re des for\u00eats, denses, sauvages, redout\u00e9es, et l&#8217;imaginaire magnifient les femmes et les portent hors de la maisonn\u00e9e, l&#8217;ext\u00e9rieur apprivois\u00e9, le tigre dompt\u00e9. D&#8217;o\u00f9 je viens les hommes sont ext\u00e9rieurs \u00e0 tout, n&#8217;ont rien en propre, pas de t\u00e2che assign\u00e9e, fumer jouer chasser : se faire chasser. Ni des for\u00eats ni des lign\u00e9es, ils rentrent nus.<\/p>\n<p style=\"text-align:justify; font-family: Oswald; font-size: 130%; line-height: 1.5em; font-weight: 300; padding-left: 20px; padding-right: 20px;\">Et puis il vint des \u00e9trangers comme il en vient \u00e0 chaque \u00e9poque, en chaque lieu. On commen\u00e7a alors \u00e0 faire tomber les arbres aux abords des sentiers et peu \u00e0 peu nos peurs de la for\u00eat sacralis\u00e9e furent bient\u00f4t remplac\u00e9es par la peur de sa propre disparition. On nous pr\u00e9dit l&#8217;expropriation, l&#8217;av\u00e8nement d&#8217;un nouveau dieu, on mit \u00e0 jour la futilit\u00e9 de nos croyances, \u00e0 sac nos rites et nos terres. D&#8217;aussi loin que je me souvienne, peu ont r\u00e9sist\u00e9, il n&#8217;est de cycles qui se renouvellent sans le refus de s&#8217;enfermer.<\/p>\n<p>&nbsp;<\/p>\n<p style=\"text-align:right;\"><a href=\"https:\/\/www.candice-nguyen.com\/fragments\/chantiers\/ailleurs\/were-still-the-same\/\">\u2192<\/a><\/p>\n","protected":false},"excerpt":{"rendered":"<p>The Sugar Plum Fairy Pr &#8211; Blind &nbsp; J&#8217;habite un pays au-dessus des toits \u00e0 hauteur de chemin\u00e9es, sous mes yeux le creux qui s&#8217;\u00e9tend. D&#8217;o\u00f9 je viens les eaux sont profondes, les cieux peu cl\u00e9ments, les lendemains incertains. Le grain des voix est cass\u00e9 par la solitude des d\u00e9parts, de ceux qui durent trop [&hellip;]<\/p>\n","protected":false},"author":3,"featured_media":1785,"parent":343,"menu_order":1,"comment_status":"closed","ping_status":"closed","template":"","meta":{"footnotes":""},"class_list":["post-337","page","type-page","status-publish","has-post-thumbnail","hentry"],"aioseo_notices":[],"_links":{"self":[{"href":"https:\/\/www.candice-nguyen.com\/fragments\/wp-json\/wp\/v2\/pages\/337","targetHints":{"allow":["GET"]}}],"collection":[{"href":"https:\/\/www.candice-nguyen.com\/fragments\/wp-json\/wp\/v2\/pages"}],"about":[{"href":"https:\/\/www.candice-nguyen.com\/fragments\/wp-json\/wp\/v2\/types\/page"}],"author":[{"embeddable":true,"href":"https:\/\/www.candice-nguyen.com\/fragments\/wp-json\/wp\/v2\/users\/3"}],"replies":[{"embeddable":true,"href":"https:\/\/www.candice-nguyen.com\/fragments\/wp-json\/wp\/v2\/comments?post=337"}],"version-history":[{"count":26,"href":"https:\/\/www.candice-nguyen.com\/fragments\/wp-json\/wp\/v2\/pages\/337\/revisions"}],"predecessor-version":[{"id":23277,"href":"https:\/\/www.candice-nguyen.com\/fragments\/wp-json\/wp\/v2\/pages\/337\/revisions\/23277"}],"up":[{"embeddable":true,"href":"https:\/\/www.candice-nguyen.com\/fragments\/wp-json\/wp\/v2\/pages\/343"}],"wp:featuredmedia":[{"embeddable":true,"href":"https:\/\/www.candice-nguyen.com\/fragments\/wp-json\/wp\/v2\/media\/1785"}],"wp:attachment":[{"href":"https:\/\/www.candice-nguyen.com\/fragments\/wp-json\/wp\/v2\/media?parent=337"}],"curies":[{"name":"wp","href":"https:\/\/api.w.org\/{rel}","templated":true}]}}