{"id":36,"date":"2012-08-18T17:22:40","date_gmt":"2012-08-18T17:22:40","guid":{"rendered":"http:\/\/candicenguyen.wordpress.com\/?page_id=36"},"modified":"2023-02-22T09:31:12","modified_gmt":"2023-02-22T08:31:12","slug":"meduses","status":"publish","type":"page","link":"https:\/\/www.candice-nguyen.com\/fragments\/chantiers\/meduses\/","title":{"rendered":"M\u00e9duses"},"content":{"rendered":"<p><a href=\"\/fragments\/chantiers\/meduses\/la-nourriture-des-meduses\/\"><img loading=\"lazy\" decoding=\"async\" src=\"http:\/\/www.candice-nguyen.com\/wp-content\/uploads\/2012\/08\/la-nourriture-des-m\u00e9duses-001.jpg\" alt=\"la nourriture des m\u00e9duses (1)\" width=\"315\" height=\"211\"  \/><\/a> <a href=\"\/fragments\/chantiers\/meduses\/nous-ne-sommes-pas-des-meduses\/\"><img loading=\"lazy\" decoding=\"async\" src=\"http:\/\/www.candice-nguyen.com\/wp-content\/uploads\/2012\/08\/nous-ne-sommes-pas-des-meduses-001.jpg\" alt=\"nous ne sommes pas des m\u00e9duses (2)\" width=\"315\" height=\"211\"  \/><\/a> <a href=\"\/fragments\/chantiers\/meduses\/des-meduses-au-coin-des-yeux\/\"><img loading=\"lazy\" decoding=\"async\" src=\"http:\/\/www.candice-nguyen.com\/wp-content\/uploads\/2012\/08\/des-m\u00e9duses-au-coin-des-yeux-001.jpg\" alt=\"des m\u00e9duses au coin des yeux (3)\" width=\"315\" height=\"211\"  \/><\/a> <a href=\"\/fragments\/chantiers\/meduses\/et-tu-finiras-devore-par-les-meduses\/\"><img loading=\"lazy\" decoding=\"async\" src=\"http:\/\/www.candice-nguyen.com\/wp-content\/uploads\/2012\/08\/et-tu-finiras-d\u00e9vor\u00e9-par-les-m\u00e9duses-001.jpg\" alt=\"et tu finiras d\u00e9vor\u00e9 par les m\u00e9duses (4)\" width=\"315\" height=\"211\" \/><\/a> <a href=\"\/fragments\/chantiers\/meduses\/bang-bang\/\"><img loading=\"lazy\" decoding=\"async\" src=\"http:\/\/www.candice-nguyen.com\/wp-content\/uploads\/2012\/08\/bang-bang-001.jpg\" alt=\"bang bang (5)\" width=\"315\" height=\"212\"  \/><\/a> <a href=\"\/fragments\/chantiers\/meduses\/nous-ne-sommes-toujours-pas-des-meduses\/\"><img loading=\"lazy\" decoding=\"async\" src=\"http:\/\/www.candice-nguyen.com\/wp-content\/uploads\/2012\/08\/nous-ne-sommes-toujours-pas-des-m\u00e9duses-001.jpg\" alt=\"nous ne sommes toujours pas des m\u00e9duses (6)\" width=\"315\" height=\"211\"  \/><\/a> <a href=\"\/fragments\/chantiers\/meduses\/on-the-nature-of-daylight\/\"><img loading=\"lazy\" decoding=\"async\" src=\"http:\/\/www.candice-nguyen.com\/wp-content\/uploads\/2012\/08\/on-the-nature-of-daylight-001.jpg\" alt=\"on the nature of daylight (7)\" width=\"315\" height=\"211\"  \/><\/a> <a href=\"\/fragments\/lair-etait-soudainement-froid-8\/\"><img loading=\"lazy\" decoding=\"async\" src=\"http:\/\/www.candice-nguyen.com\/wp-content\/uploads\/2012\/08\/L_air_est_soudainement_froid.jpg\" alt=\"L&#039;air \u00e9tait soudainement froid (8)\" width=\"315\" height=\"211\"  \/><\/a> <a href=\"\/fragments\/cut-up-meduse\/\"><img loading=\"lazy\" decoding=\"async\" src=\"http:\/\/www.candice-nguyen.com\/wp-content\/uploads\/2012\/08\/cut-up-m\u00e9dus\u00e9-001.jpg\" alt=\"cut-up m\u00e9dus\u00e9 (9)\" width=\"315\" height=\"211\"  \/><\/a><\/p>\n","protected":false},"excerpt":{"rendered":"","protected":false},"author":3,"featured_media":1777,"parent":586,"menu_order":3,"comment_status":"closed","ping_status":"closed","template":"","meta":{"footnotes":""},"class_list":["post-36","page","type-page","status-publish","has-post-thumbnail","hentry"],"aioseo_notices":[],"_links":{"self":[{"href":"https:\/\/www.candice-nguyen.com\/fragments\/wp-json\/wp\/v2\/pages\/36","targetHints":{"allow":["GET"]}}],"collection":[{"href":"https:\/\/www.candice-nguyen.com\/fragments\/wp-json\/wp\/v2\/pages"}],"about":[{"href":"https:\/\/www.candice-nguyen.com\/fragments\/wp-json\/wp\/v2\/types\/page"}],"author":[{"embeddable":true,"href":"https:\/\/www.candice-nguyen.com\/fragments\/wp-json\/wp\/v2\/users\/3"}],"replies":[{"embeddable":true,"href":"https:\/\/www.candice-nguyen.com\/fragments\/wp-json\/wp\/v2\/comments?post=36"}],"version-history":[{"count":19,"href":"https:\/\/www.candice-nguyen.com\/fragments\/wp-json\/wp\/v2\/pages\/36\/revisions"}],"predecessor-version":[{"id":23069,"href":"https:\/\/www.candice-nguyen.com\/fragments\/wp-json\/wp\/v2\/pages\/36\/revisions\/23069"}],"up":[{"embeddable":true,"href":"https:\/\/www.candice-nguyen.com\/fragments\/wp-json\/wp\/v2\/pages\/586"}],"wp:featuredmedia":[{"embeddable":true,"href":"https:\/\/www.candice-nguyen.com\/fragments\/wp-json\/wp\/v2\/media\/1777"}],"wp:attachment":[{"href":"https:\/\/www.candice-nguyen.com\/fragments\/wp-json\/wp\/v2\/media?parent=36"}],"curies":[{"name":"wp","href":"https:\/\/api.w.org\/{rel}","templated":true}]}}