{"id":404,"date":"2012-08-19T12:59:50","date_gmt":"2012-08-19T12:59:50","guid":{"rendered":"http:\/\/candicenguyen.wordpress.com\/?page_id=404"},"modified":"2023-02-23T09:56:46","modified_gmt":"2023-02-23T08:56:46","slug":"un-soir-entre-la-grande-ville-et-la-poubelle-de-lhumanite","status":"publish","type":"page","link":"https:\/\/www.candice-nguyen.com\/fragments\/chantiers\/ailleurs\/un-soir-entre-la-grande-ville-et-la-poubelle-de-lhumanite\/","title":{"rendered":"Un soir entre la grande ville et la poubelle de l&#8217;humanit\u00e9"},"content":{"rendered":"<p>&nbsp;<\/p>\n<p style=\"text-align: center;\"><a href=\"http:\/\/www.candice-nguyen.com\/wp-content\/uploads\/2012\/08\/thai.jpg\" title=\"'est quelque part entre la grande ville et la poubelle de l'humanit\u00e9\" data-rel=\"lightbox-gallery-oqr8987g\" data-rl_title=\"\" data-rl_caption=\"\"><img loading=\"lazy\" decoding=\"async\" src=\"http:\/\/www.candice-nguyen.com\/wp-content\/uploads\/2012\/08\/thai.jpg\" alt=\"Un soir entre la grande ville et la poubelle de l\u2019humanit\u00e9\" width=\"1024\" height=\"686\" class=\"alignnone size-full wp-image-11502\" srcset=\"https:\/\/www.candice-nguyen.com\/fragments\/wp-content\/uploads\/2012\/08\/thai.jpg 1024w, https:\/\/www.candice-nguyen.com\/fragments\/wp-content\/uploads\/2012\/08\/thai-140x93.jpg 140w, https:\/\/www.candice-nguyen.com\/fragments\/wp-content\/uploads\/2012\/08\/thai-315x211.jpg 315w, https:\/\/www.candice-nguyen.com\/fragments\/wp-content\/uploads\/2012\/08\/thai-630x422.jpg 630w, https:\/\/www.candice-nguyen.com\/fragments\/wp-content\/uploads\/2012\/08\/thai-700x468.jpg 700w, https:\/\/www.candice-nguyen.com\/fragments\/wp-content\/uploads\/2012\/08\/thai-332x222.jpg 332w\" sizes=\"auto, (max-width: 1024px) 100vw, 1024px\" \/><\/a><a href=\"http:\/\/www.candice-nguyen.com\/wp-content\/uploads\/2012\/08\/thai2.jpg\" title=\"\" data-rel=\"lightbox-gallery-oqr8987g\" data-rl_title=\"\" data-rl_caption=\"\"><img loading=\"lazy\" decoding=\"async\" src=\"http:\/\/www.candice-nguyen.com\/wp-content\/uploads\/2012\/08\/thai2.jpg\" alt=\"Un soir entre la grande ville et la poubelle de l\u2019humanit\u00e9\" width=\"1024\" height=\"686\" class=\"alignnone size-full wp-image-11503\" srcset=\"https:\/\/www.candice-nguyen.com\/fragments\/wp-content\/uploads\/2012\/08\/thai2.jpg 1024w, https:\/\/www.candice-nguyen.com\/fragments\/wp-content\/uploads\/2012\/08\/thai2-140x93.jpg 140w, https:\/\/www.candice-nguyen.com\/fragments\/wp-content\/uploads\/2012\/08\/thai2-315x211.jpg 315w, https:\/\/www.candice-nguyen.com\/fragments\/wp-content\/uploads\/2012\/08\/thai2-630x422.jpg 630w, https:\/\/www.candice-nguyen.com\/fragments\/wp-content\/uploads\/2012\/08\/thai2-700x468.jpg 700w, https:\/\/www.candice-nguyen.com\/fragments\/wp-content\/uploads\/2012\/08\/thai2-332x222.jpg 332w\" sizes=\"auto, (max-width: 1024px) 100vw, 1024px\" \/><\/a><\/p>\n<div class=\"compact_audio_player_wrapper\"><div class=\"sc_player_container1\"><input type=\"button\" id=\"btnplay_69f7ca222afe78.54283722\" class=\"myButton_play\" onClick=\"play_mp3('play','69f7ca222afe78.54283722','http:\/\/www.candice-nguyen.com\/wp-content\/uploads\/2013\/01\/ThePoetActs.mp3','80','false');show_hide('play','69f7ca222afe78.54283722');\" \/><input type=\"button\"  id=\"btnstop_69f7ca222afe78.54283722\" style=\"display:none\" class=\"myButton_stop\" onClick=\"play_mp3('stop','69f7ca222afe78.54283722','','80','false');show_hide('stop','69f7ca222afe78.54283722');\" \/><div id=\"sm2-container\"><!-- flash movie ends up here --><\/div><\/div><\/div>        <script type=\"text\/javascript\" charset=\"utf-8\">\n        soundManager.setup({\n            url: \"https:\/\/www.candice-nguyen.com\/fragments\/wp-content\/plugins\/compact-wp-audio-player\/swf\/soundmanager2.swf\",\n            onready: function() {\n                var mySound = soundManager.createSound({\n                    id: \"btnplay_69f7ca222afe78.54283722\",\n                    volume: \"80\",\n                    url: \"http:\/\/www.candice-nguyen.com\/wp-content\/uploads\/2013\/01\/ThePoetActs.mp3\"\n                });\n                var auto_loop = \"false\";\n                mySound.play({\n                    onfinish: function() {\n                        if (auto_loop == \"true\") {\n                            loopSound(\"btnplay_69f7ca222afe78.54283722\");\n                        } else {\n                            document.getElementById(\"btnplay_69f7ca222afe78.54283722\").style.display = \"inline\";\n                            document.getElementById(\"btnstop_69f7ca222afe78.54283722\").style.display = \"none\";\n                        }\n                    }\n                });\n                document.getElementById(\"btnplay_69f7ca222afe78.54283722\").style.display = \"none\";\n                document.getElementById(\"btnstop_69f7ca222afe78.54283722\").style.display = \"inline\";\n            },\n            ontimeout: function() {\n                \/\/ SM2 could not start. Missing SWF? Flash blocked? Show an error.\n                alert(\"Error! Audio player failed to load.\");\n            }\n        });\n        <\/script>\n         <span style=\"text-align: center; font-family: oswald; font-weight: 300; line-height: 1.5em; font-size: 110%;\">Philip Glass &#8211; The poet acts<\/span><br \/>\n&nbsp;<\/p>\n<p style=\"text-align: justify; font-family: oswald; font-weight: 300; line-height: 1.5em; font-size: 130%; padding-left: 50px; padding-right: 50px;\">C&#8217;est quelque part entre la grande ville et la poubelle de l&#8217;humanit\u00e9, un soir, entre les tours de verre et les grains de sable. C&#8217;est elle, lui, qui se pr\u00e9pare. Le raffut des applaudissements, le silence de la loge et le calme int\u00e9rieur. C&#8217;est le rouge de la robe, ce sang qui afflue \u00e0 fleur de peau, des hommes, des femmes, encore des enfants, \u00e0 se produire tous les soirs, le maquillage \u00e0 outrance, la peau d\u00e9faite, la chair des l\u00e8vres donn\u00e9es non pas donn\u00e9es, livr\u00e9es, tomb\u00e9es, exhib\u00e9es, aux yeux de qui, aux yeux de tous, \u00e0 la faim, la faim de quoi, le soir, exig\u00e9es, entre la grande ville et la poubelle de l&#8217;humanit\u00e9.<\/p>\n<p style=\"text-align: justify; font-family: oswald; font-weight: 300; line-height: 1.5em; font-size: 130%; padding-left: 50px; padding-right: 50px;\">C&#8217;est le temps arr\u00eat\u00e9, pr\u00e9cieux, les pens\u00e9es vides,\u00a0le flottement hors de soi, de son corps, de sa vie, c&#8217;est le temps pr\u00e9cieux, tous les soirs \u00e0 la m\u00eame heure, au m\u00eame endroit, le temps de ces quelques instants pour elle, lui, qui se pr\u00e9pare, le soir, entre la grande ville et la poubelle de l&#8217;humanit\u00e9. C&#8217;est le temps pr\u00e9cieux avant ce qui doit et va arriver comme tous les soirs entre la grande ville et la poubelle de l&#8217;humanit\u00e9. C&#8217;est la coiffure qu&#8217;elle, il, r\u00e9ajuste, c&#8217;est le tissu qu&#8217;on \u00e9tire, la robe rouge qu&#8217;on repasse de ses doigts, c&#8217;est l&#8217;expiration et les yeux qu&#8217;on referme, c&#8217;est le calme d&#8217;avant l&#8217;entr\u00e9e en sc\u00e8ne. Et la chair et les sexes et les monstres et les rires. Et moi qu&#8217;est-ce que je fous l\u00e0, entre deux couloirs, entre deux b\u00e2ches, je ne suis pas l\u00e0. Et moi qu&#8217;est-ce que je fous l\u00e0, l&#8217;appareil en main, \u00e0 prendre \u00e7a, ces moments pr\u00e9cieux, \u00e0 voler cette solitude, ici, je ne suis plus l\u00e0, l&#8217;appareil m&#8217;en tombe, et la photo suivante de la pellicule est celle du jour, d&#8217;oiseaux multicolores, plumes jaunes, bleues, cr\u00eate rouge, et comment je serais arriv\u00e9e ici de toute fa\u00e7on, je ne sais pas. Je ne sais rien, je ne sais jamais rien sur le moment, j&#8217;ai juste toujours mon appareil avec moi. Et un an apr\u00e8s, qu&#8217;est-ce que je saurais de plus quand ma m\u00e9moire se serait entre temps amus\u00e9e.<\/p>\n<p style=\"text-align: justify; font-family: oswald; font-weight: 300; line-height: 1.5em; font-size: 130%; padding-left: 50px; padding-right: 50px;\">Je voulais vous parler du vent, des pluies c\u00e9venoles, de l&#8217;alerte rouge et des trains dont on ne sait s&#8217;ils vont partir et puis j&#8217;ai bifurqu\u00e9. Sur ces deux photo parmi mille autres, sur ce soir-l\u00e0, quelque part entre la belle Bkk et l&#8217;inf\u00e2me Pattaya, alors en fait j&#8217;ai aucune envie d&#8217;en dire plus l\u00e0-dessus, c&#8217;est terrible, il y a des mots qu&#8217;on n&#8217;a pas envie de trouver. Mais comme j&#8217;ai commenc\u00e9 consciencieusement un billet, il va bien falloir livrer quelque chose, alors voil\u00e0 une vid\u00e9o qui vous parlera elle du vent, et de l&#8217;insupportable clic du photographe.<\/p>\n<p>&nbsp;<br \/>\n<iframe loading=\"lazy\"  id=\"_ytid_21369\"  width=\"720\" height=\"405\"  data-origwidth=\"720\" data-origheight=\"405\" src=\"https:\/\/www.youtube.com\/embed\/rLEivjmKhkY?enablejsapi=1&#038;autoplay=0&#038;cc_load_policy=0&#038;cc_lang_pref=&#038;iv_load_policy=3&#038;loop=0&#038;rel=0&#038;fs=1&#038;playsinline=0&#038;autohide=2&#038;theme=dark&#038;color=red&#038;controls=1&#038;disablekb=0&#038;\" class=\"__youtube_prefs__  epyt-is-override  no-lazyload\" title=\"YouTube player\"  allow=\"fullscreen; accelerometer; autoplay; clipboard-write; encrypted-media; gyroscope; picture-in-picture; web-share\" referrerpolicy=\"strict-origin-when-cross-origin\" allowfullscreen data-no-lazy=\"1\" data-skipgform_ajax_framebjll=\"\"><\/iframe><\/p>\n<p>&nbsp;<\/p>\n<p style=\"text-align:center;\"><a href=\"https:\/\/www.candice-nguyen.com\/fragments\/chantiers\/ailleurs\/une-invitation\/\">\u2190<\/a> \u2022 <a href=\"https:\/\/www.candice-nguyen.com\/fragments\/chantiers\/ailleurs\/loreto\/\">\u2192<\/a><\/p>\n","protected":false},"excerpt":{"rendered":"<p>&nbsp; Philip Glass &#8211; The poet acts &nbsp; C&#8217;est quelque part entre la grande ville et la poubelle de l&#8217;humanit\u00e9, un soir, entre les tours de verre et les grains de sable. C&#8217;est elle, lui, qui se pr\u00e9pare. Le raffut des applaudissements, le silence de la loge et le calme int\u00e9rieur. C&#8217;est le rouge de [&hellip;]<\/p>\n","protected":false},"author":3,"featured_media":11524,"parent":343,"menu_order":7,"comment_status":"closed","ping_status":"closed","template":"","meta":{"footnotes":""},"class_list":["post-404","page","type-page","status-publish","has-post-thumbnail","hentry"],"aioseo_notices":[],"_links":{"self":[{"href":"https:\/\/www.candice-nguyen.com\/fragments\/wp-json\/wp\/v2\/pages\/404","targetHints":{"allow":["GET"]}}],"collection":[{"href":"https:\/\/www.candice-nguyen.com\/fragments\/wp-json\/wp\/v2\/pages"}],"about":[{"href":"https:\/\/www.candice-nguyen.com\/fragments\/wp-json\/wp\/v2\/types\/page"}],"author":[{"embeddable":true,"href":"https:\/\/www.candice-nguyen.com\/fragments\/wp-json\/wp\/v2\/users\/3"}],"replies":[{"embeddable":true,"href":"https:\/\/www.candice-nguyen.com\/fragments\/wp-json\/wp\/v2\/comments?post=404"}],"version-history":[{"count":18,"href":"https:\/\/www.candice-nguyen.com\/fragments\/wp-json\/wp\/v2\/pages\/404\/revisions"}],"predecessor-version":[{"id":23200,"href":"https:\/\/www.candice-nguyen.com\/fragments\/wp-json\/wp\/v2\/pages\/404\/revisions\/23200"}],"up":[{"embeddable":true,"href":"https:\/\/www.candice-nguyen.com\/fragments\/wp-json\/wp\/v2\/pages\/343"}],"wp:featuredmedia":[{"embeddable":true,"href":"https:\/\/www.candice-nguyen.com\/fragments\/wp-json\/wp\/v2\/media\/11524"}],"wp:attachment":[{"href":"https:\/\/www.candice-nguyen.com\/fragments\/wp-json\/wp\/v2\/media?parent=404"}],"curies":[{"name":"wp","href":"https:\/\/api.w.org\/{rel}","templated":true}]}}