{"id":412,"date":"2011-07-31T13:21:45","date_gmt":"2011-07-31T11:21:45","guid":{"rendered":"http:\/\/candicenguyen.wordpress.com\/?page_id=412"},"modified":"2023-02-23T09:57:33","modified_gmt":"2023-02-23T08:57:33","slug":"loreto","status":"publish","type":"page","link":"https:\/\/www.candice-nguyen.com\/fragments\/chantiers\/ailleurs\/loreto\/","title":{"rendered":"Loreto"},"content":{"rendered":"<p>&nbsp;<\/p>\n<p style=\"text-align: center;\"><a href=\"http:\/\/farm7.static.flickr.com\/6124\/5994560310_dcb1ec89e1.jpg\" data-rel=\"lightbox-gallery-mtA0bTKZ\" data-rl_title=\"\" data-rl_caption=\"\" title=\"\"><img loading=\"lazy\" decoding=\"async\" class=\"aligncenter\" alt=\"Loreto\" src=\"http:\/\/farm7.static.flickr.com\/6124\/5994560310_dcb1ec89e1.jpg\" width=\"630\" height=\"421\" \/><\/a><\/p>\n<div class=\"compact_audio_player_wrapper\"><div class=\"sc_player_container1\"><input type=\"button\" id=\"btnplay_6a0878df1cf835.75302368\" class=\"myButton_play\" onClick=\"play_mp3('play','6a0878df1cf835.75302368','http:\/\/www.candice-nguyen.com\/wp-content\/uploads\/2013\/01\/Arvo%20Part%20-%20fur%20alina,%20for%20piano%281%29.mp3','80','false');show_hide('play','6a0878df1cf835.75302368');\" \/><input type=\"button\"  id=\"btnstop_6a0878df1cf835.75302368\" style=\"display:none\" class=\"myButton_stop\" onClick=\"play_mp3('stop','6a0878df1cf835.75302368','','80','false');show_hide('stop','6a0878df1cf835.75302368');\" \/><div id=\"sm2-container\"><!-- flash movie ends up here --><\/div><\/div><\/div>        <script type=\"text\/javascript\" charset=\"utf-8\">\n        soundManager.setup({\n            url: \"https:\/\/www.candice-nguyen.com\/fragments\/wp-content\/plugins\/compact-wp-audio-player\/swf\/soundmanager2.swf\",\n            onready: function() {\n                var mySound = soundManager.createSound({\n                    id: \"btnplay_6a0878df1cf835.75302368\",\n                    volume: \"80\",\n                    url: \"http:\/\/www.candice-nguyen.com\/wp-content\/uploads\/2013\/01\/Arvo%20Part%20-%20fur%20alina,%20for%20piano%281%29.mp3\"\n                });\n                var auto_loop = \"false\";\n                mySound.play({\n                    onfinish: function() {\n                        if (auto_loop == \"true\") {\n                            loopSound(\"btnplay_6a0878df1cf835.75302368\");\n                        } else {\n                            document.getElementById(\"btnplay_6a0878df1cf835.75302368\").style.display = \"inline\";\n                            document.getElementById(\"btnstop_6a0878df1cf835.75302368\").style.display = \"none\";\n                        }\n                    }\n                });\n                document.getElementById(\"btnplay_6a0878df1cf835.75302368\").style.display = \"none\";\n                document.getElementById(\"btnstop_6a0878df1cf835.75302368\").style.display = \"inline\";\n            },\n            ontimeout: function() {\n                \/\/ SM2 could not start. Missing SWF? Flash blocked? Show an error.\n                alert(\"Error! Audio player failed to load.\");\n            }\n        });\n        <\/script>\n         <span style=\"text-align: center; font-family: Oswald; font-size: 110%; font-weight: 300;\">Arvo P\u00e4rt &#8211; F\u00fcr Alina<\/span><br \/>\n&nbsp;<\/p>\n<p style=\"text-align: justify; font-family: Oswald; font-size: 130%; line-height: 1.5em; font-weight: 300; padding-left: 50px; padding-right: 50px;\">Ces vies que l&#8217;on exhume un soir par la gr\u00e2ce de mots \u00e9chapp\u00e9s, des photographies que l&#8217;on retrouve comme un vieux po\u00e8me oubli\u00e9.<\/p>\n<p style=\"text-align: justify; font-family: Oswald; font-size: 130%; line-height: 1.5em; font-weight: 300; padding-left: 50px; padding-right: 50px;\">C&#8217;est une chaleur assourdissante un apr\u00e8s-midi d&#8217;\u00e9t\u00e9 \u00e0 Loreto. C&#8217;est la Haute-Corse, un petit village raccroch\u00e9 aux montagnes au beau milieu des for\u00eats. C&#8217;est une place, A Piana<em>, <\/em>sur laquelle\u00a0 se succ\u00e8dent une \u00e0 une des g\u00e9n\u00e9rations \u00e0 l&#8217;ombre de platanes centenaires puis au gr\u00e9 des saisons et des heures de la journ\u00e9e. Ce sont des gravillons, de la terre, des jeux de boules, des bancs &#8211; leurs conversations \u00e9touff\u00e9es. Ce sont des restaurants \u00e0 viande, c\u00f4tes de b\u0153uf frites salade &#8211; et leurs ap\u00e9ritifs interminables dont l&#8217;addition se jaugera au temps qui s&#8217;\u00e9coule attabl\u00e9s. Ce sont des familles, des amis &#8211; et leurs conversations jusque tard dans la nuit anim\u00e9es. C&#8217;est Loreto, aux toits de lauze de schiste, ces teintes grises argent\u00e9es, bleut\u00e9es et verd\u00e2tres que les eaux et les monts auront \u00e0 travers les temps s\u00e9diment\u00e9e et que la mousse aura peu \u00e0 peu grignot\u00e9e. C&#8217;est Loreto, cette vue sur la M\u00e9diterran\u00e9e, sur les plaines que l&#8217;on cultive \u00e0 perte de vue, et par-del\u00e0 les eaux sal\u00e9es, c&#8217;est ce rapprochement de l&#8217;archipel toscan qui s&#8217;offre \u00e0 nos yeux tout entier. C&#8217;est Loreto, c&#8217;est l&#8217;ombre des feuillages comme d\u00e9sir, les siestes comme n\u00e9cessit\u00e9 et peut-\u00eatre si l&#8217;on sortait la voiture aujourd&#8217;hui, les baignades comme le rafra\u00eechissement de nos corps atrophi\u00e9s.<\/p>\n<p style=\"text-align: justify; font-family: Oswald; font-size: 130%; line-height: 1.5em; font-weight: 300; padding-left: 50px; padding-right: 50px;\">C&#8217;est cette langue que je ne connais pas mais dont je reconnais les visages. C&#8217;est ce bar de nuit o\u00f9 les jeunes se retrouvent pour s&#8217;enfiler des m\u00e8tres et des m\u00e8tres de shots d&#8217;alcool fort dans une musique trop forte accabl\u00e9e par des n\u00e9ons bleus et violets. C&#8217;est ces routes en lacet qui donnent le mal au ventre, la nuit totale en dehors comme en dedans aux plus inconscients, aux plus malchanceux, c&#8217;est cette for\u00eat partout, ces ravins tout autour. C&#8217;est un lieu de triste p\u00e8lerinage pour ceux qui viennent se recueillir sur la pierre de leurs enfants, c&#8217;est cette vie qui se donne et se retire sans pr\u00e9avis, ces questionnements sans fin sur ce qui est juste, ce qui est foi, ce qui est donn\u00e9 \u00e0 comprendre et ce qui contre tout d\u00e9sir ne le sera pas. C&#8217;est cette \u00e9glise dont on va demander la clef, \u00e9norme de m\u00e9tal et de rouille, \u00e0 la vieille endormie sur son banc \u00e0 c\u00f4t\u00e9. C&#8217;est cette odeur d&#8217;humidit\u00e9, de poussi\u00e8re et de renferm\u00e9 que vient \u00e9clairer l&#8217;\u00e9paisse perc\u00e9e de rayons de soleil, ce sont ces effigies, ces tableaux, ces cierges, ces sculptures partout d\u00e9pareill\u00e9es o\u00f9 les saintes c\u00f4toient Jeanne c\u00f4toie Marie. Ce sont ces amis chers au c\u0153ur, ces rencontres, ces amours, dans la chaleur silencieuse d&#8217;un soleil trop fort. Ce sont ces quelques mots l\u00e2ch\u00e9s parfois, cette pudeur constante, ces gestes, ces sourires, ces regards pour exprimer tout ce qu&#8217;il reste de l&#8217;essentiel.<\/p>\n<p style=\"text-align: justify; font-family: Oswald; font-size: 130%; line-height: 1.5em; font-weight: 300; padding-left: 50px; padding-right: 50px;\">Ne se souvenir alors que des odeurs, des sensations et des variations de lumi\u00e8re. Toujours. Encore. Et je veux ajouter, <a href=\"http:\/\/www.babelio.com\/livres\/Stefansson-Entre-Ciel-et-Terre\/160918\" target=\"_blank\" rel=\"noopener\"><em>apprendre peu \u00e0 peu \u00e0 se fier aux sentiments plus qu&#8217;au souvenir<\/em><\/a>. Ces photographies comme b\u00e9quilles de ma m\u00e9moire qui lui font rena\u00eetre des vies, et qui la font rena\u00eetre en m\u00eame temps. Ces quelques mots qui tentent de redessiner les autours comme pour compl\u00e9ter le hors-champ de b\u00e9quilles elles aussi amput\u00e9es. Que vouloir continuer \u00e0 photographier alors sinon ces instants, ces \u00eatres, ces vies, ceux qui sont chers, ceux de passage, ceux qu&#8217;on oublie, et ceux qui un soir comme ce soir, resurgissent du pass\u00e9.<\/p>\n<p>&nbsp;<\/p>\n<p style=\"text-align: center; font-family: Oswald; font-size: 130%; line-height: 1.5em; padding-left: 50px; padding-right: 50px;\">Voir aussi :<\/p>\n<figure id=\"attachment_302\" aria-describedby=\"caption-attachment-302\" style=\"width: 140px\" class=\"wp-caption aligncenter\"><a href=\"https:\/\/www.candice-nguyen.com\/fragments\/portfolios\/matieres\/\" target=\"_blank\" rel=\"noopener\"><img loading=\"lazy\" decoding=\"async\" class=\"size-thumbnail wp-image-4779\" title=\"Mati\u00e8res\" alt=\"Mati\u00e8res\" src=\"http:\/\/www.candice-nguyen.com\/wp-content\/uploads\/2012\/12\/DSC09111-140x140.jpg\" width=\"140\" height=\"140\" \/><\/a><figcaption id=\"caption-attachment-302\" class=\"wp-caption-text\">Mati\u00e8res<\/figcaption><\/figure>\n<p>&nbsp;<\/p>\n<p style=\"text-align: center;\"><a href=\"https:\/\/www.candice-nguyen.com\/chantiers\/fragments\/ailleurs\/un-soir-entre-la-grande-ville-et-la-poubelle-de-lhumanite\/\">\u2190<\/a> \u2022 <a href=\"https:\/\/www.candice-nguyen.com\/fragments\/dans-lantre\/\">\u2192<\/a><\/p>\n","protected":false},"excerpt":{"rendered":"<p>&nbsp; Arvo P\u00e4rt &#8211; F\u00fcr Alina &nbsp; Ces vies que l&#8217;on exhume un soir par la gr\u00e2ce de mots \u00e9chapp\u00e9s, des photographies que l&#8217;on retrouve comme un vieux po\u00e8me oubli\u00e9. C&#8217;est une chaleur assourdissante un apr\u00e8s-midi d&#8217;\u00e9t\u00e9 \u00e0 Loreto. C&#8217;est la Haute-Corse, un petit village raccroch\u00e9 aux montagnes au beau milieu des for\u00eats. C&#8217;est une [&hellip;]<\/p>\n","protected":false},"author":3,"featured_media":5898,"parent":343,"menu_order":8,"comment_status":"closed","ping_status":"closed","template":"","meta":{"footnotes":""},"class_list":["post-412","page","type-page","status-publish","has-post-thumbnail","hentry"],"aioseo_notices":[],"_links":{"self":[{"href":"https:\/\/www.candice-nguyen.com\/fragments\/wp-json\/wp\/v2\/pages\/412","targetHints":{"allow":["GET"]}}],"collection":[{"href":"https:\/\/www.candice-nguyen.com\/fragments\/wp-json\/wp\/v2\/pages"}],"about":[{"href":"https:\/\/www.candice-nguyen.com\/fragments\/wp-json\/wp\/v2\/types\/page"}],"author":[{"embeddable":true,"href":"https:\/\/www.candice-nguyen.com\/fragments\/wp-json\/wp\/v2\/users\/3"}],"replies":[{"embeddable":true,"href":"https:\/\/www.candice-nguyen.com\/fragments\/wp-json\/wp\/v2\/comments?post=412"}],"version-history":[{"count":21,"href":"https:\/\/www.candice-nguyen.com\/fragments\/wp-json\/wp\/v2\/pages\/412\/revisions"}],"predecessor-version":[{"id":23201,"href":"https:\/\/www.candice-nguyen.com\/fragments\/wp-json\/wp\/v2\/pages\/412\/revisions\/23201"}],"up":[{"embeddable":true,"href":"https:\/\/www.candice-nguyen.com\/fragments\/wp-json\/wp\/v2\/pages\/343"}],"wp:featuredmedia":[{"embeddable":true,"href":"https:\/\/www.candice-nguyen.com\/fragments\/wp-json\/wp\/v2\/media\/5898"}],"wp:attachment":[{"href":"https:\/\/www.candice-nguyen.com\/fragments\/wp-json\/wp\/v2\/media?parent=412"}],"curies":[{"name":"wp","href":"https:\/\/api.w.org\/{rel}","templated":true}]}}