{"id":442,"date":"2012-08-19T14:47:19","date_gmt":"2012-08-19T14:47:19","guid":{"rendered":"http:\/\/candicenguyen.wordpress.com\/?page_id=442"},"modified":"2023-02-22T09:45:42","modified_gmt":"2023-02-22T08:45:42","slug":"dans-la-terre-qui-brule","status":"publish","type":"page","link":"https:\/\/www.candice-nguyen.com\/fragments\/chantiers\/il-a-dix-neuf-ou-peut-etre-vingt-ans\/la-recherche\/dans-la-terre-qui-brule\/","title":{"rendered":"Dans la terre qui br\u00fble (2)"},"content":{"rendered":"<p style=\"text-align: center;\"><a href=\"\/fragments\/chantiers\/il-a-dix-neuf-ou-peut-etre-vingt-ans\/la-recherche\/ou-sont-les-corps\/\">\u2190<\/a> \u2022 <a href=\"\/fragments\/chantiers\/il-a-dix-neuf-ou-peut-etre-vingt-ans\/la-recherche\/vibre-encore-sous-mes-pores-la-louve-abattue\/\">\u2192<\/a><\/p>\n<p>&nbsp;<br \/>\n<div class=\"compact_audio_player_wrapper\"><div class=\"sc_player_container1\"><input type=\"button\" id=\"btnplay_69f691621389e1.85730837\" class=\"myButton_play\" onClick=\"play_mp3('play','69f691621389e1.85730837','https:\/\/www.candice-nguyen.com\/wp-content\/uploads\/2013\/01\/LikeDrowningwithastone.mp3','80','false');show_hide('play','69f691621389e1.85730837');\" \/><input type=\"button\"  id=\"btnstop_69f691621389e1.85730837\" style=\"display:none\" class=\"myButton_stop\" onClick=\"play_mp3('stop','69f691621389e1.85730837','','80','false');show_hide('stop','69f691621389e1.85730837');\" \/><div id=\"sm2-container\"><!-- flash movie ends up here --><\/div><\/div><\/div>        <script type=\"text\/javascript\" charset=\"utf-8\">\n        soundManager.setup({\n            url: \"https:\/\/www.candice-nguyen.com\/fragments\/wp-content\/plugins\/compact-wp-audio-player\/swf\/soundmanager2.swf\",\n            onready: function() {\n                var mySound = soundManager.createSound({\n                    id: \"btnplay_69f691621389e1.85730837\",\n                    volume: \"80\",\n                    url: \"https:\/\/www.candice-nguyen.com\/wp-content\/uploads\/2013\/01\/LikeDrowningwithastone.mp3\"\n                });\n                var auto_loop = \"false\";\n                mySound.play({\n                    onfinish: function() {\n                        if (auto_loop == \"true\") {\n                            loopSound(\"btnplay_69f691621389e1.85730837\");\n                        } else {\n                            document.getElementById(\"btnplay_69f691621389e1.85730837\").style.display = \"inline\";\n                            document.getElementById(\"btnstop_69f691621389e1.85730837\").style.display = \"none\";\n                        }\n                    }\n                });\n                document.getElementById(\"btnplay_69f691621389e1.85730837\").style.display = \"none\";\n                document.getElementById(\"btnstop_69f691621389e1.85730837\").style.display = \"inline\";\n            },\n            ontimeout: function() {\n                \/\/ SM2 could not start. Missing SWF? Flash blocked? Show an error.\n                alert(\"Error! Audio player failed to load.\");\n            }\n        });\n        <\/script>\n         <span style=\"font-size: 110%; line-height: 1.5em; font-family: Oswald; font-weight: 300;\">Syd Matters &#8211; Like drowning with a stone<\/span><\/p>\n<p style=\"font-size: 150%; line-height: 1.5em; font-family: Oswald; font-weight: 300; text-align: justify; padding-left: 80px; padding-right: 80px;\">dans la terre qui br\u00fble et les \u00e2mes qui errent ils marchent et les poitrines \u00e9taux pincent se resserrent dans la nuit lourde si lourde en plein jour l&#8217;odeur de souffre hallucin\u00e9e n&#8217;est que terre qui br\u00fble partout dans les vall\u00e9es et les corps aux feux d\u00e9rob\u00e9s marchent et peinent encore les sentiers des montagnes tr\u00e9buchant le brouillard de cendres entre les baraquements noirs noirs de suie et la nuit lourde partout sur leurs corps et leurs pieds ils marchent vers o\u00f9 les pieds nus dans la terre qui br\u00fblent le monde catastroph\u00e9 ils marchent vers o\u00f9 assourdissant le brouillard essuyant de leur coude la suie grasse des jours et leurs joues creusant les toits du monde pr\u00eats \u00e0 s&#8217;effondrer vers o\u00f9 : <span style=\"font-weight: 400;\">suffocante est l&#8217;absence des cris<\/span><\/p>\n<div id='gallery-1' class='gallery galleryid-442 gallery-columns-1 gallery-size-full'><figure class='gallery-item'>\n\t\t\t<div class='gallery-icon landscape'>\n\t\t\t\t<a href='https:\/\/www.candice-nguyen.com\/fragments\/wp-content\/uploads\/2012\/08\/DSC00884.jpg' title=\"vers o\u00f9 marchent-ils les corps\" data-rl_title=\"vers o\u00f9 marchent-ils les corps\" class=\"rl-gallery-link\" data-rl_caption=\"\" data-rel=\"lightbox-gallery-1\"><img loading=\"lazy\" decoding=\"async\" width=\"3872\" height=\"2592\" src=\"https:\/\/www.candice-nguyen.com\/fragments\/wp-content\/uploads\/2012\/08\/DSC00884.jpg\" class=\"attachment-full size-full\" alt=\"\" srcset=\"https:\/\/www.candice-nguyen.com\/fragments\/wp-content\/uploads\/2012\/08\/DSC00884.jpg 3872w, https:\/\/www.candice-nguyen.com\/fragments\/wp-content\/uploads\/2012\/08\/DSC00884-150x100.jpg 150w, https:\/\/www.candice-nguyen.com\/fragments\/wp-content\/uploads\/2012\/08\/DSC00884-500x334.jpg 500w, https:\/\/www.candice-nguyen.com\/fragments\/wp-content\/uploads\/2012\/08\/DSC00884-1024x685.jpg 1024w, https:\/\/www.candice-nguyen.com\/fragments\/wp-content\/uploads\/2012\/08\/DSC00884-700x468.jpg 700w, https:\/\/www.candice-nguyen.com\/fragments\/wp-content\/uploads\/2012\/08\/DSC00884-332x222.jpg 332w\" sizes=\"auto, (max-width: 3872px) 100vw, 3872px\" \/><\/a>\n\t\t\t<\/div><\/figure><figure class='gallery-item'>\n\t\t\t<div class='gallery-icon landscape'>\n\t\t\t\t<a href='https:\/\/www.candice-nguyen.com\/fragments\/wp-content\/uploads\/2012\/08\/DSC00879.jpg' title=\"dans la terre qui br\u00fble\" data-rl_title=\"dans la terre qui br\u00fble\" class=\"rl-gallery-link\" data-rl_caption=\"\" data-rel=\"lightbox-gallery-1\"><img loading=\"lazy\" decoding=\"async\" width=\"3872\" height=\"2592\" src=\"https:\/\/www.candice-nguyen.com\/fragments\/wp-content\/uploads\/2012\/08\/DSC00879.jpg\" class=\"attachment-full size-full\" alt=\"\" srcset=\"https:\/\/www.candice-nguyen.com\/fragments\/wp-content\/uploads\/2012\/08\/DSC00879.jpg 3872w, https:\/\/www.candice-nguyen.com\/fragments\/wp-content\/uploads\/2012\/08\/DSC00879-150x100.jpg 150w, https:\/\/www.candice-nguyen.com\/fragments\/wp-content\/uploads\/2012\/08\/DSC00879-500x334.jpg 500w, https:\/\/www.candice-nguyen.com\/fragments\/wp-content\/uploads\/2012\/08\/DSC00879-1024x685.jpg 1024w, https:\/\/www.candice-nguyen.com\/fragments\/wp-content\/uploads\/2012\/08\/DSC00879-700x468.jpg 700w, https:\/\/www.candice-nguyen.com\/fragments\/wp-content\/uploads\/2012\/08\/DSC00879-332x222.jpg 332w\" sizes=\"auto, (max-width: 3872px) 100vw, 3872px\" \/><\/a>\n\t\t\t<\/div><\/figure><figure class='gallery-item'>\n\t\t\t<div class='gallery-icon landscape'>\n\t\t\t\t<a href='https:\/\/www.candice-nguyen.com\/fragments\/wp-content\/uploads\/2012\/08\/DSC00886.jpg' title=\"essuyant de leur coude la suie grasse des jours\" data-rl_title=\"essuyant de leur coude la suie grasse des jours\" class=\"rl-gallery-link\" data-rl_caption=\"\" data-rel=\"lightbox-gallery-1\"><img loading=\"lazy\" decoding=\"async\" width=\"3872\" height=\"2592\" src=\"https:\/\/www.candice-nguyen.com\/fragments\/wp-content\/uploads\/2012\/08\/DSC00886.jpg\" class=\"attachment-full size-full\" alt=\"\" srcset=\"https:\/\/www.candice-nguyen.com\/fragments\/wp-content\/uploads\/2012\/08\/DSC00886.jpg 3872w, https:\/\/www.candice-nguyen.com\/fragments\/wp-content\/uploads\/2012\/08\/DSC00886-150x100.jpg 150w, https:\/\/www.candice-nguyen.com\/fragments\/wp-content\/uploads\/2012\/08\/DSC00886-500x334.jpg 500w, https:\/\/www.candice-nguyen.com\/fragments\/wp-content\/uploads\/2012\/08\/DSC00886-1024x685.jpg 1024w, https:\/\/www.candice-nguyen.com\/fragments\/wp-content\/uploads\/2012\/08\/DSC00886-700x468.jpg 700w, https:\/\/www.candice-nguyen.com\/fragments\/wp-content\/uploads\/2012\/08\/DSC00886-332x222.jpg 332w\" sizes=\"auto, (max-width: 3872px) 100vw, 3872px\" \/><\/a>\n\t\t\t<\/div><\/figure><figure class='gallery-item'>\n\t\t\t<div class='gallery-icon landscape'>\n\t\t\t\t<a href='https:\/\/www.candice-nguyen.com\/fragments\/wp-content\/uploads\/2012\/08\/DSC00885.jpg' title=\"assourdissant le brouillard\" data-rl_title=\"assourdissant le brouillard\" class=\"rl-gallery-link\" data-rl_caption=\"\" data-rel=\"lightbox-gallery-1\"><img loading=\"lazy\" decoding=\"async\" width=\"3872\" height=\"2592\" src=\"https:\/\/www.candice-nguyen.com\/fragments\/wp-content\/uploads\/2012\/08\/DSC00885.jpg\" class=\"attachment-full size-full\" alt=\"\" srcset=\"https:\/\/www.candice-nguyen.com\/fragments\/wp-content\/uploads\/2012\/08\/DSC00885.jpg 3872w, https:\/\/www.candice-nguyen.com\/fragments\/wp-content\/uploads\/2012\/08\/DSC00885-150x100.jpg 150w, https:\/\/www.candice-nguyen.com\/fragments\/wp-content\/uploads\/2012\/08\/DSC00885-500x334.jpg 500w, https:\/\/www.candice-nguyen.com\/fragments\/wp-content\/uploads\/2012\/08\/DSC00885-1024x685.jpg 1024w, https:\/\/www.candice-nguyen.com\/fragments\/wp-content\/uploads\/2012\/08\/DSC00885-700x468.jpg 700w, https:\/\/www.candice-nguyen.com\/fragments\/wp-content\/uploads\/2012\/08\/DSC00885-332x222.jpg 332w\" sizes=\"auto, (max-width: 3872px) 100vw, 3872px\" \/><\/a>\n\t\t\t<\/div><\/figure><figure class='gallery-item'>\n\t\t\t<div class='gallery-icon landscape'>\n\t\t\t\t<a href='https:\/\/www.candice-nguyen.com\/fragments\/wp-content\/uploads\/2012\/08\/DSC00899.jpg' title=\"et leurs joues creusant les toits du monde pr\u00eats \u00e0 s\u2019effondrer\" data-rl_title=\"et leurs joues creusant les toits du monde pr\u00eats \u00e0 s\u2019effondrer\" class=\"rl-gallery-link\" data-rl_caption=\"\" data-rel=\"lightbox-gallery-1\"><img loading=\"lazy\" decoding=\"async\" width=\"3872\" height=\"2592\" src=\"https:\/\/www.candice-nguyen.com\/fragments\/wp-content\/uploads\/2012\/08\/DSC00899.jpg\" class=\"attachment-full size-full\" alt=\"\" srcset=\"https:\/\/www.candice-nguyen.com\/fragments\/wp-content\/uploads\/2012\/08\/DSC00899.jpg 3872w, https:\/\/www.candice-nguyen.com\/fragments\/wp-content\/uploads\/2012\/08\/DSC00899-150x100.jpg 150w, https:\/\/www.candice-nguyen.com\/fragments\/wp-content\/uploads\/2012\/08\/DSC00899-500x334.jpg 500w, https:\/\/www.candice-nguyen.com\/fragments\/wp-content\/uploads\/2012\/08\/DSC00899-1024x685.jpg 1024w, https:\/\/www.candice-nguyen.com\/fragments\/wp-content\/uploads\/2012\/08\/DSC00899-700x468.jpg 700w, https:\/\/www.candice-nguyen.com\/fragments\/wp-content\/uploads\/2012\/08\/DSC00899-332x222.jpg 332w\" sizes=\"auto, (max-width: 3872px) 100vw, 3872px\" \/><\/a>\n\t\t\t<\/div><\/figure><figure class='gallery-item'>\n\t\t\t<div class='gallery-icon landscape'>\n\t\t\t\t<a href='https:\/\/www.candice-nguyen.com\/fragments\/wp-content\/uploads\/2012\/08\/DSC00902.jpg' title=\"suffocante est l\u2019absence des cris\" data-rl_title=\"suffocante est l\u2019absence des cris\" class=\"rl-gallery-link\" data-rl_caption=\"\" data-rel=\"lightbox-gallery-1\"><img loading=\"lazy\" decoding=\"async\" width=\"3872\" height=\"2592\" src=\"https:\/\/www.candice-nguyen.com\/fragments\/wp-content\/uploads\/2012\/08\/DSC00902.jpg\" class=\"attachment-full size-full\" alt=\"\" srcset=\"https:\/\/www.candice-nguyen.com\/fragments\/wp-content\/uploads\/2012\/08\/DSC00902.jpg 3872w, https:\/\/www.candice-nguyen.com\/fragments\/wp-content\/uploads\/2012\/08\/DSC00902-150x100.jpg 150w, https:\/\/www.candice-nguyen.com\/fragments\/wp-content\/uploads\/2012\/08\/DSC00902-500x334.jpg 500w, https:\/\/www.candice-nguyen.com\/fragments\/wp-content\/uploads\/2012\/08\/DSC00902-1024x685.jpg 1024w, https:\/\/www.candice-nguyen.com\/fragments\/wp-content\/uploads\/2012\/08\/DSC00902-700x468.jpg 700w, https:\/\/www.candice-nguyen.com\/fragments\/wp-content\/uploads\/2012\/08\/DSC00902-332x222.jpg 332w\" sizes=\"auto, (max-width: 3872px) 100vw, 3872px\" \/><\/a>\n\t\t\t<\/div><\/figure>\n\t\t<\/div>\n\n","protected":false},"excerpt":{"rendered":"<p>\u2190 \u2022 \u2192 &nbsp; Syd Matters &#8211; Like drowning with a stone dans la terre qui br\u00fble et les \u00e2mes qui errent ils marchent et les poitrines \u00e9taux pincent se resserrent dans la nuit lourde si lourde en plein jour l&#8217;odeur de souffre hallucin\u00e9e n&#8217;est que terre qui br\u00fble partout dans les vall\u00e9es et les [&hellip;]<\/p>\n","protected":false},"author":3,"featured_media":1740,"parent":519,"menu_order":2,"comment_status":"closed","ping_status":"closed","template":"","meta":{"footnotes":""},"class_list":["post-442","page","type-page","status-publish","has-post-thumbnail","hentry"],"aioseo_notices":[],"_links":{"self":[{"href":"https:\/\/www.candice-nguyen.com\/fragments\/wp-json\/wp\/v2\/pages\/442","targetHints":{"allow":["GET"]}}],"collection":[{"href":"https:\/\/www.candice-nguyen.com\/fragments\/wp-json\/wp\/v2\/pages"}],"about":[{"href":"https:\/\/www.candice-nguyen.com\/fragments\/wp-json\/wp\/v2\/types\/page"}],"author":[{"embeddable":true,"href":"https:\/\/www.candice-nguyen.com\/fragments\/wp-json\/wp\/v2\/users\/3"}],"replies":[{"embeddable":true,"href":"https:\/\/www.candice-nguyen.com\/fragments\/wp-json\/wp\/v2\/comments?post=442"}],"version-history":[{"count":19,"href":"https:\/\/www.candice-nguyen.com\/fragments\/wp-json\/wp\/v2\/pages\/442\/revisions"}],"predecessor-version":[{"id":23078,"href":"https:\/\/www.candice-nguyen.com\/fragments\/wp-json\/wp\/v2\/pages\/442\/revisions\/23078"}],"up":[{"embeddable":true,"href":"https:\/\/www.candice-nguyen.com\/fragments\/wp-json\/wp\/v2\/pages\/519"}],"wp:featuredmedia":[{"embeddable":true,"href":"https:\/\/www.candice-nguyen.com\/fragments\/wp-json\/wp\/v2\/media\/1740"}],"wp:attachment":[{"href":"https:\/\/www.candice-nguyen.com\/fragments\/wp-json\/wp\/v2\/media?parent=442"}],"curies":[{"name":"wp","href":"https:\/\/api.w.org\/{rel}","templated":true}]}}