{"id":4490,"date":"2012-11-18T13:47:30","date_gmt":"2012-11-18T12:47:30","guid":{"rendered":"http:\/\/www.candice-nguyen.com\/?page_id=4490"},"modified":"2018-01-26T21:35:29","modified_gmt":"2018-01-26T20:35:29","slug":"contributions","status":"publish","type":"page","link":"https:\/\/www.candice-nguyen.com\/fragments\/contributions\/","title":{"rendered":"CONTRIBUTIONS"},"content":{"rendered":"<p style=\"text-align: right; font-size: 90%; line-height: 1.5em; font-family: Oswald; font-weight: 300; padding-right: 20px;\">(d&#8217;autres r\u00e9f\u00e9rences <a href=\"https:\/\/issuu.com\/candicek\/stacks\/50ca1c931630436ab350ba92a638cf26\" target=\"_blank\" rel=\"noopener\">ici<\/a> &#8211; moins perso, plus pro)<\/p>\n<h3><a href=\"http:\/\/www.candice-nguyen.com\/contributions\/lautre-quotidien-nuit-jour\/\" target=\"_blank\" rel=\"noopener\">L&#8217;Autre Quotidien (Nuit &amp; Jour)<\/a><\/h3>\n<p style=\"font-size: 120%; line-height: 1.5em; font-family: Oswald; font-weight: 300;\">Chroniques dans L&#8217;Autre Quotidien (Nuit &amp; Jour), 2016-2017, <a href=\"http:\/\/www.lautrequotidien.fr\/search?q=candice+nguyen\" target=\"_blank\" rel=\"noopener\">lautrequotidien.fr<\/a><\/p>\n<p><a href=\"http:\/\/www.lautrequotidien.fr\/search?q=candice+nguyen\" target=\"_blank\" rel=\"noopener\"><img loading=\"lazy\" decoding=\"async\" class=\"alignnone size-full wp-image-19648\" src=\"http:\/\/www.candice-nguyen.com\/wp-content\/uploads\/2012\/11\/LAutre-Quotidien-www.nuitetjour.xyz-07092016.jpg\" alt=\"L'Autre Quotidien (07\/09\/2016)\" width=\"1400\" height=\"991\" srcset=\"https:\/\/www.candice-nguyen.com\/fragments\/wp-content\/uploads\/2012\/11\/LAutre-Quotidien-www.nuitetjour.xyz-07092016.jpg 1400w, https:\/\/www.candice-nguyen.com\/fragments\/wp-content\/uploads\/2012\/11\/LAutre-Quotidien-www.nuitetjour.xyz-07092016-140x99.jpg 140w, https:\/\/www.candice-nguyen.com\/fragments\/wp-content\/uploads\/2012\/11\/LAutre-Quotidien-www.nuitetjour.xyz-07092016-315x223.jpg 315w, https:\/\/www.candice-nguyen.com\/fragments\/wp-content\/uploads\/2012\/11\/LAutre-Quotidien-www.nuitetjour.xyz-07092016-768x544.jpg 768w, https:\/\/www.candice-nguyen.com\/fragments\/wp-content\/uploads\/2012\/11\/LAutre-Quotidien-www.nuitetjour.xyz-07092016-1271x900.jpg 1271w, https:\/\/www.candice-nguyen.com\/fragments\/wp-content\/uploads\/2012\/11\/LAutre-Quotidien-www.nuitetjour.xyz-07092016-700x496.jpg 700w, https:\/\/www.candice-nguyen.com\/fragments\/wp-content\/uploads\/2012\/11\/LAutre-Quotidien-www.nuitetjour.xyz-07092016-332x235.jpg 332w\" sizes=\"auto, (max-width: 1400px) 100vw, 1400px\" \/><\/a><\/p>\n<p>&nbsp;<\/p>\n<h3><a href=\"http:\/\/www.candice-nguyen.com\/contributions\/plateform-magazine\/\">PLATEFORM Magazine<\/a><\/h3>\n<p style=\"font-size: 120%; line-height: 1.5em; font-family: Oswald; font-weight: 300;\">PLATEFORM ISSUE #102, Juillet 2017, <a href=\"http:\/\/www.plateformag.com\/magazine\/article\/numero-102\" target=\"_blank\" rel=\"noopener\"> Publication de la s\u00e9rie &#8220;Polar Seas&#8221; pp. 50-66<\/a><\/p>\n<div data-url=\"https:\/\/issuu.com\/plateform\/docs\/issue_102_v3\" style=\"width: 720px; height: 270px;\" class=\"issuuembed\"><\/div>\n<p><script type=\"text\/javascript\" src=\"\/\/e.issuu.com\/embed.js\" async=\"true\"><\/script><\/p>\n<p style=\"font-size: 120%; line-height: 1.5em; font-family: Oswald; font-weight: 300;\">PLATEFORM ISSUE #88, Mai 2016, <a href=\"http:\/\/www.plateformag.com\/magazine\/article\/numero-88\" target=\"_blank\" rel=\"noopener\"> Publication de la s\u00e9rie &#8220;For Now I am Winter&#8221; pp. 94-116<\/a><\/p>\n<p><iframe loading=\"lazy\" src=\"\/\/e.issuu.com\/embed.html#0\/36650344\" width=\"650\" height=\"244\" frameborder=\"0\" allowfullscreen=\"allowfullscreen\"><\/iframe><\/p>\n<p style=\"font-size: 120%; line-height: 1.5em; font-family: Oswald; font-weight: 300;\">PLATEFORM ISSUE #85, Janvier 2016, <a href=\"http:\/\/www.plateformag.com\/magazine\/article\/numero-85\" target=\"_blank\" rel=\"noopener\"> Cover<\/a><\/p>\n<p><iframe loading=\"lazy\" src=\"\/\/e.issuu.com\/embed.html#0\/32758494\" width=\"650\" height=\"244\" frameborder=\"0\" allowfullscreen=\"allowfullscreen\"><\/iframe><\/p>\n<p style=\"font-size: 120%; line-height: 1.5em; font-family: Oswald; font-weight: 300;\">PLATEFORM ISSUE #77, Mai 2015, <a href=\"http:\/\/www.plateformag.com\/magazine\/article\/numero-77\" target=\"_blank\" rel=\"noopener\"> Cover<\/a><\/p>\n<p><iframe loading=\"lazy\" src=\"\/\/e.issuu.com\/embed.html#0\/12706335\" width=\"650\" height=\"244\" frameborder=\"0\" allowfullscreen=\"allowfullscreen\"><\/iframe><\/p>\n<p style=\"font-size: 120%; line-height: 1.5em; font-family: Oswald; font-weight: 300;\">PLATEFORM ISSUE 41, Mai 2012, S\u00e9rie <a href=\"http:\/\/issuu.com\/plateform\/docs\/plateform41\/237\" target=\"_blank\" rel=\"noopener\">&#8220;Yesterdays Tomorrows&#8221; <\/a>pp. 236-261<\/p>\n<p><iframe loading=\"lazy\" src=\"\/\/e.issuu.com\/embed.html#0\/32758701\" width=\"650\" height=\"230\" frameborder=\"0\" allowfullscreen=\"allowfullscreen\"><\/iframe><\/p>\n<p style=\"font-size: 120%; line-height: 1.5em; font-family: Oswald; font-weight: 300;\">PLATEFORM ISSUE 35, Novembre 2011, <a href=\"http:\/\/www.plateformag.com\/Numero-35.html\" target=\"_blank\" rel=\"noopener\"> Cover<\/a><\/p>\n<p><iframe loading=\"lazy\" src=\"\/\/e.issuu.com\/embed.html#0\/32758718\" width=\"650\" height=\"230\" frameborder=\"0\" allowfullscreen=\"allowfullscreen\"><\/iframe><\/p>\n<p style=\"font-size: 120%; line-height: 1.5em; font-family: Oswald; font-weight: 300;\">PLATEFORM ISSUE 27, Mars 2011, <a href=\"http:\/\/www.plateformag.com\/Numero-27.html\/\" target=\"_blank\" rel=\"noopener\"> Cover<\/a><\/p>\n<p><iframe loading=\"lazy\" src=\"\/\/e.issuu.com\/embed.html#0\/32758721\" width=\"650\" height=\"230\" frameborder=\"0\" allowfullscreen=\"allowfullscreen\"><\/iframe><\/p>\n<p>&nbsp;<\/p>\n<h3><a href=\"http:\/\/www.candice-nguyen.com\/contributions\/lautre-quotidien-nuit-jour\/\" target=\"_blank\" rel=\"noopener\">La Nuit Hebdo<\/a><\/h3>\n<p style=\"font-size: 120%; line-height: 1.5em; font-family: Oswald; font-weight: 300;\">Dossier de Presse 2014<\/p>\n<div class=\"issuuembed\" style=\"width: 630px; height: 480px;\" data-configid=\"1232178\/7825556\"><\/div>\n<p><script src=\"\/\/e.issuu.com\/embed.js\" async=\"true\" type=\"text\/javascript\"><\/script><\/p>\n<p style=\"font-size: 120%; line-height: 1.5em; font-family: Oswald; font-weight: 300;\">France 3 re\u00e7oit La Nuit dans &#8220;Un livre un jour&#8221;<\/p>\n<p><iframe loading=\"lazy\" src=\"\/\/player.vimeo.com\/video\/95608752?title=0&amp;byline=0&amp;portrait=0&amp;color=ca60eb\" width=\"650\" height=\"365\" frameborder=\"0\" allowfullscreen=\"allowfullscreen\"><\/iframe><br \/>\n<a href=\"http:\/\/www.candice-nguyen.com\/contributions\/lautre-quotidien-nuit-jour\/\">La Nuit<\/a> par <a href=\"http:\/\/programmes.france3.fr\/livres\/un-livre-un-jour\/evenements\/livre-20-lhebdo-nuit\" target=\"_blank\" rel=\"noopener\">France 3, Un livre un jour<\/a><\/p>\n<p style=\"font-size: 120%; line-height: 1.5em; font-family: Oswald; font-weight: 300;\">La Nuit n\u00b023<\/p>\n<p>J&#8217;y ai d\u00e9pos\u00e9 mes silences sur une \u00e9coute des Larmes de Rachmaninov, premier chapitre.<br \/>\n<a href=\"http:\/\/www.candice-nguyen.com\/contributions\/lautre-quotidien-nuit-jour\/\"><img loading=\"lazy\" decoding=\"async\" class=\"alignnone size-full wp-image-17700\" src=\"http:\/\/www.candice-nguyen.com\/wp-content\/uploads\/2012\/11\/La-Nuit-n23-www.lanuitsecrete.co_.png\" alt=\"La Nuit n\u00b023\" width=\"670\" height=\"878\" srcset=\"https:\/\/www.candice-nguyen.com\/fragments\/wp-content\/uploads\/2012\/11\/La-Nuit-n23-www.lanuitsecrete.co_.png 670w, https:\/\/www.candice-nguyen.com\/fragments\/wp-content\/uploads\/2012\/11\/La-Nuit-n23-www.lanuitsecrete.co_-107x140.png 107w, https:\/\/www.candice-nguyen.com\/fragments\/wp-content\/uploads\/2012\/11\/La-Nuit-n23-www.lanuitsecrete.co_-240x315.png 240w, https:\/\/www.candice-nguyen.com\/fragments\/wp-content\/uploads\/2012\/11\/La-Nuit-n23-www.lanuitsecrete.co_-332x435.png 332w\" sizes=\"auto, (max-width: 670px) 100vw, 670px\" \/><\/a><\/p>\n<p style=\"font-size: 120%; line-height: 1.5em; font-family: Oswald; font-weight: 300;\">La Nuit n\u00b04<\/p>\n<p><a href=\"http:\/\/www.candice-nguyen.com\/contributions\/lautre-quotidien-nuit-jour\/\"><img loading=\"lazy\" decoding=\"async\" class=\"alignnone size-large wp-image-13036\" src=\"http:\/\/www.candice-nguyen.com\/wp-content\/uploads\/2012\/11\/lyon-630x472.png\" alt=\"La Nuit n\u00b04\" width=\"630\" height=\"472\" srcset=\"https:\/\/www.candice-nguyen.com\/fragments\/wp-content\/uploads\/2012\/11\/lyon-630x472.png 630w, https:\/\/www.candice-nguyen.com\/fragments\/wp-content\/uploads\/2012\/11\/lyon-140x105.png 140w, https:\/\/www.candice-nguyen.com\/fragments\/wp-content\/uploads\/2012\/11\/lyon-315x236.png 315w, https:\/\/www.candice-nguyen.com\/fragments\/wp-content\/uploads\/2012\/11\/lyon-700x525.png 700w, https:\/\/www.candice-nguyen.com\/fragments\/wp-content\/uploads\/2012\/11\/lyon-332x249.png 332w, https:\/\/www.candice-nguyen.com\/fragments\/wp-content\/uploads\/2012\/11\/lyon.png 1500w\" sizes=\"auto, (max-width: 630px) 100vw, 630px\" \/><\/a><\/p>\n<p style=\"font-size: 120%; line-height: 1.5em; font-family: Oswald; font-weight: 300;\">La Nuit n\u00b03<\/p>\n<p><a href=\"http:\/\/www.candice-nguyen.com\/contributions\/lautre-quotidien-nuit-jour\/\"><img loading=\"lazy\" decoding=\"async\" class=\"alignnone size-large wp-image-12578\" src=\"http:\/\/www.candice-nguyen.com\/wp-content\/uploads\/2012\/11\/lanuit-3-630x630.jpg\" alt=\"La Nuit n\u00b03\" width=\"630\" height=\"630\" srcset=\"https:\/\/www.candice-nguyen.com\/fragments\/wp-content\/uploads\/2012\/11\/lanuit-3-630x630.jpg 630w, https:\/\/www.candice-nguyen.com\/fragments\/wp-content\/uploads\/2012\/11\/lanuit-3-140x140.jpg 140w, https:\/\/www.candice-nguyen.com\/fragments\/wp-content\/uploads\/2012\/11\/lanuit-3-315x315.jpg 315w, https:\/\/www.candice-nguyen.com\/fragments\/wp-content\/uploads\/2012\/11\/lanuit-3-700x700.jpg 700w, https:\/\/www.candice-nguyen.com\/fragments\/wp-content\/uploads\/2012\/11\/lanuit-3-332x332.jpg 332w, https:\/\/www.candice-nguyen.com\/fragments\/wp-content\/uploads\/2012\/11\/lanuit-3-432x432.jpg 432w, https:\/\/www.candice-nguyen.com\/fragments\/wp-content\/uploads\/2012\/11\/lanuit-3-268x268.jpg 268w, https:\/\/www.candice-nguyen.com\/fragments\/wp-content\/uploads\/2012\/11\/lanuit-3.jpg 1280w\" sizes=\"auto, (max-width: 630px) 100vw, 630px\" \/><\/a><\/p>\n<p>&nbsp;<\/p>\n<h3><a href=\"http:\/\/revue-dicila.net\/actualite\/article\/la-revue-d-ici-la-no10-disponible\" target=\"_blank\" rel=\"noopener\">Revue d&#8217;ici l\u00e0 n\u00b0 10 \u00ab Nos os sont rev\u00eatus d\u2019un nouveau corps amoureux \u00bb, F\u00e9vrier 2014<\/a><\/h3>\n<p><a href=\"http:\/\/librairie.publie.net\/fr\/ebook\/9782814507371\/d-ici-la-ndeg10\" target=\"_blank\" rel=\"noopener\"><img loading=\"lazy\" decoding=\"async\" class=\"alignnone wp-image-11757\" src=\"http:\/\/www.candice-nguyen.com\/wp-content\/uploads\/2014\/02\/dicila10-e1422868875453.png\" alt=\"\" width=\"630\" height=\"891\" \/><\/a><\/p>\n<h3>Vases Communicants et autres<\/h3>\n<ul>\n<li>Chez Maryse Hache, <a href=\"http:\/\/semenoir.typepad.fr\/semenoir\/2010\/10\/le-train-de-sept-heures-et-demi-par-candice-nguyen-theoneshotmi.html\" target=\"_blank\" rel=\"noopener\">Le train de sept heures et demi<\/a><\/li>\n<li>Chez Pierre M\u00e9nard, <a href=\"http:\/\/www.liminaire.fr\/vases-communicants\/article\/le-retour-candice-nguyen-the-one\" target=\"_blank\" rel=\"noopener\">Le Retour<\/a><\/li>\n<li>Chez Beno\u00eet Vincent, <a href=\"http:\/\/www.amboilati.org\/chantier\/candice-nguyen-the-one-shot-mi-vases-communicants\/\" target=\"_blank\" rel=\"noopener\">Genoa vs Massilia<\/a><\/li>\n<li>Chez Franck Queyraud, <a href=\"https:\/\/flaneriequotidienne.wordpress.com\/2012\/02\/03\/les-rideaux\/\" target=\"_blank\" rel=\"noopener\">Les Rideaux<\/a><\/li>\n<li>Chez Guillaume Vissac, <a href=\"http:\/\/www.fuirestunepulsion.net\/spip.php?article1191\" target=\"_blank\" rel=\"noopener\">Entre-deux<\/a><\/li>\n<li>Chez Samuel Dixneuf, <a href=\"https:\/\/samdixneuf.wordpress.com\/2011\/05\/06\/le-vent-decider\/\" target=\"_blank\" rel=\"noopener\">Le vent d\u00e9cider<\/a><\/li>\n<li>Chez Christine Jeanney, <a href=\"http:\/\/christinejeanney.net\/spip.php?article400\" target=\"_blank\" rel=\"noopener\">Des matins au bord de la mer<\/a><\/li>\n<li>Chez Daniel Bourrion, <a href=\"https:\/\/www.face-ecran.fr\/2011\/10\/07\/et-pourtant-one-shot-mi\" target=\"_blank\" rel=\"noopener\">Et pourtant<\/a><\/li>\n<li>Chez Fran\u00e7ois Bon, <a href=\"https:\/\/www.tierslivre.net\/spip\/spip.php?article3882\" target=\"_blank\" rel=\"noopener\">Approaching a city<\/a><\/li>\n<li>Chez Stereographics (Pascal Blua), <a href=\"http:\/\/www.stereographics.fr\/les-essentiels-de-candice-nguyen\/\" target=\"_blank\" rel=\"noopener\">Les Essentiels de Candice Nguyen<\/a><\/li>\n<\/ul>\n<h3><a href=\"http:\/\/blog.marsatwork.fr\/equilibres-nocturnes-pour-edf-by-maw\/\" target=\"_blank\" rel=\"noopener\">EDF &#8211; \u00c9quilibres Nocturnes, F\u00e9vrier 2014<\/a><\/h3>\n<p><a href=\"http:\/\/blog.marsatwork.fr\/equilibres-nocturnes-pour-edf-by-maw\/\" target=\"_blank\" rel=\"noopener\"><img loading=\"lazy\" decoding=\"async\" class=\"alignnone wp-image-12327 size-large\" src=\"http:\/\/www.candice-nguyen.com\/wp-content\/uploads\/2012\/11\/EDF-Equilibres-Nocturnes-630x630.jpg\" alt=\"EDF - Equilibres Nocturnes, F\u00e9vrier 2014\" width=\"630\" height=\"630\" srcset=\"https:\/\/www.candice-nguyen.com\/fragments\/wp-content\/uploads\/2012\/11\/EDF-Equilibres-Nocturnes-630x630.jpg 630w, https:\/\/www.candice-nguyen.com\/fragments\/wp-content\/uploads\/2012\/11\/EDF-Equilibres-Nocturnes-140x140.jpg 140w, https:\/\/www.candice-nguyen.com\/fragments\/wp-content\/uploads\/2012\/11\/EDF-Equilibres-Nocturnes-315x315.jpg 315w, https:\/\/www.candice-nguyen.com\/fragments\/wp-content\/uploads\/2012\/11\/EDF-Equilibres-Nocturnes-700x700.jpg 700w, https:\/\/www.candice-nguyen.com\/fragments\/wp-content\/uploads\/2012\/11\/EDF-Equilibres-Nocturnes-332x332.jpg 332w, https:\/\/www.candice-nguyen.com\/fragments\/wp-content\/uploads\/2012\/11\/EDF-Equilibres-Nocturnes-432x432.jpg 432w, https:\/\/www.candice-nguyen.com\/fragments\/wp-content\/uploads\/2012\/11\/EDF-Equilibres-Nocturnes-268x268.jpg 268w, https:\/\/www.candice-nguyen.com\/fragments\/wp-content\/uploads\/2012\/11\/EDF-Equilibres-Nocturnes.jpg 1280w\" sizes=\"auto, (max-width: 630px) 100vw, 630px\" \/><\/a><\/p>\n<h3><a href=\"https:\/\/www.facebook.com\/JononeFanPage\/photos\/a.670231169693726.1073741833.660815843968592\/670231256360384\/\" target=\"_blank\" rel=\"noopener\">JonOne x MARSATWORK, 2013-2014<\/a><\/h3>\n<p><a title=\"\" href=\"http:\/\/www.candice-nguyen.com\/wp-content\/uploads\/2012\/11\/Jonone-candice-nguyen-marsatwork.jpg\" data-rel=\"lightbox-gallery-oldTGtMM\" data-rl_title=\"\" data-rl_caption=\"\"><img loading=\"lazy\" decoding=\"async\" class=\"alignnone size-full wp-image-12333\" src=\"http:\/\/www.candice-nguyen.com\/wp-content\/uploads\/2012\/11\/Jonone-candice-nguyen-marsatwork.jpg\" alt=\"JonOne x MARSATWORK \u00a9 candice nguyen\" width=\"1400\" height=\"788\" srcset=\"https:\/\/www.candice-nguyen.com\/fragments\/wp-content\/uploads\/2012\/11\/Jonone-candice-nguyen-marsatwork.jpg 1400w, https:\/\/www.candice-nguyen.com\/fragments\/wp-content\/uploads\/2012\/11\/Jonone-candice-nguyen-marsatwork-140x78.jpg 140w, https:\/\/www.candice-nguyen.com\/fragments\/wp-content\/uploads\/2012\/11\/Jonone-candice-nguyen-marsatwork-315x177.jpg 315w, https:\/\/www.candice-nguyen.com\/fragments\/wp-content\/uploads\/2012\/11\/Jonone-candice-nguyen-marsatwork-630x354.jpg 630w, https:\/\/www.candice-nguyen.com\/fragments\/wp-content\/uploads\/2012\/11\/Jonone-candice-nguyen-marsatwork-700x393.jpg 700w, https:\/\/www.candice-nguyen.com\/fragments\/wp-content\/uploads\/2012\/11\/Jonone-candice-nguyen-marsatwork-332x186.jpg 332w\" sizes=\"auto, (max-width: 1400px) 100vw, 1400px\" \/><\/a><\/p>\n<p style=\"font-size: 120%; line-height: 1.5em; font-family: Oswald; font-weight: 300;\">Sur le site de JonOne (2013-2014), photos \u00a9 Candice Nguyen<\/p>\n<p>&nbsp;<\/p>\n<h3><a href=\"http:\/\/www.candice-nguyen.com\/chantiers\/conversations\/cheese-royal\/\">CHEESE ROYAL, les Aventuriers du Saint Trou, 2011<\/a><\/h3>\n<p style=\"font-size: 120%; line-height: 1.5em; font-family: Oswald; font-weight: 300;\">Une enqu\u00eate troublante et haletante au pays du Gruy\u00e8re feat. <a style=\"color: #45818e;\" href=\"http:\/\/www.nicolasesse.com\/\" target=\"_blank\" rel=\"noopener\">Nicolas Esse<\/a><\/p>\n<div data-url=\"https:\/\/issuu.com\/candicek\/docs\/cheese_royal_les_aventuriers_du_saint_trou\" style=\"width: 720px; height: 254px;\" class=\"issuuembed\"><\/div>\n<p><script type=\"text\/javascript\" src=\"\/\/e.issuu.com\/embed.js\" async=\"true\"><\/script><\/p>\n<h3>The Fitzcarraldo Sessions, 2010<\/h3>\n<p><iframe loading=\"lazy\" title=\"The Fitzcarraldo Sessions @ Salle Pleyel - July 2010\" src=\"https:\/\/player.vimeo.com\/video\/13641223?h=c94e2a7641&amp;dnt=1&amp;app_id=122963\" width=\"400\" height=\"300\" frameborder=\"0\" allow=\"autoplay; fullscreen; picture-in-picture\" allowfullscreen><\/iframe><\/p>\n<p style=\"font-size: 120%; line-height: 1.5em; font-family: Oswald; font-weight: 300;\">Music : Johnny Guitar (Peggy Lee cover) feat. Rosemary Standley (Moriarty)<br \/>\nPhotos \u00a9 <a style=\"color: #45818e;\" href=\"http:\/\/www.vinciane.net\/\" target=\"_blank\" rel=\"noopener\">Vinciane Verguethen<\/a> \u2014 R\u00e9al. Candice Nguyen<\/p>\n","protected":false},"excerpt":{"rendered":"<p>(d&#8217;autres r\u00e9f\u00e9rences ici &#8211; moins perso, plus pro) L&#8217;Autre Quotidien (Nuit &amp; Jour) Chroniques dans L&#8217;Autre Quotidien (Nuit &amp; Jour), 2016-2017, lautrequotidien.fr &nbsp; PLATEFORM Magazine PLATEFORM ISSUE #102, Juillet 2017, Publication de la s\u00e9rie &#8220;Polar Seas&#8221; pp. 50-66 PLATEFORM ISSUE #88, Mai 2016, Publication de la s\u00e9rie &#8220;For Now I am Winter&#8221; pp. 94-116 PLATEFORM [&hellip;]<\/p>\n","protected":false},"author":3,"featured_media":14972,"parent":0,"menu_order":2,"comment_status":"closed","ping_status":"closed","template":"","meta":{"footnotes":""},"class_list":["post-4490","page","type-page","status-publish","has-post-thumbnail","hentry"],"aioseo_notices":[],"_links":{"self":[{"href":"https:\/\/www.candice-nguyen.com\/fragments\/wp-json\/wp\/v2\/pages\/4490","targetHints":{"allow":["GET"]}}],"collection":[{"href":"https:\/\/www.candice-nguyen.com\/fragments\/wp-json\/wp\/v2\/pages"}],"about":[{"href":"https:\/\/www.candice-nguyen.com\/fragments\/wp-json\/wp\/v2\/types\/page"}],"author":[{"embeddable":true,"href":"https:\/\/www.candice-nguyen.com\/fragments\/wp-json\/wp\/v2\/users\/3"}],"replies":[{"embeddable":true,"href":"https:\/\/www.candice-nguyen.com\/fragments\/wp-json\/wp\/v2\/comments?post=4490"}],"version-history":[{"count":146,"href":"https:\/\/www.candice-nguyen.com\/fragments\/wp-json\/wp\/v2\/pages\/4490\/revisions"}],"predecessor-version":[{"id":13035,"href":"https:\/\/www.candice-nguyen.com\/fragments\/wp-json\/wp\/v2\/pages\/4490\/revisions\/13035"}],"wp:featuredmedia":[{"embeddable":true,"href":"https:\/\/www.candice-nguyen.com\/fragments\/wp-json\/wp\/v2\/media\/14972"}],"wp:attachment":[{"href":"https:\/\/www.candice-nguyen.com\/fragments\/wp-json\/wp\/v2\/media?parent=4490"}],"curies":[{"name":"wp","href":"https:\/\/api.w.org\/{rel}","templated":true}]}}