{"id":451,"date":"2012-08-19T14:57:33","date_gmt":"2012-08-19T14:57:33","guid":{"rendered":"http:\/\/candicenguyen.wordpress.com\/?page_id=451"},"modified":"2023-02-22T09:51:50","modified_gmt":"2023-02-22T08:51:50","slug":"lindigo-a-leurs-mains-melange","status":"publish","type":"page","link":"https:\/\/www.candice-nguyen.com\/fragments\/chantiers\/il-a-dix-neuf-ou-peut-etre-vingt-ans\/la-recherche\/lindigo-a-leurs-mains-melange\/","title":{"rendered":"L&#8217;indigo \u00e0 leurs mains m\u00e9lang\u00e9 (4)"},"content":{"rendered":"<p><a href=\"https:\/\/www.candice-nguyen.com\/wp-content\/uploads\/2012\/08\/DSC00772-1024x685.jpg\" data-rel=\"lightbox-gallery-e5yhz0KR\" data-rl_title=\"\" data-rl_caption=\"\"><img loading=\"lazy\" decoding=\"async\" class=\"alignnone size-full wp-image-1759\" title=\"'indigo \u00e0 leurs mains m\u00e9lang\u00e9\" src=\"https:\/\/www.candice-nguyen.com\/wp-content\/uploads\/2012\/08\/DSC00772.jpg\" alt=\"l'indigo \u00e0 leurs mains m\u00e9lang\u00e9\" width=\"630\" height=\"421\" srcset=\"https:\/\/www.candice-nguyen.com\/fragments\/wp-content\/uploads\/2012\/08\/DSC00772.jpg 3872w, https:\/\/www.candice-nguyen.com\/fragments\/wp-content\/uploads\/2012\/08\/DSC00772-150x100.jpg 150w, https:\/\/www.candice-nguyen.com\/fragments\/wp-content\/uploads\/2012\/08\/DSC00772-500x334.jpg 500w, https:\/\/www.candice-nguyen.com\/fragments\/wp-content\/uploads\/2012\/08\/DSC00772-1024x685.jpg 1024w, https:\/\/www.candice-nguyen.com\/fragments\/wp-content\/uploads\/2012\/08\/DSC00772-700x468.jpg 700w, https:\/\/www.candice-nguyen.com\/fragments\/wp-content\/uploads\/2012\/08\/DSC00772-332x222.jpg 332w\" sizes=\"auto, (max-width: 630px) 100vw, 630px\" \/><\/a><\/p>\n<h6 style=\"padding-left: 80px; padding-right: 80px; text-align: center;\">quoi dans cette vie o\u00f9 s&#8217;assoupissent les fr\u00eales bourgeons sur leur c\u0153ur resserr\u00e9s<br \/>\n(rideaux se referment sur leurs cuisses couleur du th\u00e9)<\/h6>\n<p><a href=\"https:\/\/www.candice-nguyen.com\/wp-content\/uploads\/2012\/08\/DSC00773-1024x685.jpg\" data-rel=\"lightbox-gallery-e5yhz0KR\" data-rl_title=\"\" data-rl_caption=\"\" title=\"\"><img loading=\"lazy\" decoding=\"async\" src=\"https:\/\/www.candice-nguyen.com\/wp-content\/uploads\/2012\/08\/DSC00773-1024x685.jpg\" alt=\"couleur du th\u00e9\" width=\"630\" height=\"421\" class=\"alignnone size-large wp-image-1760\" srcset=\"https:\/\/www.candice-nguyen.com\/fragments\/wp-content\/uploads\/2012\/08\/DSC00773-1024x685.jpg 1024w, https:\/\/www.candice-nguyen.com\/fragments\/wp-content\/uploads\/2012\/08\/DSC00773-150x100.jpg 150w, https:\/\/www.candice-nguyen.com\/fragments\/wp-content\/uploads\/2012\/08\/DSC00773-500x334.jpg 500w, https:\/\/www.candice-nguyen.com\/fragments\/wp-content\/uploads\/2012\/08\/DSC00773-700x468.jpg 700w, https:\/\/www.candice-nguyen.com\/fragments\/wp-content\/uploads\/2012\/08\/DSC00773-332x222.jpg 332w\" sizes=\"auto, (max-width: 630px) 100vw, 630px\" \/><\/a><\/p>\n<p style=\"font-size: 130%; line-height: 1.5em; font-family: Oswald; font-weight: 300; padding-left: 80px; padding-right: 80px; text-align: justify;\">ils disent aux matins calmes on dispose nos corps en halos de fum\u00e9e pour qu&#8217;\u00e0 travers les toits s&#8217;envolent fragments hanches cous poignets<\/p>\n<p style=\"font-size: 130%; line-height: 1.5em; font-family: Oswald; font-weight: 300; padding-left: 80px; padding-right: 80px; text-align: justify;\">ils disent<br \/>\nr\u00eaves morcel\u00e9s guettent l&#8217;envol des corps aux fronti\u00e8res r\u00e9concili\u00e9s on s&#8217;envole vers quoi dans cette vie dis-moi<\/p>\n<p style=\"font-size: 130%; line-height: 1.5em; font-family: Oswald; font-weight: 300; padding-left: 80px; padding-right: 80px; text-align: justify;\">ils disent rivages retraverser pierres eaux ponts for\u00eats accident\u00e9s<br \/>\nils disent souffre de la terre absences des cris<\/p>\n<p style=\"font-size: 130%; line-height: 1.5em; font-family: Oswald; font-weight: 300; padding-left: 80px; padding-right: 80px; text-align: justify;\">nuit<\/p>\n<p style=\"font-size: 130%; line-height: 1.5em; font-family: Oswald; font-weight: 300; padding-left: 80px; padding-right: 80px; text-align: justify;\">ils disent filets de lumi\u00e8re retrouver l&#8217;indigo \u00e0 nos mains m\u00e9lang\u00e9<br \/>\nest-ce pour bient\u00f4t<\/p>\n<p style=\"font-size: 130%; line-height: 1.5em; font-family: Oswald; font-weight: 300; padding-left: 80px; padding-right: 80px; text-align: justify;\">bient\u00f4t<br \/>\nils disent<\/p>\n<p style=\"font-size: 130%; line-height: 1.5em; font-family: Oswald; font-weight: 300; padding-left: 80px; padding-right: 80px; text-align: justify;\">ils disent<br \/>\n<a href=\"\/fragments\/il-a-dix-neuf-ou-peut-etre-vingt-ans\/la-recherche\/vibre-encore-sous-mes-pores-la-louve-abattue\/\">que voudrais-tu savoir de plus que tu ne sais d\u00e9j\u00e0<\/a><\/p>\n<p style=\"font-size: 130%; line-height: 1.5em; font-family: Oswald; font-weight: 300; padding-left: 80px; padding-right: 80px; text-align: justify;\">ils disent<br \/>\nils disent quoi dans cette vie-l\u00e0 dis-moi<\/p>\n<p><a href=\"https:\/\/www.candice-nguyen.com\/wp-content\/uploads\/2012\/08\/DSC00829-1024x685.jpg\" data-rel=\"lightbox-gallery-e5yhz0KR\" data-rl_title=\"\" data-rl_caption=\"\" title=\"\"><img decoding=\"async\" class=\"aligncenter size-medium wp-image-506\" src=\"https:\/\/www.candice-nguyen.com\/wp-content\/uploads\/2012\/08\/DSC00829.jpg?w=630\" alt=\"quoi\" width=\"630\" \/><\/a><br \/>\n&nbsp;<\/p>\n<p style=\"text-align: center;\"><a href=\"\/fragments\/chantiers\/il-a-dix-neuf-ou-peut-etre-vingt-ans\/la-recherche\/vibre-encore-sous-mes-pores-la-louve-abattue\/\">\u2190<\/a> \u2022 <a href=\"\/fragments\/chantiers\/il-a-dix-neuf-ou-peut-etre-vingt-ans\/\">\u2192<\/a><\/p>\n","protected":false},"excerpt":{"rendered":"<p>quoi dans cette vie o\u00f9 s&#8217;assoupissent les fr\u00eales bourgeons sur leur c\u0153ur resserr\u00e9s (rideaux se referment sur leurs cuisses couleur du th\u00e9) ils disent aux matins calmes on dispose nos corps en halos de fum\u00e9e pour qu&#8217;\u00e0 travers les toits s&#8217;envolent fragments hanches cous poignets ils disent r\u00eaves morcel\u00e9s guettent l&#8217;envol des corps aux fronti\u00e8res [&hellip;]<\/p>\n","protected":false},"author":3,"featured_media":1761,"parent":519,"menu_order":4,"comment_status":"closed","ping_status":"closed","template":"","meta":{"footnotes":""},"class_list":["post-451","page","type-page","status-publish","has-post-thumbnail","hentry"],"aioseo_notices":[],"_links":{"self":[{"href":"https:\/\/www.candice-nguyen.com\/fragments\/wp-json\/wp\/v2\/pages\/451","targetHints":{"allow":["GET"]}}],"collection":[{"href":"https:\/\/www.candice-nguyen.com\/fragments\/wp-json\/wp\/v2\/pages"}],"about":[{"href":"https:\/\/www.candice-nguyen.com\/fragments\/wp-json\/wp\/v2\/types\/page"}],"author":[{"embeddable":true,"href":"https:\/\/www.candice-nguyen.com\/fragments\/wp-json\/wp\/v2\/users\/3"}],"replies":[{"embeddable":true,"href":"https:\/\/www.candice-nguyen.com\/fragments\/wp-json\/wp\/v2\/comments?post=451"}],"version-history":[{"count":23,"href":"https:\/\/www.candice-nguyen.com\/fragments\/wp-json\/wp\/v2\/pages\/451\/revisions"}],"predecessor-version":[{"id":23081,"href":"https:\/\/www.candice-nguyen.com\/fragments\/wp-json\/wp\/v2\/pages\/451\/revisions\/23081"}],"up":[{"embeddable":true,"href":"https:\/\/www.candice-nguyen.com\/fragments\/wp-json\/wp\/v2\/pages\/519"}],"wp:featuredmedia":[{"embeddable":true,"href":"https:\/\/www.candice-nguyen.com\/fragments\/wp-json\/wp\/v2\/media\/1761"}],"wp:attachment":[{"href":"https:\/\/www.candice-nguyen.com\/fragments\/wp-json\/wp\/v2\/media?parent=451"}],"curies":[{"name":"wp","href":"https:\/\/api.w.org\/{rel}","templated":true}]}}