{"id":519,"date":"2012-08-19T16:03:10","date_gmt":"2012-08-19T16:03:10","guid":{"rendered":"http:\/\/candicenguyen.wordpress.com\/?page_id=519"},"modified":"2023-02-22T09:42:46","modified_gmt":"2023-02-22T08:42:46","slug":"la-recherche","status":"publish","type":"page","link":"https:\/\/www.candice-nguyen.com\/fragments\/chantiers\/il-a-dix-neuf-ou-peut-etre-vingt-ans\/la-recherche\/","title":{"rendered":"La recherche (2)"},"content":{"rendered":"<p>&nbsp;<\/p>\n<blockquote>\n<p style=\"text-align: justify; padding-left: 80px; padding-right: 80px;\"><strong>Qu&#8217;est-ce que mes yeux n&#8217;avaient pas vu et mon c\u0153ur senti qui la rendit, elle, \u00e0 la pierre. Je ne pouvais y croire. Cette femme qui. Je devais partir.<\/strong><\/p>\n<\/blockquote>\n<p>&nbsp;<\/p>\n<p align=\"center\"><a href=\"\/fragments\/chantiers\/il-a-dix-neuf-ou-peut-etre-vingt-ans\/la-recherche\/ou-sont-les-corps\/\"><img decoding=\"async\" src=\"http:\/\/www.candice-nguyen.com\/wp-content\/uploads\/2012\/08\/o\u00f9-sont-les-corps-1.jpg\" alt=\"o\u00f9 sont les corps (1)\" width=\"350\" \/><\/a> <a href=\"\/fragments\/chantiers\/il-a-dix-neuf-ou-peut-etre-vingt-ans\/la-recherche\/dans-la-terre-qui-brule\/\"><img decoding=\"async\" src=\"http:\/\/www.candice-nguyen.com\/wp-content\/uploads\/2012\/08\/dans-la-terre-qui-br\u00fble-2.jpg\" alt=\"dans la terre qui br\u00fble (2)\" width=\"350\" \/><\/a><\/p>\n<p align=\"center\"><a href=\"\/fragments\/chantiers\/il-a-dix-neuf-ou-peut-etre-vingt-ans\/la-recherche\/vibre-encore-sous-mes-pores-la-louve-abattue\/\"><img decoding=\"async\" src=\"http:\/\/www.candice-nguyen.com\/wp-content\/uploads\/2012\/08\/vibre-encore-sous-mes-pores-la-louve-abattue-001.jpg\" alt=\"vibre encore sous mes pores la louve abattue (4)\" width=\"350\" \/><\/a> <a href=\"\/fragments\/chantiers\/il-a-dix-neuf-ou-peut-etre-vingt-ans\/la-recherche\/lindigo-a-leurs-mains-melange\/\"><img decoding=\"async\" src=\"http:\/\/www.candice-nguyen.com\/wp-content\/uploads\/2012\/08\/lindigo-\u00e0-leurs-mains-m\u00e9lang\u00e9.jpg\" alt=\"l'indigo \u00e0 leurs mains m\u00e9lang\u00e9 (4)\" width=\"350\" \/><\/a><\/p>\n<p style=\"text-align: center;\"><a href=\"\/fragments\/chantiers\/il-a-dix-neuf-ou-peut-etre-vingt-ans\/chapitre-1\/\">\u2190 La m\u00e8re alla dormir sous les dalles du clo\u00eetre (1)<\/a>\u00a0\u00a0\u2022\u00a0\u00a0<a href=\"\/fragments\/chantiers\/il-a-dix-neuf-ou-peut-etre-vingt-ans\/la-recherche\/ou-sont-les-corps\/\"> O\u00f9 sont les corps (1) <\/a><a href=\"\/fragments\/chantiers\/il-a-dix-neuf-ou-peut-etre-vingt-ans\/la-recherche\/ou-sont-les-corps\/\">\u2192<\/a><\/p>\n","protected":false},"excerpt":{"rendered":"<p>&nbsp; Qu&#8217;est-ce que mes yeux n&#8217;avaient pas vu et mon c\u0153ur senti qui la rendit, elle, \u00e0 la pierre. Je ne pouvais y croire. Cette femme qui. Je devais partir. &nbsp; \u2190 La m\u00e8re alla dormir sous les dalles du clo\u00eetre (1)\u00a0\u00a0\u2022\u00a0\u00a0 O\u00f9 sont les corps (1) \u2192<\/p>\n","protected":false},"author":3,"featured_media":1517,"parent":75,"menu_order":2,"comment_status":"closed","ping_status":"closed","template":"","meta":{"footnotes":""},"class_list":["post-519","page","type-page","status-publish","has-post-thumbnail","hentry"],"aioseo_notices":[],"_links":{"self":[{"href":"https:\/\/www.candice-nguyen.com\/fragments\/wp-json\/wp\/v2\/pages\/519","targetHints":{"allow":["GET"]}}],"collection":[{"href":"https:\/\/www.candice-nguyen.com\/fragments\/wp-json\/wp\/v2\/pages"}],"about":[{"href":"https:\/\/www.candice-nguyen.com\/fragments\/wp-json\/wp\/v2\/types\/page"}],"author":[{"embeddable":true,"href":"https:\/\/www.candice-nguyen.com\/fragments\/wp-json\/wp\/v2\/users\/3"}],"replies":[{"embeddable":true,"href":"https:\/\/www.candice-nguyen.com\/fragments\/wp-json\/wp\/v2\/comments?post=519"}],"version-history":[{"count":20,"href":"https:\/\/www.candice-nguyen.com\/fragments\/wp-json\/wp\/v2\/pages\/519\/revisions"}],"predecessor-version":[{"id":23076,"href":"https:\/\/www.candice-nguyen.com\/fragments\/wp-json\/wp\/v2\/pages\/519\/revisions\/23076"}],"up":[{"embeddable":true,"href":"https:\/\/www.candice-nguyen.com\/fragments\/wp-json\/wp\/v2\/pages\/75"}],"wp:featuredmedia":[{"embeddable":true,"href":"https:\/\/www.candice-nguyen.com\/fragments\/wp-json\/wp\/v2\/media\/1517"}],"wp:attachment":[{"href":"https:\/\/www.candice-nguyen.com\/fragments\/wp-json\/wp\/v2\/media?parent=519"}],"curies":[{"name":"wp","href":"https:\/\/api.w.org\/{rel}","templated":true}]}}