{"id":542,"date":"2012-08-19T18:55:11","date_gmt":"2012-08-19T18:55:11","guid":{"rendered":"http:\/\/candicenguyen.wordpress.com\/?page_id=542"},"modified":"2023-02-22T12:59:55","modified_gmt":"2023-02-22T11:59:55","slug":"galeries","status":"publish","type":"page","link":"https:\/\/www.candice-nguyen.com\/fragments\/galeries\/","title":{"rendered":"PHOTOGRAPHIE"},"content":{"rendered":"<p style=\"text-align: center;\"><span style=\"font-size: 150%; line-height: 1.5em; font-family: Oswald; font-weight: 300;\">Cliquez sur l&#8217;une des vignettes pour ouvrir la galerie correspondante<\/span><\/p>\n<p style=\"text-align: center;\">\n<a title=\"Scotland \u2022 From Edinburgh to Inverness\" href=\"http:\/\/www.candice-nguyen.com\/fragments\/galeries\/scotland\/\"><img decoding=\"async\" src=\"http:\/\/www.candice-nguyen.com\/wp-content\/uploads\/2015\/12\/IMG_20150402_142631-900x900.jpg\" alt=\"Scotland \u2022 From Edinburgh to Inverness\" width=\"350\" \/><\/a><a title=\"Scotland \u2022 From Edinburgh to Inverness\" href=\"http:\/\/www.candice-nguyen.com\/fragments\/galeries\/scotland\/\"><img decoding=\"async\" src=\"http:\/\/www.candice-nguyen.com\/wp-content\/uploads\/2015\/12\/IMG_20150404_165515-900x900.jpg\" alt=\"Scotland \u2022 From Edinburgh to Inverness\" width=\"350\" \/><\/a><br \/>\n<a title=\"B&amp;W II\" href=\"http:\/\/www.candice-nguyen.com\/fragments\/galeries\/bw-ii\/\"><img decoding=\"async\" src=\"http:\/\/www.candice-nguyen.com\/wp-content\/uploads\/2012\/08\/BW-2.jpg\" alt=\"B&amp;W II\" width=\"700\" \/><\/a><br \/>\n<a href=\"http:\/\/www.candice-nguyen.com\/fragments\/galeries\/for-now-i-am-winter\/for-now-i-am-winter\/\"><img decoding=\"async\" src=\"http:\/\/www.candice-nguyen.com\/wp-content\/uploads\/2013\/11\/mytvan-315x315.png\" alt=\"mytvan\" width=\"350\" \/><\/a><a href=\"http:\/\/www.candice-nguyen.com\/fragments\/galeries\/for-now-i-am-winter\/akureyri-i\"><img decoding=\"async\" src=\"http:\/\/www.candice-nguyen.com\/wp-content\/uploads\/2013\/11\/akureyri-I-315x315.png\" alt=\"akureyri I\" width=\"350\"  \/><\/a><br \/>\n<a href=\"http:\/\/www.candice-nguyen.com\/fragments\/galeries\/for-now-i-am-winter\/akureyri-ii\/\"><img decoding=\"async\" src=\"http:\/\/www.candice-nguyen.com\/wp-content\/uploads\/2013\/11\/akureyri-II-315x315.png\" alt=\"akureyri II\" width=\"350\"  \/><\/a><a href=\"http:\/\/www.candice-nguyen.com\/fragments\/galeries\/for-now-i-am-winter\/from-akureyri-to-reykjavik\/%20\"><img decoding=\"async\" src=\"http:\/\/www.candice-nguyen.com\/wp-content\/uploads\/2013\/11\/from-akureyri-to-reykjav\u00edk-315x315.jpg\" alt=\"from Akureyri to Reykjav\u00edk\" width=\"350\" \/><\/a><br \/>\n<a href=\"http:\/\/www.candice-nguyen.com\/fragments\/galeries\/for-now-i-am-winter\/gardar-i\/\"><img decoding=\"async\" src=\"http:\/\/www.candice-nguyen.com\/wp-content\/uploads\/2013\/11\/gardar-I-315x315.jpg\" alt=\"Gar\u00f0ar I\" width=\"350\" \/><\/a><a href=\"http:\/\/www.candice-nguyen.com\/fragments\/galeries\/for-now-i-am-winter\/to-the-northernmost-roads\/\"><img decoding=\"async\" src=\"http:\/\/www.candice-nguyen.com\/wp-content\/uploads\/2012\/08\/northernmostroads_.jpg\" alt=\"to the northernmost roads\" width=\"350\" \/><\/a><br \/>\n<a href=\"http:\/\/www.candice-nguyen.com\/fragments\/galeries\/for-now-i-am-winter\/an-ending-a-beginning\/\"><img decoding=\"async\" src=\"http:\/\/www.candice-nguyen.com\/wp-content\/uploads\/2013\/11\/an-ending-315x315.jpg\" alt=\"an ending a beginning\" width=\"350\" \/><\/a><a title=\"\u2026 and they have escaped the weight of darkness\" href=\"http:\/\/www.candice-nguyen.com\/fragments\/galeries\/for-now-i-am-winter\/and-they-have-escaped-the-weight-of-darkness\/\"><img decoding=\"async\"  src=\"http:\/\/www.candice-nguyen.com\/wp-content\/uploads\/2013\/11\/PA210272-002.jpg\" alt=\"\u00a9 candice nguyen\" width=\"350\" \/><\/a><br \/>\n<a href=\"http:\/\/www.candice-nguyen.com\/fragments\/galeries\/for-now-i-am-winter\/playlist-for-a-road-trip\/\"><img decoding=\"async\" src=\"http:\/\/www.candice-nguyen.com\/wp-content\/uploads\/2013\/11\/PA210307-001.jpg\" alt=\"Playlist for a road trip (kind of)\" width=\"350\" \/><\/a><a href=\"http:\/\/www.candice-nguyen.com\/fragments\/galeries\/for-now-i-am-winter\/on-continue\/\"><img decoding=\"async\" src=\"http:\/\/www.candice-nguyen.com\/wp-content\/uploads\/2013\/11\/PA261537-001.jpg\" alt=\"On continue\" width=\"350\" \/><\/a><br \/>\n<a title=\"V\u00edk \u00ed M\u00fdrdal\" href=\"http:\/\/www.candice-nguyen.com\/fragments\/galeries\/for-now-i-am-winter\/vik-i-myrdal\/\"><img decoding=\"async\" src=\"http:\/\/www.candice-nguyen.com\/wp-content\/uploads\/2013\/11\/PA272146.jpg\" alt=\"V\u00edk \u00ed M\u00fdrdal\" width=\"350\" \/><\/a><a href=\"http:\/\/www.candice-nguyen.com\/fragments\/galeries\/for-now-i-am-winter\/gardar-2\/\"><img decoding=\"async\" src=\"http:\/\/www.candice-nguyen.com\/wp-content\/uploads\/2013\/11\/gardar-2-315x315.jpg\" alt=\"Gar\u00f0ar II\" width=\"350\" \/><\/a><br \/>\n<a href=\"http:\/\/www.candice-nguyen.com\/fragments\/galeries\/for-now-i-am-winter\/reykjavik\/\"><img decoding=\"async\" src=\"http:\/\/www.candice-nguyen.com\/wp-content\/uploads\/2013\/11\/Reykjavik-1-630x630.jpg\" alt=\"Reykjavik\" width=\"350\" \/><\/a><br \/>\n<a href=\"http:\/\/www.candice-nguyen.com\/fragments\/galeries\/for-now-i-am-winter\/de-myvatn-a-namafjall-hverir-francois-bon\/\"><img decoding=\"async\" src=\"http:\/\/www.candice-nguyen.com\/wp-content\/uploads\/2013\/11\/fbon-vignette.png\" alt=\"fran\u00e7ois bon, vases communicants\" width=\"700\" \/><\/a><br \/>\n<a title=\"Mais o\u00f9 s'en va le bleu du ciel quand tombe la nuit ?\" href=\"http:\/\/www.candice-nguyen.com\/fragments\/galeries\/for-now-i-am-winter\/mais-ou-sen-va-le-bleu-du-ciel-quand-tombe-la-nuit\/\"><img decoding=\"async\" title=\"mais o\u00f9 s\u2019en va le bleu du ciel quand tombe la nuit ?\" src=\"http:\/\/www.candice-nguyen.com\/wp-content\/uploads\/2012\/08\/PA241168-tombe.jpg\" alt=\"mais o\u00f9 s\u2019en va le bleu du ciel quand tombe la nuit ?\" width=\"700\" \/><\/a><br \/>\n<a href=\"http:\/\/www.candice-nguyen.com\/fragments\/chantiers\/il-a-dix-neuf-ou-peut-etre-vingt-ans\/chapitre-1\/galerie\/\"><img decoding=\"async\" title=\"Il a dix-neuf ou peut-\u00eatre vingt ans \u2022 Yesterdays Tomorrows\" src=\"http:\/\/www.candice-nguyen.com\/wp-content\/uploads\/2012\/08\/Candice-Nguyen-11-500x334.jpg\" alt=\"Il a dix-neuf ou peut-\u00eatre vingt ans \u2022 Yesterdays Tomorrows\" width=\"350\"\/><\/a><a href=\"http:\/\/www.candice-nguyen.com\/fragments\/chantiers\/conversations\/cheese-royal\/galerie\/\"><img decoding=\"async\" title=\"Cheese Royal \u2022 Way down in the hole\" src=\"http:\/\/www.candice-nguyen.com\/wp-content\/uploads\/2012\/09\/Candice-Nguyen-2A-315x210.jpg\" alt=\"Cheese Royal \u2022 Way down in the hole\" width=\"350\"\/><\/a><br \/>\n<a href=\"http:\/\/www.candice-nguyen.com\/fragments\/chantiers\/meduses\/nous-ne-sommes-pas-des-meduses\/galerie\/\"><img decoding=\"async\" title=\"M\u00e9duses \u2022 Vers la nuit\" src=\"http:\/\/www.candice-nguyen.com\/wp-content\/uploads\/2012\/08\/\u00a9-candice-nguyen1-500x334.jpg\" alt=\"M\u00e9duses \u2022 Vers la nuit\" width=\"350\" \/><\/a><a title=\"Il a dix-neuf ou peut-\u00eatre vingt ans \u2022 dans la terre qui br\u00fble\" href=\"http:\/\/www.candice-nguyen.com\/fragments\/chantiers\/il-a-dix-neuf-ou-peut-etre-vingt-ans\/la-recherche\/dans-la-terre-qui-brule\/\"><img decoding=\"async\" src=\"http:\/\/www.candice-nguyen.com\/wp-content\/uploads\/2012\/08\/DSC00902-500x334.jpg\" alt=\"Il a dix-neuf ou peut-\u00eatre vingt ans \u2022 dans la terre qui br\u00fble\" width=\"350\" \/><\/a><br \/>\n<a href=\"http:\/\/www.candice-nguyen.com\/fragments\/galeries\/bw\/\"><img decoding=\"async\" title=\"B&amp;W\" src=\"http:\/\/www.candice-nguyen.com\/wp-content\/uploads\/2012\/08\/19-1024x685.jpg\" alt=\"B&amp;W\"width=\"350\" \/><\/a> <a href=\"http:\/\/www.candice-nguyen.com\/fragments\/galeries\/vietnam\/hanoi\/\"><img decoding=\"async\" title=\"Hanoi\" src=\"http:\/\/www.candice-nguyen.com\/wp-content\/uploads\/2012\/08\/DSC09806-500x334.jpg\" alt=\"Hanoi\" width=\"350\" \/><\/a><br \/>\n<a href=\"http:\/\/www.candice-nguyen.com\/fragments\/galeries\/vietnam\/sur-les-routes-accidentees\/\"><img decoding=\"async\" title=\"Sur les routes accident\u00e9es\" src=\"http:\/\/www.candice-nguyen.com\/wp-content\/uploads\/2012\/08\/DSC09978-500x334.jpg\" alt=\"Sur les routes accident\u00e9es\" width=\"350\" \/><\/a> <a href=\"http:\/\/www.candice-nguyen.com\/fragments\/galeries\/vietnam\/fin-du-jour-fin-des-recoltes\/\"><img decoding=\"async\" title=\"Fin du jour, fin des r\u00e9coltes\" src=\"http:\/\/www.candice-nguyen.com\/wp-content\/uploads\/2012\/08\/DSC00140-500x334.jpg\" alt=\"Fin du jour, fin des r\u00e9coltes\" width=\"350\" \/><\/a><br \/>\n<a href=\"http:\/\/www.candice-nguyen.com\/fragments\/galeries\/vietnam\/peaux-de-fleuve\/\"><img decoding=\"async\" title=\"Peaux de fleuve\" src=\"http:\/\/www.candice-nguyen.com\/wp-content\/uploads\/2012\/08\/DSC01959-500x334.jpg\" alt=\"Peaux de fleuve\" width=\"350\" \/><\/a> <a href=\"http:\/\/www.candice-nguyen.com\/fragments\/galeries\/vietnam\/halong\/\"><img decoding=\"async\" title=\"Ha Long\" src=\"http:\/\/www.candice-nguyen.com\/wp-content\/uploads\/2012\/08\/DSC01320-500x334.jpg\" alt=\"Ha Long\" width=\"350\" \/><\/a><br \/>\n<a href=\"http:\/\/www.candice-nguyen.com\/fragments\/galeries\/vietnam\/enfances\/\"><img decoding=\"async\" title=\"Enfances\" src=\"http:\/\/www.candice-nguyen.com\/wp-content\/uploads\/2012\/08\/3-DSC02385-500x334.jpg\" alt=\"Enfances\" width=\"350\" \/><\/a><a href=\"http:\/\/www.candice-nguyen.com\/fragments\/galeries\/vietnam\/chat-bus\/\"><img decoding=\"async\" title=\"Chat Bus\" src=\"http:\/\/www.candice-nguyen.com\/wp-content\/uploads\/2012\/08\/DSC02180-500x334.jpg\" alt=\"Chat Bus\" width=\"350\" \/><\/a><br \/>\n<a href=\"http:\/\/www.candice-nguyen.com\/fragments\/galeries\/vietnam\/bai-tu-long\/\"><img decoding=\"async\" title=\"B\u00e1i T\u1eed Long\" src=\"http:\/\/www.candice-nguyen.com\/wp-content\/uploads\/2012\/08\/DSC01818-500x334.jpg\" alt=\"B\u00e1i T\u1eed Long\" width=\"350\" \/><\/a><a href=\"http:\/\/www.candice-nguyen.com\/fragments\/portfolios\/lisbonne-premiere-marge\"><img decoding=\"async\" title=\"Lisbonne, premi\u00e8re marge\" src=\"http:\/\/www.candice-nguyen.com\/wp-content\/uploads\/2012\/08\/SAM_0142-001.jpg\" alt=\"Lisbonne, premi\u00e8re marge\" width=\"350\" \/><\/a><br \/>\n<a href=\"http:\/\/www.candice-nguyen.com\/fragments\/portfolios\/matieres\/\"><img decoding=\"async\" title=\"Mati\u00e8res\" src=\"http:\/\/www.candice-nguyen.com\/wp-content\/uploads\/2012\/08\/DSC09111-0011.jpg\" alt=\"Mati\u00e8res\" width=\"350\"\/><\/a><a href=\"http:\/\/www.candice-nguyen.com\/fragments\/portfolios\/lisbonne-1\/\"><img decoding=\"async\" title=\"Lisbonne 1%\" src=\"http:\/\/www.candice-nguyen.com\/wp-content\/uploads\/2012\/09\/vida-de-cao-315x236.jpg\" alt=\"Lisbonne 1%\" width=\"350\" \/><\/a><br \/>\n<a href=\"http:\/\/www.candice-nguyen.com\/fragments\/portfolios\/d-oedipe-a-belem\/\"><img decoding=\"async\" title=\"d\u2019\u0152dipe \u00e0 Bel\u00e9m\" src=\"http:\/\/www.candice-nguyen.com\/wp-content\/uploads\/2012\/08\/D_oedipe_a_Belem_v.jpg\" alt=\"d\u2019\u0152dipe \u00e0 Bel\u00e9m\" width=\"350\" \/><\/a><a title=\"l'hiver durera treize mois\" href=\"http:\/\/www.candice-nguyen.com\/fragments\/portfolios\/lhiver-durera-treize-mois\"><img decoding=\"async\" src=\"http:\/\/www.candice-nguyen.com\/wp-content\/uploads\/2013\/06\/IMG04373-20130519-16191-630x472.jpg\" alt=\"L'hiver durera treize mois\" width=\"350\" \/><\/a><br \/>\n<a title=\"le ruban bleu\" href=\"http:\/\/www.candice-nguyen.com\/fragments\/portfolios\/le-ruban-bleu\/\"><img decoding=\"async\" src=\"http:\/\/www.candice-nguyen.com\/wp-content\/uploads\/2012\/12\/DSC05245-001-315x210.jpg\" alt=\"le ruban bleu\" width=\"350\" \/><\/a><a title=\"Le Chat-bus est mon ami\" href=\"http:\/\/www.candice-nguyen.com\/fragments\/portfolios\/le-chat-bus-est-mon-ami\/\"><img decoding=\"async\" src=\"http:\/\/www.candice-nguyen.com\/wp-content\/uploads\/2013\/06\/3-315x211.jpg\" alt=\"\u00a9 candice nguyen\" width=\"350\" \/><\/a><br \/>\n<a title=\"Parler de terre rouge sans la montrer\" href=\"http:\/\/www.candice-nguyen.com\/fragments\/portfolios\/parler-de-terre-rouge\/\"><img decoding=\"async\" src=\"http:\/\/www.candice-nguyen.com\/wp-content\/uploads\/2013\/06\/102-315x211.jpg\" alt=\"\u00a9 candice nguyen\" width=\"350\"\/><\/a><a title=\"rue des Francs Bourgeois cette nuit-l\u00e0\" href=\"http:\/\/www.candice-nguyen.com\/fragments\/portfolios\/rue-des-francs-bourgeois-cette-nuit-la\/\"><img decoding=\"async\" src=\"http:\/\/www.candice-nguyen.com\/wp-content\/uploads\/2013\/02\/candice-nguyen-4-315x210.jpg\" alt=\"rue des francs bourgeois cette nuit-l\u00e0\" width=\"350\" \/><\/a><br \/>\n<a title=\"they spent three hours adrift in a junk\" href=\"http:\/\/www.candice-nguyen.com\/fragments\/galeries\/vietnam\/halong-adrift\/\"><img decoding=\"async\" src=\"http:\/\/www.candice-nguyen.com\/wp-content\/uploads\/2014\/01\/DSC01941-002.jpg\" alt=\"ha long adrift\" width=\"350\" \/><\/a><a href=\"http:\/\/www.candice-nguyen.com\/fragments\/galeries\/vietnam\/halong\/nous-sommes-restes-longtemps-la\/\"><img decoding=\"async\" src=\"http:\/\/www.candice-nguyen.com\/wp-content\/uploads\/2014\/05\/DSC01398-315x210.jpg\" alt=\"Nous sommes rest\u00e9s l\u00e0 longtemps\" width=\"350\" \/><\/a><\/p>\n","protected":false},"excerpt":{"rendered":"<p>Cliquez sur l&#8217;une des vignettes pour ouvrir la galerie correspondante<\/p>\n","protected":false},"author":3,"featured_media":1685,"parent":0,"menu_order":7,"comment_status":"closed","ping_status":"closed","template":"","meta":{"footnotes":""},"class_list":["post-542","page","type-page","status-publish","has-post-thumbnail","hentry"],"aioseo_notices":[],"_links":{"self":[{"href":"https:\/\/www.candice-nguyen.com\/fragments\/wp-json\/wp\/v2\/pages\/542","targetHints":{"allow":["GET"]}}],"collection":[{"href":"https:\/\/www.candice-nguyen.com\/fragments\/wp-json\/wp\/v2\/pages"}],"about":[{"href":"https:\/\/www.candice-nguyen.com\/fragments\/wp-json\/wp\/v2\/types\/page"}],"author":[{"embeddable":true,"href":"https:\/\/www.candice-nguyen.com\/fragments\/wp-json\/wp\/v2\/users\/3"}],"replies":[{"embeddable":true,"href":"https:\/\/www.candice-nguyen.com\/fragments\/wp-json\/wp\/v2\/comments?post=542"}],"version-history":[{"count":93,"href":"https:\/\/www.candice-nguyen.com\/fragments\/wp-json\/wp\/v2\/pages\/542\/revisions"}],"predecessor-version":[{"id":23113,"href":"https:\/\/www.candice-nguyen.com\/fragments\/wp-json\/wp\/v2\/pages\/542\/revisions\/23113"}],"wp:featuredmedia":[{"embeddable":true,"href":"https:\/\/www.candice-nguyen.com\/fragments\/wp-json\/wp\/v2\/media\/1685"}],"wp:attachment":[{"href":"https:\/\/www.candice-nguyen.com\/fragments\/wp-json\/wp\/v2\/media?parent=542"}],"curies":[{"name":"wp","href":"https:\/\/api.w.org\/{rel}","templated":true}]}}