{"id":663,"date":"2012-08-20T09:10:00","date_gmt":"2012-08-20T09:10:00","guid":{"rendered":"http:\/\/candicenguyen.wordpress.com\/?page_id=663"},"modified":"2023-02-23T09:41:03","modified_gmt":"2023-02-23T08:41:03","slug":"genoa-vs-massilia","status":"publish","type":"page","link":"https:\/\/www.candice-nguyen.com\/fragments\/chantiers\/conversations\/genoa-vs-massilia\/","title":{"rendered":"Genoa Vs Massilia"},"content":{"rendered":"<p>&nbsp;<\/p>\n<p style=\"text-align: right;\"><em>Texte initialement publi\u00e9 chez <a href=\"http:\/\/www.amboilati.org\/\">Beno\u00eet Vincent<\/a> dans le cadre des <a href=\"http:\/\/www.facebook.com\/group.php?gid=104893605886\" target=\"_blank\" rel=\"noopener\">Vases communicants<\/a> &#8211; Janvier 2011.<br \/>\n<\/em><\/p>\n<p><a href=\"http:\/\/www.candice-nguyen.com\/wp-content\/uploads\/2012\/08\/Genoa-VS-Massilia-1024x685.jpg\" data-rel=\"lightbox-gallery-swNRMCZW\" data-rl_title=\"\" data-rl_caption=\"\"><img decoding=\"async\" class=\"aligncenter size-medium wp-image-710\" title=\"\" src=\"http:\/\/www.candice-nguyen.com\/wp-content\/uploads\/2012\/08\/Genoa-VS-Massilia-1024x685.jpg\"\/><\/a><br \/>\n&nbsp;<\/p>\n<p style=\"text-align: justify; padding-left: 30px; padding-right: 30px;\">On me demande ce que j&#8217;en pense. Il se trouve que je n&#8217;en pense strictement rien.<br \/>\nDe la pi\u00e8ce, des rideaux tir\u00e9s, du matin.<\/p>\n<p>&nbsp;<\/p>\n<p style=\"text-align: justify; padding-left: 30px; padding-right: 30px;\">De cette ville qui s&#8217;\u00e9tend derri\u00e8re moi sous mes pieds ou de moi qui me tends \u00e0 elle \u00e0 travers ces vitres pas lav\u00e9es, je ne sais rien. Rien de ma fatigue ou de ma nudit\u00e9. Rien de cette chair qui s&#8217;exhibe ind\u00e9cente aux murs nus, rien de la fatigue du Vieux-Port ou de moi, qui, quoi, rien. Rien de l&#8217;agitation de la mer ou du calme de l&#8217;hiver, rien de ce que j&#8217;aper\u00e7ois de l\u00e0 o\u00f9 je suis. De reflets en reflets en vertige en perception qui file trouble : j&#8217;\u00e9coute ce murmure que tu as laiss\u00e9,<\/p>\n<p>&nbsp;<\/p>\n<p style=\"text-align: justify; padding-left: 30px; padding-right: 30px;\"><strong><a href=\"http:\/\/amboilati.org\/chantier\/punctumdechirure-notes-de-travail\/\" target=\"_blank\" rel=\"noopener\">tu m&#8217;as \u00e9puis\u00e9e.<\/a><\/strong><\/p>\n<p>&nbsp;<\/p>\n<p style=\"text-align: justify; padding-left: 30px; padding-right: 30px;\">De elle ou de moi je ne sais plus ce qui s&#8217;est dit, ce qui s&#8217;est fait, ce qui peut se d\u00e9faire en une nuit.<br \/>\nDe elle ou de moi, je ne sais plus vers o\u00f9 tes pas s&#8217;en sont all\u00e9s. <em>Genoa<\/em>, je crois que c&#8217;est par l\u00e0-bas<br \/>\nque tu m&#8217;as dit t&#8217;\u00eatre en all\u00e9. Des couleurs, des draps, de <em>Genoa <\/em>(?), de la chaleur, chaleur de nos corps et corps en chaleur, je ne sais plus duquel des deux le dernier mot aura jailli.<br \/>\nRencontre-moi.<br \/>\nDans cette ville que je ne connais pas.<br \/>\nDans cette ville que je ne reconnais plus.<br \/>\n<strong><a href=\"http:\/\/www.amboilati.org\/chantier\/foce-projet-mafia\/\" target=\"_blank\" rel=\"noopener\">Genoa VS Massilia.<\/a><\/strong><\/p>\n<p style=\"text-align: justify; padding-left: 30px; padding-right: 30px;\">Je suis putain. Putain qui tente un dialogue de ce qu&#8217;aurait \u00e9t\u00e9 notre dernier si l&#8217;on s&#8217;\u00e9tait rencontr\u00e9s, l\u00e0-bas, dans cette ville que je ne reconnais pas.<\/p>\n<p>&nbsp;<\/p>\n<p style=\"text-align: justify; padding-left: 30px; padding-right: 30px;\"><em>Quatre heures et demi. Nuit. Tu es d\u00e9j\u00e0 lev\u00e9.<\/em><br \/>\n<em>\u00c0 moins que tu n&#8217;aies jamais dormi ?<\/em><\/p>\n<p style=\"text-align: justify; padding-left: 30px; padding-right: 30px;\">x : Je m&#8217;\u00e9tais assoupi.<br \/>\ny : Tu m&#8217;as oubli\u00e9e.<br \/>\nx : Pourquoi tu dis \u00e7a ?<br \/>\ny : C&#8217;est terrible quand m\u00eame\u00a0 |\u00a0 je nous avais oubli\u00e9s.<\/p>\n<p>&nbsp;<\/p>\n<p style=\"text-align: justify; padding-left: 30px; padding-right: 30px;\">x : Il fait froid.<br \/>\ny : Tu as dormi.<br \/>\nx : Oui c&#8217;est la nuit.<\/p>\n<p>&nbsp;<\/p>\n<p style=\"text-align: justify; padding-left: 30px; padding-right: 30px;\">ext\u00e9rieur nuit<\/p>\n<p style=\"text-align: justify; padding-left: 30px; padding-right: 30px;\">x : Je suis \u00e0 l&#8217;extr\u00e9mit\u00e9 des mots.<br \/>\ny : Tu es fatigu\u00e9.<br \/>\nx : Non.<br \/>\ny : D\u00e9charn\u00e9s sont tes mots.<br \/>\nx : Je ne te connais pas.<\/p>\n<p>&nbsp;<\/p>\n<p style=\"text-align: justify; padding-left: 30px; padding-right: 30px;\">x : Tu m&#8217;as oubli\u00e9.<br \/>\ny : Tu ne me reconnais pas.<\/p>\n<p>&nbsp;<\/p>\n<p style=\"text-align: justify; padding-left: 30px; padding-right: 30px;\">y : <strong><a href=\"http:\/\/amboilati.org\/chantier\/minuscule-requiem-en-fa-diese-4-offertorium\/\" target=\"_blank\" rel=\"noopener\">Rien, tu ne sais plus ?<\/a><\/strong><br \/>\nx : Rien.<\/p>\n<p>&nbsp;<\/p>\n<p style=\"text-align: justify; padding-left: 30px; padding-right: 30px;\">y : Tu dis la mer\u00a0 |\u00a0 \u00e7a ne veut rien dire la mer\u00a0 |\u00a0 \u00e7a n&#8217;existe pas.<br \/>\nx : Je dis la mer pourtant\u00a0 |\u00a0 elle est l\u00e0.<br \/>\ny : Je suis l\u00e0.<br \/>\nx : Oui tu es l\u00e0.<br \/>\ny : Fuir n&#8217;existe pas.<\/p>\n<p>&nbsp;<\/p>\n<p style=\"text-align: justify; padding-left: 30px; padding-right: 30px;\">xy : Nous sommes l\u00e0.<\/p>\n<p>&nbsp;<\/p>\n<p style=\"text-align: justify; padding-left: 30px; padding-right: 30px;\">y : Ta pr\u00e9sence. Ta venue. Tout est l\u00e0.<br \/>\nx : Te veux nue.<br \/>\ny : Une escalade de salades oui\u00a0 |\u00a0 une cigarette, donne-moi une cigarette.<br \/>\nx : J&#8217;ai froid.<br \/>\ny : Rentre je te dis.\u00a0 |\u00a0 \u00ab et la neige ne cesserait de tomber au dehors. \u00bb t&#8217;\u00e9crit-elle sottement.<br \/>\nJe l&#8217;ai vue.<br \/>\nx : Quoi ? Qui ?<br \/>\ny : Dis-le.<br \/>\nx : De ?<br \/>\ny : Tu sais tr\u00e8s bien.<br \/>\nx : Te veux nue ?<br \/>\ny : \u00c7a n&#8217;est pas \u00e7a\u00a0 |\u00a0 je rentre tu m&#8217;\u00e9nerves.<\/p>\n<p>&nbsp;<\/p>\n<p style=\"text-align: justify; padding-left: 30px; padding-right: 30px;\">int\u00e9rieur nuit<\/p>\n<p>&nbsp;<\/p>\n<p style=\"text-align: justify; padding-left: 30px; padding-right: 30px;\">y : Je suis n\u00e9e<br \/>\nx : Dans la nuit ?<br \/>\ny : Je ne sais plus.\u00a0 |\u00a0 Dis-le.<br \/>\nx : De la nuit.<br \/>\ny : &#8230;<br \/>\nx : Tu es n\u00e9e oui.<br \/>\nEt alors ?<br \/>\ny : Nue.<br \/>\nx : Nue.<br \/>\ny : Sous tes doigts ?<br \/>\nx : <strong><a href=\"http:\/\/amboilati.org\/chantier\/minuscule-requiem-en-fa-diese-3-sequentia-1\/\" target=\"_blank\" rel=\"noopener\">Sous tes doigts.<\/a><\/strong><\/p>\n<p style=\"text-align: justify; padding-left: 30px; padding-right: 30px;\">xy : R\u00e9chauffe-moi.<\/p>\n<p style=\"text-align: justify; padding-left: 30px; padding-right: 30px;\">n&#8217;appelle pas de r\u00e9ponse.\n<\/p>\n<p style=\"text-align: justify; padding-left: 30px; padding-right: 30px;\">et ces corps \u00e9tendus<br \/>\npresque une h\u00e9r\u00e9sie<\/p>\n<p style=\"text-align: justify; padding-left: 30px; padding-right: 30px;\">x : O\u00f9 en sommes-nous ?<br \/>\ny : L\u00e0 o\u00f9 nous plions.<br \/>\nx : Sous le poids<br \/>\ny : Sous le poids.<br \/>\nx : \u00c7a ne fait rien\u00a0 |\u00a0 j&#8217;ai le temps.<\/p>\n<p>&nbsp;<\/p>\n<p style=\"text-align: justify; padding-left: 30px; padding-right: 30px;\">Mots. encore tes maux. lire. encore lire. gribouiller raturer effacer \u00e9crire relire rappeler quoi mots en fuite se font la malle raconter encore. plus loin. mal. une version deux trois raturer encore recommencer.<\/p>\n<p>&nbsp;<\/p>\n<p style=\"text-align: justify; padding-left: 30px;\">doute<\/p>\n<p>&nbsp;<\/p>\n<p style=\"text-align: justify; padding-left: 30px; padding-right: 30px;\">tu ne veux pas l&#8217;oubli<br \/>\ntu ne veux pas mort du feu<br \/>\ntu ne veux pas que<br \/>\nje t&#8217;oublie<br \/>\nsinon pourquoi serais-tu l\u00e0 ?<\/p>\n<p>&nbsp;<\/p>\n<p style=\"text-align: justify; padding-left: 30px; padding-right: 30px;\">je cherche encore.<\/p>\n<p style=\"text-align: justify; padding-left: 30px; padding-right: 30px;\">int\u00e9rieur jour<\/p>\n<p>&nbsp;<\/p>\n<p style=\"text-align: justify; padding-left: 30px; padding-right: 30px;\">x : Tes ligaments.<br \/>\ny : Ces lits d&#8217;amants.<br \/>\nx : Tu es folle \u00e0 lier, tu mens.<br \/>\ny : Folle \u00e0 lier oui s\u00fbrement.<br \/>\nx : Li\u00e9 \u00e0 m&#8217;en foutre.<br \/>\ny : <strong><a href=\"http:\/\/amboilati.org\/chantier\/minuscule-requiem-en-fa-diese-3-sequentia-2\/\" target=\"_blank\" rel=\"noopener\">FOUTRE.<\/a><\/strong><\/p>\n<p>&nbsp;<\/p>\n<p style=\"text-align: justify; padding-left: 30px; padding-right: 30px;\">x : Je t&#8217;attends.<\/p>\n<p>&nbsp;<\/p>\n<p style=\"text-align: justify; padding-left: 30px; padding-right: 30px;\">y : Peux-tu\u00a0 |\u00a0 entrevoir\u00a0 |\u00a0 un brin<br \/>\ndeux<br \/>\ntrois<br \/>\nquatre<br \/>\nne sais plus.<\/p>\n<p>&nbsp;<\/p>\n<p style=\"text-align: justify; padding-left: 30px; padding-right: 30px;\">x : C&#8217;est plut\u00f4t elliptique ton texte, on n&#8217;y comprend rien !<\/p>\n<p>&nbsp;<\/p>\n<p style=\"text-align: justify; padding-left: 30px; padding-right: 30px;\">x : Tu as oubli\u00e9 la c\u00e9dille.<br \/>\ny : Qu&#8217;en sais-tu ? une brindille !\u00a0 |\u00a0 Tu as toujours raison\u00a0 |\u00a0 dille\u00a0 |\u00a0 brindille\u00a0 |\u00a0 brin\u00a0 |<br \/>\nbaiser<br \/>\nx : J&#8217;avais mal vu.<br \/>\ny : Tu as mal lu\u00a0 |\u00a0 j&#8217;\u00e9cris trop vite\u00a0 |\u00a0 tu lis trop vite.<br \/>\nx : Non il n&#8217;y a pas de fautes.<br \/>\ny : <strong><a href=\"http:\/\/amboilati.org\/chantier\/minuscule-requiem-en-fa-diese-2-kyrie\/\" target=\"_blank\" rel=\"noopener\">Entre nos silences ?<\/a><\/strong><\/p>\n<p>&nbsp;<\/p>\n<p style=\"text-align: justify; padding-left: 30px; padding-right: 30px;\">x : La faute \u00e0 qui ?<br \/>\ny : Au temps.<\/p>\n<p>&nbsp;<\/p>\n<p style=\"text-align: justify; padding-left: 30px; padding-right: 30px;\">x : Mais respire !<br \/>\ny : Laisse-moi veux-tu\u00a0 |\u00a0 tu m&#8217;ennuies.<br \/>\nx : \u00c7a n&#8217;est pas grave\u00a0 |\u00a0 j&#8217;ai le temps.<\/p>\n<p>&nbsp;<\/p>\n<p style=\"text-align: justify; padding-left: 30px; padding-right: 30px;\">y : D&#8217;accord.<\/p>\n<p>&nbsp;<\/p>\n<p style=\"text-align: justify; padding-left: 30px;\">Rel\u00e2che.<\/p>\n<p>&nbsp;<\/p>\n<p style=\"text-align: justify; padding-left: 30px; padding-right: 30px;\">y : Dans ces intervalles\u00a0 |\u00a0 quoi d&#8217;autre\u00a0 |\u00a0 dirais-tu ?<br \/>\nx : \u00c9crire c&#8217;est se taire.<br \/>\ny : Tu ne comprends pas.<br \/>\nx : On y vient.<br \/>\ny : On y vient \u00e0 rien du tout\u00a0 |\u00a0 tu le sais d\u00e9j\u00e0.<\/p>\n<p>&nbsp;<\/p>\n<p style=\"text-align: justify; padding-left: 30px; padding-right: 30px;\">x : C&#8217;\u00e9tait d\u00e9j\u00e0 l\u00e0<\/p>\n<p>&nbsp;<\/p>\n<p style=\"text-align: justify; padding-left: 30px; padding-right: 30px;\">xy : bien avant nous\u00a0 |\u00a0 bien avant la nuit.<\/p>\n<p>&nbsp;<\/p>\n<p style=\"text-align: justify; padding-left: 30px; padding-right: 30px;\">y : Je cherche un endroit o\u00f9 r\u00e9fugier nos maux, quelque part. Ne vois-tu donc pas ?<\/p>\n<p>&nbsp;<\/p>\n<p style=\"text-align: justify; padding-left: 30px; padding-right: 30px;\">x : C&#8217;est ce que tu ne vois pas dans le noir.<br \/>\ny : C&#8217;est le pire\u00a0 |\u00a0 c&#8217;est ce qui s&#8217;\u00e9crit.<br \/>\nx : Tu m&#8217;ennuies.<br \/>\ny : C&#8217;est ta hanche que je fr\u00f4le.<br \/>\nx : C&#8217;est ce <strong><a href=\"http:\/\/amboilati.org\/chantier\/category\/lire-ecrire\/ecrire\/\" target=\"_blank\" rel=\"noopener\">hurlement<\/a><\/strong> sans fin.<br \/>\ny : C&#8217;est l&#8217;obscurit\u00e9.<br \/>\nx : Oui c&#8217;est la nuit.<br \/>\ny : Tu n&#8217;as pas dormi.<br \/>\nx : Je m&#8217;\u00e9tais assoupi.<\/p>\n<figure id=\"attachment_727\" aria-describedby=\"caption-attachment-727\" style=\"width: 150px\" class=\"wp-caption aligncenter\"><a href=\"https:\/\/www.candice-nguyen.com\/fragments\/galeries\/bw\/\"><img loading=\"lazy\" decoding=\"async\" class=\"size-thumbnail wp-image-727\" title=\"Voir la galerie\" src=\"http:\/\/www.candice-nguyen.com\/wp-content\/uploads\/2012\/08\/2.jpg?w=150\" alt=\"Galerie \u2022 B&amp;W\" width=\"150\" height=\"111\" \/><\/a><figcaption id=\"caption-attachment-727\" class=\"wp-caption-text\">Galerie \u2022 B&amp;W<\/figcaption><\/figure>\n<p>&nbsp;<\/p>\n<p style=\"text-align:center;\"><a href=\"https:\/\/www.candice-nguyen.com\/fragments\/chantiers\/conversations\/cheese-royal\/\">\u2190<\/a> \u2022 <a href=\"https:\/\/www.candice-nguyen.com\/fragments\/chantiers\/conversations\/novembre-ce-mois-pour-nager\/\">\u2192<\/a><\/p>\n","protected":false},"excerpt":{"rendered":"<p>&nbsp; Texte initialement publi\u00e9 chez Beno\u00eet Vincent dans le cadre des Vases communicants &#8211; Janvier 2011. &nbsp; On me demande ce que j&#8217;en pense. Il se trouve que je n&#8217;en pense strictement rien. De la pi\u00e8ce, des rideaux tir\u00e9s, du matin. &nbsp; De cette ville qui s&#8217;\u00e9tend derri\u00e8re moi sous mes pieds ou de moi [&hellip;]<\/p>\n","protected":false},"author":3,"featured_media":1537,"parent":695,"menu_order":2,"comment_status":"closed","ping_status":"closed","template":"","meta":{"footnotes":""},"class_list":["post-663","page","type-page","status-publish","has-post-thumbnail","hentry"],"aioseo_notices":[],"_links":{"self":[{"href":"https:\/\/www.candice-nguyen.com\/fragments\/wp-json\/wp\/v2\/pages\/663","targetHints":{"allow":["GET"]}}],"collection":[{"href":"https:\/\/www.candice-nguyen.com\/fragments\/wp-json\/wp\/v2\/pages"}],"about":[{"href":"https:\/\/www.candice-nguyen.com\/fragments\/wp-json\/wp\/v2\/types\/page"}],"author":[{"embeddable":true,"href":"https:\/\/www.candice-nguyen.com\/fragments\/wp-json\/wp\/v2\/users\/3"}],"replies":[{"embeddable":true,"href":"https:\/\/www.candice-nguyen.com\/fragments\/wp-json\/wp\/v2\/comments?post=663"}],"version-history":[{"count":14,"href":"https:\/\/www.candice-nguyen.com\/fragments\/wp-json\/wp\/v2\/pages\/663\/revisions"}],"predecessor-version":[{"id":23184,"href":"https:\/\/www.candice-nguyen.com\/fragments\/wp-json\/wp\/v2\/pages\/663\/revisions\/23184"}],"up":[{"embeddable":true,"href":"https:\/\/www.candice-nguyen.com\/fragments\/wp-json\/wp\/v2\/pages\/695"}],"wp:featuredmedia":[{"embeddable":true,"href":"https:\/\/www.candice-nguyen.com\/fragments\/wp-json\/wp\/v2\/media\/1537"}],"wp:attachment":[{"href":"https:\/\/www.candice-nguyen.com\/fragments\/wp-json\/wp\/v2\/media?parent=663"}],"curies":[{"name":"wp","href":"https:\/\/api.w.org\/{rel}","templated":true}]}}