{"id":9689,"date":"2013-11-03T22:34:59","date_gmt":"2013-11-03T21:34:59","guid":{"rendered":"http:\/\/www.candice-nguyen.com\/?page_id=9689"},"modified":"2023-02-22T13:01:42","modified_gmt":"2023-02-22T12:01:42","slug":"akureyri-i","status":"publish","type":"page","link":"https:\/\/www.candice-nguyen.com\/fragments\/galeries\/for-now-i-am-winter\/akureyri-i\/","title":{"rendered":"For now I am winter: Akureyri I"},"content":{"rendered":"<p style=\"text-align: right; \"><strong>\u00ab M\u00e9moire : au plus profond de la for\u00eat des songes ou des contes, j&#8217;imagine un lac noir,<br \/>\ndissimul\u00e9 sous un lit de feuilles morts, mais dont s&#8217;\u00e9coulerait l&#8217;eau tr\u00e8s claire d&#8217;un filet de voix fort douce&#8230;<\/p>\n<p style=\"text-align: right; \">M\u00e9moire : ce pourrait \u00eatre encore une diffuse pr\u00e9sence maternelle, peu ou prou endeuill\u00e9e,<br \/>\nenvahissante, et dont l&#8217;\u00e2me p\u00e8se de tout son poids sur la main qui tient la plume. La<br \/>\n&#8220;m\u00e9rencolie&#8221;, ou m\u00e9lancolie, hypoth\u00e9tique figure tut\u00e9laire de tout travail d&#8217;encre ?<\/p>\n<p style=\"text-align: right; \">M\u00e9moire : un tissu trou\u00e9, fait de silence et de petites phrases. Un entrelacs dont les<br \/>\nblancs ou les lacunes importent autant que les trac\u00e9s&#8230; \u00bb<\/strong><br \/>\nJean-Michel Maulpoix, La musique inconnue<\/p>\n<div class=\"compact_audio_player_wrapper\"><div class=\"sc_player_container1\"><input type=\"button\" id=\"btnplay_69d28add8a1842.23798961\" class=\"myButton_play\" onClick=\"play_mp3('play','69d28add8a1842.23798961','https:\/\/www.candice-nguyen.com\/wp-content\/uploads\/2013\/11\/Olafur-Arnalds-Vio-Vorum-Sma.mp3','80','false');show_hide('play','69d28add8a1842.23798961');\" \/><input type=\"button\"  id=\"btnstop_69d28add8a1842.23798961\" style=\"display:none\" class=\"myButton_stop\" onClick=\"play_mp3('stop','69d28add8a1842.23798961','','80','false');show_hide('stop','69d28add8a1842.23798961');\" \/><div id=\"sm2-container\"><!-- flash movie ends up here --><\/div><\/div><\/div>\n<span style=\"font-family: Oswald; font-weight: 300; font-size: 90%;\">\u00d3lafur Arnalds \u2013 Vi\u00f0 Vorum Sm\u00e1&#8230;<\/span><\/p>\n<p><a href=\"https:\/\/www.candice-nguyen.com\/wp-content\/uploads\/2013\/11\/PA220606.jpg\" data-rel=\"lightbox-gallery-mtsn3XPe\" data-rl_title=\"\" data-rl_caption=\"\" title=\"\"><img loading=\"lazy\" decoding=\"async\" alt=\"Akureyri\" src=\"https:\/\/www.candice-nguyen.com\/wp-content\/uploads\/2013\/11\/PA220606.jpg\" width=\"1280\" height=\"720\" \/><\/a><\/p>\n<p><a href=\"https:\/\/www.candice-nguyen.com\/wp-content\/uploads\/2013\/11\/PA220618.jpg\" data-rel=\"lightbox-gallery-mtsn3XPe\" data-rl_title=\"\" data-rl_caption=\"\" title=\"\"><img loading=\"lazy\" decoding=\"async\" alt=\"Akureyri\" src=\"https:\/\/www.candice-nguyen.com\/wp-content\/uploads\/2013\/11\/PA220618.jpg\" width=\"1280\" height=\"720\" \/><\/a><\/p>\n<p><a href=\"https:\/\/www.candice-nguyen.com\/wp-content\/uploads\/2013\/11\/PA220613.jpg\" data-rel=\"lightbox-gallery-mtsn3XPe\" data-rl_title=\"\" data-rl_caption=\"\" title=\"\"><img loading=\"lazy\" decoding=\"async\" alt=\"Akureyri\" src=\"https:\/\/www.candice-nguyen.com\/wp-content\/uploads\/2013\/11\/PA220613.jpg\" width=\"1280\" height=\"720\" \/><\/a><\/p>\n<p><a href=\"https:\/\/www.candice-nguyen.com\/wp-content\/uploads\/2013\/11\/PA220657.jpg\" data-rel=\"lightbox-gallery-mtsn3XPe\" data-rl_title=\"\" data-rl_caption=\"\" title=\"\"><img loading=\"lazy\" decoding=\"async\" alt=\"Akureyri\" src=\"https:\/\/www.candice-nguyen.com\/wp-content\/uploads\/2013\/11\/PA220657.jpg\" width=\"1280\" height=\"720\" \/><\/a><\/p>\n<p><a href=\"https:\/\/www.candice-nguyen.com\/wp-content\/uploads\/2013\/11\/PA241094-001.jpg\" data-rel=\"lightbox-gallery-mtsn3XPe\" data-rl_title=\"\" data-rl_caption=\"\" title=\"\"><img loading=\"lazy\" decoding=\"async\" alt=\"Akureyri\" src=\"https:\/\/www.candice-nguyen.com\/wp-content\/uploads\/2013\/11\/PA241094-001.jpg\" width=\"1024\" height=\"768\" \/><\/a><\/p>\n<p><a href=\"https:\/\/www.candice-nguyen.com\/wp-content\/uploads\/2013\/11\/PA230852.jpg\" data-rel=\"lightbox-gallery-mtsn3XPe\" data-rl_title=\"\" data-rl_caption=\"\" title=\"\"><img loading=\"lazy\" decoding=\"async\" alt=\"Akureyri\" src=\"https:\/\/www.candice-nguyen.com\/wp-content\/uploads\/2013\/11\/PA230852.jpg\" width=\"1280\" height=\"721\" \/><\/a><\/p>\n<p><a href=\"https:\/\/www.candice-nguyen.com\/wp-content\/uploads\/2013\/11\/PA241069.jpg\" data-rel=\"lightbox-gallery-mtsn3XPe\" data-rl_title=\"\" data-rl_caption=\"\" title=\"\"><img loading=\"lazy\" decoding=\"async\" alt=\"Akureyri\" src=\"https:\/\/www.candice-nguyen.com\/wp-content\/uploads\/2013\/11\/PA241069.jpg\" width=\"1024\" height=\"768\" \/><\/a><\/p>\n<p><a href=\"https:\/\/www.candice-nguyen.com\/wp-content\/uploads\/2013\/11\/PA230854.jpg\" data-rel=\"lightbox-gallery-mtsn3XPe\" data-rl_title=\"\" data-rl_caption=\"\" title=\"\"><img loading=\"lazy\" decoding=\"async\" alt=\"Akureyri\" src=\"https:\/\/www.candice-nguyen.com\/wp-content\/uploads\/2013\/11\/PA230854.jpg\" width=\"1280\" height=\"720\" \/><\/a><br \/>\n&nbsp;<\/p>\n<p style=\"text-align: right;\"><strong>\u00ab L&#8217;autre voix, la voix que le silence nous laisse entendre, elle s&#8217;appelle Musique. \u00bb<\/strong><br \/>\nVladimir Jank\u00e9l\u00e9vitch<\/p>\n<p style=\"text-align: right;\">Exemple\u00a0:<br \/>\n<strong>\u00ab Musique : la neige qui tombe <a title=\"\" href=\"https:\/\/www.candice-nguyen.com\/wp-content\/uploads\/2013\/11\/PA230835-001.jpg\" data-rel=\"lightbox-gallery-mtsn3XPe\" data-rl_title=\"\" data-rl_caption=\"\">sur un arbre mort. \u00bb<\/strong><\/a><br \/>\nJean-Michel Maulpoix, La musique inconnue<\/p>\n<p>&nbsp;<\/p>\n<p style=\"text-align: center;\">Vous \u00eates actuellement ici : <a href=\"https:\/\/www.candice-nguyen.com\/fragments\/galeries\/\">GALERIES<\/a> &gt; <a href=\"htts:\/\/www.candice-nguyen.com\/fragments\/galeries\/for-now-i-am-winter\/\">For now I am winter<\/a> &gt; Akureyri I<br \/>\n\u2192 continuer vers <a href=\"https:\/\/www.candice-nguyen.com\/fragments\/galeries\/for-now-i-am-winter\/akureyri-ii\/\">Akureyri II<\/a><\/p>\n","protected":false},"excerpt":{"rendered":"<p>\u00ab M\u00e9moire : au plus profond de la for\u00eat des songes ou des contes, j&#8217;imagine un lac noir, dissimul\u00e9 sous un lit de feuilles morts, mais dont s&#8217;\u00e9coulerait l&#8217;eau tr\u00e8s claire d&#8217;un filet de voix fort douce&#8230; M\u00e9moire : ce pourrait \u00eatre encore une diffuse pr\u00e9sence maternelle, peu ou prou endeuill\u00e9e, envahissante, et dont l&#8217;\u00e2me [&hellip;]<\/p>\n","protected":false},"author":3,"featured_media":9617,"parent":9456,"menu_order":0,"comment_status":"closed","ping_status":"closed","template":"","meta":{"footnotes":""},"class_list":["post-9689","page","type-page","status-publish","has-post-thumbnail","hentry"],"aioseo_notices":[],"_links":{"self":[{"href":"https:\/\/www.candice-nguyen.com\/fragments\/wp-json\/wp\/v2\/pages\/9689","targetHints":{"allow":["GET"]}}],"collection":[{"href":"https:\/\/www.candice-nguyen.com\/fragments\/wp-json\/wp\/v2\/pages"}],"about":[{"href":"https:\/\/www.candice-nguyen.com\/fragments\/wp-json\/wp\/v2\/types\/page"}],"author":[{"embeddable":true,"href":"https:\/\/www.candice-nguyen.com\/fragments\/wp-json\/wp\/v2\/users\/3"}],"replies":[{"embeddable":true,"href":"https:\/\/www.candice-nguyen.com\/fragments\/wp-json\/wp\/v2\/comments?post=9689"}],"version-history":[{"count":27,"href":"https:\/\/www.candice-nguyen.com\/fragments\/wp-json\/wp\/v2\/pages\/9689\/revisions"}],"predecessor-version":[{"id":23114,"href":"https:\/\/www.candice-nguyen.com\/fragments\/wp-json\/wp\/v2\/pages\/9689\/revisions\/23114"}],"up":[{"embeddable":true,"href":"https:\/\/www.candice-nguyen.com\/fragments\/wp-json\/wp\/v2\/pages\/9456"}],"wp:featuredmedia":[{"embeddable":true,"href":"https:\/\/www.candice-nguyen.com\/fragments\/wp-json\/wp\/v2\/media\/9617"}],"wp:attachment":[{"href":"https:\/\/www.candice-nguyen.com\/fragments\/wp-json\/wp\/v2\/media?parent=9689"}],"curies":[{"name":"wp","href":"https:\/\/api.w.org\/{rel}","templated":true}]}}