{"id":9776,"date":"2013-11-06T00:10:34","date_gmt":"2013-11-05T23:10:34","guid":{"rendered":"http:\/\/www.candice-nguyen.com\/?page_id=9776"},"modified":"2023-02-22T13:07:28","modified_gmt":"2023-02-22T12:07:28","slug":"from-akureyri-to-reykjavik","status":"publish","type":"page","link":"https:\/\/www.candice-nguyen.com\/fragments\/galeries\/for-now-i-am-winter\/from-akureyri-to-reykjavik\/","title":{"rendered":"For now I am winter: from Akureyri to Reykjav\u00edk"},"content":{"rendered":"<p style=\"text-align: right; font-family: Oswald; font-weight: 300; font-size: 120%; padding-left: 0px; line-height: 1.8;\">\u00ab Il arrive que l&#8217;on croie marcher dans un espace autre, inconnu, qui serait pourtant la terre natale. \u00bb<br \/>\n<span style=\"font-family: Oswald; font-weight: 500; font-size: 80%;\">Philippe Jaccottet, L\u2019encre serait de l\u2019ombre (Notes de carnet, La Semaison IV)<\/span><\/p>\n<div class=\"compact_audio_player_wrapper\"><div class=\"sc_player_container1\"><input type=\"button\" id=\"btnplay_69eaf486a5ada2.99887952\" class=\"myButton_play\" onClick=\"play_mp3('play','69eaf486a5ada2.99887952','https:\/\/www.candice-nguyen.com\/wp-content\/uploads\/2013\/11\/Wendy-Sutter-Philipp-Glass-Songs-Poems-IV.mp3','80','false');show_hide('play','69eaf486a5ada2.99887952');\" \/><input type=\"button\"  id=\"btnstop_69eaf486a5ada2.99887952\" style=\"display:none\" class=\"myButton_stop\" onClick=\"play_mp3('stop','69eaf486a5ada2.99887952','','80','false');show_hide('stop','69eaf486a5ada2.99887952');\" \/><div id=\"sm2-container\"><!-- flash movie ends up here --><\/div><\/div><\/div>\n<span style=\"font-family: Oswald; font-weight: 300; font-size: 90%;\">Wendy Sutter x Philipp Glass &#8211; Songs &#038; Poems  IV<\/span><\/p>\n<p align=\"center\"><a title=\"\" href=\"https:\/\/www.candice-nguyen.com\/wp-content\/uploads\/2013\/11\/15.jpg\" data-rel=\"lightbox-gallery-aHsWwRvL\" data-rl_title=\"\" data-rl_caption=\"\"><img loading=\"lazy\" decoding=\"async\" class=\"alignnone size-large wp-image-9777\" style=\"border: 0px none; margin: 0px;\" alt=\"from Akureyri to Reykjav\u00edk\" src=\"https:\/\/www.candice-nguyen.com\/wp-content\/uploads\/2013\/11\/15-630x630.jpg\" width=\"630\" height=\"630\" srcset=\"https:\/\/www.candice-nguyen.com\/fragments\/wp-content\/uploads\/2013\/11\/15-630x630.jpg 630w, https:\/\/www.candice-nguyen.com\/fragments\/wp-content\/uploads\/2013\/11\/15-140x140.jpg 140w, https:\/\/www.candice-nguyen.com\/fragments\/wp-content\/uploads\/2013\/11\/15-315x315.jpg 315w, https:\/\/www.candice-nguyen.com\/fragments\/wp-content\/uploads\/2013\/11\/15-700x700.jpg 700w, https:\/\/www.candice-nguyen.com\/fragments\/wp-content\/uploads\/2013\/11\/15-332x332.jpg 332w, https:\/\/www.candice-nguyen.com\/fragments\/wp-content\/uploads\/2013\/11\/15-432x432.jpg 432w, https:\/\/www.candice-nguyen.com\/fragments\/wp-content\/uploads\/2013\/11\/15-268x268.jpg 268w, https:\/\/www.candice-nguyen.com\/fragments\/wp-content\/uploads\/2013\/11\/15.jpg 750w\" sizes=\"auto, (max-width: 630px) 100vw, 630px\" \/><\/a><br \/>\n<a title=\"\" href=\"https:\/\/www.candice-nguyen.com\/wp-content\/uploads\/2013\/11\/26.jpg\" data-rel=\"lightbox-gallery-aHsWwRvL\" data-rl_title=\"\" data-rl_caption=\"\"><img loading=\"lazy\" decoding=\"async\" class=\"alignnone size-large wp-image-9778\" style=\"border: 0px none; margin: 0px;\" alt=\"from Akureyri to Reykjav\u00edk\" src=\"https:\/\/www.candice-nguyen.com\/wp-content\/uploads\/2013\/11\/26-630x630.jpg\" width=\"630\" height=\"630\" srcset=\"https:\/\/www.candice-nguyen.com\/fragments\/wp-content\/uploads\/2013\/11\/26-630x630.jpg 630w, https:\/\/www.candice-nguyen.com\/fragments\/wp-content\/uploads\/2013\/11\/26-140x140.jpg 140w, https:\/\/www.candice-nguyen.com\/fragments\/wp-content\/uploads\/2013\/11\/26-315x315.jpg 315w, https:\/\/www.candice-nguyen.com\/fragments\/wp-content\/uploads\/2013\/11\/26-700x700.jpg 700w, https:\/\/www.candice-nguyen.com\/fragments\/wp-content\/uploads\/2013\/11\/26-332x332.jpg 332w, https:\/\/www.candice-nguyen.com\/fragments\/wp-content\/uploads\/2013\/11\/26-432x432.jpg 432w, https:\/\/www.candice-nguyen.com\/fragments\/wp-content\/uploads\/2013\/11\/26-268x268.jpg 268w, https:\/\/www.candice-nguyen.com\/fragments\/wp-content\/uploads\/2013\/11\/26.jpg 749w\" sizes=\"auto, (max-width: 630px) 100vw, 630px\" \/><\/a><br \/>\n<a title=\"\" href=\"https:\/\/www.candice-nguyen.com\/wp-content\/uploads\/2013\/11\/3.jpg\" data-rel=\"lightbox-gallery-aHsWwRvL\" data-rl_title=\"\" data-rl_caption=\"\"><img loading=\"lazy\" decoding=\"async\" class=\"alignnone size-large wp-image-9779\" style=\"border: 0px none; margin: 0px;\" alt=\"from Akureyri to Reykjav\u00edk\" src=\"https:\/\/www.candice-nguyen.com\/wp-content\/uploads\/2013\/11\/3-630x630.jpg\" width=\"630\" height=\"630\" srcset=\"https:\/\/www.candice-nguyen.com\/fragments\/wp-content\/uploads\/2013\/11\/3-630x630.jpg 630w, https:\/\/www.candice-nguyen.com\/fragments\/wp-content\/uploads\/2013\/11\/3-140x140.jpg 140w, https:\/\/www.candice-nguyen.com\/fragments\/wp-content\/uploads\/2013\/11\/3-315x315.jpg 315w, https:\/\/www.candice-nguyen.com\/fragments\/wp-content\/uploads\/2013\/11\/3-700x700.jpg 700w, https:\/\/www.candice-nguyen.com\/fragments\/wp-content\/uploads\/2013\/11\/3-332x332.jpg 332w, https:\/\/www.candice-nguyen.com\/fragments\/wp-content\/uploads\/2013\/11\/3-432x432.jpg 432w, https:\/\/www.candice-nguyen.com\/fragments\/wp-content\/uploads\/2013\/11\/3-268x268.jpg 268w, https:\/\/www.candice-nguyen.com\/fragments\/wp-content\/uploads\/2013\/11\/3.jpg 750w\" sizes=\"auto, (max-width: 630px) 100vw, 630px\" \/><\/a><br \/>\n<a title=\"\" href=\"https:\/\/www.candice-nguyen.com\/wp-content\/uploads\/2013\/11\/41.jpg\" data-rel=\"lightbox-gallery-aHsWwRvL\" data-rl_title=\"\" data-rl_caption=\"\"><img loading=\"lazy\" decoding=\"async\" class=\"alignnone size-large wp-image-9780\" style=\"border: 0px none; margin: 0px;\" alt=\"from Akureyri to Reykjav\u00edk\" src=\"https:\/\/www.candice-nguyen.com\/wp-content\/uploads\/2013\/11\/41-630x630.jpg\" width=\"630\" height=\"630\" srcset=\"https:\/\/www.candice-nguyen.com\/fragments\/wp-content\/uploads\/2013\/11\/41-630x630.jpg 630w, https:\/\/www.candice-nguyen.com\/fragments\/wp-content\/uploads\/2013\/11\/41-140x140.jpg 140w, https:\/\/www.candice-nguyen.com\/fragments\/wp-content\/uploads\/2013\/11\/41-315x315.jpg 315w, https:\/\/www.candice-nguyen.com\/fragments\/wp-content\/uploads\/2013\/11\/41-700x700.jpg 700w, https:\/\/www.candice-nguyen.com\/fragments\/wp-content\/uploads\/2013\/11\/41-332x332.jpg 332w, https:\/\/www.candice-nguyen.com\/fragments\/wp-content\/uploads\/2013\/11\/41-432x432.jpg 432w, https:\/\/www.candice-nguyen.com\/fragments\/wp-content\/uploads\/2013\/11\/41-268x268.jpg 268w, https:\/\/www.candice-nguyen.com\/fragments\/wp-content\/uploads\/2013\/11\/41.jpg 750w\" sizes=\"auto, (max-width: 630px) 100vw, 630px\" \/><\/a><br \/>\n<a title=\"\" href=\"https:\/\/www.candice-nguyen.com\/wp-content\/uploads\/2013\/11\/51.jpg\" data-rel=\"lightbox-gallery-aHsWwRvL\" data-rl_title=\"\" data-rl_caption=\"\"><img loading=\"lazy\" decoding=\"async\" class=\"alignnone size-large wp-image-9781\" style=\"border: 0px none; margin: 0px;\" alt=\"from Akureyri to Reykjav\u00edk\" src=\"https:\/\/www.candice-nguyen.com\/wp-content\/uploads\/2013\/11\/51-630x630.jpg\" width=\"630\" height=\"630\" srcset=\"https:\/\/www.candice-nguyen.com\/fragments\/wp-content\/uploads\/2013\/11\/51-630x630.jpg 630w, https:\/\/www.candice-nguyen.com\/fragments\/wp-content\/uploads\/2013\/11\/51-140x140.jpg 140w, https:\/\/www.candice-nguyen.com\/fragments\/wp-content\/uploads\/2013\/11\/51-315x315.jpg 315w, https:\/\/www.candice-nguyen.com\/fragments\/wp-content\/uploads\/2013\/11\/51-700x700.jpg 700w, https:\/\/www.candice-nguyen.com\/fragments\/wp-content\/uploads\/2013\/11\/51-332x332.jpg 332w, https:\/\/www.candice-nguyen.com\/fragments\/wp-content\/uploads\/2013\/11\/51-432x432.jpg 432w, https:\/\/www.candice-nguyen.com\/fragments\/wp-content\/uploads\/2013\/11\/51-268x268.jpg 268w, https:\/\/www.candice-nguyen.com\/fragments\/wp-content\/uploads\/2013\/11\/51.jpg 750w\" sizes=\"auto, (max-width: 630px) 100vw, 630px\" \/><\/a><br \/>\n<a title=\"\" href=\"https:\/\/www.candice-nguyen.com\/wp-content\/uploads\/2013\/11\/61.jpg\" data-rel=\"lightbox-gallery-aHsWwRvL\" data-rl_title=\"\" data-rl_caption=\"\"><img loading=\"lazy\" decoding=\"async\" class=\"alignnone size-large wp-image-9782\" style=\"border: 0px none; margin: 0px;\" alt=\"from Akureyri to Reykjav\u00edk\" src=\"https:\/\/www.candice-nguyen.com\/wp-content\/uploads\/2013\/11\/61-630x630.jpg\" width=\"630\" height=\"630\" srcset=\"https:\/\/www.candice-nguyen.com\/fragments\/wp-content\/uploads\/2013\/11\/61-630x630.jpg 630w, https:\/\/www.candice-nguyen.com\/fragments\/wp-content\/uploads\/2013\/11\/61-140x140.jpg 140w, https:\/\/www.candice-nguyen.com\/fragments\/wp-content\/uploads\/2013\/11\/61-315x315.jpg 315w, https:\/\/www.candice-nguyen.com\/fragments\/wp-content\/uploads\/2013\/11\/61-700x700.jpg 700w, https:\/\/www.candice-nguyen.com\/fragments\/wp-content\/uploads\/2013\/11\/61-332x332.jpg 332w, https:\/\/www.candice-nguyen.com\/fragments\/wp-content\/uploads\/2013\/11\/61-432x432.jpg 432w, https:\/\/www.candice-nguyen.com\/fragments\/wp-content\/uploads\/2013\/11\/61-268x268.jpg 268w, https:\/\/www.candice-nguyen.com\/fragments\/wp-content\/uploads\/2013\/11\/61.jpg 750w\" sizes=\"auto, (max-width: 630px) 100vw, 630px\" \/><\/a><br \/>\n<a title=\"\" href=\"https:\/\/www.candice-nguyen.com\/wp-content\/uploads\/2013\/11\/71.jpg\" data-rel=\"lightbox-gallery-aHsWwRvL\" data-rl_title=\"\" data-rl_caption=\"\"><img loading=\"lazy\" decoding=\"async\" class=\"alignnone size-large wp-image-9783\" style=\"border: 0px none; margin: 0px;\" alt=\"from Akureyri to Reykjav\u00edk\" src=\"https:\/\/www.candice-nguyen.com\/wp-content\/uploads\/2013\/11\/71-630x630.jpg\" width=\"630\" height=\"630\" srcset=\"https:\/\/www.candice-nguyen.com\/fragments\/wp-content\/uploads\/2013\/11\/71-630x630.jpg 630w, https:\/\/www.candice-nguyen.com\/fragments\/wp-content\/uploads\/2013\/11\/71-140x140.jpg 140w, https:\/\/www.candice-nguyen.com\/fragments\/wp-content\/uploads\/2013\/11\/71-315x315.jpg 315w, https:\/\/www.candice-nguyen.com\/fragments\/wp-content\/uploads\/2013\/11\/71-700x700.jpg 700w, https:\/\/www.candice-nguyen.com\/fragments\/wp-content\/uploads\/2013\/11\/71-332x332.jpg 332w, https:\/\/www.candice-nguyen.com\/fragments\/wp-content\/uploads\/2013\/11\/71-432x432.jpg 432w, https:\/\/www.candice-nguyen.com\/fragments\/wp-content\/uploads\/2013\/11\/71-268x268.jpg 268w, https:\/\/www.candice-nguyen.com\/fragments\/wp-content\/uploads\/2013\/11\/71.jpg 750w\" sizes=\"auto, (max-width: 630px) 100vw, 630px\" \/><\/a><\/p>\n<p style=\"text-align: center; font-family: Oswald; font-weight: 300; font-size: 350%; padding-left: 0px; line-height: 1.3;\">\u00ab Transhumance. Troupeaux sur le mail,<br \/>\nlune croissante, b\u00ealements accord\u00e9s \u00e0 sa lumi\u00e8re.<br \/>\n\u00c2nes attach\u00e9s au mur. B\u00e9liers, leurs combats,<br \/>\nles b\u00eates formant cercle, sc\u00e8ne sacr\u00e9e.<br \/>\nLe soir tombe. Poussi\u00e8re. \u00bb<br \/>\n<span style=\"font-family: Oswald; font-weight: 500; font-size: 30%;\">Philippe Jaccottet, L\u2019encre serait de l\u2019ombre (Notes de carnet, La Semaison I)<\/span><\/p>\n<p>&nbsp;<\/p>\n<p style=\"text-align: center; font-size: 110%; line-height: 1.5em; font-family: Oswald; font-weight: 300;\">Vous \u00eates actuellement ici : <a href=\"https:\/\/www.candice-nguyen.com\/fragments\/galeries\/\">GALERIES<\/a> &gt; <a href=\"https:\/\/www.candice-nguyen.com\/fragments\/galeries\/for-now-i-am-winter\/\">For now I am winter<\/a> &gt; from Akureyri to Reykjav\u00edk<br \/>\n\u2192 continuer vers : <a href=\"https:\/\/www.candice-nguyen.com\/fragments\/galeries\/for-now-i-am-winter\/gardar-i\/\">Gar\u00f0ar I<\/a><\/p>\n","protected":false},"excerpt":{"rendered":"<p>\u00ab Il arrive que l&#8217;on croie marcher dans un espace autre, inconnu, qui serait pourtant la terre natale. \u00bb Philippe Jaccottet, L\u2019encre serait de l\u2019ombre (Notes de carnet, La Semaison IV) Wendy Sutter x Philipp Glass &#8211; Songs &#038; Poems IV \u00ab Transhumance. Troupeaux sur le mail, lune croissante, b\u00ealements accord\u00e9s \u00e0 sa lumi\u00e8re. \u00c2nes [&hellip;]<\/p>\n","protected":false},"author":3,"featured_media":9777,"parent":9456,"menu_order":0,"comment_status":"closed","ping_status":"closed","template":"","meta":{"footnotes":""},"class_list":["post-9776","page","type-page","status-publish","has-post-thumbnail","hentry"],"aioseo_notices":[],"_links":{"self":[{"href":"https:\/\/www.candice-nguyen.com\/fragments\/wp-json\/wp\/v2\/pages\/9776","targetHints":{"allow":["GET"]}}],"collection":[{"href":"https:\/\/www.candice-nguyen.com\/fragments\/wp-json\/wp\/v2\/pages"}],"about":[{"href":"https:\/\/www.candice-nguyen.com\/fragments\/wp-json\/wp\/v2\/types\/page"}],"author":[{"embeddable":true,"href":"https:\/\/www.candice-nguyen.com\/fragments\/wp-json\/wp\/v2\/users\/3"}],"replies":[{"embeddable":true,"href":"https:\/\/www.candice-nguyen.com\/fragments\/wp-json\/wp\/v2\/comments?post=9776"}],"version-history":[{"count":23,"href":"https:\/\/www.candice-nguyen.com\/fragments\/wp-json\/wp\/v2\/pages\/9776\/revisions"}],"predecessor-version":[{"id":23116,"href":"https:\/\/www.candice-nguyen.com\/fragments\/wp-json\/wp\/v2\/pages\/9776\/revisions\/23116"}],"up":[{"embeddable":true,"href":"https:\/\/www.candice-nguyen.com\/fragments\/wp-json\/wp\/v2\/pages\/9456"}],"wp:featuredmedia":[{"embeddable":true,"href":"https:\/\/www.candice-nguyen.com\/fragments\/wp-json\/wp\/v2\/media\/9777"}],"wp:attachment":[{"href":"https:\/\/www.candice-nguyen.com\/fragments\/wp-json\/wp\/v2\/media?parent=9776"}],"curies":[{"name":"wp","href":"https:\/\/api.w.org\/{rel}","templated":true}]}}